{"id":30536,"date":"2025-10-25T01:03:00","date_gmt":"2025-10-25T00:03:00","guid":{"rendered":"https:\/\/technofluid.it\/prodotto\/nastro-25x50-americano-pattex-codice-715051\/"},"modified":"2026-04-09T10:56:27","modified_gmt":"2026-04-09T09:56:27","slug":"nastro-americano-pattex-2550-codice-715051-sipafer","status":"publish","type":"product","link":"https:\/\/technofluid.it\/de\/produkt\/pattex-gewebeband-2550-code-715051\/","title":{"rendered":"Pattex Gewebeband 25\u00d750 \u2013 Code: 715051 \u2013 Sipafer"},"content":{"rendered":"<p>Klebeband aus coextrudiertem Polyethylen mit hoher Festigkeit. Universell f\u00fcr jede Reparatur, vielseitig und multifunktional, ideal f\u00fcr Heimwerker. Geeignet f\u00fcr Eingriffe bei Wasserverlusten (Waschbeckenrohre und Waschmaschinenablauf) und Luftverlusten aus Leitungen (Klimaanlagen, Staubsaugerschl\u00e4uche usw.), Reparaturen und Befestigung von Kabeln und Paneelen bei Messeaufbauten. Verwendbar f\u00fcr dekorative Anwendungen oder Reparaturen an Helmen, Rucks\u00e4cken, Fahrr\u00e4dern und Motorr\u00e4dern, Tennisschl\u00e4gern. Gekennzeichnet durch hohe Festigkeit und Luft- sowie Wasserdichtigkeit. Farbe grau, Klebkraft ca. 700 g\/cm (auf Stahl<\/p>","protected":false},"excerpt":{"rendered":"<p>Nastro adesivo in polietilene coestruso ad elevata resistenza. Universale per ogni riparazione, multiuso e multifunzione, ideale per il fai da te. Adatto per intervento su perdite d&#8217;acqua (tubazioni lavandino e scarico lavatrice) e d&#8217;aria da condotti (impianti di condizionamento, tubi aspirapolvere, etc), riparazioni e fissaggio di cavi&#8230;<\/p>","protected":false},"featured_media":40171,"comment_status":"open","ping_status":"closed","template":"","meta":{"_acf_changed":false,"_monsterinsights_skip_tracking":false,"_monsterinsights_sitenote_active":false,"_monsterinsights_sitenote_note":"","_monsterinsights_sitenote_category":0,"site-sidebar-layout":"default","site-content-layout":"","ast-site-content-layout":"default","site-content-style":"default","site-sidebar-style":"default","ast-global-header-display":"","ast-banner-title-visibility":"","ast-main-header-display":"","ast-hfb-above-header-display":"","ast-hfb-below-header-display":"","ast-hfb-mobile-header-display":"","site-post-title":"","ast-breadcrumbs-content":"","ast-featured-img":"","footer-sml-layout":"","ast-disable-related-posts":"","theme-transparent-header-meta":"","adv-header-id-meta":"","stick-header-meta":"","header-above-stick-meta":"","header-main-stick-meta":"","header-below-stick-meta":"","astra-migrate-meta-layouts":"default","ast-page-background-enabled":"default","ast-page-background-meta":{"desktop":{"background-color":"var(--ast-global-color-5)","background-image":"","background-repeat":"repeat","background-position":"center center","background-size":"auto","background-attachment":"scroll","background-type":"","background-media":"","overlay-type":"","overlay-color":"","overlay-opacity":"","overlay-gradient":""},"tablet":{"background-color":"","background-image":"","background-repeat":"repeat","background-position":"center center","background-size":"auto","background-attachment":"scroll","background-type":"","background-media":"","overlay-type":"","overlay-color":"","overlay-opacity":"","overlay-gradient":""},"mobile":{"background-color":"","background-image":"","background-repeat":"repeat","background-position":"center center","background-size":"auto","background-attachment":"scroll","background-type":"","background-media":"","overlay-type":"","overlay-color":"","overlay-opacity":"","overlay-gradient":""}},"ast-content-background-meta":{"desktop":{"background-color":"var(--ast-global-color-4)","background-image":"","background-repeat":"repeat","background-position":"center center","background-size":"auto","background-attachment":"scroll","background-type":"","background-media":"","overlay-type":"","overlay-color":"","overlay-opacity":"","overlay-gradient":""},"tablet":{"background-color":"var(--ast-global-color-4)","background-image":"","background-repeat":"repeat","background-position":"center center","background-size":"auto","background-attachment":"scroll","background-type":"","background-media":"","overlay-type":"","overlay-color":"","overlay-opacity":"","overlay-gradient":""},"mobile":{"background-color":"var(--ast-global-color-4)","background-image":"","background-repeat":"repeat","background-position":"center center","background-size":"auto","background-attachment":"scroll","background-type":"","background-media":"","overlay-type":"","overlay-color":"","overlay-opacity":"","overlay-gradient":""}}},"product_brand":[],"product_cat":[139,84],"product_tag":[],"class_list":{"0":"post-30536","1":"product","2":"type-product","3":"status-publish","4":"has-post-thumbnail","6":"product_cat-ferramenta","7":"product_cat-idraulica-e-ferramenta","8":"pa_supplier-sipafer-s-p-a","9":"desktop-align-left","10":"tablet-align-left","11":"mobile-align-left","13":"first","14":"instock","15":"taxable","16":"shipping-taxable","17":"purchasable","18":"product-type-simple"},"acf":[],"yoast_head":"<!-- This site is optimized with the Yoast SEO Premium plugin v26.7 (Yoast SEO v26.9) - https:\/\/yoast.com\/product\/yoast-seo-premium-wordpress\/ -->\n<title>Nastro americano Pattex 25x50: resistenza e versatilit\u00e0<\/title>\n<meta name=\"description\" content=\"Scopri il nastro americano Pattex 25x50, resistente e impermeabile, ideale per riparazioni fai da te. Acquista ora per soluzioni rapide e durature!\" \/>\n<meta name=\"robots\" content=\"index, follow, max-snippet:-1, max-image-preview:large, max-video-preview:-1\" \/>\n<link rel=\"canonical\" href=\"https:\/\/technofluid.it\/de\/produkt\/pattex-gewebeband-2550-code-715051\/\" \/>\n<meta property=\"og:locale\" content=\"de_DE\" \/>\n<meta property=\"og:type\" content=\"article\" \/>\n<meta property=\"og:title\" content=\"Nastro americano Pattex 25&times;50 &ndash; codice: 715051 - Sipafer\" \/>\n<meta property=\"og:description\" content=\"Scopri il nastro americano Pattex 25x50, resistente e impermeabile, ideale per riparazioni fai da te. Acquista ora per soluzioni rapide e durature!\" \/>\n<meta property=\"og:url\" content=\"https:\/\/technofluid.it\/de\/produkt\/pattex-gewebeband-2550-code-715051\/\" \/>\n<meta property=\"og:site_name\" content=\"Technofluid\" \/>\n<meta property=\"article:modified_time\" content=\"2026-04-09T09:56:27+00:00\" \/>\n<meta property=\"og:image\" content=\"https:\/\/technofluid.it\/wp-content\/uploads\/2026\/01\/219-NASTRO-25X50-AMERICANO-PATTEX-CODICE-715051.jpg\" \/>\n\t<meta property=\"og:image:width\" content=\"600\" \/>\n\t<meta property=\"og:image:height\" content=\"600\" \/>\n\t<meta property=\"og:image:type\" content=\"image\/jpeg\" \/>\n<meta name=\"twitter:card\" content=\"summary_large_image\" \/>\n<meta name=\"twitter:label1\" content=\"Preis\" \/>\n\t<meta name=\"twitter:data1\" content=\"7,79&nbsp;&euro; Iva esclusa\" \/>\n\t<meta name=\"twitter:label2\" content=\"Verf\u00fcgbarkeit\" \/>\n\t<meta name=\"twitter:data2\" content=\"Auf Lager\" \/>\n<script type=\"application\/ld+json\" class=\"yoast-schema-graph\">{\"@context\":\"https:\/\/schema.org\",\"@graph\":[{\"@type\":\"WebPage\",\"@id\":\"https:\/\/technofluid.it\/prodotto\/nastro-americano-pattex-2550-codice-715051-sipafer\/\",\"url\":\"https:\/\/technofluid.it\/prodotto\/nastro-americano-pattex-2550-codice-715051-sipafer\/\",\"name\":\"Nastro americano Pattex 25x50: resistenza e versatilit\u00e0\",\"isPartOf\":{\"@id\":\"https:\/\/technofluid.it\/#website\"},\"primaryImageOfPage\":{\"@id\":\"https:\/\/technofluid.it\/prodotto\/nastro-americano-pattex-2550-codice-715051-sipafer\/#primaryimage\"},\"image\":{\"@id\":\"https:\/\/technofluid.it\/prodotto\/nastro-americano-pattex-2550-codice-715051-sipafer\/#primaryimage\"},\"thumbnailUrl\":\"https:\/\/technofluid.it\/wp-content\/uploads\/2026\/01\/219-NASTRO-25X50-AMERICANO-PATTEX-CODICE-715051.jpg\",\"datePublished\":\"2025-10-25T00:03:00+00:00\",\"dateModified\":\"2026-04-09T09:56:27+00:00\",\"description\":\"Scopri il nastro americano Pattex 25x50, resistente e impermeabile, ideale per riparazioni fai da te. Acquista ora per soluzioni rapide e durature!\",\"breadcrumb\":{\"@id\":\"https:\/\/technofluid.it\/prodotto\/nastro-americano-pattex-2550-codice-715051-sipafer\/#breadcrumb\"},\"inLanguage\":\"de\",\"potentialAction\":[{\"@type\":\"ReadAction\",\"target\":[\"https:\/\/technofluid.it\/prodotto\/nastro-americano-pattex-2550-codice-715051-sipafer\/\"]}]},{\"@type\":\"ImageObject\",\"inLanguage\":\"de\",\"@id\":\"https:\/\/technofluid.it\/prodotto\/nastro-americano-pattex-2550-codice-715051-sipafer\/#primaryimage\",\"url\":\"https:\/\/technofluid.it\/wp-content\/uploads\/2026\/01\/219-NASTRO-25X50-AMERICANO-PATTEX-CODICE-715051.jpg\",\"contentUrl\":\"https:\/\/technofluid.it\/wp-content\/uploads\/2026\/01\/219-NASTRO-25X50-AMERICANO-PATTEX-CODICE-715051.jpg\",\"width\":600,\"height\":600,\"caption\":\"Nastro adesivo Pattex americano, ideale per riparazioni e fissaggi resistenti, codice: 715051.\"},{\"@type\":\"BreadcrumbList\",\"@id\":\"https:\/\/technofluid.it\/prodotto\/nastro-americano-pattex-2550-codice-715051-sipafer\/#breadcrumb\",\"itemListElement\":[{\"@type\":\"ListItem\",\"position\":1,\"name\":\"Home\",\"item\":\"https:\/\/technofluid.it\/\"},{\"@type\":\"ListItem\",\"position\":2,\"name\":\"Shop\",\"item\":\"https:\/\/technofluid.it\/shop\/\"},{\"@type\":\"ListItem\",\"position\":3,\"name\":\"Nastro americano Pattex 25&times;50 &ndash; codice: 715051 &#8211; Sipafer\"}]},{\"@type\":\"WebSite\",\"@id\":\"https:\/\/technofluid.it\/#website\",\"url\":\"https:\/\/technofluid.it\/\",\"name\":\"Technofluid S.R.L.\",\"description\":\"Dal 1999 siamo specializzati nell&#039;impiantistica navale, idraulica, civile e industriale\",\"publisher\":{\"@id\":\"https:\/\/technofluid.it\/#organization\"},\"potentialAction\":[{\"@type\":\"SearchAction\",\"target\":{\"@type\":\"EntryPoint\",\"urlTemplate\":\"https:\/\/technofluid.it\/?s={search_term_string}\"},\"query-input\":{\"@type\":\"PropertyValueSpecification\",\"valueRequired\":true,\"valueName\":\"search_term_string\"}}],\"inLanguage\":\"de\"},{\"@type\":\"Organization\",\"@id\":\"https:\/\/technofluid.it\/#organization\",\"name\":\"Technofluid\",\"url\":\"https:\/\/technofluid.it\/\",\"logo\":{\"@type\":\"ImageObject\",\"inLanguage\":\"de\",\"@id\":\"https:\/\/technofluid.it\/#\/schema\/logo\/image\/\",\"url\":\"https:\/\/technofluid.it\/wp-content\/uploads\/2025\/12\/technofluid_bianco-logo.webp\",\"contentUrl\":\"https:\/\/technofluid.it\/wp-content\/uploads\/2025\/12\/technofluid_bianco-logo.webp\",\"width\":350,\"height\":116,\"caption\":\"Technofluid\"},\"image\":{\"@id\":\"https:\/\/technofluid.it\/#\/schema\/logo\/image\/\"},\"description\":\"La Technofluid S.r.l. nasce nel 1999 a Barcellona Pozzo di Gotto, in provincia di Messina, con l\u2019obiettivo di diventare un punto di riferimento nel settore dell\u2019impiantistica navale, idraulica, civile e industriale.\",\"email\":\"info@technofluid.it\",\"telephone\":\"0907386877\",\"legalName\":\"Technofluid S.R.L\",\"vatID\":\"IT03148240835\",\"taxID\":\"03148240835\",\"ownershipFundingInfo\":\"https:\/\/technofluid.it\/azienda\/\"}]}<\/script>\n<meta property=\"product:price:amount\" content=\"7.79\" \/>\n<meta property=\"product:price:currency\" content=\"EUR\" \/>\n<meta property=\"og:availability\" content=\"instock\" \/>\n<meta property=\"product:availability\" content=\"instock\" \/>\n<meta property=\"product:retailer_item_id\" content=\"SIPA0000050\" \/>\n<meta property=\"product:condition\" content=\"new\" \/>\n<!-- \/ Yoast SEO Premium plugin. -->","yoast_head_json":{"title":"Pattex Gewebeband 25x50: Widerstandsf\u00e4higkeit und Vielseitigkeit","description":"Entdecken Sie das amerikanische Pattex-Klebeband 25x50, widerstandsf\u00e4hig und wasserdicht, ideal f\u00fcr Heimwerkerreparaturen. Jetzt kaufen f\u00fcr schnelle und dauerhafte L\u00f6sungen!","robots":{"index":"index","follow":"follow","max-snippet":"max-snippet:-1","max-image-preview":"max-image-preview:large","max-video-preview":"max-video-preview:-1"},"canonical":"https:\/\/technofluid.it\/de\/produkt\/pattex-gewebeband-2550-code-715051\/","og_locale":"de_DE","og_type":"article","og_title":"Nastro americano Pattex 25&times;50 &ndash; codice: 715051 - Sipafer","og_description":"Scopri il nastro americano Pattex 25x50, resistente e impermeabile, ideale per riparazioni fai da te. Acquista ora per soluzioni rapide e durature!","og_url":"https:\/\/technofluid.it\/de\/produkt\/pattex-gewebeband-2550-code-715051\/","og_site_name":"Technofluid","article_modified_time":"2026-04-09T09:56:27+00:00","og_image":[{"width":600,"height":600,"url":"https:\/\/technofluid.it\/wp-content\/uploads\/2026\/01\/219-NASTRO-25X50-AMERICANO-PATTEX-CODICE-715051.jpg","type":"image\/jpeg"}],"twitter_card":"summary_large_image","twitter_misc":{"Preis":"7,79&nbsp;&euro; Iva esclusa","Verf\u00fcgbarkeit":"Auf Lager"},"schema":{"@context":"https:\/\/schema.org","@graph":[{"@type":"WebPage","@id":"https:\/\/technofluid.it\/prodotto\/nastro-americano-pattex-2550-codice-715051-sipafer\/","url":"https:\/\/technofluid.it\/prodotto\/nastro-americano-pattex-2550-codice-715051-sipafer\/","name":"Pattex Gewebeband 25x50: Widerstandsf\u00e4higkeit und Vielseitigkeit","isPartOf":{"@id":"https:\/\/technofluid.it\/#website"},"primaryImageOfPage":{"@id":"https:\/\/technofluid.it\/prodotto\/nastro-americano-pattex-2550-codice-715051-sipafer\/#primaryimage"},"image":{"@id":"https:\/\/technofluid.it\/prodotto\/nastro-americano-pattex-2550-codice-715051-sipafer\/#primaryimage"},"thumbnailUrl":"https:\/\/technofluid.it\/wp-content\/uploads\/2026\/01\/219-NASTRO-25X50-AMERICANO-PATTEX-CODICE-715051.jpg","datePublished":"2025-10-25T00:03:00+00:00","dateModified":"2026-04-09T09:56:27+00:00","description":"Entdecken Sie das amerikanische Pattex-Klebeband 25x50, widerstandsf\u00e4hig und wasserdicht, ideal f\u00fcr Heimwerkerreparaturen. Jetzt kaufen f\u00fcr schnelle und dauerhafte L\u00f6sungen!","breadcrumb":{"@id":"https:\/\/technofluid.it\/prodotto\/nastro-americano-pattex-2550-codice-715051-sipafer\/#breadcrumb"},"inLanguage":"de","potentialAction":[{"@type":"ReadAction","target":["https:\/\/technofluid.it\/prodotto\/nastro-americano-pattex-2550-codice-715051-sipafer\/"]}]},{"@type":"ImageObject","inLanguage":"de","@id":"https:\/\/technofluid.it\/prodotto\/nastro-americano-pattex-2550-codice-715051-sipafer\/#primaryimage","url":"https:\/\/technofluid.it\/wp-content\/uploads\/2026\/01\/219-NASTRO-25X50-AMERICANO-PATTEX-CODICE-715051.jpg","contentUrl":"https:\/\/technofluid.it\/wp-content\/uploads\/2026\/01\/219-NASTRO-25X50-AMERICANO-PATTEX-CODICE-715051.jpg","width":600,"height":600,"caption":"Nastro adesivo Pattex americano, ideale per riparazioni e fissaggi resistenti, codice: 715051."},{"@type":"BreadcrumbList","@id":"https:\/\/technofluid.it\/prodotto\/nastro-americano-pattex-2550-codice-715051-sipafer\/#breadcrumb","itemListElement":[{"@type":"ListItem","position":1,"name":"Home","item":"https:\/\/technofluid.it\/"},{"@type":"ListItem","position":2,"name":"Shop","item":"https:\/\/technofluid.it\/shop\/"},{"@type":"ListItem","position":3,"name":"Nastro americano Pattex 25&times;50 &ndash; codice: 715051 &#8211; Sipafer"}]},{"@type":"WebSite","@id":"https:\/\/technofluid.it\/#website","url":"https:\/\/technofluid.it\/","name":"Technofluid S.R.L.","description":"Seit 1999 haben wir uns auf Schiffs-, Sanit\u00e4r-, Zivil- und Industrieanlagen spezialisiert.","publisher":{"@id":"https:\/\/technofluid.it\/#organization"},"potentialAction":[{"@type":"SearchAction","target":{"@type":"EntryPoint","urlTemplate":"https:\/\/technofluid.it\/?s={search_term_string}"},"query-input":{"@type":"PropertyValueSpecification","valueRequired":true,"valueName":"search_term_string"}}],"inLanguage":"de"},{"@type":"Organization","@id":"https:\/\/technofluid.it\/#organization","name":"Technofluid","url":"https:\/\/technofluid.it\/","logo":{"@type":"ImageObject","inLanguage":"de","@id":"https:\/\/technofluid.it\/#\/schema\/logo\/image\/","url":"https:\/\/technofluid.it\/wp-content\/uploads\/2025\/12\/technofluid_bianco-logo.webp","contentUrl":"https:\/\/technofluid.it\/wp-content\/uploads\/2025\/12\/technofluid_bianco-logo.webp","width":350,"height":116,"caption":"Technofluid"},"image":{"@id":"https:\/\/technofluid.it\/#\/schema\/logo\/image\/"},"description":"Die Technofluid S.r.l. wurde 1999 in Barcellona Pozzo di Gotto, in der Provinz Messina, gegr\u00fcndet, mit dem Ziel, ein Bezugspunkt im Bereich der Schiffs-, Hydraulik-, Zivil- und Industrieanlagen zu werden.","email":"info@technofluid.it","telephone":"0907386877","legalName":"Technofluid S.R.L","vatID":"IT03148240835","taxID":"03148240835","ownershipFundingInfo":"https:\/\/technofluid.it\/azienda\/"}]},"product_price_amount":"7.79","product_price_currency":"EUR","og_availability":"instock","product_availability":"instock","product_retailer_item_id":"SIPA0000050","product_condition":"new"},"_links":{"self":[{"href":"https:\/\/technofluid.it\/de\/wp-json\/wp\/v2\/product\/30536","targetHints":{"allow":["GET"]}}],"collection":[{"href":"https:\/\/technofluid.it\/de\/wp-json\/wp\/v2\/product"}],"about":[{"href":"https:\/\/technofluid.it\/de\/wp-json\/wp\/v2\/types\/product"}],"replies":[{"embeddable":true,"href":"https:\/\/technofluid.it\/de\/wp-json\/wp\/v2\/comments?post=30536"}],"version-history":[{"count":2,"href":"https:\/\/technofluid.it\/de\/wp-json\/wp\/v2\/product\/30536\/revisions"}],"predecessor-version":[{"id":57800,"href":"https:\/\/technofluid.it\/de\/wp-json\/wp\/v2\/product\/30536\/revisions\/57800"}],"wp:featuredmedia":[{"embeddable":true,"href":"https:\/\/technofluid.it\/de\/wp-json\/wp\/v2\/media\/40171"}],"wp:attachment":[{"href":"https:\/\/technofluid.it\/de\/wp-json\/wp\/v2\/media?parent=30536"}],"wp:term":[{"taxonomy":"product_brand","embeddable":true,"href":"https:\/\/technofluid.it\/de\/wp-json\/wp\/v2\/product_brand?post=30536"},{"taxonomy":"product_cat","embeddable":true,"href":"https:\/\/technofluid.it\/de\/wp-json\/wp\/v2\/product_cat?post=30536"},{"taxonomy":"product_tag","embeddable":true,"href":"https:\/\/technofluid.it\/de\/wp-json\/wp\/v2\/product_tag?post=30536"}],"curies":[{"name":"wp","href":"https:\/\/api.w.org\/{rel}","templated":true}]}}