{"id":30332,"date":"2025-10-25T00:02:32","date_gmt":"2025-10-25T00:02:32","guid":{"rendered":"https:\/\/technofluid.it\/prodotto\/kit-ricambi-per-bma-s-40-140b-230-400v-3-ph-50-hz-codice-kbmas4014b03-gianneschi-pumps-and-blowers\/"},"modified":"2026-04-15T02:27:53","modified_gmt":"2026-04-15T01:27:53","slug":"kit-ricambi-per-bma-s-40140b-230400-v-3-ph-50-hz-codice-kbmas4014b03-gianneschi-pumps-and-blowers","status":"publish","type":"product","link":"https:\/\/technofluid.it\/de\/produkt\/ersatzteilkit-fur-bma-s-40140b-230400-v-3-ph-50-hz-code-kbmas4014b03-gianneschi-pumpen-und-geblase\/","title":{"rendered":"Ersatzteilkit f\u00fcr BMA-S 40\/140B, 230\/400 V, 3 Ph, 50 Hz \u2013 Code: KBMAS4014B03 \u2013 Gianneschi Pumps and Blowers"},"content":{"rendered":"<p>KIT BESTEHEND AUS: LAUFRAD, LAUFRADZUNGE, O-RING, MECHANISCHE DICHTUNG<\/p>","protected":false},"excerpt":{"rendered":"<p>KIT BESTEHEND AUS: LAUFRAD, LAUFRADZUNGE, O-RING, MECHANISCHE DICHTUNG<\/p>","protected":false},"featured_media":39665,"comment_status":"open","ping_status":"closed","template":"","meta":{"_acf_changed":false,"_monsterinsights_skip_tracking":false,"_monsterinsights_sitenote_active":false,"_monsterinsights_sitenote_note":"","_monsterinsights_sitenote_category":0,"site-sidebar-layout":"default","site-content-layout":"","ast-site-content-layout":"default","site-content-style":"default","site-sidebar-style":"default","ast-global-header-display":"","ast-banner-title-visibility":"","ast-main-header-display":"","ast-hfb-above-header-display":"","ast-hfb-below-header-display":"","ast-hfb-mobile-header-display":"","site-post-title":"","ast-breadcrumbs-content":"","ast-featured-img":"","footer-sml-layout":"","ast-disable-related-posts":"","theme-transparent-header-meta":"","adv-header-id-meta":"","stick-header-meta":"","header-above-stick-meta":"","header-main-stick-meta":"","header-below-stick-meta":"","astra-migrate-meta-layouts":"default","ast-page-background-enabled":"default","ast-page-background-meta":{"desktop":{"background-color":"var(--ast-global-color-5)","background-image":"","background-repeat":"repeat","background-position":"center center","background-size":"auto","background-attachment":"scroll","background-type":"","background-media":"","overlay-type":"","overlay-color":"","overlay-opacity":"","overlay-gradient":""},"tablet":{"background-color":"","background-image":"","background-repeat":"repeat","background-position":"center center","background-size":"auto","background-attachment":"scroll","background-type":"","background-media":"","overlay-type":"","overlay-color":"","overlay-opacity":"","overlay-gradient":""},"mobile":{"background-color":"","background-image":"","background-repeat":"repeat","background-position":"center center","background-size":"auto","background-attachment":"scroll","background-type":"","background-media":"","overlay-type":"","overlay-color":"","overlay-opacity":"","overlay-gradient":""}},"ast-content-background-meta":{"desktop":{"background-color":"var(--ast-global-color-4)","background-image":"","background-repeat":"repeat","background-position":"center center","background-size":"auto","background-attachment":"scroll","background-type":"","background-media":"","overlay-type":"","overlay-color":"","overlay-opacity":"","overlay-gradient":""},"tablet":{"background-color":"var(--ast-global-color-4)","background-image":"","background-repeat":"repeat","background-position":"center center","background-size":"auto","background-attachment":"scroll","background-type":"","background-media":"","overlay-type":"","overlay-color":"","overlay-opacity":"","overlay-gradient":""},"mobile":{"background-color":"var(--ast-global-color-4)","background-image":"","background-repeat":"repeat","background-position":"center center","background-size":"auto","background-attachment":"scroll","background-type":"","background-media":"","overlay-type":"","overlay-color":"","overlay-opacity":"","overlay-gradient":""}}},"product_brand":[],"product_cat":[806,133,1546],"product_tag":[5925,5926,5927,5928,5929],"class_list":{"0":"post-30332","1":"product","2":"type-product","3":"status-publish","4":"has-post-thumbnail","6":"product_cat-gianneschi","7":"product_cat-ricambistica","8":"product_cat-kit-per-bma-s","9":"product_tag-230-400v","10":"product_tag-3-ph","11":"product_tag-bma-s-40-140b","12":"product_tag-gianneschi-kit-ricambi-per-bm","13":"product_tag-kbmas4014b03","14":"pa_supplier-gianneschi-pumps-and-blowers-s-r-l","15":"desktop-align-left","16":"tablet-align-left","17":"mobile-align-left","19":"first","20":"outofstock","21":"taxable","22":"shipping-taxable","23":"purchasable","24":"product-type-simple"},"acf":[],"yoast_head":"<!-- This site is optimized with the Yoast SEO Premium plugin v26.7 (Yoast SEO v26.9) - https:\/\/yoast.com\/product\/yoast-seo-premium-wordpress\/ -->\n<title>Kit ricambi BMA-S 40\/140B: qualit\u00e0 garantita Gianneschi<\/title>\n<meta name=\"description\" content=\"Acquista il kit ricambi BMA per pompe Gianneschi: girante, o-ring e tenuta meccanica inclusi. Affidabilit\u00e0 e performance assicurate!\" \/>\n<meta name=\"robots\" content=\"index, follow, max-snippet:-1, max-image-preview:large, max-video-preview:-1\" \/>\n<link rel=\"canonical\" href=\"https:\/\/technofluid.it\/de\/produkt\/ersatzteilkit-fur-bma-s-40140b-230400-v-3-ph-50-hz-code-kbmas4014b03-gianneschi-pumpen-und-geblase\/\" \/>\n<meta property=\"og:locale\" content=\"de_DE\" \/>\n<meta property=\"og:type\" content=\"article\" \/>\n<meta property=\"og:title\" content=\"Kit ricambi per BMA-S 40\/140B, 230\/400 V, 3 Ph, 50 Hz &ndash; codice: KBMAS4014B03 &ndash; Gianneschi Pumps and Blowers\" \/>\n<meta property=\"og:description\" content=\"Acquista il kit ricambi BMA per pompe Gianneschi: girante, o-ring e tenuta meccanica inclusi. Affidabilit\u00e0 e performance assicurate!\" \/>\n<meta property=\"og:url\" content=\"https:\/\/technofluid.it\/de\/produkt\/ersatzteilkit-fur-bma-s-40140b-230400-v-3-ph-50-hz-code-kbmas4014b03-gianneschi-pumpen-und-geblase\/\" \/>\n<meta property=\"og:site_name\" content=\"Technofluid\" \/>\n<meta property=\"article:modified_time\" content=\"2026-04-15T01:27:53+00:00\" \/>\n<meta property=\"og:image\" content=\"https:\/\/technofluid.it\/wp-content\/uploads\/2026\/01\/648-Kit-ricambi-per-BMA-S-40140B-230400-V-3-Ph-50-Hz-codice-KBMAS4014B03-Gianneschi-Pumps-and-Blowers.jpg\" \/>\n\t<meta property=\"og:image:width\" content=\"800\" \/>\n\t<meta property=\"og:image:height\" content=\"800\" \/>\n\t<meta property=\"og:image:type\" content=\"image\/jpeg\" \/>\n<meta name=\"twitter:card\" content=\"summary_large_image\" \/>\n<meta name=\"twitter:label1\" content=\"Preis\" \/>\n\t<meta name=\"twitter:data1\" content=\"584,43&nbsp;&euro; Iva esclusa\" \/>\n\t<meta name=\"twitter:label2\" content=\"Verf\u00fcgbarkeit\" \/>\n\t<meta name=\"twitter:data2\" content=\"ausverkauft\" \/>\n<script type=\"application\/ld+json\" class=\"yoast-schema-graph\">{\"@context\":\"https:\/\/schema.org\",\"@graph\":[{\"@type\":\"WebPage\",\"@id\":\"https:\/\/technofluid.it\/prodotto\/kit-ricambi-per-bma-s-40140b-230400-v-3-ph-50-hz-codice-kbmas4014b03-gianneschi-pumps-and-blowers\/\",\"url\":\"https:\/\/technofluid.it\/prodotto\/kit-ricambi-per-bma-s-40140b-230400-v-3-ph-50-hz-codice-kbmas4014b03-gianneschi-pumps-and-blowers\/\",\"name\":\"Kit ricambi BMA-S 40\/140B: qualit\u00e0 garantita Gianneschi\",\"isPartOf\":{\"@id\":\"https:\/\/technofluid.it\/#website\"},\"primaryImageOfPage\":{\"@id\":\"https:\/\/technofluid.it\/prodotto\/kit-ricambi-per-bma-s-40140b-230400-v-3-ph-50-hz-codice-kbmas4014b03-gianneschi-pumps-and-blowers\/#primaryimage\"},\"image\":{\"@id\":\"https:\/\/technofluid.it\/prodotto\/kit-ricambi-per-bma-s-40140b-230400-v-3-ph-50-hz-codice-kbmas4014b03-gianneschi-pumps-and-blowers\/#primaryimage\"},\"thumbnailUrl\":\"https:\/\/technofluid.it\/wp-content\/uploads\/2026\/01\/648-Kit-ricambi-per-BMA-S-40140B-230400-V-3-Ph-50-Hz-codice-KBMAS4014B03-Gianneschi-Pumps-and-Blowers.jpg\",\"datePublished\":\"2025-10-25T00:02:32+00:00\",\"dateModified\":\"2026-04-15T01:27:53+00:00\",\"description\":\"Acquista il kit ricambi BMA per pompe Gianneschi: girante, o-ring e tenuta meccanica inclusi. Affidabilit\u00e0 e performance assicurate!\",\"breadcrumb\":{\"@id\":\"https:\/\/technofluid.it\/prodotto\/kit-ricambi-per-bma-s-40140b-230400-v-3-ph-50-hz-codice-kbmas4014b03-gianneschi-pumps-and-blowers\/#breadcrumb\"},\"inLanguage\":\"de\",\"potentialAction\":[{\"@type\":\"ReadAction\",\"target\":[\"https:\/\/technofluid.it\/prodotto\/kit-ricambi-per-bma-s-40140b-230400-v-3-ph-50-hz-codice-kbmas4014b03-gianneschi-pumps-and-blowers\/\"]}]},{\"@type\":\"ImageObject\",\"inLanguage\":\"de\",\"@id\":\"https:\/\/technofluid.it\/prodotto\/kit-ricambi-per-bma-s-40140b-230400-v-3-ph-50-hz-codice-kbmas4014b03-gianneschi-pumps-and-blowers\/#primaryimage\",\"url\":\"https:\/\/technofluid.it\/wp-content\/uploads\/2026\/01\/648-Kit-ricambi-per-BMA-S-40140B-230400-V-3-Ph-50-Hz-codice-KBMAS4014B03-Gianneschi-Pumps-and-Blowers.jpg\",\"contentUrl\":\"https:\/\/technofluid.it\/wp-content\/uploads\/2026\/01\/648-Kit-ricambi-per-BMA-S-40140B-230400-V-3-Ph-50-Hz-codice-KBMAS4014B03-Gianneschi-Pumps-and-Blowers.jpg\",\"width\":800,\"height\":800,\"caption\":\"Componenti di ricambio per pompe BMA-S 40\/140B, inclusi guarnizioni e parti meccaniche.\"},{\"@type\":\"BreadcrumbList\",\"@id\":\"https:\/\/technofluid.it\/prodotto\/kit-ricambi-per-bma-s-40140b-230400-v-3-ph-50-hz-codice-kbmas4014b03-gianneschi-pumps-and-blowers\/#breadcrumb\",\"itemListElement\":[{\"@type\":\"ListItem\",\"position\":1,\"name\":\"Home\",\"item\":\"https:\/\/technofluid.it\/\"},{\"@type\":\"ListItem\",\"position\":2,\"name\":\"Shop\",\"item\":\"https:\/\/technofluid.it\/shop\/\"},{\"@type\":\"ListItem\",\"position\":3,\"name\":\"Kit ricambi per BMA-S 40\/140B, 230\/400 V, 3 Ph, 50 Hz &ndash; codice: KBMAS4014B03 &ndash; Gianneschi Pumps and Blowers\"}]},{\"@type\":\"WebSite\",\"@id\":\"https:\/\/technofluid.it\/#website\",\"url\":\"https:\/\/technofluid.it\/\",\"name\":\"Technofluid S.R.L.\",\"description\":\"Dal 1999 siamo specializzati nell&#039;impiantistica navale, idraulica, civile e industriale\",\"publisher\":{\"@id\":\"https:\/\/technofluid.it\/#organization\"},\"potentialAction\":[{\"@type\":\"SearchAction\",\"target\":{\"@type\":\"EntryPoint\",\"urlTemplate\":\"https:\/\/technofluid.it\/?s={search_term_string}\"},\"query-input\":{\"@type\":\"PropertyValueSpecification\",\"valueRequired\":true,\"valueName\":\"search_term_string\"}}],\"inLanguage\":\"de\"},{\"@type\":\"Organization\",\"@id\":\"https:\/\/technofluid.it\/#organization\",\"name\":\"Technofluid\",\"url\":\"https:\/\/technofluid.it\/\",\"logo\":{\"@type\":\"ImageObject\",\"inLanguage\":\"de\",\"@id\":\"https:\/\/technofluid.it\/#\/schema\/logo\/image\/\",\"url\":\"https:\/\/technofluid.it\/wp-content\/uploads\/2025\/12\/technofluid_bianco-logo.webp\",\"contentUrl\":\"https:\/\/technofluid.it\/wp-content\/uploads\/2025\/12\/technofluid_bianco-logo.webp\",\"width\":350,\"height\":116,\"caption\":\"Technofluid\"},\"image\":{\"@id\":\"https:\/\/technofluid.it\/#\/schema\/logo\/image\/\"},\"description\":\"La Technofluid S.r.l. nasce nel 1999 a Barcellona Pozzo di Gotto, in provincia di Messina, con l\u2019obiettivo di diventare un punto di riferimento nel settore dell\u2019impiantistica navale, idraulica, civile e industriale.\",\"email\":\"info@technofluid.it\",\"telephone\":\"0907386877\",\"legalName\":\"Technofluid S.R.L\",\"vatID\":\"IT03148240835\",\"taxID\":\"03148240835\",\"ownershipFundingInfo\":\"https:\/\/technofluid.it\/azienda\/\"}]}<\/script>\n<meta property=\"product:price:amount\" content=\"584.43\" \/>\n<meta property=\"product:price:currency\" content=\"EUR\" \/>\n<meta property=\"og:availability\" content=\"out of stock\" \/>\n<meta property=\"product:availability\" content=\"out of stock\" \/>\n<meta property=\"product:retailer_item_id\" content=\"GIA000000452\" \/>\n<meta property=\"product:condition\" content=\"new\" \/>\n<!-- \/ Yoast SEO Premium plugin. -->","yoast_head_json":{"title":"BMA-S 40\/140B Ersatzteilkit: garantierte Qualit\u00e4t Gianneschi","description":"Kaufen Sie das BMA-Ersatzteilkit f\u00fcr Gianneschi-Pumpen: Laufrad, O-Ring und mechanische Dichtung inklusive. Zuverl\u00e4ssigkeit und Leistung garantiert!","robots":{"index":"index","follow":"follow","max-snippet":"max-snippet:-1","max-image-preview":"max-image-preview:large","max-video-preview":"max-video-preview:-1"},"canonical":"https:\/\/technofluid.it\/de\/produkt\/ersatzteilkit-fur-bma-s-40140b-230400-v-3-ph-50-hz-code-kbmas4014b03-gianneschi-pumpen-und-geblase\/","og_locale":"de_DE","og_type":"article","og_title":"Kit ricambi per BMA-S 40\/140B, 230\/400 V, 3 Ph, 50 Hz &ndash; codice: KBMAS4014B03 &ndash; Gianneschi Pumps and Blowers","og_description":"Acquista il kit ricambi BMA per pompe Gianneschi: girante, o-ring e tenuta meccanica inclusi. Affidabilit\u00e0 e performance assicurate!","og_url":"https:\/\/technofluid.it\/de\/produkt\/ersatzteilkit-fur-bma-s-40140b-230400-v-3-ph-50-hz-code-kbmas4014b03-gianneschi-pumpen-und-geblase\/","og_site_name":"Technofluid","article_modified_time":"2026-04-15T01:27:53+00:00","og_image":[{"width":800,"height":800,"url":"https:\/\/technofluid.it\/wp-content\/uploads\/2026\/01\/648-Kit-ricambi-per-BMA-S-40140B-230400-V-3-Ph-50-Hz-codice-KBMAS4014B03-Gianneschi-Pumps-and-Blowers.jpg","type":"image\/jpeg"}],"twitter_card":"summary_large_image","twitter_misc":{"Preis":"584,43&nbsp;&euro; Iva esclusa","Verf\u00fcgbarkeit":"ausverkauft"},"schema":{"@context":"https:\/\/schema.org","@graph":[{"@type":"WebPage","@id":"https:\/\/technofluid.it\/prodotto\/kit-ricambi-per-bma-s-40140b-230400-v-3-ph-50-hz-codice-kbmas4014b03-gianneschi-pumps-and-blowers\/","url":"https:\/\/technofluid.it\/prodotto\/kit-ricambi-per-bma-s-40140b-230400-v-3-ph-50-hz-codice-kbmas4014b03-gianneschi-pumps-and-blowers\/","name":"BMA-S 40\/140B Ersatzteilkit: garantierte Qualit\u00e4t Gianneschi","isPartOf":{"@id":"https:\/\/technofluid.it\/#website"},"primaryImageOfPage":{"@id":"https:\/\/technofluid.it\/prodotto\/kit-ricambi-per-bma-s-40140b-230400-v-3-ph-50-hz-codice-kbmas4014b03-gianneschi-pumps-and-blowers\/#primaryimage"},"image":{"@id":"https:\/\/technofluid.it\/prodotto\/kit-ricambi-per-bma-s-40140b-230400-v-3-ph-50-hz-codice-kbmas4014b03-gianneschi-pumps-and-blowers\/#primaryimage"},"thumbnailUrl":"https:\/\/technofluid.it\/wp-content\/uploads\/2026\/01\/648-Kit-ricambi-per-BMA-S-40140B-230400-V-3-Ph-50-Hz-codice-KBMAS4014B03-Gianneschi-Pumps-and-Blowers.jpg","datePublished":"2025-10-25T00:02:32+00:00","dateModified":"2026-04-15T01:27:53+00:00","description":"Kaufen Sie das BMA-Ersatzteilkit f\u00fcr Gianneschi-Pumpen: Laufrad, O-Ring und mechanische Dichtung inklusive. Zuverl\u00e4ssigkeit und Leistung garantiert!","breadcrumb":{"@id":"https:\/\/technofluid.it\/prodotto\/kit-ricambi-per-bma-s-40140b-230400-v-3-ph-50-hz-codice-kbmas4014b03-gianneschi-pumps-and-blowers\/#breadcrumb"},"inLanguage":"de","potentialAction":[{"@type":"ReadAction","target":["https:\/\/technofluid.it\/prodotto\/kit-ricambi-per-bma-s-40140b-230400-v-3-ph-50-hz-codice-kbmas4014b03-gianneschi-pumps-and-blowers\/"]}]},{"@type":"ImageObject","inLanguage":"de","@id":"https:\/\/technofluid.it\/prodotto\/kit-ricambi-per-bma-s-40140b-230400-v-3-ph-50-hz-codice-kbmas4014b03-gianneschi-pumps-and-blowers\/#primaryimage","url":"https:\/\/technofluid.it\/wp-content\/uploads\/2026\/01\/648-Kit-ricambi-per-BMA-S-40140B-230400-V-3-Ph-50-Hz-codice-KBMAS4014B03-Gianneschi-Pumps-and-Blowers.jpg","contentUrl":"https:\/\/technofluid.it\/wp-content\/uploads\/2026\/01\/648-Kit-ricambi-per-BMA-S-40140B-230400-V-3-Ph-50-Hz-codice-KBMAS4014B03-Gianneschi-Pumps-and-Blowers.jpg","width":800,"height":800,"caption":"Componenti di ricambio per pompe BMA-S 40\/140B, inclusi guarnizioni e parti meccaniche."},{"@type":"BreadcrumbList","@id":"https:\/\/technofluid.it\/prodotto\/kit-ricambi-per-bma-s-40140b-230400-v-3-ph-50-hz-codice-kbmas4014b03-gianneschi-pumps-and-blowers\/#breadcrumb","itemListElement":[{"@type":"ListItem","position":1,"name":"Home","item":"https:\/\/technofluid.it\/"},{"@type":"ListItem","position":2,"name":"Shop","item":"https:\/\/technofluid.it\/shop\/"},{"@type":"ListItem","position":3,"name":"Kit ricambi per BMA-S 40\/140B, 230\/400 V, 3 Ph, 50 Hz &ndash; codice: KBMAS4014B03 &ndash; Gianneschi Pumps and Blowers"}]},{"@type":"WebSite","@id":"https:\/\/technofluid.it\/#website","url":"https:\/\/technofluid.it\/","name":"Technofluid S.R.L.","description":"Seit 1999 haben wir uns auf Schiffs-, Sanit\u00e4r-, Zivil- und Industrieanlagen spezialisiert.","publisher":{"@id":"https:\/\/technofluid.it\/#organization"},"potentialAction":[{"@type":"SearchAction","target":{"@type":"EntryPoint","urlTemplate":"https:\/\/technofluid.it\/?s={search_term_string}"},"query-input":{"@type":"PropertyValueSpecification","valueRequired":true,"valueName":"search_term_string"}}],"inLanguage":"de"},{"@type":"Organization","@id":"https:\/\/technofluid.it\/#organization","name":"Technofluid","url":"https:\/\/technofluid.it\/","logo":{"@type":"ImageObject","inLanguage":"de","@id":"https:\/\/technofluid.it\/#\/schema\/logo\/image\/","url":"https:\/\/technofluid.it\/wp-content\/uploads\/2025\/12\/technofluid_bianco-logo.webp","contentUrl":"https:\/\/technofluid.it\/wp-content\/uploads\/2025\/12\/technofluid_bianco-logo.webp","width":350,"height":116,"caption":"Technofluid"},"image":{"@id":"https:\/\/technofluid.it\/#\/schema\/logo\/image\/"},"description":"Die Technofluid S.r.l. wurde 1999 in Barcellona Pozzo di Gotto, in der Provinz Messina, gegr\u00fcndet, mit dem Ziel, ein Bezugspunkt im Bereich der Schiffs-, Hydraulik-, Zivil- und Industrieanlagen zu werden.","email":"info@technofluid.it","telephone":"0907386877","legalName":"Technofluid S.R.L","vatID":"IT03148240835","taxID":"03148240835","ownershipFundingInfo":"https:\/\/technofluid.it\/azienda\/"}]},"product_price_amount":"584.43","product_price_currency":"EUR","og_availability":"out of stock","product_availability":"out of stock","product_retailer_item_id":"GIA000000452","product_condition":"new"},"_links":{"self":[{"href":"https:\/\/technofluid.it\/de\/wp-json\/wp\/v2\/product\/30332","targetHints":{"allow":["GET"]}}],"collection":[{"href":"https:\/\/technofluid.it\/de\/wp-json\/wp\/v2\/product"}],"about":[{"href":"https:\/\/technofluid.it\/de\/wp-json\/wp\/v2\/types\/product"}],"replies":[{"embeddable":true,"href":"https:\/\/technofluid.it\/de\/wp-json\/wp\/v2\/comments?post=30332"}],"version-history":[{"count":1,"href":"https:\/\/technofluid.it\/de\/wp-json\/wp\/v2\/product\/30332\/revisions"}],"predecessor-version":[{"id":52773,"href":"https:\/\/technofluid.it\/de\/wp-json\/wp\/v2\/product\/30332\/revisions\/52773"}],"wp:featuredmedia":[{"embeddable":true,"href":"https:\/\/technofluid.it\/de\/wp-json\/wp\/v2\/media\/39665"}],"wp:attachment":[{"href":"https:\/\/technofluid.it\/de\/wp-json\/wp\/v2\/media?parent=30332"}],"wp:term":[{"taxonomy":"product_brand","embeddable":true,"href":"https:\/\/technofluid.it\/de\/wp-json\/wp\/v2\/product_brand?post=30332"},{"taxonomy":"product_cat","embeddable":true,"href":"https:\/\/technofluid.it\/de\/wp-json\/wp\/v2\/product_cat?post=30332"},{"taxonomy":"product_tag","embeddable":true,"href":"https:\/\/technofluid.it\/de\/wp-json\/wp\/v2\/product_tag?post=30332"}],"curies":[{"name":"wp","href":"https:\/\/api.w.org\/{rel}","templated":true}]}}