{"id":30288,"date":"2025-10-25T00:02:27","date_gmt":"2025-10-25T00:02:27","guid":{"rendered":"https:\/\/technofluid.it\/prodotto\/kit-motor-assy-12vdc-mflush-codice-385880068-dometic\/"},"modified":"2026-03-25T12:56:31","modified_gmt":"2026-03-25T11:56:31","slug":"kit-motor-assy-12vdc-mflush-codice-385880068-dometic","status":"publish","type":"product","link":"https:\/\/technofluid.it\/de\/produkt\/motor-kit-12vdc-mflush-code-385880068-dometic\/","title":{"rendered":"Motor-Kit 12VDC \u2013 M'Flush \u2013 Code: 385880068 \u2013 Dometic"},"content":{"rendered":"<p>Die 12 V DC Zerkleinerungsmotorbaugruppe ist geeignet f\u00fcr MasterFlush f\u00fcr WC-Serien 8100, 8500, 8600, 8700, 8900.<\/p>\n<p>&nbsp;<\/p>\n<p>\n<b>Eigenschaften<\/b>\n<\/p>\n<p>Spannung: 13,5 V DC (maximal)<\/p>\n<p>Stromst\u00e4rke: 21A<\/p>\n<p>Kabell\u00e4nge: 28 cm (11 Zoll)<\/p>\n<p>\nMotordimensionen: ca. \u00d8101,6\u00d782,5 mm (4 x 3-1\/4 Zoll)\n<\/p>\n<p>&nbsp;<\/p>","protected":false},"excerpt":{"rendered":"<p>Die 12 V DC Zerkleinerungsmotorbaugruppe ist geeignet f\u00fcr MasterFlush f\u00fcr WC-Serien 8100, 8500, 8600, 8700, 8900.<\/p>\n<p>&nbsp;<\/p>\n<p>Eigenschaften<\/p>\n<p>Spannung: 13,5 V DC (maximal)<br \/>\nStromst\u00e4rke: 21A<br \/>\nKabell\u00e4nge: 28 cm (11 Zoll)<\/p>\n<p>Motordimensionen: ca. \u00d8101,6\u00d782,5 mm (4 x 3-1\/4 Zoll)<\/p>\n<p>&nbsp;<\/p>","protected":false},"featured_media":39574,"comment_status":"open","ping_status":"closed","template":"","meta":{"_acf_changed":false,"_monsterinsights_skip_tracking":false,"_monsterinsights_sitenote_active":false,"_monsterinsights_sitenote_note":"","_monsterinsights_sitenote_category":0,"site-sidebar-layout":"default","site-content-layout":"","ast-site-content-layout":"default","site-content-style":"default","site-sidebar-style":"default","ast-global-header-display":"","ast-banner-title-visibility":"","ast-main-header-display":"","ast-hfb-above-header-display":"","ast-hfb-below-header-display":"","ast-hfb-mobile-header-display":"","site-post-title":"","ast-breadcrumbs-content":"","ast-featured-img":"","footer-sml-layout":"","ast-disable-related-posts":"","theme-transparent-header-meta":"","adv-header-id-meta":"","stick-header-meta":"","header-above-stick-meta":"","header-main-stick-meta":"","header-below-stick-meta":"","astra-migrate-meta-layouts":"default","ast-page-background-enabled":"default","ast-page-background-meta":{"desktop":{"background-color":"var(--ast-global-color-5)","background-image":"","background-repeat":"repeat","background-position":"center center","background-size":"auto","background-attachment":"scroll","background-type":"","background-media":"","overlay-type":"","overlay-color":"","overlay-opacity":"","overlay-gradient":""},"tablet":{"background-color":"","background-image":"","background-repeat":"repeat","background-position":"center center","background-size":"auto","background-attachment":"scroll","background-type":"","background-media":"","overlay-type":"","overlay-color":"","overlay-opacity":"","overlay-gradient":""},"mobile":{"background-color":"","background-image":"","background-repeat":"repeat","background-position":"center center","background-size":"auto","background-attachment":"scroll","background-type":"","background-media":"","overlay-type":"","overlay-color":"","overlay-opacity":"","overlay-gradient":""}},"ast-content-background-meta":{"desktop":{"background-color":"var(--ast-global-color-4)","background-image":"","background-repeat":"repeat","background-position":"center center","background-size":"auto","background-attachment":"scroll","background-type":"","background-media":"","overlay-type":"","overlay-color":"","overlay-opacity":"","overlay-gradient":""},"tablet":{"background-color":"var(--ast-global-color-4)","background-image":"","background-repeat":"repeat","background-position":"center center","background-size":"auto","background-attachment":"scroll","background-type":"","background-media":"","overlay-type":"","overlay-color":"","overlay-opacity":"","overlay-gradient":""},"mobile":{"background-color":"var(--ast-global-color-4)","background-image":"","background-repeat":"repeat","background-position":"center center","background-size":"auto","background-attachment":"scroll","background-type":"","background-media":"","overlay-type":"","overlay-color":"","overlay-opacity":"","overlay-gradient":""}}},"product_brand":[],"product_cat":[84,163],"product_tag":[],"class_list":{"0":"post-30288","1":"product","2":"type-product","3":"status-publish","4":"has-post-thumbnail","6":"product_cat-idraulica-e-ferramenta","7":"product_cat-wc-nautici-e-accessori","8":"pa_supplier-dometic-italy-marine-srl","9":"desktop-align-left","10":"tablet-align-left","11":"mobile-align-left","13":"first","14":"outofstock","15":"taxable","16":"shipping-taxable","17":"purchasable","18":"product-type-simple"},"acf":[],"yoast_head":"<!-- This site is optimized with the Yoast SEO Premium plugin v26.7 (Yoast SEO v26.9) - https:\/\/yoast.com\/product\/yoast-seo-premium-wordpress\/ -->\n<title>Kit Motor Assy 12VDC per MasterFlush - Dometic 385880068<\/title>\n<meta name=\"description\" content=\"Scopri il kit motor assy 12VDC per WC MasterFlush serie 8100-8900. Affidabile e compatto, perfetto per il tuo impianto. Acquista ora!\" \/>\n<meta name=\"robots\" content=\"index, follow, max-snippet:-1, max-image-preview:large, max-video-preview:-1\" \/>\n<link rel=\"canonical\" href=\"https:\/\/technofluid.it\/de\/produkt\/motor-kit-12vdc-mflush-code-385880068-dometic\/\" \/>\n<meta property=\"og:locale\" content=\"de_DE\" \/>\n<meta property=\"og:type\" content=\"article\" \/>\n<meta property=\"og:title\" content=\"Kit motor assy 12VDC - M&#039;Flush - codice: 385880068 - Dometic\" \/>\n<meta property=\"og:description\" content=\"Scopri il kit motor assy 12VDC per WC MasterFlush serie 8100-8900. Affidabile e compatto, perfetto per il tuo impianto. Acquista ora!\" \/>\n<meta property=\"og:url\" content=\"https:\/\/technofluid.it\/de\/produkt\/motor-kit-12vdc-mflush-code-385880068-dometic\/\" \/>\n<meta property=\"og:site_name\" content=\"Technofluid\" \/>\n<meta property=\"article:modified_time\" content=\"2026-03-25T11:56:31+00:00\" \/>\n<meta property=\"og:image\" content=\"https:\/\/technofluid.it\/wp-content\/uploads\/2026\/01\/256-Kit-motor-assy-12VDC-MFlush-codice-385880068-Dometic.jpg\" \/>\n\t<meta property=\"og:image:width\" content=\"800\" \/>\n\t<meta property=\"og:image:height\" content=\"800\" \/>\n\t<meta property=\"og:image:type\" content=\"image\/jpeg\" \/>\n<meta name=\"twitter:card\" content=\"summary_large_image\" \/>\n<meta name=\"twitter:label1\" content=\"Preis\" \/>\n\t<meta name=\"twitter:data1\" content=\"488,91&nbsp;&euro; Iva esclusa\" \/>\n\t<meta name=\"twitter:label2\" content=\"Verf\u00fcgbarkeit\" \/>\n\t<meta name=\"twitter:data2\" content=\"ausverkauft\" \/>\n<script type=\"application\/ld+json\" class=\"yoast-schema-graph\">{\"@context\":\"https:\/\/schema.org\",\"@graph\":[{\"@type\":\"WebPage\",\"@id\":\"https:\/\/technofluid.it\/prodotto\/kit-motor-assy-12vdc-mflush-codice-385880068-dometic\/\",\"url\":\"https:\/\/technofluid.it\/prodotto\/kit-motor-assy-12vdc-mflush-codice-385880068-dometic\/\",\"name\":\"Kit Motor Assy 12VDC per MasterFlush - Dometic 385880068\",\"isPartOf\":{\"@id\":\"https:\/\/technofluid.it\/#website\"},\"primaryImageOfPage\":{\"@id\":\"https:\/\/technofluid.it\/prodotto\/kit-motor-assy-12vdc-mflush-codice-385880068-dometic\/#primaryimage\"},\"image\":{\"@id\":\"https:\/\/technofluid.it\/prodotto\/kit-motor-assy-12vdc-mflush-codice-385880068-dometic\/#primaryimage\"},\"thumbnailUrl\":\"https:\/\/technofluid.it\/wp-content\/uploads\/2026\/01\/256-Kit-motor-assy-12VDC-MFlush-codice-385880068-Dometic.jpg\",\"datePublished\":\"2025-10-25T00:02:27+00:00\",\"dateModified\":\"2026-03-25T11:56:31+00:00\",\"description\":\"Scopri il kit motor assy 12VDC per WC MasterFlush serie 8100-8900. Affidabile e compatto, perfetto per il tuo impianto. Acquista ora!\",\"breadcrumb\":{\"@id\":\"https:\/\/technofluid.it\/prodotto\/kit-motor-assy-12vdc-mflush-codice-385880068-dometic\/#breadcrumb\"},\"inLanguage\":\"de\",\"potentialAction\":[{\"@type\":\"ReadAction\",\"target\":[\"https:\/\/technofluid.it\/prodotto\/kit-motor-assy-12vdc-mflush-codice-385880068-dometic\/\"]}]},{\"@type\":\"ImageObject\",\"inLanguage\":\"de\",\"@id\":\"https:\/\/technofluid.it\/prodotto\/kit-motor-assy-12vdc-mflush-codice-385880068-dometic\/#primaryimage\",\"url\":\"https:\/\/technofluid.it\/wp-content\/uploads\/2026\/01\/256-Kit-motor-assy-12VDC-MFlush-codice-385880068-Dometic.jpg\",\"contentUrl\":\"https:\/\/technofluid.it\/wp-content\/uploads\/2026\/01\/256-Kit-motor-assy-12VDC-MFlush-codice-385880068-Dometic.jpg\",\"width\":800,\"height\":800,\"caption\":\"Kit motore 12VDC per impianti M'Flush, codice 385880068, marca Dometic, ideale per riparazioni.\"},{\"@type\":\"BreadcrumbList\",\"@id\":\"https:\/\/technofluid.it\/prodotto\/kit-motor-assy-12vdc-mflush-codice-385880068-dometic\/#breadcrumb\",\"itemListElement\":[{\"@type\":\"ListItem\",\"position\":1,\"name\":\"Home\",\"item\":\"https:\/\/technofluid.it\/\"},{\"@type\":\"ListItem\",\"position\":2,\"name\":\"Shop\",\"item\":\"https:\/\/technofluid.it\/shop\/\"},{\"@type\":\"ListItem\",\"position\":3,\"name\":\"Kit motor assy 12VDC &#8211; M&#039;Flush &#8211; codice: 385880068 &#8211; Dometic\"}]},{\"@type\":\"WebSite\",\"@id\":\"https:\/\/technofluid.it\/#website\",\"url\":\"https:\/\/technofluid.it\/\",\"name\":\"Technofluid S.R.L.\",\"description\":\"Dal 1999 siamo specializzati nell&#039;impiantistica navale, idraulica, civile e industriale\",\"publisher\":{\"@id\":\"https:\/\/technofluid.it\/#organization\"},\"potentialAction\":[{\"@type\":\"SearchAction\",\"target\":{\"@type\":\"EntryPoint\",\"urlTemplate\":\"https:\/\/technofluid.it\/?s={search_term_string}\"},\"query-input\":{\"@type\":\"PropertyValueSpecification\",\"valueRequired\":true,\"valueName\":\"search_term_string\"}}],\"inLanguage\":\"de\"},{\"@type\":\"Organization\",\"@id\":\"https:\/\/technofluid.it\/#organization\",\"name\":\"Technofluid\",\"url\":\"https:\/\/technofluid.it\/\",\"logo\":{\"@type\":\"ImageObject\",\"inLanguage\":\"de\",\"@id\":\"https:\/\/technofluid.it\/#\/schema\/logo\/image\/\",\"url\":\"https:\/\/technofluid.it\/wp-content\/uploads\/2025\/12\/technofluid_bianco-logo.webp\",\"contentUrl\":\"https:\/\/technofluid.it\/wp-content\/uploads\/2025\/12\/technofluid_bianco-logo.webp\",\"width\":350,\"height\":116,\"caption\":\"Technofluid\"},\"image\":{\"@id\":\"https:\/\/technofluid.it\/#\/schema\/logo\/image\/\"},\"description\":\"La Technofluid S.r.l. nasce nel 1999 a Barcellona Pozzo di Gotto, in provincia di Messina, con l\u2019obiettivo di diventare un punto di riferimento nel settore dell\u2019impiantistica navale, idraulica, civile e industriale.\",\"email\":\"info@technofluid.it\",\"telephone\":\"0907386877\",\"legalName\":\"Technofluid S.R.L\",\"vatID\":\"IT03148240835\",\"taxID\":\"03148240835\",\"ownershipFundingInfo\":\"https:\/\/technofluid.it\/azienda\/\"}]}<\/script>\n<meta property=\"product:price:amount\" content=\"488.91\" \/>\n<meta property=\"product:price:currency\" content=\"EUR\" \/>\n<meta property=\"og:availability\" content=\"out of stock\" \/>\n<meta property=\"product:availability\" content=\"out of stock\" \/>\n<meta property=\"product:retailer_item_id\" content=\"DOM000000046\" \/>\n<meta property=\"product:condition\" content=\"new\" \/>\n<!-- \/ Yoast SEO Premium plugin. -->","yoast_head_json":{"title":"Motor-Kit 12VDC f\u00fcr MasterFlush - Dometic 385880068","description":"Entdecken Sie den Motor-Kit 12VDC f\u00fcr WC MasterFlush Serie 8100-8900. Zuverl\u00e4ssig und kompakt, perfekt f\u00fcr Ihre Anlage. Jetzt kaufen!","robots":{"index":"index","follow":"follow","max-snippet":"max-snippet:-1","max-image-preview":"max-image-preview:large","max-video-preview":"max-video-preview:-1"},"canonical":"https:\/\/technofluid.it\/de\/produkt\/motor-kit-12vdc-mflush-code-385880068-dometic\/","og_locale":"de_DE","og_type":"article","og_title":"Kit motor assy 12VDC - M&#039;Flush - codice: 385880068 - Dometic","og_description":"Scopri il kit motor assy 12VDC per WC MasterFlush serie 8100-8900. Affidabile e compatto, perfetto per il tuo impianto. Acquista ora!","og_url":"https:\/\/technofluid.it\/de\/produkt\/motor-kit-12vdc-mflush-code-385880068-dometic\/","og_site_name":"Technofluid","article_modified_time":"2026-03-25T11:56:31+00:00","og_image":[{"width":800,"height":800,"url":"https:\/\/technofluid.it\/wp-content\/uploads\/2026\/01\/256-Kit-motor-assy-12VDC-MFlush-codice-385880068-Dometic.jpg","type":"image\/jpeg"}],"twitter_card":"summary_large_image","twitter_misc":{"Preis":"488,91&nbsp;&euro; Iva esclusa","Verf\u00fcgbarkeit":"ausverkauft"},"schema":{"@context":"https:\/\/schema.org","@graph":[{"@type":"WebPage","@id":"https:\/\/technofluid.it\/prodotto\/kit-motor-assy-12vdc-mflush-codice-385880068-dometic\/","url":"https:\/\/technofluid.it\/prodotto\/kit-motor-assy-12vdc-mflush-codice-385880068-dometic\/","name":"Motor-Kit 12VDC f\u00fcr MasterFlush - Dometic 385880068","isPartOf":{"@id":"https:\/\/technofluid.it\/#website"},"primaryImageOfPage":{"@id":"https:\/\/technofluid.it\/prodotto\/kit-motor-assy-12vdc-mflush-codice-385880068-dometic\/#primaryimage"},"image":{"@id":"https:\/\/technofluid.it\/prodotto\/kit-motor-assy-12vdc-mflush-codice-385880068-dometic\/#primaryimage"},"thumbnailUrl":"https:\/\/technofluid.it\/wp-content\/uploads\/2026\/01\/256-Kit-motor-assy-12VDC-MFlush-codice-385880068-Dometic.jpg","datePublished":"2025-10-25T00:02:27+00:00","dateModified":"2026-03-25T11:56:31+00:00","description":"Entdecken Sie den Motor-Kit 12VDC f\u00fcr WC MasterFlush Serie 8100-8900. Zuverl\u00e4ssig und kompakt, perfekt f\u00fcr Ihre Anlage. Jetzt kaufen!","breadcrumb":{"@id":"https:\/\/technofluid.it\/prodotto\/kit-motor-assy-12vdc-mflush-codice-385880068-dometic\/#breadcrumb"},"inLanguage":"de","potentialAction":[{"@type":"ReadAction","target":["https:\/\/technofluid.it\/prodotto\/kit-motor-assy-12vdc-mflush-codice-385880068-dometic\/"]}]},{"@type":"ImageObject","inLanguage":"de","@id":"https:\/\/technofluid.it\/prodotto\/kit-motor-assy-12vdc-mflush-codice-385880068-dometic\/#primaryimage","url":"https:\/\/technofluid.it\/wp-content\/uploads\/2026\/01\/256-Kit-motor-assy-12VDC-MFlush-codice-385880068-Dometic.jpg","contentUrl":"https:\/\/technofluid.it\/wp-content\/uploads\/2026\/01\/256-Kit-motor-assy-12VDC-MFlush-codice-385880068-Dometic.jpg","width":800,"height":800,"caption":"Kit motore 12VDC per impianti M'Flush, codice 385880068, marca Dometic, ideale per riparazioni."},{"@type":"BreadcrumbList","@id":"https:\/\/technofluid.it\/prodotto\/kit-motor-assy-12vdc-mflush-codice-385880068-dometic\/#breadcrumb","itemListElement":[{"@type":"ListItem","position":1,"name":"Home","item":"https:\/\/technofluid.it\/"},{"@type":"ListItem","position":2,"name":"Shop","item":"https:\/\/technofluid.it\/shop\/"},{"@type":"ListItem","position":3,"name":"Kit motor assy 12VDC &#8211; M&#039;Flush &#8211; codice: 385880068 &#8211; Dometic"}]},{"@type":"WebSite","@id":"https:\/\/technofluid.it\/#website","url":"https:\/\/technofluid.it\/","name":"Technofluid S.R.L.","description":"Seit 1999 haben wir uns auf Schiffs-, Sanit\u00e4r-, Zivil- und Industrieanlagen spezialisiert.","publisher":{"@id":"https:\/\/technofluid.it\/#organization"},"potentialAction":[{"@type":"SearchAction","target":{"@type":"EntryPoint","urlTemplate":"https:\/\/technofluid.it\/?s={search_term_string}"},"query-input":{"@type":"PropertyValueSpecification","valueRequired":true,"valueName":"search_term_string"}}],"inLanguage":"de"},{"@type":"Organization","@id":"https:\/\/technofluid.it\/#organization","name":"Technofluid","url":"https:\/\/technofluid.it\/","logo":{"@type":"ImageObject","inLanguage":"de","@id":"https:\/\/technofluid.it\/#\/schema\/logo\/image\/","url":"https:\/\/technofluid.it\/wp-content\/uploads\/2025\/12\/technofluid_bianco-logo.webp","contentUrl":"https:\/\/technofluid.it\/wp-content\/uploads\/2025\/12\/technofluid_bianco-logo.webp","width":350,"height":116,"caption":"Technofluid"},"image":{"@id":"https:\/\/technofluid.it\/#\/schema\/logo\/image\/"},"description":"Die Technofluid S.r.l. wurde 1999 in Barcellona Pozzo di Gotto, in der Provinz Messina, gegr\u00fcndet, mit dem Ziel, ein Bezugspunkt im Bereich der Schiffs-, Hydraulik-, Zivil- und Industrieanlagen zu werden.","email":"info@technofluid.it","telephone":"0907386877","legalName":"Technofluid S.R.L","vatID":"IT03148240835","taxID":"03148240835","ownershipFundingInfo":"https:\/\/technofluid.it\/azienda\/"}]},"product_price_amount":"488.91","product_price_currency":"EUR","og_availability":"out of stock","product_availability":"out of stock","product_retailer_item_id":"DOM000000046","product_condition":"new"},"_links":{"self":[{"href":"https:\/\/technofluid.it\/de\/wp-json\/wp\/v2\/product\/30288","targetHints":{"allow":["GET"]}}],"collection":[{"href":"https:\/\/technofluid.it\/de\/wp-json\/wp\/v2\/product"}],"about":[{"href":"https:\/\/technofluid.it\/de\/wp-json\/wp\/v2\/types\/product"}],"replies":[{"embeddable":true,"href":"https:\/\/technofluid.it\/de\/wp-json\/wp\/v2\/comments?post=30288"}],"version-history":[{"count":1,"href":"https:\/\/technofluid.it\/de\/wp-json\/wp\/v2\/product\/30288\/revisions"}],"predecessor-version":[{"id":50922,"href":"https:\/\/technofluid.it\/de\/wp-json\/wp\/v2\/product\/30288\/revisions\/50922"}],"wp:featuredmedia":[{"embeddable":true,"href":"https:\/\/technofluid.it\/de\/wp-json\/wp\/v2\/media\/39574"}],"wp:attachment":[{"href":"https:\/\/technofluid.it\/de\/wp-json\/wp\/v2\/media?parent=30288"}],"wp:term":[{"taxonomy":"product_brand","embeddable":true,"href":"https:\/\/technofluid.it\/de\/wp-json\/wp\/v2\/product_brand?post=30288"},{"taxonomy":"product_cat","embeddable":true,"href":"https:\/\/technofluid.it\/de\/wp-json\/wp\/v2\/product_cat?post=30288"},{"taxonomy":"product_tag","embeddable":true,"href":"https:\/\/technofluid.it\/de\/wp-json\/wp\/v2\/product_tag?post=30288"}],"curies":[{"name":"wp","href":"https:\/\/api.w.org\/{rel}","templated":true}]}}