{"id":30072,"date":"2025-10-25T00:01:59","date_gmt":"2025-10-25T00:01:59","guid":{"rendered":"https:\/\/technofluid.it\/prodotto\/giunto-twist-per-catena-6-8-mm-codice-01-738-01-osculati\/"},"modified":"2026-01-22T17:43:10","modified_gmt":"2026-01-22T17:43:10","slug":"giunto-twist-per-catena-6-8-mm-codice-01-738-01-osculati","status":"publish","type":"product","link":"https:\/\/technofluid.it\/de\/produkt\/twist-kupplung-fur-kette-6-8-mm-code-01-738-01-osculati-2\/","title":{"rendered":"Twist-Verbindung f\u00fcr Kette 6-8 mm \u2013 Code: 01.738.01 \u2013 Osculati"},"content":{"rendered":"<p>Twist-Verbindung f\u00fcr Kette 6-8 mm \u2013 Code: 01.738.01 \u2013 Osculati<\/p>","protected":false},"excerpt":{"rendered":"<p>Catena \u00d8 mm6\/8<\/p>\n<p>Grillo per collegamento01.080.10<\/p>\n<p>A mm220<\/p>\n<p>B mm 60<\/p>\n<p>C mm 28<\/p>","protected":false},"featured_media":38998,"comment_status":"open","ping_status":"closed","template":"","meta":{"_acf_changed":false,"_monsterinsights_skip_tracking":false,"_monsterinsights_sitenote_active":false,"_monsterinsights_sitenote_note":"","_monsterinsights_sitenote_category":0,"site-sidebar-layout":"default","site-content-layout":"","ast-site-content-layout":"default","site-content-style":"default","site-sidebar-style":"default","ast-global-header-display":"","ast-banner-title-visibility":"","ast-main-header-display":"","ast-hfb-above-header-display":"","ast-hfb-below-header-display":"","ast-hfb-mobile-header-display":"","site-post-title":"","ast-breadcrumbs-content":"","ast-featured-img":"","footer-sml-layout":"","ast-disable-related-posts":"","theme-transparent-header-meta":"","adv-header-id-meta":"","stick-header-meta":"","header-above-stick-meta":"","header-main-stick-meta":"","header-below-stick-meta":"","astra-migrate-meta-layouts":"default","ast-page-background-enabled":"default","ast-page-background-meta":{"desktop":{"background-color":"var(--ast-global-color-5)","background-image":"","background-repeat":"repeat","background-position":"center center","background-size":"auto","background-attachment":"scroll","background-type":"","background-media":"","overlay-type":"","overlay-color":"","overlay-opacity":"","overlay-gradient":""},"tablet":{"background-color":"","background-image":"","background-repeat":"repeat","background-position":"center center","background-size":"auto","background-attachment":"scroll","background-type":"","background-media":"","overlay-type":"","overlay-color":"","overlay-opacity":"","overlay-gradient":""},"mobile":{"background-color":"","background-image":"","background-repeat":"repeat","background-position":"center center","background-size":"auto","background-attachment":"scroll","background-type":"","background-media":"","overlay-type":"","overlay-color":"","overlay-opacity":"","overlay-gradient":""}},"ast-content-background-meta":{"desktop":{"background-color":"var(--ast-global-color-4)","background-image":"","background-repeat":"repeat","background-position":"center center","background-size":"auto","background-attachment":"scroll","background-type":"","background-media":"","overlay-type":"","overlay-color":"","overlay-opacity":"","overlay-gradient":""},"tablet":{"background-color":"var(--ast-global-color-4)","background-image":"","background-repeat":"repeat","background-position":"center center","background-size":"auto","background-attachment":"scroll","background-type":"","background-media":"","overlay-type":"","overlay-color":"","overlay-opacity":"","overlay-gradient":""},"mobile":{"background-color":"var(--ast-global-color-4)","background-image":"","background-repeat":"repeat","background-position":"center center","background-size":"auto","background-attachment":"scroll","background-type":"","background-media":"","overlay-type":"","overlay-color":"","overlay-opacity":"","overlay-gradient":""}}},"product_brand":[],"product_cat":[144,143],"product_tag":[5342,5346,5360],"class_list":{"0":"post-30072","1":"product","2":"type-product","3":"status-publish","4":"has-post-thumbnail","6":"product_cat-catene","7":"product_cat-ormeggio-e-ancoraggio","8":"product_tag-catena","9":"product_tag-giunto","10":"product_tag-twist","11":"pa_supplier-osculati-s-r-l","12":"desktop-align-left","13":"tablet-align-left","14":"mobile-align-left","16":"first","17":"instock","18":"taxable","19":"shipping-taxable","20":"purchasable","21":"product-type-simple"},"acf":[],"yoast_head":"<!-- This site is optimized with the Yoast SEO Premium plugin v26.7 (Yoast SEO v26.9) - https:\/\/yoast.com\/product\/yoast-seo-premium-wordpress\/ -->\n<title>Giunto Twist Catena 6-8 mm | Codice 01.738.01 Osculati<\/title>\n<meta name=\"description\" content=\"Scopri il giunto twist per catena 6-8 mm Osculati, codice 01.738.01. Qualit\u00e0 e affidabilit\u00e0 per le tue esigenze nautiche. Acquista ora!\" \/>\n<meta name=\"robots\" content=\"index, follow, max-snippet:-1, max-image-preview:large, max-video-preview:-1\" \/>\n<link rel=\"canonical\" href=\"https:\/\/technofluid.it\/de\/produkt\/twist-kupplung-fur-kette-6-8-mm-code-01-738-01-osculati-2\/\" \/>\n<meta property=\"og:locale\" content=\"de_DE\" \/>\n<meta property=\"og:type\" content=\"article\" \/>\n<meta property=\"og:title\" content=\"Giunto twist per catena 6-8 mm - codice: 01.738.01 - Osculati\" \/>\n<meta property=\"og:description\" content=\"Scopri il giunto twist per catena 6-8 mm Osculati, codice 01.738.01. Qualit\u00e0 e affidabilit\u00e0 per le tue esigenze nautiche. Acquista ora!\" \/>\n<meta property=\"og:url\" content=\"https:\/\/technofluid.it\/de\/produkt\/twist-kupplung-fur-kette-6-8-mm-code-01-738-01-osculati-2\/\" \/>\n<meta property=\"og:site_name\" content=\"Technofluid\" \/>\n<meta property=\"article:modified_time\" content=\"2026-01-22T17:43:10+00:00\" \/>\n<meta property=\"og:image\" content=\"https:\/\/technofluid.it\/wp-content\/uploads\/2026\/01\/874-Giunto-twist-per-catena-6-8-mm-codice-01.738.01-Osculati.jpg\" \/>\n\t<meta property=\"og:image:width\" content=\"800\" \/>\n\t<meta property=\"og:image:height\" content=\"233\" \/>\n\t<meta property=\"og:image:type\" content=\"image\/jpeg\" \/>\n<meta name=\"twitter:card\" content=\"summary_large_image\" \/>\n<meta name=\"twitter:label1\" content=\"Preis\" \/>\n\t<meta name=\"twitter:data1\" content=\"41,80&nbsp;&euro; Iva esclusa\" \/>\n\t<meta name=\"twitter:label2\" content=\"Verf\u00fcgbarkeit\" \/>\n\t<meta name=\"twitter:data2\" content=\"Auf Lager\" \/>\n<script type=\"application\/ld+json\" class=\"yoast-schema-graph\">{\"@context\":\"https:\/\/schema.org\",\"@graph\":[{\"@type\":\"WebPage\",\"@id\":\"https:\/\/technofluid.it\/prodotto\/giunto-twist-per-catena-6-8-mm-codice-01-738-01-osculati\/\",\"url\":\"https:\/\/technofluid.it\/prodotto\/giunto-twist-per-catena-6-8-mm-codice-01-738-01-osculati\/\",\"name\":\"Giunto Twist Catena 6-8 mm | Codice 01.738.01 Osculati\",\"isPartOf\":{\"@id\":\"https:\/\/technofluid.it\/#website\"},\"primaryImageOfPage\":{\"@id\":\"https:\/\/technofluid.it\/prodotto\/giunto-twist-per-catena-6-8-mm-codice-01-738-01-osculati\/#primaryimage\"},\"image\":{\"@id\":\"https:\/\/technofluid.it\/prodotto\/giunto-twist-per-catena-6-8-mm-codice-01-738-01-osculati\/#primaryimage\"},\"thumbnailUrl\":\"https:\/\/technofluid.it\/wp-content\/uploads\/2026\/01\/874-Giunto-twist-per-catena-6-8-mm-codice-01.738.01-Osculati.jpg\",\"datePublished\":\"2025-10-25T00:01:59+00:00\",\"dateModified\":\"2026-01-22T17:43:10+00:00\",\"description\":\"Scopri il giunto twist per catena 6-8 mm Osculati, codice 01.738.01. Qualit\u00e0 e affidabilit\u00e0 per le tue esigenze nautiche. Acquista ora!\",\"breadcrumb\":{\"@id\":\"https:\/\/technofluid.it\/prodotto\/giunto-twist-per-catena-6-8-mm-codice-01-738-01-osculati\/#breadcrumb\"},\"inLanguage\":\"de\",\"potentialAction\":[{\"@type\":\"ReadAction\",\"target\":[\"https:\/\/technofluid.it\/prodotto\/giunto-twist-per-catena-6-8-mm-codice-01-738-01-osculati\/\"]}]},{\"@type\":\"ImageObject\",\"inLanguage\":\"de\",\"@id\":\"https:\/\/technofluid.it\/prodotto\/giunto-twist-per-catena-6-8-mm-codice-01-738-01-osculati\/#primaryimage\",\"url\":\"https:\/\/technofluid.it\/wp-content\/uploads\/2026\/01\/874-Giunto-twist-per-catena-6-8-mm-codice-01.738.01-Osculati.jpg\",\"contentUrl\":\"https:\/\/technofluid.it\/wp-content\/uploads\/2026\/01\/874-Giunto-twist-per-catena-6-8-mm-codice-01.738.01-Osculati.jpg\",\"width\":800,\"height\":233,\"caption\":\"Giunto twist per catena 6-8 mm, codice 01.738.01, Osculati, per collegamenti sicuri in ambienti nautici.\"},{\"@type\":\"BreadcrumbList\",\"@id\":\"https:\/\/technofluid.it\/prodotto\/giunto-twist-per-catena-6-8-mm-codice-01-738-01-osculati\/#breadcrumb\",\"itemListElement\":[{\"@type\":\"ListItem\",\"position\":1,\"name\":\"Home\",\"item\":\"https:\/\/technofluid.it\/\"},{\"@type\":\"ListItem\",\"position\":2,\"name\":\"Shop\",\"item\":\"https:\/\/technofluid.it\/shop\/\"},{\"@type\":\"ListItem\",\"position\":3,\"name\":\"Giunto twist per catena 6-8 mm &#8211; codice: 01.738.01 &#8211; Osculati\"}]},{\"@type\":\"WebSite\",\"@id\":\"https:\/\/technofluid.it\/#website\",\"url\":\"https:\/\/technofluid.it\/\",\"name\":\"Technofluid S.R.L.\",\"description\":\"Dal 1999 siamo specializzati nell&#039;impiantistica navale, idraulica, civile e industriale\",\"publisher\":{\"@id\":\"https:\/\/technofluid.it\/#organization\"},\"potentialAction\":[{\"@type\":\"SearchAction\",\"target\":{\"@type\":\"EntryPoint\",\"urlTemplate\":\"https:\/\/technofluid.it\/?s={search_term_string}\"},\"query-input\":{\"@type\":\"PropertyValueSpecification\",\"valueRequired\":true,\"valueName\":\"search_term_string\"}}],\"inLanguage\":\"de\"},{\"@type\":\"Organization\",\"@id\":\"https:\/\/technofluid.it\/#organization\",\"name\":\"Technofluid\",\"url\":\"https:\/\/technofluid.it\/\",\"logo\":{\"@type\":\"ImageObject\",\"inLanguage\":\"de\",\"@id\":\"https:\/\/technofluid.it\/#\/schema\/logo\/image\/\",\"url\":\"https:\/\/technofluid.it\/wp-content\/uploads\/2025\/12\/technofluid_bianco-logo.webp\",\"contentUrl\":\"https:\/\/technofluid.it\/wp-content\/uploads\/2025\/12\/technofluid_bianco-logo.webp\",\"width\":350,\"height\":116,\"caption\":\"Technofluid\"},\"image\":{\"@id\":\"https:\/\/technofluid.it\/#\/schema\/logo\/image\/\"},\"description\":\"La Technofluid S.r.l. nasce nel 1999 a Barcellona Pozzo di Gotto, in provincia di Messina, con l\u2019obiettivo di diventare un punto di riferimento nel settore dell\u2019impiantistica navale, idraulica, civile e industriale.\",\"email\":\"info@technofluid.it\",\"telephone\":\"0907386877\",\"legalName\":\"Technofluid S.R.L\",\"vatID\":\"IT03148240835\",\"taxID\":\"03148240835\",\"ownershipFundingInfo\":\"https:\/\/technofluid.it\/azienda\/\"}]}<\/script>\n<meta property=\"product:price:amount\" content=\"41.80\" \/>\n<meta property=\"product:price:currency\" content=\"EUR\" \/>\n<meta property=\"og:availability\" content=\"instock\" \/>\n<meta property=\"product:availability\" content=\"instock\" \/>\n<meta property=\"product:retailer_item_id\" content=\"OSCU00000067\" \/>\n<meta property=\"product:condition\" content=\"new\" \/>\n<!-- \/ Yoast SEO Premium plugin. -->","yoast_head_json":{"title":"Twist-Kupplung Kette 6-8 mm | Code 01.738.01 Osculati","description":"Entdecken Sie das Twist-Gelenk f\u00fcr Ketten 6-8 mm Osculati, Code 01.738.01. Qualit\u00e4t und Zuverl\u00e4ssigkeit f\u00fcr Ihre nautischen Bed\u00fcrfnisse. Jetzt kaufen!","robots":{"index":"index","follow":"follow","max-snippet":"max-snippet:-1","max-image-preview":"max-image-preview:large","max-video-preview":"max-video-preview:-1"},"canonical":"https:\/\/technofluid.it\/de\/produkt\/twist-kupplung-fur-kette-6-8-mm-code-01-738-01-osculati-2\/","og_locale":"de_DE","og_type":"article","og_title":"Giunto twist per catena 6-8 mm - codice: 01.738.01 - Osculati","og_description":"Scopri il giunto twist per catena 6-8 mm Osculati, codice 01.738.01. Qualit\u00e0 e affidabilit\u00e0 per le tue esigenze nautiche. Acquista ora!","og_url":"https:\/\/technofluid.it\/de\/produkt\/twist-kupplung-fur-kette-6-8-mm-code-01-738-01-osculati-2\/","og_site_name":"Technofluid","article_modified_time":"2026-01-22T17:43:10+00:00","og_image":[{"width":800,"height":233,"url":"https:\/\/technofluid.it\/wp-content\/uploads\/2026\/01\/874-Giunto-twist-per-catena-6-8-mm-codice-01.738.01-Osculati.jpg","type":"image\/jpeg"}],"twitter_card":"summary_large_image","twitter_misc":{"Preis":"41,80&nbsp;&euro; Iva esclusa","Verf\u00fcgbarkeit":"Auf Lager"},"schema":{"@context":"https:\/\/schema.org","@graph":[{"@type":"WebPage","@id":"https:\/\/technofluid.it\/prodotto\/giunto-twist-per-catena-6-8-mm-codice-01-738-01-osculati\/","url":"https:\/\/technofluid.it\/prodotto\/giunto-twist-per-catena-6-8-mm-codice-01-738-01-osculati\/","name":"Twist-Kupplung Kette 6-8 mm | Code 01.738.01 Osculati","isPartOf":{"@id":"https:\/\/technofluid.it\/#website"},"primaryImageOfPage":{"@id":"https:\/\/technofluid.it\/prodotto\/giunto-twist-per-catena-6-8-mm-codice-01-738-01-osculati\/#primaryimage"},"image":{"@id":"https:\/\/technofluid.it\/prodotto\/giunto-twist-per-catena-6-8-mm-codice-01-738-01-osculati\/#primaryimage"},"thumbnailUrl":"https:\/\/technofluid.it\/wp-content\/uploads\/2026\/01\/874-Giunto-twist-per-catena-6-8-mm-codice-01.738.01-Osculati.jpg","datePublished":"2025-10-25T00:01:59+00:00","dateModified":"2026-01-22T17:43:10+00:00","description":"Entdecken Sie das Twist-Gelenk f\u00fcr Ketten 6-8 mm Osculati, Code 01.738.01. Qualit\u00e4t und Zuverl\u00e4ssigkeit f\u00fcr Ihre nautischen Bed\u00fcrfnisse. Jetzt kaufen!","breadcrumb":{"@id":"https:\/\/technofluid.it\/prodotto\/giunto-twist-per-catena-6-8-mm-codice-01-738-01-osculati\/#breadcrumb"},"inLanguage":"de","potentialAction":[{"@type":"ReadAction","target":["https:\/\/technofluid.it\/prodotto\/giunto-twist-per-catena-6-8-mm-codice-01-738-01-osculati\/"]}]},{"@type":"ImageObject","inLanguage":"de","@id":"https:\/\/technofluid.it\/prodotto\/giunto-twist-per-catena-6-8-mm-codice-01-738-01-osculati\/#primaryimage","url":"https:\/\/technofluid.it\/wp-content\/uploads\/2026\/01\/874-Giunto-twist-per-catena-6-8-mm-codice-01.738.01-Osculati.jpg","contentUrl":"https:\/\/technofluid.it\/wp-content\/uploads\/2026\/01\/874-Giunto-twist-per-catena-6-8-mm-codice-01.738.01-Osculati.jpg","width":800,"height":233,"caption":"Giunto twist per catena 6-8 mm, codice 01.738.01, Osculati, per collegamenti sicuri in ambienti nautici."},{"@type":"BreadcrumbList","@id":"https:\/\/technofluid.it\/prodotto\/giunto-twist-per-catena-6-8-mm-codice-01-738-01-osculati\/#breadcrumb","itemListElement":[{"@type":"ListItem","position":1,"name":"Home","item":"https:\/\/technofluid.it\/"},{"@type":"ListItem","position":2,"name":"Shop","item":"https:\/\/technofluid.it\/shop\/"},{"@type":"ListItem","position":3,"name":"Giunto twist per catena 6-8 mm &#8211; codice: 01.738.01 &#8211; Osculati"}]},{"@type":"WebSite","@id":"https:\/\/technofluid.it\/#website","url":"https:\/\/technofluid.it\/","name":"Technofluid S.R.L.","description":"Seit 1999 haben wir uns auf Schiffs-, Sanit\u00e4r-, Zivil- und Industrieanlagen spezialisiert.","publisher":{"@id":"https:\/\/technofluid.it\/#organization"},"potentialAction":[{"@type":"SearchAction","target":{"@type":"EntryPoint","urlTemplate":"https:\/\/technofluid.it\/?s={search_term_string}"},"query-input":{"@type":"PropertyValueSpecification","valueRequired":true,"valueName":"search_term_string"}}],"inLanguage":"de"},{"@type":"Organization","@id":"https:\/\/technofluid.it\/#organization","name":"Technofluid","url":"https:\/\/technofluid.it\/","logo":{"@type":"ImageObject","inLanguage":"de","@id":"https:\/\/technofluid.it\/#\/schema\/logo\/image\/","url":"https:\/\/technofluid.it\/wp-content\/uploads\/2025\/12\/technofluid_bianco-logo.webp","contentUrl":"https:\/\/technofluid.it\/wp-content\/uploads\/2025\/12\/technofluid_bianco-logo.webp","width":350,"height":116,"caption":"Technofluid"},"image":{"@id":"https:\/\/technofluid.it\/#\/schema\/logo\/image\/"},"description":"Die Technofluid S.r.l. wurde 1999 in Barcellona Pozzo di Gotto, in der Provinz Messina, gegr\u00fcndet, mit dem Ziel, ein Bezugspunkt im Bereich der Schiffs-, Hydraulik-, Zivil- und Industrieanlagen zu werden.","email":"info@technofluid.it","telephone":"0907386877","legalName":"Technofluid S.R.L","vatID":"IT03148240835","taxID":"03148240835","ownershipFundingInfo":"https:\/\/technofluid.it\/azienda\/"}]},"product_price_amount":"41.80","product_price_currency":"EUR","og_availability":"instock","product_availability":"instock","product_retailer_item_id":"OSCU00000067","product_condition":"new"},"_links":{"self":[{"href":"https:\/\/technofluid.it\/de\/wp-json\/wp\/v2\/product\/30072","targetHints":{"allow":["GET"]}}],"collection":[{"href":"https:\/\/technofluid.it\/de\/wp-json\/wp\/v2\/product"}],"about":[{"href":"https:\/\/technofluid.it\/de\/wp-json\/wp\/v2\/types\/product"}],"replies":[{"embeddable":true,"href":"https:\/\/technofluid.it\/de\/wp-json\/wp\/v2\/comments?post=30072"}],"version-history":[{"count":0,"href":"https:\/\/technofluid.it\/de\/wp-json\/wp\/v2\/product\/30072\/revisions"}],"wp:featuredmedia":[{"embeddable":true,"href":"https:\/\/technofluid.it\/de\/wp-json\/wp\/v2\/media\/38998"}],"wp:attachment":[{"href":"https:\/\/technofluid.it\/de\/wp-json\/wp\/v2\/media?parent=30072"}],"wp:term":[{"taxonomy":"product_brand","embeddable":true,"href":"https:\/\/technofluid.it\/de\/wp-json\/wp\/v2\/product_brand?post=30072"},{"taxonomy":"product_cat","embeddable":true,"href":"https:\/\/technofluid.it\/de\/wp-json\/wp\/v2\/product_cat?post=30072"},{"taxonomy":"product_tag","embeddable":true,"href":"https:\/\/technofluid.it\/de\/wp-json\/wp\/v2\/product_tag?post=30072"}],"curies":[{"name":"wp","href":"https:\/\/api.w.org\/{rel}","templated":true}]}}