{"id":29976,"date":"2025-10-25T00:01:49","date_gmt":"2025-10-25T00:01:49","guid":{"rendered":"https:\/\/technofluid.it\/prodotto\/forte-spruzzatore-750-ml-codice-efor7s-euromeci\/"},"modified":"2026-04-15T12:31:14","modified_gmt":"2026-04-15T11:31:14","slug":"forte-spruzzatore-750-ml-codice-efor7s-euromeci","status":"publish","type":"product","link":"https:\/\/technofluid.it\/de\/produkt\/starker-spruher-750-ml-code-efor7s-euromeci\/","title":{"rendered":"Starker Spr\u00fcher 750 ml \u2013 Code: EFOR7S \u2013 Euromeci"},"content":{"rendered":"<p><b>Euromeci Forte <\/b>ist ein kraftvolles nautisches Reinigungsmittel zur Reinigung der Au\u00dfenfl\u00e4chen von Booten aus GFK, auch wenn lackiert, Fender und Metallteile. Forte ist auch sehr effektiv zur Reinigung der Schlauchboote, der Fender und wirkt Wunder bei der Entfernung von Flecken auf Segeln und Bordpolstern.<\/p>\n<p><b>ANWEISUNGEN:\u00a0<\/b><\/p>\n<p>Wie man Forte Euromeci Reinigungsmittel verwendet<\/p>\n<p>Forte wird auf die zu reinigende Oberfl\u00e4che gespr\u00fcht, 3-5 Minuten einwirken gelassen und anschlie\u00dfend mit reichlich Wasser abgesp\u00fclt. Es ist wichtig, das Produkt nicht auf den behandelten Fl\u00e4chen trocknen zu lassen, ohne es abzusp\u00fclen.<\/p>\n<p>&nbsp;<\/p>\n<p>&nbsp;<\/p>","protected":false},"excerpt":{"rendered":"<p><strong>Euromeci Forte<\/strong> ist ein kraftvolles nautisches Reinigungsmittel zur Reinigung der Au\u00dfenfl\u00e4chen von Booten<\/p>","protected":false},"featured_media":38768,"comment_status":"open","ping_status":"closed","template":"","meta":{"_acf_changed":false,"_monsterinsights_skip_tracking":false,"_monsterinsights_sitenote_active":false,"_monsterinsights_sitenote_note":"","_monsterinsights_sitenote_category":0,"site-sidebar-layout":"default","site-content-layout":"","ast-site-content-layout":"default","site-content-style":"default","site-sidebar-style":"default","ast-global-header-display":"","ast-banner-title-visibility":"","ast-main-header-display":"","ast-hfb-above-header-display":"","ast-hfb-below-header-display":"","ast-hfb-mobile-header-display":"","site-post-title":"","ast-breadcrumbs-content":"","ast-featured-img":"","footer-sml-layout":"","ast-disable-related-posts":"","theme-transparent-header-meta":"","adv-header-id-meta":"","stick-header-meta":"","header-above-stick-meta":"","header-main-stick-meta":"","header-below-stick-meta":"","astra-migrate-meta-layouts":"default","ast-page-background-enabled":"default","ast-page-background-meta":{"desktop":{"background-color":"var(--ast-global-color-5)","background-image":"","background-repeat":"repeat","background-position":"center center","background-size":"auto","background-attachment":"scroll","background-type":"","background-media":"","overlay-type":"","overlay-color":"","overlay-opacity":"","overlay-gradient":""},"tablet":{"background-color":"","background-image":"","background-repeat":"repeat","background-position":"center center","background-size":"auto","background-attachment":"scroll","background-type":"","background-media":"","overlay-type":"","overlay-color":"","overlay-opacity":"","overlay-gradient":""},"mobile":{"background-color":"","background-image":"","background-repeat":"repeat","background-position":"center center","background-size":"auto","background-attachment":"scroll","background-type":"","background-media":"","overlay-type":"","overlay-color":"","overlay-opacity":"","overlay-gradient":""}},"ast-content-background-meta":{"desktop":{"background-color":"var(--ast-global-color-4)","background-image":"","background-repeat":"repeat","background-position":"center center","background-size":"auto","background-attachment":"scroll","background-type":"","background-media":"","overlay-type":"","overlay-color":"","overlay-opacity":"","overlay-gradient":""},"tablet":{"background-color":"var(--ast-global-color-4)","background-image":"","background-repeat":"repeat","background-position":"center center","background-size":"auto","background-attachment":"scroll","background-type":"","background-media":"","overlay-type":"","overlay-color":"","overlay-opacity":"","overlay-gradient":""},"mobile":{"background-color":"var(--ast-global-color-4)","background-image":"","background-repeat":"repeat","background-position":"center center","background-size":"auto","background-attachment":"scroll","background-type":"","background-media":"","overlay-type":"","overlay-color":"","overlay-opacity":"","overlay-gradient":""}}},"product_brand":[],"product_cat":[335,78],"product_tag":[3057,5156,3641,5157,5158],"class_list":{"0":"post-29976","1":"product","2":"type-product","3":"status-publish","4":"has-post-thumbnail","6":"product_cat-lucidatura-e-pulizia","7":"product_cat-manutenzione-barca","8":"product_tag-barca","9":"product_tag-detergente-nautico","10":"product_tag-euromeci","11":"product_tag-lavaggio-barca","12":"product_tag-lavaggio-delle-superfici-esterne","13":"pa_supplier-basso-ryland-azienda-vernici-affini-b-r-a-v-a-srl","14":"desktop-align-left","15":"tablet-align-left","16":"mobile-align-left","18":"first","19":"instock","20":"taxable","21":"shipping-taxable","22":"purchasable","23":"product-type-simple"},"acf":[],"yoast_head":"<!-- This site is optimized with the Yoast SEO Premium plugin v26.7 (Yoast SEO v26.9) - https:\/\/yoast.com\/product\/yoast-seo-premium-wordpress\/ -->\n<title>Detergente nautico Forte 750 ml: pulizia barche efficace<\/title>\n<meta name=\"description\" content=\"Scopri il detergente nautico Forte Euromeci da 750 ml, ideale per pulire barche, parabordi e vele. Acquista ora per una pulizia impeccabile!\" \/>\n<meta name=\"robots\" content=\"index, follow, max-snippet:-1, max-image-preview:large, max-video-preview:-1\" \/>\n<link rel=\"canonical\" href=\"https:\/\/technofluid.it\/de\/produkt\/starker-spruher-750-ml-code-efor7s-euromeci\/\" \/>\n<meta property=\"og:locale\" content=\"de_DE\" \/>\n<meta property=\"og:type\" content=\"article\" \/>\n<meta property=\"og:title\" content=\"Forte spruzzatore 750 ml - codice: EFOR7S - Euromeci\" \/>\n<meta property=\"og:description\" content=\"Scopri il detergente nautico Forte Euromeci da 750 ml, ideale per pulire barche, parabordi e vele. Acquista ora per una pulizia impeccabile!\" \/>\n<meta property=\"og:url\" content=\"https:\/\/technofluid.it\/de\/produkt\/starker-spruher-750-ml-code-efor7s-euromeci\/\" \/>\n<meta property=\"og:site_name\" content=\"Technofluid\" \/>\n<meta property=\"article:modified_time\" content=\"2026-04-15T11:31:14+00:00\" \/>\n<meta property=\"og:image\" content=\"https:\/\/technofluid.it\/wp-content\/uploads\/2026\/01\/697-Forte-spruzzatore-750-ml-codice-EFOR7S-Euromeci.jpg\" \/>\n\t<meta property=\"og:image:width\" content=\"590\" \/>\n\t<meta property=\"og:image:height\" content=\"590\" \/>\n\t<meta property=\"og:image:type\" content=\"image\/jpeg\" \/>\n<meta name=\"twitter:card\" content=\"summary_large_image\" \/>\n<meta name=\"twitter:label1\" content=\"Preis\" \/>\n\t<meta name=\"twitter:data1\" content=\"12,30&nbsp;&euro; Iva esclusa\" \/>\n\t<meta name=\"twitter:label2\" content=\"Verf\u00fcgbarkeit\" \/>\n\t<meta name=\"twitter:data2\" content=\"Auf Lager\" \/>\n<script type=\"application\/ld+json\" class=\"yoast-schema-graph\">{\"@context\":\"https:\/\/schema.org\",\"@graph\":[{\"@type\":\"WebPage\",\"@id\":\"https:\/\/technofluid.it\/de\/produkt\/forte-spruzzatore-750-ml-codice-efor7s-euromeci\/\",\"url\":\"https:\/\/technofluid.it\/de\/produkt\/forte-spruzzatore-750-ml-codice-efor7s-euromeci\/\",\"name\":\"Detergente nautico Forte 750 ml: pulizia barche efficace\",\"isPartOf\":{\"@id\":\"https:\/\/technofluid.it\/#website\"},\"primaryImageOfPage\":{\"@id\":\"https:\/\/technofluid.it\/de\/produkt\/forte-spruzzatore-750-ml-codice-efor7s-euromeci\/#primaryimage\"},\"image\":{\"@id\":\"https:\/\/technofluid.it\/de\/produkt\/forte-spruzzatore-750-ml-codice-efor7s-euromeci\/#primaryimage\"},\"thumbnailUrl\":\"https:\/\/technofluid.it\/wp-content\/uploads\/2026\/01\/697-Forte-spruzzatore-750-ml-codice-EFOR7S-Euromeci.jpg\",\"datePublished\":\"2025-10-25T00:01:49+00:00\",\"dateModified\":\"2026-04-15T11:31:14+00:00\",\"description\":\"Scopri il detergente nautico Forte Euromeci da 750 ml, ideale per pulire barche, parabordi e vele. Acquista ora per una pulizia impeccabile!\",\"breadcrumb\":{\"@id\":\"https:\/\/technofluid.it\/de\/produkt\/forte-spruzzatore-750-ml-codice-efor7s-euromeci\/#breadcrumb\"},\"inLanguage\":\"de\",\"potentialAction\":[{\"@type\":\"ReadAction\",\"target\":[\"https:\/\/technofluid.it\/de\/produkt\/forte-spruzzatore-750-ml-codice-efor7s-euromeci\/\"]}]},{\"@type\":\"ImageObject\",\"inLanguage\":\"de\",\"@id\":\"https:\/\/technofluid.it\/de\/produkt\/forte-spruzzatore-750-ml-codice-efor7s-euromeci\/#primaryimage\",\"url\":\"https:\/\/technofluid.it\/wp-content\/uploads\/2026\/01\/697-Forte-spruzzatore-750-ml-codice-EFOR7S-Euromeci.jpg\",\"contentUrl\":\"https:\/\/technofluid.it\/wp-content\/uploads\/2026\/01\/697-Forte-spruzzatore-750-ml-codice-EFOR7S-Euromeci.jpg\",\"width\":590,\"height\":590,\"caption\":\"Spruzzatore Forte da 750 ml, ideale per pulizia e irrigazione, con design pratico e resistente.\"},{\"@type\":\"BreadcrumbList\",\"@id\":\"https:\/\/technofluid.it\/de\/produkt\/forte-spruzzatore-750-ml-codice-efor7s-euromeci\/#breadcrumb\",\"itemListElement\":[{\"@type\":\"ListItem\",\"position\":1,\"name\":\"Home\",\"item\":\"https:\/\/technofluid.it\/\"},{\"@type\":\"ListItem\",\"position\":2,\"name\":\"Shop\",\"item\":\"https:\/\/technofluid.it\/shop\/\"},{\"@type\":\"ListItem\",\"position\":3,\"name\":\"Forte spruzzatore 750 ml &#8211; codice: EFOR7S &#8211; Euromeci\"}]},{\"@type\":\"WebSite\",\"@id\":\"https:\/\/technofluid.it\/#website\",\"url\":\"https:\/\/technofluid.it\/\",\"name\":\"Technofluid S.R.L.\",\"description\":\"Dal 1999 siamo specializzati nell&#039;impiantistica navale, idraulica, civile e industriale\",\"publisher\":{\"@id\":\"https:\/\/technofluid.it\/#organization\"},\"potentialAction\":[{\"@type\":\"SearchAction\",\"target\":{\"@type\":\"EntryPoint\",\"urlTemplate\":\"https:\/\/technofluid.it\/?s={search_term_string}\"},\"query-input\":{\"@type\":\"PropertyValueSpecification\",\"valueRequired\":true,\"valueName\":\"search_term_string\"}}],\"inLanguage\":\"de\"},{\"@type\":\"Organization\",\"@id\":\"https:\/\/technofluid.it\/#organization\",\"name\":\"Technofluid\",\"url\":\"https:\/\/technofluid.it\/\",\"logo\":{\"@type\":\"ImageObject\",\"inLanguage\":\"de\",\"@id\":\"https:\/\/technofluid.it\/#\/schema\/logo\/image\/\",\"url\":\"https:\/\/technofluid.it\/wp-content\/uploads\/2025\/12\/technofluid_bianco-logo.webp\",\"contentUrl\":\"https:\/\/technofluid.it\/wp-content\/uploads\/2025\/12\/technofluid_bianco-logo.webp\",\"width\":350,\"height\":116,\"caption\":\"Technofluid\"},\"image\":{\"@id\":\"https:\/\/technofluid.it\/#\/schema\/logo\/image\/\"},\"description\":\"La Technofluid S.r.l. nasce nel 1999 a Barcellona Pozzo di Gotto, in provincia di Messina, con l\u2019obiettivo di diventare un punto di riferimento nel settore dell\u2019impiantistica navale, idraulica, civile e industriale.\",\"email\":\"info@technofluid.it\",\"telephone\":\"0907386877\",\"legalName\":\"Technofluid S.R.L\",\"vatID\":\"IT03148240835\",\"taxID\":\"03148240835\",\"ownershipFundingInfo\":\"https:\/\/technofluid.it\/azienda\/\"}]}<\/script>\n<meta property=\"product:price:amount\" content=\"12.30\" \/>\n<meta property=\"product:price:currency\" content=\"EUR\" \/>\n<meta property=\"og:availability\" content=\"instock\" \/>\n<meta property=\"product:availability\" content=\"instock\" \/>\n<meta property=\"product:retailer_item_id\" content=\"EUR0000004\" \/>\n<meta property=\"product:condition\" content=\"new\" \/>\n<!-- \/ Yoast SEO Premium plugin. -->","yoast_head_json":{"title":"Starker nautischer Reiniger 750 ml: effektive Bootsreinigung","description":"Entdecken Sie den nautischen Reiniger Forte Euromeci in der 750-ml-Flasche, ideal zum Reinigen von Booten, Fendern und Segeln. Jetzt kaufen f\u00fcr eine makellose Reinigung!","robots":{"index":"index","follow":"follow","max-snippet":"max-snippet:-1","max-image-preview":"max-image-preview:large","max-video-preview":"max-video-preview:-1"},"canonical":"https:\/\/technofluid.it\/de\/produkt\/starker-spruher-750-ml-code-efor7s-euromeci\/","og_locale":"de_DE","og_type":"article","og_title":"Forte spruzzatore 750 ml - codice: EFOR7S - Euromeci","og_description":"Scopri il detergente nautico Forte Euromeci da 750 ml, ideale per pulire barche, parabordi e vele. Acquista ora per una pulizia impeccabile!","og_url":"https:\/\/technofluid.it\/de\/produkt\/starker-spruher-750-ml-code-efor7s-euromeci\/","og_site_name":"Technofluid","article_modified_time":"2026-04-15T11:31:14+00:00","og_image":[{"width":590,"height":590,"url":"https:\/\/technofluid.it\/wp-content\/uploads\/2026\/01\/697-Forte-spruzzatore-750-ml-codice-EFOR7S-Euromeci.jpg","type":"image\/jpeg"}],"twitter_card":"summary_large_image","twitter_misc":{"Preis":"12,30&nbsp;&euro; Iva esclusa","Verf\u00fcgbarkeit":"Auf Lager"},"schema":{"@context":"https:\/\/schema.org","@graph":[{"@type":"WebPage","@id":"https:\/\/technofluid.it\/de\/produkt\/forte-spruzzatore-750-ml-codice-efor7s-euromeci\/","url":"https:\/\/technofluid.it\/de\/produkt\/forte-spruzzatore-750-ml-codice-efor7s-euromeci\/","name":"Starker nautischer Reiniger 750 ml: effektive Bootsreinigung","isPartOf":{"@id":"https:\/\/technofluid.it\/#website"},"primaryImageOfPage":{"@id":"https:\/\/technofluid.it\/de\/produkt\/forte-spruzzatore-750-ml-codice-efor7s-euromeci\/#primaryimage"},"image":{"@id":"https:\/\/technofluid.it\/de\/produkt\/forte-spruzzatore-750-ml-codice-efor7s-euromeci\/#primaryimage"},"thumbnailUrl":"https:\/\/technofluid.it\/wp-content\/uploads\/2026\/01\/697-Forte-spruzzatore-750-ml-codice-EFOR7S-Euromeci.jpg","datePublished":"2025-10-25T00:01:49+00:00","dateModified":"2026-04-15T11:31:14+00:00","description":"Entdecken Sie den nautischen Reiniger Forte Euromeci in der 750-ml-Flasche, ideal zum Reinigen von Booten, Fendern und Segeln. Jetzt kaufen f\u00fcr eine makellose Reinigung!","breadcrumb":{"@id":"https:\/\/technofluid.it\/de\/produkt\/forte-spruzzatore-750-ml-codice-efor7s-euromeci\/#breadcrumb"},"inLanguage":"de","potentialAction":[{"@type":"ReadAction","target":["https:\/\/technofluid.it\/de\/produkt\/forte-spruzzatore-750-ml-codice-efor7s-euromeci\/"]}]},{"@type":"ImageObject","inLanguage":"de","@id":"https:\/\/technofluid.it\/de\/produkt\/forte-spruzzatore-750-ml-codice-efor7s-euromeci\/#primaryimage","url":"https:\/\/technofluid.it\/wp-content\/uploads\/2026\/01\/697-Forte-spruzzatore-750-ml-codice-EFOR7S-Euromeci.jpg","contentUrl":"https:\/\/technofluid.it\/wp-content\/uploads\/2026\/01\/697-Forte-spruzzatore-750-ml-codice-EFOR7S-Euromeci.jpg","width":590,"height":590,"caption":"Spruzzatore Forte da 750 ml, ideale per pulizia e irrigazione, con design pratico e resistente."},{"@type":"BreadcrumbList","@id":"https:\/\/technofluid.it\/de\/produkt\/forte-spruzzatore-750-ml-codice-efor7s-euromeci\/#breadcrumb","itemListElement":[{"@type":"ListItem","position":1,"name":"Home","item":"https:\/\/technofluid.it\/"},{"@type":"ListItem","position":2,"name":"Shop","item":"https:\/\/technofluid.it\/shop\/"},{"@type":"ListItem","position":3,"name":"Forte spruzzatore 750 ml &#8211; codice: EFOR7S &#8211; Euromeci"}]},{"@type":"WebSite","@id":"https:\/\/technofluid.it\/#website","url":"https:\/\/technofluid.it\/","name":"Technofluid S.R.L.","description":"Seit 1999 haben wir uns auf Schiffs-, Sanit\u00e4r-, Zivil- und Industrieanlagen spezialisiert.","publisher":{"@id":"https:\/\/technofluid.it\/#organization"},"potentialAction":[{"@type":"SearchAction","target":{"@type":"EntryPoint","urlTemplate":"https:\/\/technofluid.it\/?s={search_term_string}"},"query-input":{"@type":"PropertyValueSpecification","valueRequired":true,"valueName":"search_term_string"}}],"inLanguage":"de"},{"@type":"Organization","@id":"https:\/\/technofluid.it\/#organization","name":"Technofluid","url":"https:\/\/technofluid.it\/","logo":{"@type":"ImageObject","inLanguage":"de","@id":"https:\/\/technofluid.it\/#\/schema\/logo\/image\/","url":"https:\/\/technofluid.it\/wp-content\/uploads\/2025\/12\/technofluid_bianco-logo.webp","contentUrl":"https:\/\/technofluid.it\/wp-content\/uploads\/2025\/12\/technofluid_bianco-logo.webp","width":350,"height":116,"caption":"Technofluid"},"image":{"@id":"https:\/\/technofluid.it\/#\/schema\/logo\/image\/"},"description":"Die Technofluid S.r.l. wurde 1999 in Barcellona Pozzo di Gotto, in der Provinz Messina, gegr\u00fcndet, mit dem Ziel, ein Bezugspunkt im Bereich der Schiffs-, Hydraulik-, Zivil- und Industrieanlagen zu werden.","email":"info@technofluid.it","telephone":"0907386877","legalName":"Technofluid S.R.L","vatID":"IT03148240835","taxID":"03148240835","ownershipFundingInfo":"https:\/\/technofluid.it\/azienda\/"}]},"product_price_amount":"12.30","product_price_currency":"EUR","og_availability":"instock","product_availability":"instock","product_retailer_item_id":"EUR0000004","product_condition":"new"},"_links":{"self":[{"href":"https:\/\/technofluid.it\/de\/wp-json\/wp\/v2\/product\/29976","targetHints":{"allow":["GET"]}}],"collection":[{"href":"https:\/\/technofluid.it\/de\/wp-json\/wp\/v2\/product"}],"about":[{"href":"https:\/\/technofluid.it\/de\/wp-json\/wp\/v2\/types\/product"}],"replies":[{"embeddable":true,"href":"https:\/\/technofluid.it\/de\/wp-json\/wp\/v2\/comments?post=29976"}],"version-history":[{"count":0,"href":"https:\/\/technofluid.it\/de\/wp-json\/wp\/v2\/product\/29976\/revisions"}],"wp:featuredmedia":[{"embeddable":true,"href":"https:\/\/technofluid.it\/de\/wp-json\/wp\/v2\/media\/38768"}],"wp:attachment":[{"href":"https:\/\/technofluid.it\/de\/wp-json\/wp\/v2\/media?parent=29976"}],"wp:term":[{"taxonomy":"product_brand","embeddable":true,"href":"https:\/\/technofluid.it\/de\/wp-json\/wp\/v2\/product_brand?post=29976"},{"taxonomy":"product_cat","embeddable":true,"href":"https:\/\/technofluid.it\/de\/wp-json\/wp\/v2\/product_cat?post=29976"},{"taxonomy":"product_tag","embeddable":true,"href":"https:\/\/technofluid.it\/de\/wp-json\/wp\/v2\/product_tag?post=29976"}],"curies":[{"name":"wp","href":"https:\/\/api.w.org\/{rel}","templated":true}]}}