{"id":29662,"date":"2025-10-25T01:00:51","date_gmt":"2025-10-25T00:00:51","guid":{"rendered":"https:\/\/technofluid.it\/prodotto\/display-smart-touch-dometic-eikon-w-ma-codice-222200404-dometic\/"},"modified":"2026-04-20T09:37:48","modified_gmt":"2026-04-20T08:37:48","slug":"display-smart-touch-dometic-eikon-wma-codice-222200404-dometic","status":"publish","type":"product","link":"https:\/\/technofluid.it\/de\/produkt\/display-smart-touch-dometic-eikon-wma-code-222200404-dometic-2\/","title":{"rendered":"Display Smart Touch Dometic Eikon W\/MA \u2013 Code: 222200404 \u2013 Dometic"},"content":{"rendered":"<\/p>\n<p>\n<b>SMART TOUCH BEDIENFELD F\u00dcR NAUTISCHE KLIMAANLAGEN VON DOMETIC<\/b>\n<\/p>\n<p>\nEinfach zu bedienendes Kabinenbedienfeld mit intuitiven Symbolen und Men\u00fcs.&nbsp;\n<\/p>\n<p>\nDas Display kann auch mit Ihren Pr\u00e4ferenzen personalisiert werden. Interaktiver Bildschirm f\u00fcr einfachen Start, Fehlerdiagnose und Servicefunktionen.\n<\/p>\n<p>\n<b><\/p>\n<p>Allgemein<br \/>\n<\/b>\n<\/p>\n<p>SKU-Code 9600003187<\/p>\n<p>Modell Smart Touch&nbsp;<\/p>\n<p>Produktgr\u00f6\u00dfe 34,8 mm<\/p>\n<p>Produkt-H\u00f6he 72,9 mm<\/p>\n<p>Produkt-Breite 109,47 mm<\/p>\n<p>Nettogewicht 0,18 kg<\/p>\n<p>Packungstiefenma\u00df 312,42 mm<\/p>\n<p>Paket-H\u00f6he 119,38 mm<\/p>\n<p>Packungsbreitenma\u00df 312,42 mm<\/p>\n<p>Paketgewicht 1,04 kg<\/p>","protected":false},"excerpt":{"rendered":"<p>Das Dometic Eikon W\/MA Smart Touch Display (Code 222200404) ist ein Kabinenbedienfeld f\u00fcr Dometic Marine-Klimaanlagen, das f\u00fcr eine einfache Bedienung mit intuitiven Symbolen und Men\u00fcs entwickelt wurde. Der interaktive Bildschirm unterst\u00fctzt Startvorg\u00e4nge, Fehlerdiagnosen und Servicefunktionen und ist sowohl im t\u00e4glichen Gebrauch als auch bei der Wartung n\u00fctzlich. Das Display kann zudem an die Benutzerpr\u00e4ferenzen angepasst werden. Verf\u00fcgbare Daten: Smart Touch Modell, allgemeiner SKU-Code 9600003187, Nettogewicht 0,18 kg und Produktabmessungen 34,8 mm \/ 72,9 mm \/ 109,47 mm (laut Datenblatt).<\/p>","protected":false},"featured_media":37891,"comment_status":"open","ping_status":"closed","template":"","meta":{"_acf_changed":false,"_monsterinsights_skip_tracking":false,"_monsterinsights_sitenote_active":false,"_monsterinsights_sitenote_note":"","_monsterinsights_sitenote_category":0,"site-sidebar-layout":"default","site-content-layout":"","ast-site-content-layout":"default","site-content-style":"default","site-sidebar-style":"default","ast-global-header-display":"","ast-banner-title-visibility":"","ast-main-header-display":"","ast-hfb-above-header-display":"","ast-hfb-below-header-display":"","ast-hfb-mobile-header-display":"","site-post-title":"","ast-breadcrumbs-content":"","ast-featured-img":"","footer-sml-layout":"","ast-disable-related-posts":"","theme-transparent-header-meta":"default","adv-header-id-meta":"","stick-header-meta":"","header-above-stick-meta":"","header-main-stick-meta":"","header-below-stick-meta":"","astra-migrate-meta-layouts":"set","ast-page-background-enabled":"default","ast-page-background-meta":{"desktop":{"background-color":"var(--ast-global-color-5)","background-image":"","background-repeat":"repeat","background-position":"center center","background-size":"auto","background-attachment":"scroll","background-type":"","background-media":"","overlay-type":"","overlay-color":"","overlay-opacity":"","overlay-gradient":""},"tablet":{"background-color":"","background-image":"","background-repeat":"repeat","background-position":"center center","background-size":"auto","background-attachment":"scroll","background-type":"","background-media":"","overlay-type":"","overlay-color":"","overlay-opacity":"","overlay-gradient":""},"mobile":{"background-color":"","background-image":"","background-repeat":"repeat","background-position":"center center","background-size":"auto","background-attachment":"scroll","background-type":"","background-media":"","overlay-type":"","overlay-color":"","overlay-opacity":"","overlay-gradient":""}},"ast-content-background-meta":{"desktop":{"background-color":"var(--ast-global-color-4)","background-image":"","background-repeat":"repeat","background-position":"center center","background-size":"auto","background-attachment":"scroll","background-type":"","background-media":"","overlay-type":"","overlay-color":"","overlay-opacity":"","overlay-gradient":""},"tablet":{"background-color":"var(--ast-global-color-4)","background-image":"","background-repeat":"repeat","background-position":"center center","background-size":"auto","background-attachment":"scroll","background-type":"","background-media":"","overlay-type":"","overlay-color":"","overlay-opacity":"","overlay-gradient":""},"mobile":{"background-color":"var(--ast-global-color-4)","background-image":"","background-repeat":"repeat","background-position":"center center","background-size":"auto","background-attachment":"scroll","background-type":"","background-media":"","overlay-type":"","overlay-color":"","overlay-opacity":"","overlay-gradient":""}}},"product_brand":[],"product_cat":[816,133],"product_tag":[],"class_list":{"0":"post-29662","1":"product","2":"type-product","3":"status-publish","4":"has-post-thumbnail","6":"product_cat-dometic-display","7":"product_cat-ricambistica","8":"pa_supplier-dometic-italy-marine-srl","9":"desktop-align-left","10":"tablet-align-left","11":"mobile-align-left","13":"first","14":"instock","15":"taxable","16":"shipping-taxable","17":"purchasable","18":"product-type-simple"},"acf":[],"yoast_head":"<!-- This site is optimized with the Yoast SEO Premium plugin v26.7 (Yoast SEO v26.9) - https:\/\/yoast.com\/product\/yoast-seo-premium-wordpress\/ -->\n<title>Display Smart Touch Dometic Eikon W\/MA 222200404<\/title>\n<meta name=\"description\" content=\"Quadro di controllo in cabina Dometic Smart Touch Eikon W\/MA. Interfaccia a icone, personalizzabile, con funzioni di avviamento e assistenza.\" \/>\n<meta name=\"robots\" content=\"index, follow, max-snippet:-1, max-image-preview:large, max-video-preview:-1\" \/>\n<link rel=\"canonical\" href=\"https:\/\/technofluid.it\/de\/produkt\/display-smart-touch-dometic-eikon-wma-code-222200404-dometic-2\/\" \/>\n<meta property=\"og:locale\" content=\"de_DE\" \/>\n<meta property=\"og:type\" content=\"article\" \/>\n<meta property=\"og:title\" content=\"Display Smart Touch Dometic Eikon W\/MA - codice: 222200404 - Dometic\" \/>\n<meta property=\"og:description\" content=\"Quadro di controllo in cabina Dometic Smart Touch Eikon W\/MA. Interfaccia a icone, personalizzabile, con funzioni di avviamento e assistenza.\" \/>\n<meta property=\"og:url\" content=\"https:\/\/technofluid.it\/de\/produkt\/display-smart-touch-dometic-eikon-wma-code-222200404-dometic-2\/\" \/>\n<meta property=\"og:site_name\" content=\"Technofluid\" \/>\n<meta property=\"article:modified_time\" content=\"2026-04-20T08:37:48+00:00\" \/>\n<meta property=\"og:image\" content=\"https:\/\/technofluid.it\/wp-content\/uploads\/2026\/01\/DOM000000082-000-851.jpg\" \/>\n\t<meta property=\"og:image:width\" content=\"800\" \/>\n\t<meta property=\"og:image:height\" content=\"800\" \/>\n\t<meta property=\"og:image:type\" content=\"image\/jpeg\" \/>\n<meta name=\"twitter:card\" content=\"summary_large_image\" \/>\n<meta name=\"twitter:label1\" content=\"Preis\" \/>\n\t<meta name=\"twitter:data1\" content=\"424,92&nbsp;&euro; Iva esclusa\" \/>\n\t<meta name=\"twitter:label2\" content=\"Verf\u00fcgbarkeit\" \/>\n\t<meta name=\"twitter:data2\" content=\"Auf Lager\" \/>\n<script type=\"application\/ld+json\" class=\"yoast-schema-graph\">{\"@context\":\"https:\/\/schema.org\",\"@graph\":[{\"@type\":\"WebPage\",\"@id\":\"https:\/\/technofluid.it\/prodotto\/display-smart-touch-dometic-eikon-wma-codice-222200404-dometic\/\",\"url\":\"https:\/\/technofluid.it\/prodotto\/display-smart-touch-dometic-eikon-wma-codice-222200404-dometic\/\",\"name\":\"Display Smart Touch Dometic Eikon W\/MA 222200404\",\"isPartOf\":{\"@id\":\"https:\/\/technofluid.it\/#website\"},\"primaryImageOfPage\":{\"@id\":\"https:\/\/technofluid.it\/prodotto\/display-smart-touch-dometic-eikon-wma-codice-222200404-dometic\/#primaryimage\"},\"image\":{\"@id\":\"https:\/\/technofluid.it\/prodotto\/display-smart-touch-dometic-eikon-wma-codice-222200404-dometic\/#primaryimage\"},\"thumbnailUrl\":\"https:\/\/technofluid.it\/wp-content\/uploads\/2026\/01\/DOM000000082-000-851.jpg\",\"datePublished\":\"2025-10-25T00:00:51+00:00\",\"dateModified\":\"2026-04-20T08:37:48+00:00\",\"description\":\"Quadro di controllo in cabina Dometic Smart Touch Eikon W\/MA. Interfaccia a icone, personalizzabile, con funzioni di avviamento e assistenza.\",\"breadcrumb\":{\"@id\":\"https:\/\/technofluid.it\/prodotto\/display-smart-touch-dometic-eikon-wma-codice-222200404-dometic\/#breadcrumb\"},\"inLanguage\":\"de\",\"potentialAction\":[{\"@type\":\"ReadAction\",\"target\":[\"https:\/\/technofluid.it\/prodotto\/display-smart-touch-dometic-eikon-wma-codice-222200404-dometic\/\"]}]},{\"@type\":\"ImageObject\",\"inLanguage\":\"de\",\"@id\":\"https:\/\/technofluid.it\/prodotto\/display-smart-touch-dometic-eikon-wma-codice-222200404-dometic\/#primaryimage\",\"url\":\"https:\/\/technofluid.it\/wp-content\/uploads\/2026\/01\/DOM000000082-000-851.jpg\",\"contentUrl\":\"https:\/\/technofluid.it\/wp-content\/uploads\/2026\/01\/DOM000000082-000-851.jpg\",\"width\":800,\"height\":800,\"caption\":\"Immagine del display Smart Touch Dometic Eikon W\/MA, modello 222200404, utilizzato per il controllo della temperatura.\"},{\"@type\":\"BreadcrumbList\",\"@id\":\"https:\/\/technofluid.it\/prodotto\/display-smart-touch-dometic-eikon-wma-codice-222200404-dometic\/#breadcrumb\",\"itemListElement\":[{\"@type\":\"ListItem\",\"position\":1,\"name\":\"Home\",\"item\":\"https:\/\/technofluid.it\/\"},{\"@type\":\"ListItem\",\"position\":2,\"name\":\"Shop\",\"item\":\"https:\/\/technofluid.it\/shop\/\"},{\"@type\":\"ListItem\",\"position\":3,\"name\":\"Display Smart Touch Dometic Eikon W\/MA &#8211; codice: 222200404 &#8211; Dometic\"}]},{\"@type\":\"WebSite\",\"@id\":\"https:\/\/technofluid.it\/#website\",\"url\":\"https:\/\/technofluid.it\/\",\"name\":\"Technofluid S.R.L.\",\"description\":\"Dal 1999 siamo specializzati nell&#039;impiantistica navale, idraulica, civile e industriale\",\"publisher\":{\"@id\":\"https:\/\/technofluid.it\/#organization\"},\"potentialAction\":[{\"@type\":\"SearchAction\",\"target\":{\"@type\":\"EntryPoint\",\"urlTemplate\":\"https:\/\/technofluid.it\/?s={search_term_string}\"},\"query-input\":{\"@type\":\"PropertyValueSpecification\",\"valueRequired\":true,\"valueName\":\"search_term_string\"}}],\"inLanguage\":\"de\"},{\"@type\":\"Organization\",\"@id\":\"https:\/\/technofluid.it\/#organization\",\"name\":\"Technofluid\",\"url\":\"https:\/\/technofluid.it\/\",\"logo\":{\"@type\":\"ImageObject\",\"inLanguage\":\"de\",\"@id\":\"https:\/\/technofluid.it\/#\/schema\/logo\/image\/\",\"url\":\"https:\/\/technofluid.it\/wp-content\/uploads\/2025\/12\/technofluid_bianco-logo.webp\",\"contentUrl\":\"https:\/\/technofluid.it\/wp-content\/uploads\/2025\/12\/technofluid_bianco-logo.webp\",\"width\":350,\"height\":116,\"caption\":\"Technofluid\"},\"image\":{\"@id\":\"https:\/\/technofluid.it\/#\/schema\/logo\/image\/\"},\"description\":\"La Technofluid S.r.l. nasce nel 1999 a Barcellona Pozzo di Gotto, in provincia di Messina, con l\u2019obiettivo di diventare un punto di riferimento nel settore dell\u2019impiantistica navale, idraulica, civile e industriale.\",\"email\":\"info@technofluid.it\",\"telephone\":\"0907386877\",\"legalName\":\"Technofluid S.R.L\",\"vatID\":\"IT03148240835\",\"taxID\":\"03148240835\",\"ownershipFundingInfo\":\"https:\/\/technofluid.it\/azienda\/\"}]}<\/script>\n<meta property=\"product:price:amount\" content=\"424.92\" \/>\n<meta property=\"product:price:currency\" content=\"EUR\" \/>\n<meta property=\"og:availability\" content=\"instock\" \/>\n<meta property=\"product:availability\" content=\"instock\" \/>\n<meta property=\"product:retailer_item_id\" content=\"DOM000000082\" \/>\n<meta property=\"product:condition\" content=\"new\" \/>\n<!-- \/ Yoast SEO Premium plugin. -->","yoast_head_json":{"title":"Anzeige Smart Touch Dometic Eikon W\/MA 222200404","description":"Dometic Smart Touch Eikon W\/MA Kabinenbedienfeld. Symbolbasierte, anpassbare Schnittstelle mit Start- und Assistenzfunktionen.","robots":{"index":"index","follow":"follow","max-snippet":"max-snippet:-1","max-image-preview":"max-image-preview:large","max-video-preview":"max-video-preview:-1"},"canonical":"https:\/\/technofluid.it\/de\/produkt\/display-smart-touch-dometic-eikon-wma-code-222200404-dometic-2\/","og_locale":"de_DE","og_type":"article","og_title":"Display Smart Touch Dometic Eikon W\/MA - codice: 222200404 - Dometic","og_description":"Quadro di controllo in cabina Dometic Smart Touch Eikon W\/MA. Interfaccia a icone, personalizzabile, con funzioni di avviamento e assistenza.","og_url":"https:\/\/technofluid.it\/de\/produkt\/display-smart-touch-dometic-eikon-wma-code-222200404-dometic-2\/","og_site_name":"Technofluid","article_modified_time":"2026-04-20T08:37:48+00:00","og_image":[{"width":800,"height":800,"url":"https:\/\/technofluid.it\/wp-content\/uploads\/2026\/01\/DOM000000082-000-851.jpg","type":"image\/jpeg"}],"twitter_card":"summary_large_image","twitter_misc":{"Preis":"424,92&nbsp;&euro; Iva esclusa","Verf\u00fcgbarkeit":"Auf Lager"},"schema":{"@context":"https:\/\/schema.org","@graph":[{"@type":"WebPage","@id":"https:\/\/technofluid.it\/prodotto\/display-smart-touch-dometic-eikon-wma-codice-222200404-dometic\/","url":"https:\/\/technofluid.it\/prodotto\/display-smart-touch-dometic-eikon-wma-codice-222200404-dometic\/","name":"Anzeige Smart Touch Dometic Eikon W\/MA 222200404","isPartOf":{"@id":"https:\/\/technofluid.it\/#website"},"primaryImageOfPage":{"@id":"https:\/\/technofluid.it\/prodotto\/display-smart-touch-dometic-eikon-wma-codice-222200404-dometic\/#primaryimage"},"image":{"@id":"https:\/\/technofluid.it\/prodotto\/display-smart-touch-dometic-eikon-wma-codice-222200404-dometic\/#primaryimage"},"thumbnailUrl":"https:\/\/technofluid.it\/wp-content\/uploads\/2026\/01\/DOM000000082-000-851.jpg","datePublished":"2025-10-25T00:00:51+00:00","dateModified":"2026-04-20T08:37:48+00:00","description":"Dometic Smart Touch Eikon W\/MA Kabinenbedienfeld. Symbolbasierte, anpassbare Schnittstelle mit Start- und Assistenzfunktionen.","breadcrumb":{"@id":"https:\/\/technofluid.it\/prodotto\/display-smart-touch-dometic-eikon-wma-codice-222200404-dometic\/#breadcrumb"},"inLanguage":"de","potentialAction":[{"@type":"ReadAction","target":["https:\/\/technofluid.it\/prodotto\/display-smart-touch-dometic-eikon-wma-codice-222200404-dometic\/"]}]},{"@type":"ImageObject","inLanguage":"de","@id":"https:\/\/technofluid.it\/prodotto\/display-smart-touch-dometic-eikon-wma-codice-222200404-dometic\/#primaryimage","url":"https:\/\/technofluid.it\/wp-content\/uploads\/2026\/01\/DOM000000082-000-851.jpg","contentUrl":"https:\/\/technofluid.it\/wp-content\/uploads\/2026\/01\/DOM000000082-000-851.jpg","width":800,"height":800,"caption":"Immagine del display Smart Touch Dometic Eikon W\/MA, modello 222200404, utilizzato per il controllo della temperatura."},{"@type":"BreadcrumbList","@id":"https:\/\/technofluid.it\/prodotto\/display-smart-touch-dometic-eikon-wma-codice-222200404-dometic\/#breadcrumb","itemListElement":[{"@type":"ListItem","position":1,"name":"Home","item":"https:\/\/technofluid.it\/"},{"@type":"ListItem","position":2,"name":"Shop","item":"https:\/\/technofluid.it\/shop\/"},{"@type":"ListItem","position":3,"name":"Display Smart Touch Dometic Eikon W\/MA &#8211; codice: 222200404 &#8211; Dometic"}]},{"@type":"WebSite","@id":"https:\/\/technofluid.it\/#website","url":"https:\/\/technofluid.it\/","name":"Technofluid S.R.L.","description":"Seit 1999 haben wir uns auf Schiffs-, Sanit\u00e4r-, Zivil- und Industrieanlagen spezialisiert.","publisher":{"@id":"https:\/\/technofluid.it\/#organization"},"potentialAction":[{"@type":"SearchAction","target":{"@type":"EntryPoint","urlTemplate":"https:\/\/technofluid.it\/?s={search_term_string}"},"query-input":{"@type":"PropertyValueSpecification","valueRequired":true,"valueName":"search_term_string"}}],"inLanguage":"de"},{"@type":"Organization","@id":"https:\/\/technofluid.it\/#organization","name":"Technofluid","url":"https:\/\/technofluid.it\/","logo":{"@type":"ImageObject","inLanguage":"de","@id":"https:\/\/technofluid.it\/#\/schema\/logo\/image\/","url":"https:\/\/technofluid.it\/wp-content\/uploads\/2025\/12\/technofluid_bianco-logo.webp","contentUrl":"https:\/\/technofluid.it\/wp-content\/uploads\/2025\/12\/technofluid_bianco-logo.webp","width":350,"height":116,"caption":"Technofluid"},"image":{"@id":"https:\/\/technofluid.it\/#\/schema\/logo\/image\/"},"description":"Die Technofluid S.r.l. wurde 1999 in Barcellona Pozzo di Gotto, in der Provinz Messina, gegr\u00fcndet, mit dem Ziel, ein Bezugspunkt im Bereich der Schiffs-, Hydraulik-, Zivil- und Industrieanlagen zu werden.","email":"info@technofluid.it","telephone":"0907386877","legalName":"Technofluid S.R.L","vatID":"IT03148240835","taxID":"03148240835","ownershipFundingInfo":"https:\/\/technofluid.it\/azienda\/"}]},"product_price_amount":"424.92","product_price_currency":"EUR","og_availability":"instock","product_availability":"instock","product_retailer_item_id":"DOM000000082","product_condition":"new"},"_links":{"self":[{"href":"https:\/\/technofluid.it\/de\/wp-json\/wp\/v2\/product\/29662","targetHints":{"allow":["GET"]}}],"collection":[{"href":"https:\/\/technofluid.it\/de\/wp-json\/wp\/v2\/product"}],"about":[{"href":"https:\/\/technofluid.it\/de\/wp-json\/wp\/v2\/types\/product"}],"replies":[{"embeddable":true,"href":"https:\/\/technofluid.it\/de\/wp-json\/wp\/v2\/comments?post=29662"}],"version-history":[{"count":5,"href":"https:\/\/technofluid.it\/de\/wp-json\/wp\/v2\/product\/29662\/revisions"}],"predecessor-version":[{"id":57576,"href":"https:\/\/technofluid.it\/de\/wp-json\/wp\/v2\/product\/29662\/revisions\/57576"}],"wp:featuredmedia":[{"embeddable":true,"href":"https:\/\/technofluid.it\/de\/wp-json\/wp\/v2\/media\/37891"}],"wp:attachment":[{"href":"https:\/\/technofluid.it\/de\/wp-json\/wp\/v2\/media?parent=29662"}],"wp:term":[{"taxonomy":"product_brand","embeddable":true,"href":"https:\/\/technofluid.it\/de\/wp-json\/wp\/v2\/product_brand?post=29662"},{"taxonomy":"product_cat","embeddable":true,"href":"https:\/\/technofluid.it\/de\/wp-json\/wp\/v2\/product_cat?post=29662"},{"taxonomy":"product_tag","embeddable":true,"href":"https:\/\/technofluid.it\/de\/wp-json\/wp\/v2\/product_tag?post=29662"}],"curies":[{"name":"wp","href":"https:\/\/api.w.org\/{rel}","templated":true}]}}