{"id":29647,"date":"2025-10-25T01:00:49","date_gmt":"2025-10-25T00:00:49","guid":{"rendered":"https:\/\/technofluid.it\/prodotto\/display-lcd-per-self-contained-unit-scu-codice-cagrucom013-frigomar\/"},"modified":"2026-03-27T15:20:10","modified_gmt":"2026-03-27T14:20:10","slug":"display-lcd-per-self-contained-unit-scu-codice-cagrucom013-frigomar","status":"publish","type":"product","link":"https:\/\/technofluid.it\/de\/produkt\/lcd-anzeige-fur-selbststandige-einheit-scu-code-cagrucom013-frigomar-2\/","title":{"rendered":"LCD-Anzeige f\u00fcr eigenst\u00e4ndige Einheit SCU \u2013 Code: CAGRUCOM013 \u2013 Frigomar"},"content":{"rendered":"<p>LCD-DISPLAY F\u00dcR SELBSTENTHALTENE EINHEIT SCU, CODE CAGRUCOM013<\/p>","protected":false},"excerpt":{"rendered":"<p>Frigomar Ersatzteil: <strong>LCD-Anzeige f\u00fcr eigenst\u00e4ndige Einheit (SCU)<\/strong> mit Code <strong>CAGRUCOM013<\/strong>. Geeignet f\u00fcr Wartungs- und Reparatureins\u00e4tze der Anzeige an der Einheit, wenn das Originaldisplay besch\u00e4digt oder nicht mehr lesbar ist. Die Angabe des Lieferantencodes erleichtert die korrekte Identifikation der Komponente und die Ersatzteilverwaltung im nautischen und anlagenbezogenen Bereich an Bord. Vor dem Kauf wird empfohlen, den Code und die \u00dcbereinstimmung mit der eigenen SCU anhand der Anlagendokumentation oder der installierten Komponente zu \u00fcberpr\u00fcfen.<\/p>","protected":false},"featured_media":37858,"comment_status":"open","ping_status":"closed","template":"","meta":{"_acf_changed":false,"_monsterinsights_skip_tracking":false,"_monsterinsights_sitenote_active":false,"_monsterinsights_sitenote_note":"","_monsterinsights_sitenote_category":0,"site-sidebar-layout":"default","site-content-layout":"","ast-site-content-layout":"default","site-content-style":"default","site-sidebar-style":"default","ast-global-header-display":"","ast-banner-title-visibility":"","ast-main-header-display":"","ast-hfb-above-header-display":"","ast-hfb-below-header-display":"","ast-hfb-mobile-header-display":"","site-post-title":"","ast-breadcrumbs-content":"","ast-featured-img":"","footer-sml-layout":"","ast-disable-related-posts":"","theme-transparent-header-meta":"default","adv-header-id-meta":"","stick-header-meta":"","header-above-stick-meta":"","header-main-stick-meta":"","header-below-stick-meta":"","astra-migrate-meta-layouts":"set","ast-page-background-enabled":"default","ast-page-background-meta":{"desktop":{"background-color":"var(--ast-global-color-5)","background-image":"","background-repeat":"repeat","background-position":"center center","background-size":"auto","background-attachment":"scroll","background-type":"","background-media":"","overlay-type":"","overlay-color":"","overlay-opacity":"","overlay-gradient":""},"tablet":{"background-color":"","background-image":"","background-repeat":"repeat","background-position":"center center","background-size":"auto","background-attachment":"scroll","background-type":"","background-media":"","overlay-type":"","overlay-color":"","overlay-opacity":"","overlay-gradient":""},"mobile":{"background-color":"","background-image":"","background-repeat":"repeat","background-position":"center center","background-size":"auto","background-attachment":"scroll","background-type":"","background-media":"","overlay-type":"","overlay-color":"","overlay-opacity":"","overlay-gradient":""}},"ast-content-background-meta":{"desktop":{"background-color":"var(--ast-global-color-4)","background-image":"","background-repeat":"repeat","background-position":"center center","background-size":"auto","background-attachment":"scroll","background-type":"","background-media":"","overlay-type":"","overlay-color":"","overlay-opacity":"","overlay-gradient":""},"tablet":{"background-color":"var(--ast-global-color-4)","background-image":"","background-repeat":"repeat","background-position":"center center","background-size":"auto","background-attachment":"scroll","background-type":"","background-media":"","overlay-type":"","overlay-color":"","overlay-opacity":"","overlay-gradient":""},"mobile":{"background-color":"var(--ast-global-color-4)","background-image":"","background-repeat":"repeat","background-position":"center center","background-size":"auto","background-attachment":"scroll","background-type":"","background-media":"","overlay-type":"","overlay-color":"","overlay-opacity":"","overlay-gradient":""}}},"product_brand":[],"product_cat":[458,133],"product_tag":[4582,4583,3970,4584,4585],"class_list":{"0":"post-29647","1":"product","2":"type-product","3":"status-publish","4":"has-post-thumbnail","6":"product_cat-frigomar","7":"product_cat-ricambistica","8":"product_tag-cagrucom013","9":"product_tag-codice-cagrucom013","10":"product_tag-display","11":"product_tag-display-lcd-per-self-contained-u","12":"product_tag-frigomar-display-lcd-per-self","13":"pa_supplier-frigomar-srl","14":"desktop-align-left","15":"tablet-align-left","16":"mobile-align-left","18":"first","19":"instock","20":"taxable","21":"shipping-taxable","22":"purchasable","23":"product-type-simple"},"acf":[],"yoast_head":"<!-- This site is optimized with the Yoast SEO Premium plugin v26.7 (Yoast SEO v26.9) - https:\/\/yoast.com\/product\/yoast-seo-premium-wordpress\/ -->\n<title>Display LCD SCU Frigomar CAGRUCOM013<\/title>\n<meta name=\"description\" content=\"Display LCD di ricambio per self-contained unit (SCU) Frigomar. Codice CAGRUCOM013. Ideale per manutenzione e ripristino della visualizzazione.\" \/>\n<meta name=\"robots\" content=\"index, follow, max-snippet:-1, max-image-preview:large, max-video-preview:-1\" \/>\n<link rel=\"canonical\" href=\"https:\/\/technofluid.it\/de\/produkt\/lcd-anzeige-fur-selbststandige-einheit-scu-code-cagrucom013-frigomar-2\/\" \/>\n<meta property=\"og:locale\" content=\"de_DE\" \/>\n<meta property=\"og:type\" content=\"article\" \/>\n<meta property=\"og:title\" content=\"Display LCD per self-contained unit SCU &ndash; codice: CAGRUCOM013 &ndash; Frigomar\" \/>\n<meta property=\"og:description\" content=\"Display LCD di ricambio per self-contained unit (SCU) Frigomar. Codice CAGRUCOM013. Ideale per manutenzione e ripristino della visualizzazione.\" \/>\n<meta property=\"og:url\" content=\"https:\/\/technofluid.it\/de\/produkt\/lcd-anzeige-fur-selbststandige-einheit-scu-code-cagrucom013-frigomar-2\/\" \/>\n<meta property=\"og:site_name\" content=\"Technofluid\" \/>\n<meta property=\"article:modified_time\" content=\"2026-03-27T14:20:10+00:00\" \/>\n<meta property=\"og:image\" content=\"https:\/\/technofluid.it\/wp-content\/uploads\/2026\/01\/77-Display-LCD-per-self-contained-unit-SCU-codice-CAGRUCOM013-Frigomar.jpg\" \/>\n\t<meta property=\"og:image:width\" content=\"800\" \/>\n\t<meta property=\"og:image:height\" content=\"800\" \/>\n\t<meta property=\"og:image:type\" content=\"image\/jpeg\" \/>\n<meta name=\"twitter:card\" content=\"summary_large_image\" \/>\n<meta name=\"twitter:label1\" content=\"Preis\" \/>\n\t<meta name=\"twitter:data1\" content=\"280,04&nbsp;&euro; Iva esclusa\" \/>\n\t<meta name=\"twitter:label2\" content=\"Verf\u00fcgbarkeit\" \/>\n\t<meta name=\"twitter:data2\" content=\"Auf Lager\" \/>\n<script type=\"application\/ld+json\" class=\"yoast-schema-graph\">{\"@context\":\"https:\/\/schema.org\",\"@graph\":[{\"@type\":\"WebPage\",\"@id\":\"https:\/\/technofluid.it\/prodotto\/display-lcd-per-self-contained-unit-scu-codice-cagrucom013-frigomar\/\",\"url\":\"https:\/\/technofluid.it\/prodotto\/display-lcd-per-self-contained-unit-scu-codice-cagrucom013-frigomar\/\",\"name\":\"Display LCD SCU Frigomar CAGRUCOM013\",\"isPartOf\":{\"@id\":\"https:\/\/technofluid.it\/#website\"},\"primaryImageOfPage\":{\"@id\":\"https:\/\/technofluid.it\/prodotto\/display-lcd-per-self-contained-unit-scu-codice-cagrucom013-frigomar\/#primaryimage\"},\"image\":{\"@id\":\"https:\/\/technofluid.it\/prodotto\/display-lcd-per-self-contained-unit-scu-codice-cagrucom013-frigomar\/#primaryimage\"},\"thumbnailUrl\":\"https:\/\/technofluid.it\/wp-content\/uploads\/2026\/01\/77-Display-LCD-per-self-contained-unit-SCU-codice-CAGRUCOM013-Frigomar.jpg\",\"datePublished\":\"2025-10-25T00:00:49+00:00\",\"dateModified\":\"2026-03-27T14:20:10+00:00\",\"description\":\"Display LCD di ricambio per self-contained unit (SCU) Frigomar. Codice CAGRUCOM013. Ideale per manutenzione e ripristino della visualizzazione.\",\"breadcrumb\":{\"@id\":\"https:\/\/technofluid.it\/prodotto\/display-lcd-per-self-contained-unit-scu-codice-cagrucom013-frigomar\/#breadcrumb\"},\"inLanguage\":\"de\",\"potentialAction\":[{\"@type\":\"ReadAction\",\"target\":[\"https:\/\/technofluid.it\/prodotto\/display-lcd-per-self-contained-unit-scu-codice-cagrucom013-frigomar\/\"]}]},{\"@type\":\"ImageObject\",\"inLanguage\":\"de\",\"@id\":\"https:\/\/technofluid.it\/prodotto\/display-lcd-per-self-contained-unit-scu-codice-cagrucom013-frigomar\/#primaryimage\",\"url\":\"https:\/\/technofluid.it\/wp-content\/uploads\/2026\/01\/77-Display-LCD-per-self-contained-unit-SCU-codice-CAGRUCOM013-Frigomar.jpg\",\"contentUrl\":\"https:\/\/technofluid.it\/wp-content\/uploads\/2026\/01\/77-Display-LCD-per-self-contained-unit-SCU-codice-CAGRUCOM013-Frigomar.jpg\",\"width\":800,\"height\":800,\"caption\":\"Display LCD per unit\u00e0 SCU, modello CAGRUCOM013, di Frigomar, con funzioni di controllo e visualizzazione dati.\"},{\"@type\":\"BreadcrumbList\",\"@id\":\"https:\/\/technofluid.it\/prodotto\/display-lcd-per-self-contained-unit-scu-codice-cagrucom013-frigomar\/#breadcrumb\",\"itemListElement\":[{\"@type\":\"ListItem\",\"position\":1,\"name\":\"Home\",\"item\":\"https:\/\/technofluid.it\/\"},{\"@type\":\"ListItem\",\"position\":2,\"name\":\"Shop\",\"item\":\"https:\/\/technofluid.it\/shop\/\"},{\"@type\":\"ListItem\",\"position\":3,\"name\":\"Display LCD per self-contained unit SCU &ndash; codice: CAGRUCOM013 &ndash; Frigomar\"}]},{\"@type\":\"WebSite\",\"@id\":\"https:\/\/technofluid.it\/#website\",\"url\":\"https:\/\/technofluid.it\/\",\"name\":\"Technofluid S.R.L.\",\"description\":\"Dal 1999 siamo specializzati nell&#039;impiantistica navale, idraulica, civile e industriale\",\"publisher\":{\"@id\":\"https:\/\/technofluid.it\/#organization\"},\"potentialAction\":[{\"@type\":\"SearchAction\",\"target\":{\"@type\":\"EntryPoint\",\"urlTemplate\":\"https:\/\/technofluid.it\/?s={search_term_string}\"},\"query-input\":{\"@type\":\"PropertyValueSpecification\",\"valueRequired\":true,\"valueName\":\"search_term_string\"}}],\"inLanguage\":\"de\"},{\"@type\":\"Organization\",\"@id\":\"https:\/\/technofluid.it\/#organization\",\"name\":\"Technofluid\",\"url\":\"https:\/\/technofluid.it\/\",\"logo\":{\"@type\":\"ImageObject\",\"inLanguage\":\"de\",\"@id\":\"https:\/\/technofluid.it\/#\/schema\/logo\/image\/\",\"url\":\"https:\/\/technofluid.it\/wp-content\/uploads\/2025\/12\/technofluid_bianco-logo.webp\",\"contentUrl\":\"https:\/\/technofluid.it\/wp-content\/uploads\/2025\/12\/technofluid_bianco-logo.webp\",\"width\":350,\"height\":116,\"caption\":\"Technofluid\"},\"image\":{\"@id\":\"https:\/\/technofluid.it\/#\/schema\/logo\/image\/\"},\"description\":\"La Technofluid S.r.l. nasce nel 1999 a Barcellona Pozzo di Gotto, in provincia di Messina, con l\u2019obiettivo di diventare un punto di riferimento nel settore dell\u2019impiantistica navale, idraulica, civile e industriale.\",\"email\":\"info@technofluid.it\",\"telephone\":\"0907386877\",\"legalName\":\"Technofluid S.R.L\",\"vatID\":\"IT03148240835\",\"taxID\":\"03148240835\",\"ownershipFundingInfo\":\"https:\/\/technofluid.it\/azienda\/\"}]}<\/script>\n<meta property=\"product:price:amount\" content=\"280.04\" \/>\n<meta property=\"product:price:currency\" content=\"EUR\" \/>\n<meta property=\"og:availability\" content=\"instock\" \/>\n<meta property=\"product:availability\" content=\"instock\" \/>\n<meta property=\"product:retailer_item_id\" content=\"FRI000000010\" \/>\n<meta property=\"product:condition\" content=\"new\" \/>\n<!-- \/ Yoast SEO Premium plugin. -->","yoast_head_json":{"title":"Anzeige LCD SCU Frigomar CAGRUCOM013","description":"Ersatz-LCD-Display f\u00fcr selbstst\u00e4ndige Einheit (SCU) Frigomar. Code CAGRUCOM013. Ideal f\u00fcr Wartung und Wiederherstellung der Anzeige.","robots":{"index":"index","follow":"follow","max-snippet":"max-snippet:-1","max-image-preview":"max-image-preview:large","max-video-preview":"max-video-preview:-1"},"canonical":"https:\/\/technofluid.it\/de\/produkt\/lcd-anzeige-fur-selbststandige-einheit-scu-code-cagrucom013-frigomar-2\/","og_locale":"de_DE","og_type":"article","og_title":"Display LCD per self-contained unit SCU &ndash; codice: CAGRUCOM013 &ndash; Frigomar","og_description":"Display LCD di ricambio per self-contained unit (SCU) Frigomar. Codice CAGRUCOM013. Ideale per manutenzione e ripristino della visualizzazione.","og_url":"https:\/\/technofluid.it\/de\/produkt\/lcd-anzeige-fur-selbststandige-einheit-scu-code-cagrucom013-frigomar-2\/","og_site_name":"Technofluid","article_modified_time":"2026-03-27T14:20:10+00:00","og_image":[{"width":800,"height":800,"url":"https:\/\/technofluid.it\/wp-content\/uploads\/2026\/01\/77-Display-LCD-per-self-contained-unit-SCU-codice-CAGRUCOM013-Frigomar.jpg","type":"image\/jpeg"}],"twitter_card":"summary_large_image","twitter_misc":{"Preis":"280,04&nbsp;&euro; Iva esclusa","Verf\u00fcgbarkeit":"Auf Lager"},"schema":{"@context":"https:\/\/schema.org","@graph":[{"@type":"WebPage","@id":"https:\/\/technofluid.it\/prodotto\/display-lcd-per-self-contained-unit-scu-codice-cagrucom013-frigomar\/","url":"https:\/\/technofluid.it\/prodotto\/display-lcd-per-self-contained-unit-scu-codice-cagrucom013-frigomar\/","name":"Anzeige LCD SCU Frigomar CAGRUCOM013","isPartOf":{"@id":"https:\/\/technofluid.it\/#website"},"primaryImageOfPage":{"@id":"https:\/\/technofluid.it\/prodotto\/display-lcd-per-self-contained-unit-scu-codice-cagrucom013-frigomar\/#primaryimage"},"image":{"@id":"https:\/\/technofluid.it\/prodotto\/display-lcd-per-self-contained-unit-scu-codice-cagrucom013-frigomar\/#primaryimage"},"thumbnailUrl":"https:\/\/technofluid.it\/wp-content\/uploads\/2026\/01\/77-Display-LCD-per-self-contained-unit-SCU-codice-CAGRUCOM013-Frigomar.jpg","datePublished":"2025-10-25T00:00:49+00:00","dateModified":"2026-03-27T14:20:10+00:00","description":"Ersatz-LCD-Display f\u00fcr selbstst\u00e4ndige Einheit (SCU) Frigomar. Code CAGRUCOM013. Ideal f\u00fcr Wartung und Wiederherstellung der Anzeige.","breadcrumb":{"@id":"https:\/\/technofluid.it\/prodotto\/display-lcd-per-self-contained-unit-scu-codice-cagrucom013-frigomar\/#breadcrumb"},"inLanguage":"de","potentialAction":[{"@type":"ReadAction","target":["https:\/\/technofluid.it\/prodotto\/display-lcd-per-self-contained-unit-scu-codice-cagrucom013-frigomar\/"]}]},{"@type":"ImageObject","inLanguage":"de","@id":"https:\/\/technofluid.it\/prodotto\/display-lcd-per-self-contained-unit-scu-codice-cagrucom013-frigomar\/#primaryimage","url":"https:\/\/technofluid.it\/wp-content\/uploads\/2026\/01\/77-Display-LCD-per-self-contained-unit-SCU-codice-CAGRUCOM013-Frigomar.jpg","contentUrl":"https:\/\/technofluid.it\/wp-content\/uploads\/2026\/01\/77-Display-LCD-per-self-contained-unit-SCU-codice-CAGRUCOM013-Frigomar.jpg","width":800,"height":800,"caption":"Display LCD per unit\u00e0 SCU, modello CAGRUCOM013, di Frigomar, con funzioni di controllo e visualizzazione dati."},{"@type":"BreadcrumbList","@id":"https:\/\/technofluid.it\/prodotto\/display-lcd-per-self-contained-unit-scu-codice-cagrucom013-frigomar\/#breadcrumb","itemListElement":[{"@type":"ListItem","position":1,"name":"Home","item":"https:\/\/technofluid.it\/"},{"@type":"ListItem","position":2,"name":"Shop","item":"https:\/\/technofluid.it\/shop\/"},{"@type":"ListItem","position":3,"name":"Display LCD per self-contained unit SCU &ndash; codice: CAGRUCOM013 &ndash; Frigomar"}]},{"@type":"WebSite","@id":"https:\/\/technofluid.it\/#website","url":"https:\/\/technofluid.it\/","name":"Technofluid S.R.L.","description":"Seit 1999 haben wir uns auf Schiffs-, Sanit\u00e4r-, Zivil- und Industrieanlagen spezialisiert.","publisher":{"@id":"https:\/\/technofluid.it\/#organization"},"potentialAction":[{"@type":"SearchAction","target":{"@type":"EntryPoint","urlTemplate":"https:\/\/technofluid.it\/?s={search_term_string}"},"query-input":{"@type":"PropertyValueSpecification","valueRequired":true,"valueName":"search_term_string"}}],"inLanguage":"de"},{"@type":"Organization","@id":"https:\/\/technofluid.it\/#organization","name":"Technofluid","url":"https:\/\/technofluid.it\/","logo":{"@type":"ImageObject","inLanguage":"de","@id":"https:\/\/technofluid.it\/#\/schema\/logo\/image\/","url":"https:\/\/technofluid.it\/wp-content\/uploads\/2025\/12\/technofluid_bianco-logo.webp","contentUrl":"https:\/\/technofluid.it\/wp-content\/uploads\/2025\/12\/technofluid_bianco-logo.webp","width":350,"height":116,"caption":"Technofluid"},"image":{"@id":"https:\/\/technofluid.it\/#\/schema\/logo\/image\/"},"description":"Die Technofluid S.r.l. wurde 1999 in Barcellona Pozzo di Gotto, in der Provinz Messina, gegr\u00fcndet, mit dem Ziel, ein Bezugspunkt im Bereich der Schiffs-, Hydraulik-, Zivil- und Industrieanlagen zu werden.","email":"info@technofluid.it","telephone":"0907386877","legalName":"Technofluid S.R.L","vatID":"IT03148240835","taxID":"03148240835","ownershipFundingInfo":"https:\/\/technofluid.it\/azienda\/"}]},"product_price_amount":"280.04","product_price_currency":"EUR","og_availability":"instock","product_availability":"instock","product_retailer_item_id":"FRI000000010","product_condition":"new"},"_links":{"self":[{"href":"https:\/\/technofluid.it\/de\/wp-json\/wp\/v2\/product\/29647","targetHints":{"allow":["GET"]}}],"collection":[{"href":"https:\/\/technofluid.it\/de\/wp-json\/wp\/v2\/product"}],"about":[{"href":"https:\/\/technofluid.it\/de\/wp-json\/wp\/v2\/types\/product"}],"replies":[{"embeddable":true,"href":"https:\/\/technofluid.it\/de\/wp-json\/wp\/v2\/comments?post=29647"}],"version-history":[{"count":5,"href":"https:\/\/technofluid.it\/de\/wp-json\/wp\/v2\/product\/29647\/revisions"}],"predecessor-version":[{"id":56785,"href":"https:\/\/technofluid.it\/de\/wp-json\/wp\/v2\/product\/29647\/revisions\/56785"}],"wp:featuredmedia":[{"embeddable":true,"href":"https:\/\/technofluid.it\/de\/wp-json\/wp\/v2\/media\/37858"}],"wp:attachment":[{"href":"https:\/\/technofluid.it\/de\/wp-json\/wp\/v2\/media?parent=29647"}],"wp:term":[{"taxonomy":"product_brand","embeddable":true,"href":"https:\/\/technofluid.it\/de\/wp-json\/wp\/v2\/product_brand?post=29647"},{"taxonomy":"product_cat","embeddable":true,"href":"https:\/\/technofluid.it\/de\/wp-json\/wp\/v2\/product_cat?post=29647"},{"taxonomy":"product_tag","embeddable":true,"href":"https:\/\/technofluid.it\/de\/wp-json\/wp\/v2\/product_tag?post=29647"}],"curies":[{"name":"wp","href":"https:\/\/api.w.org\/{rel}","templated":true}]}}