{"id":29549,"date":"2025-10-25T00:00:25","date_gmt":"2025-10-25T00:00:25","guid":{"rendered":"https:\/\/technofluid.it\/prodotto\/contattore-9a-24vac-50-6-codice-telc1d09b7-hp-watermakers\/"},"modified":"2026-04-15T09:09:54","modified_gmt":"2026-04-15T08:09:54","slug":"contattore-9a-24-vac-506-codice-telc1d09b7-hp-watermakers","status":"publish","type":"product","link":"https:\/\/technofluid.it\/de\/produkt\/schutz-9a-24-vac-506-code-telc1d09b7-hp-watermakers\/","title":{"rendered":"Sch\u00fctz 9A, 24 VAC 50\/6 - code: TELC1D09B7 - HP Watermakers"},"content":{"rendered":"<h2>Sch\u00fctz 9A 24 VAC 50\/6 \u2013 TELC1D09B7 (HP Watermakers)<\/h2>\n<p>Der <strong>Sch\u00fctz 9A 24 VAC<\/strong> und ist konfiguriert f\u00fcr Systeme <strong>Code TELC1D09B7<\/strong> ist ein Ersatzteil f\u00fcr den technischen Einsatz, mit besonderem Augenmerk auf typische Anwendungen im Bereich der <strong>Nautik<\/strong> und der\u2019<strong>Bordtechnik<\/strong>. Angeboten in der Ersatzteilsektion, ist es f\u00fcr Wartungs-, Reparatur- oder Austauschma\u00dfnahmen von verschlissenen Komponenten in Schaltschr\u00e4nken und Systemen vorgesehen, in denen der Einsatz eines Sch\u00fctzes mit <strong>24 VAC<\/strong>.<\/p>\n<h3>Identifikation und Referenzen<\/h3>\n<ul>\n<li><strong>Typ:<\/strong> Spannungsversorgung der Spule:<\/li>\n<li><strong>Nennstrom:<\/strong> Sch\u00fctz<\/li>\n<li><strong>9A<\/strong> 24 VAC<\/li>\n<li><strong>Spulenspannung:<\/strong> Frequenzbezug:<\/li>\n<li><strong>Lieferantenproduktcode:<\/strong> TELC1D09B7<\/li>\n<li><strong>Lieferant:<\/strong> HP HOCHDRUCK LTD.<\/li>\n<li><strong>50\/6 (wie im Produktnamen angegeben)<\/strong> und ist erkennbar durch<\/li>\n<\/ul>\n<h3>Marke\/Linie:<\/h3>\n<p>Ersatzteil f\u00fcr elektrische Steuerung und Bedienung.<\/p>\n<h2>Typische Anwendungen<\/h2>\n<p>Ein Sch\u00fctz ist eine Komponente, die in Steuerkreisen zur Steuerung elektrischer Lasten mittels eines Steuersignals verwendet wird. In Umgebungen wie an Bord, wo der Zugang zu Komponenten und die Betriebskontinuit\u00e4t wichtige Aspekte sind, erm\u00f6glicht die Verf\u00fcgbarkeit korrekt identifizierter Ersatzteile die Planung von Wartungsarbeiten und die Reduzierung von Ausfallzeiten. <strong>und ist erkennbar durch<\/strong>. Dieser Sch\u00fctz wird als Ersatzteil in einem auf Systeme und Komponenten f\u00fcr die Anlageninstallation ausgerichteten Kontext angeboten, mit Bezug auf die Linie <strong>24 VAC<\/strong> . Im Allgemeinen kann ein Sch\u00fctz mit einer Spule von.<\/p>\n<h3>in Steuer- und Automatisierungsschaltschr\u00e4nken eingesetzt werden, in denen ein Steuerkreis mit Niederspannungs-Wechselstrom vorgesehen ist.<\/h3>\n<ul>\n<li><strong>Bordanlagen:<\/strong> Anwendungsbereiche (allgemein).<\/li>\n<li><strong>Wartung und Wiederherstellung:<\/strong> Eingriffe an elektrischen Schaltschr\u00e4nken und Hilfssystemen.<\/li>\n<li><strong>Austausch von verschlissenen oder nicht funktionierenden Sch\u00fctzen.<\/strong> Ersatzteile f\u00fcr technische Systeme:.<\/li>\n<\/ul>\n<h4>Steuerkreise mit 24 VAC Versorgungsspannung.<\/h4>\n<p>Hinweis zur Kompatibilit\u00e4t <strong>Code TELC1D09B7<\/strong> Die Kompatibilit\u00e4t h\u00e4ngt vom Schaltschrankprojekt und der urspr\u00fcnglich installierten Komponente ab. Ohne weitere technische Daten (Schaltplan, Klemmenleiste, Kontaktkonfiguration, Abmessungen) bleibt die sicherste Identifikation der.<\/p>\n<h2>Vorteile f\u00fcr Wartung und Ersatzteilmanagement<\/h2>\n<p>Im Bereich der Nautik und der Anlagentechnik ist die korrekte Verwaltung von Ersatzteilen ein integraler Bestandteil der Betriebssicherheit. Die Wahl eines klar gekennzeichneten Sch\u00fctzes mit Lieferantencode und angegebenen wesentlichen Parametern hilft, die \u00dcbereinstimmung zwischen Ersatzteil und Anlagenkonfiguration zu gew\u00e4hrleisten.<\/p>\n<ul>\n<li><strong>Sofortige Identifikation:<\/strong> die Referenz <strong>TELC1D09B7<\/strong> vereinfacht die Auswahl des Ersatzteils.<\/li>\n<li><strong>\u00dcbereinstimmung mit Steuerstromkreisen bei 24 VAC:<\/strong> n\u00fctzlich, wenn die Anlage diese Versorgung f\u00fcr die Spule vorsieht.<\/li>\n<li><strong>Ersatzteil f\u00fcr technische Kontexte ausgerichtet:<\/strong> geeignet f\u00fcr Eins\u00e4tze in Schaltschr\u00e4nken und Systemen, in denen ein 9A-Sch\u00fctz erforderlich ist.<\/li>\n<li><strong>Ordentliche Verwaltung der Ersatzteilwirtschaft:<\/strong> Angabe von Lieferant und Bezugsreihe zur Erleichterung von Beschaffung und R\u00fcckverfolgbarkeit.<\/li>\n<\/ul>\n<h2>Verwendung und Betriebshinweise<\/h2>\n<p>Das Sch\u00fctz ist ein elektrisches Bauteil, das unter Einhaltung der Sicherheitsvorschriften und der Anweisungen des Anlagenherstellers installiert und angeschlossen werden muss. Vor dem Austausch ist es gute Praxis, die Spannungsfreiheit zu \u00fcberpr\u00fcfen, die Anschl\u00fcsse korrekt zu identifizieren und sicherzustellen, dass die Spulenversorgung tats\u00e4chlich <strong>24 VAC<\/strong>.<\/p>\n<h3>Praktische Tipps f\u00fcr den Austausch (allgemein)<\/h3>\n<ul>\n<li><strong>Code\u00fcberpr\u00fcfung:<\/strong> vergleiche den Code auf dem entfernten Bauteil mit <strong>TELC1D09B7<\/strong>.<\/li>\n<li><strong>Stromversorgungskontrolle:<\/strong> stelle sicher, dass der Steuerstromkreis verwendet <strong>24 VAC<\/strong>.<\/li>\n<li><strong>\u00dcberpr\u00fcfung der Dimensionierung:<\/strong> stelle sicher, dass das Sch\u00fctz mit <strong>Sch\u00fctz<\/strong> mit der vorgesehenen Anwendung im Schaltschrank \u00fcbereinstimmt.<\/li>\n<li><strong>Dokumentation:<\/strong> wenn verf\u00fcgbar, konsultiere den Schaltplan und die St\u00fcckliste der Anlage.<\/li>\n<\/ul>\n<p>F\u00fcr eine korrekte Auswahl gib bei Anfragen oder Nachbestellungen immer an: <strong>Sch\u00fctz 9A 24 VAC<\/strong> e <strong>Code TELC1D09B7<\/strong>.<\/p>\n<h3>FAQ \u2013 H\u00e4ufig gestellte Fragen<\/h3>\n<h4>Wie lautet der Produktcode dieses Sch\u00fctz?<\/h4>\n<p>Der Lieferantenproduktcode ist TELC1D09B7. Dies ist die Hauptreferenz, die zur Identifikation und Nachbestellung verwendet wird.<\/p>\n<h4>Welche Stromversorgung hat die Spule des Sch\u00fctz?<\/h4>\n<p>Die Spule wird mit 24 VAC betrieben, wie in der Produktbezeichnung angegeben.<\/p>\n<h4>Ist dieser Sch\u00fctz f\u00fcr nautische Anwendungen geeignet?<\/h4>\n<p>Es wird im Kontext von technischen Ersatzteilen f\u00fcr die Schifffahrt und Bordanlagen angeboten. Die Kompatibilit\u00e4t ist anhand der installierten Komponente und des Schaltplans zu \u00fcberpr\u00fcfen, insbesondere \u00fcber den Code TELC1D09B7 und die 24 VAC Stromversorgung.<\/p>\n<h4>Was bedeutet die Angabe 50\/6 im Namen?<\/h4>\n<p>Die Bezeichnung 50\/6 wird in der Produktbezeichnung so angegeben, wie sie geliefert wurde. F\u00fcr eine genaue Interpretation in Bezug auf Ihre Anlage wird empfohlen, die Markierungen auf der installierten Komponente oder die technische Dokumentation des Systems zu \u00fcberpr\u00fcfen.<\/p>\n<h4>Welche Informationen muss ich angeben, um das richtige Ersatzteil zu bestellen?<\/h4>\n<p>Geben Sie \u201cSch\u00fctz 9A 24 VAC\u201d und vor allem den Code TELC1D09B7 an. Wenn Sie eine bestehende Komponente ersetzen, ist es auch hilfreich zu best\u00e4tigen, dass der Steuerkreis 24 VAC ist.<\/p>\n<p><script type=\"application\/ld+json\">{\n    \"@context\": \"https:\\\/\\\/schema.org\",\n    \"@type\": \"FAQPage\",\n    \"mainEntity\": [\n        {\n            \"@type\": \"Question\",\n            \"name\": \"Qual \\u00e8 il codice prodotto di questo contattore?\",\n            \"acceptedAnswer\": {\n                \"@type\": \"Answer\",\n                \"text\": \"Il codice prodotto fornitore \\u00e8 TELC1D09B7. \\u00c8 il riferimento principale da usare per identificazione e riordino.\"\n            }\n        },\n        {\n            \"@type\": \"Question\",\n            \"name\": \"Che alimentazione ha la bobina del contattore?\",\n            \"acceptedAnswer\": {\n                \"@type\": \"Answer\",\n                \"text\": \"La bobina \\u00e8 alimentata a 24 VAC, come indicato nella denominazione del prodotto.\"\n            }\n        },\n        {\n            \"@type\": \"Question\",\n            \"name\": \"Questo contattore \\u00e8 adatto per applicazioni nautiche?\",\n            \"acceptedAnswer\": {\n                \"@type\": \"Answer\",\n                \"text\": \"\\u00c8 proposto in un contesto di ricambistica tecnica per nautica e impiantistica di bordo. La compatibilit\\u00e0 va verificata in base al componente installato e al progetto del quadro, soprattutto tramite il codice TELC1D09B7 e l\\u2019alimentazione 24 VAC.\"\n            }\n        },\n        {\n            \"@type\": \"Question\",\n            \"name\": \"Cosa significa la dicitura 50\\\/6 riportata nel nome?\",\n            \"acceptedAnswer\": {\n                \"@type\": \"Answer\",\n                \"text\": \"La dicitura 50\\\/6 \\u00e8 riportata nella denominazione del prodotto cos\\u00ec come fornita. Per un\\u2019interpretazione puntuale in relazione al tuo impianto, \\u00e8 consigliabile verificare le marcature sul componente installato o la documentazione tecnica del sistema.\"\n            }\n        },\n        {\n            \"@type\": \"Question\",\n            \"name\": \"Quali informazioni devo comunicare per ordinare il ricambio corretto?\",\n            \"acceptedAnswer\": {\n                \"@type\": \"Answer\",\n                \"text\": \"Indica \\u201cContattore 9A 24 VAC\\u201d e soprattutto il codice TELC1D09B7. Se stai sostituendo un componente esistente, \\u00e8 utile anche confermare che il circuito di comando sia a 24 VAC.\"\n            }\n        }\n    ]\n}<\/script><\/p>","protected":false},"excerpt":{"rendered":"<p>Sch\u00fctz 9A mit 24 VAC Spule, Ersatzteil identifiziert durch den Lieferantencode TELC1D09B7 (HP Watermakers \/ HP HIGH PRESSURE SRL). Entwickelt f\u00fcr den Einsatz in Schaltschr\u00e4nken und technischen Systemen, geeignet f\u00fcr Wartungs- und Austauscharbeiten im nautischen Bereich und an Bordanlagen, wo ein Sch\u00fctz mit diesen Eigenschaften vorgesehen ist. F\u00fcr eine korrekte Auswahl \u00fcberpr\u00fcfen Sie stets die \u00dcbereinstimmung des Codes auf der installierten Komponente und das Vorhandensein einer 24 VAC Versorgung im Steuerkreis. Ideal f\u00fcr eine geordnete Ersatzteilverwaltung dank klarer und leicht kommunizierbarer Referenzen bei der Nachbestellung.<\/p>","protected":false},"featured_media":37639,"comment_status":"open","ping_status":"closed","template":"","meta":{"_acf_changed":false,"_monsterinsights_skip_tracking":false,"_monsterinsights_sitenote_active":false,"_monsterinsights_sitenote_note":"","_monsterinsights_sitenote_category":0,"site-sidebar-layout":"default","site-content-layout":"","ast-site-content-layout":"default","site-content-style":"default","site-sidebar-style":"default","ast-global-header-display":"","ast-banner-title-visibility":"","ast-main-header-display":"","ast-hfb-above-header-display":"","ast-hfb-below-header-display":"","ast-hfb-mobile-header-display":"","site-post-title":"","ast-breadcrumbs-content":"","ast-featured-img":"","footer-sml-layout":"","ast-disable-related-posts":"","theme-transparent-header-meta":"default","adv-header-id-meta":"","stick-header-meta":"","header-above-stick-meta":"","header-main-stick-meta":"","header-below-stick-meta":"","astra-migrate-meta-layouts":"set","ast-page-background-enabled":"default","ast-page-background-meta":{"desktop":{"background-color":"var(--ast-global-color-5)","background-image":"","background-repeat":"repeat","background-position":"center center","background-size":"auto","background-attachment":"scroll","background-type":"","background-media":"","overlay-type":"","overlay-color":"","overlay-opacity":"","overlay-gradient":""},"tablet":{"background-color":"","background-image":"","background-repeat":"repeat","background-position":"center center","background-size":"auto","background-attachment":"scroll","background-type":"","background-media":"","overlay-type":"","overlay-color":"","overlay-opacity":"","overlay-gradient":""},"mobile":{"background-color":"","background-image":"","background-repeat":"repeat","background-position":"center center","background-size":"auto","background-attachment":"scroll","background-type":"","background-media":"","overlay-type":"","overlay-color":"","overlay-opacity":"","overlay-gradient":""}},"ast-content-background-meta":{"desktop":{"background-color":"var(--ast-global-color-4)","background-image":"","background-repeat":"repeat","background-position":"center center","background-size":"auto","background-attachment":"scroll","background-type":"","background-media":"","overlay-type":"","overlay-color":"","overlay-opacity":"","overlay-gradient":""},"tablet":{"background-color":"var(--ast-global-color-4)","background-image":"","background-repeat":"repeat","background-position":"center center","background-size":"auto","background-attachment":"scroll","background-type":"","background-media":"","overlay-type":"","overlay-color":"","overlay-opacity":"","overlay-gradient":""},"mobile":{"background-color":"var(--ast-global-color-4)","background-image":"","background-repeat":"repeat","background-position":"center center","background-size":"auto","background-attachment":"scroll","background-type":"","background-media":"","overlay-type":"","overlay-color":"","overlay-opacity":"","overlay-gradient":""}}},"product_brand":[],"product_cat":[702,133],"product_tag":[4339,4340,4341,4342,4343],"class_list":{"0":"post-29549","1":"product","2":"type-product","3":"status-publish","4":"has-post-thumbnail","6":"product_cat-hp-high-pressure-contattore","7":"product_cat-ricambistica","8":"product_tag-24vac","9":"product_tag-50-6","10":"product_tag-codice-telc1d09b7","11":"product_tag-contattore-9a","12":"product_tag-hp-watermakers-contattore-9a","13":"pa_supplier-hp-high-pressure-srl","14":"desktop-align-left","15":"tablet-align-left","16":"mobile-align-left","18":"first","19":"instock","20":"taxable","21":"shipping-taxable","22":"purchasable","23":"product-type-simple"},"acf":[],"yoast_head":"<!-- This site is optimized with the Yoast SEO Premium plugin v26.7 (Yoast SEO v26.9) - https:\/\/yoast.com\/product\/yoast-seo-premium-wordpress\/ -->\n<title>Contattore 9A 24 VAC TELC1D09B7 | HP Watermakers<\/title>\n<meta name=\"description\" content=\"Contattore 9A con bobina 24 VAC, codice TELC1D09B7 (HP Watermakers). Ricambio per quadri e impiantistica di bordo. Verifica codice e 24 VAC.\" \/>\n<meta name=\"robots\" content=\"index, follow, max-snippet:-1, max-image-preview:large, max-video-preview:-1\" \/>\n<link rel=\"canonical\" href=\"https:\/\/technofluid.it\/de\/produkt\/schutz-9a-24-vac-506-code-telc1d09b7-hp-watermakers\/\" \/>\n<meta property=\"og:locale\" content=\"de_DE\" \/>\n<meta property=\"og:type\" content=\"article\" \/>\n<meta property=\"og:title\" content=\"Contattore 9A, 24 VAC 50\/6 &ndash; codice: TELC1D09B7 &ndash; HP Watermakers\" \/>\n<meta property=\"og:description\" content=\"Contattore 9A con bobina 24 VAC, codice TELC1D09B7 (HP Watermakers). Ricambio per quadri e impiantistica di bordo. Verifica codice e 24 VAC.\" \/>\n<meta property=\"og:url\" content=\"https:\/\/technofluid.it\/de\/produkt\/schutz-9a-24-vac-506-code-telc1d09b7-hp-watermakers\/\" \/>\n<meta property=\"og:site_name\" content=\"Technofluid\" \/>\n<meta property=\"article:modified_time\" content=\"2026-04-15T08:09:54+00:00\" \/>\n<meta property=\"og:image\" content=\"https:\/\/technofluid.it\/wp-content\/uploads\/2026\/01\/505-Contattore-9A-24-VAC-506-codice-TELC1D09B7-HP-Watermakers.jpg\" \/>\n\t<meta property=\"og:image:width\" content=\"800\" \/>\n\t<meta property=\"og:image:height\" content=\"800\" \/>\n\t<meta property=\"og:image:type\" content=\"image\/jpeg\" \/>\n<meta name=\"twitter:card\" content=\"summary_large_image\" \/>\n<meta name=\"twitter:label1\" content=\"Preis\" \/>\n\t<meta name=\"twitter:data1\" content=\"230,33&nbsp;&euro; Iva esclusa\" \/>\n\t<meta name=\"twitter:label2\" content=\"Verf\u00fcgbarkeit\" \/>\n\t<meta name=\"twitter:data2\" content=\"Auf Lager\" \/>\n<script type=\"application\/ld+json\" class=\"yoast-schema-graph\">{\"@context\":\"https:\/\/schema.org\",\"@graph\":[{\"@type\":\"WebPage\",\"@id\":\"https:\/\/technofluid.it\/prodotto\/contattore-9a-24-vac-506-codice-telc1d09b7-hp-watermakers\/\",\"url\":\"https:\/\/technofluid.it\/prodotto\/contattore-9a-24-vac-506-codice-telc1d09b7-hp-watermakers\/\",\"name\":\"Contattore 9A 24 VAC TELC1D09B7 | HP Watermakers\",\"isPartOf\":{\"@id\":\"https:\/\/technofluid.it\/#website\"},\"primaryImageOfPage\":{\"@id\":\"https:\/\/technofluid.it\/prodotto\/contattore-9a-24-vac-506-codice-telc1d09b7-hp-watermakers\/#primaryimage\"},\"image\":{\"@id\":\"https:\/\/technofluid.it\/prodotto\/contattore-9a-24-vac-506-codice-telc1d09b7-hp-watermakers\/#primaryimage\"},\"thumbnailUrl\":\"https:\/\/technofluid.it\/wp-content\/uploads\/2026\/01\/505-Contattore-9A-24-VAC-506-codice-TELC1D09B7-HP-Watermakers.jpg\",\"datePublished\":\"2025-10-25T00:00:25+00:00\",\"dateModified\":\"2026-04-15T08:09:54+00:00\",\"description\":\"Contattore 9A con bobina 24 VAC, codice TELC1D09B7 (HP Watermakers). Ricambio per quadri e impiantistica di bordo. Verifica codice e 24 VAC.\",\"breadcrumb\":{\"@id\":\"https:\/\/technofluid.it\/prodotto\/contattore-9a-24-vac-506-codice-telc1d09b7-hp-watermakers\/#breadcrumb\"},\"inLanguage\":\"de\",\"potentialAction\":[{\"@type\":\"ReadAction\",\"target\":[\"https:\/\/technofluid.it\/prodotto\/contattore-9a-24-vac-506-codice-telc1d09b7-hp-watermakers\/\"]}]},{\"@type\":\"ImageObject\",\"inLanguage\":\"de\",\"@id\":\"https:\/\/technofluid.it\/prodotto\/contattore-9a-24-vac-506-codice-telc1d09b7-hp-watermakers\/#primaryimage\",\"url\":\"https:\/\/technofluid.it\/wp-content\/uploads\/2026\/01\/505-Contattore-9A-24-VAC-506-codice-TELC1D09B7-HP-Watermakers.jpg\",\"contentUrl\":\"https:\/\/technofluid.it\/wp-content\/uploads\/2026\/01\/505-Contattore-9A-24-VAC-506-codice-TELC1D09B7-HP-Watermakers.jpg\",\"width\":800,\"height\":800,\"caption\":\"Immagine del contattore 9A con specifiche tecniche e collegamenti.\"},{\"@type\":\"BreadcrumbList\",\"@id\":\"https:\/\/technofluid.it\/prodotto\/contattore-9a-24-vac-506-codice-telc1d09b7-hp-watermakers\/#breadcrumb\",\"itemListElement\":[{\"@type\":\"ListItem\",\"position\":1,\"name\":\"Home\",\"item\":\"https:\/\/technofluid.it\/\"},{\"@type\":\"ListItem\",\"position\":2,\"name\":\"Shop\",\"item\":\"https:\/\/technofluid.it\/shop\/\"},{\"@type\":\"ListItem\",\"position\":3,\"name\":\"Contattore 9A, 24 VAC 50\/6 &ndash; codice: TELC1D09B7 &ndash; HP Watermakers\"}]},{\"@type\":\"WebSite\",\"@id\":\"https:\/\/technofluid.it\/#website\",\"url\":\"https:\/\/technofluid.it\/\",\"name\":\"Technofluid S.R.L.\",\"description\":\"Dal 1999 siamo specializzati nell&#039;impiantistica navale, idraulica, civile e industriale\",\"publisher\":{\"@id\":\"https:\/\/technofluid.it\/#organization\"},\"potentialAction\":[{\"@type\":\"SearchAction\",\"target\":{\"@type\":\"EntryPoint\",\"urlTemplate\":\"https:\/\/technofluid.it\/?s={search_term_string}\"},\"query-input\":{\"@type\":\"PropertyValueSpecification\",\"valueRequired\":true,\"valueName\":\"search_term_string\"}}],\"inLanguage\":\"de\"},{\"@type\":\"Organization\",\"@id\":\"https:\/\/technofluid.it\/#organization\",\"name\":\"Technofluid\",\"url\":\"https:\/\/technofluid.it\/\",\"logo\":{\"@type\":\"ImageObject\",\"inLanguage\":\"de\",\"@id\":\"https:\/\/technofluid.it\/#\/schema\/logo\/image\/\",\"url\":\"https:\/\/technofluid.it\/wp-content\/uploads\/2025\/12\/technofluid_bianco-logo.webp\",\"contentUrl\":\"https:\/\/technofluid.it\/wp-content\/uploads\/2025\/12\/technofluid_bianco-logo.webp\",\"width\":350,\"height\":116,\"caption\":\"Technofluid\"},\"image\":{\"@id\":\"https:\/\/technofluid.it\/#\/schema\/logo\/image\/\"},\"description\":\"La Technofluid S.r.l. nasce nel 1999 a Barcellona Pozzo di Gotto, in provincia di Messina, con l\u2019obiettivo di diventare un punto di riferimento nel settore dell\u2019impiantistica navale, idraulica, civile e industriale.\",\"email\":\"info@technofluid.it\",\"telephone\":\"0907386877\",\"legalName\":\"Technofluid S.R.L\",\"vatID\":\"IT03148240835\",\"taxID\":\"03148240835\",\"ownershipFundingInfo\":\"https:\/\/technofluid.it\/azienda\/\"}]}<\/script>\n<meta property=\"product:price:amount\" content=\"230.33\" \/>\n<meta property=\"product:price:currency\" content=\"EUR\" \/>\n<meta property=\"og:availability\" content=\"instock\" \/>\n<meta property=\"product:availability\" content=\"instock\" \/>\n<meta property=\"product:retailer_item_id\" content=\"HP000000028\" \/>\n<meta property=\"product:condition\" content=\"new\" \/>\n<!-- \/ Yoast SEO Premium plugin. -->","yoast_head_json":{"title":"Sch\u00fctz 9A 24 VAC TELC1D09B7 | HP Watermakers","description":"Sch\u00fctz 9A mit Spule 24 VAC, Code TELC1D09B7 (HP Watermakers). Ersatzteil f\u00fcr Schalttafeln und Bordanlagen. Code und 24 VAC \u00fcberpr\u00fcfen.","robots":{"index":"index","follow":"follow","max-snippet":"max-snippet:-1","max-image-preview":"max-image-preview:large","max-video-preview":"max-video-preview:-1"},"canonical":"https:\/\/technofluid.it\/de\/produkt\/schutz-9a-24-vac-506-code-telc1d09b7-hp-watermakers\/","og_locale":"de_DE","og_type":"article","og_title":"Contattore 9A, 24 VAC 50\/6 &ndash; codice: TELC1D09B7 &ndash; HP Watermakers","og_description":"Contattore 9A con bobina 24 VAC, codice TELC1D09B7 (HP Watermakers). Ricambio per quadri e impiantistica di bordo. Verifica codice e 24 VAC.","og_url":"https:\/\/technofluid.it\/de\/produkt\/schutz-9a-24-vac-506-code-telc1d09b7-hp-watermakers\/","og_site_name":"Technofluid","article_modified_time":"2026-04-15T08:09:54+00:00","og_image":[{"width":800,"height":800,"url":"https:\/\/technofluid.it\/wp-content\/uploads\/2026\/01\/505-Contattore-9A-24-VAC-506-codice-TELC1D09B7-HP-Watermakers.jpg","type":"image\/jpeg"}],"twitter_card":"summary_large_image","twitter_misc":{"Preis":"230,33&nbsp;&euro; Iva esclusa","Verf\u00fcgbarkeit":"Auf Lager"},"schema":{"@context":"https:\/\/schema.org","@graph":[{"@type":"WebPage","@id":"https:\/\/technofluid.it\/prodotto\/contattore-9a-24-vac-506-codice-telc1d09b7-hp-watermakers\/","url":"https:\/\/technofluid.it\/prodotto\/contattore-9a-24-vac-506-codice-telc1d09b7-hp-watermakers\/","name":"Sch\u00fctz 9A 24 VAC TELC1D09B7 | HP Watermakers","isPartOf":{"@id":"https:\/\/technofluid.it\/#website"},"primaryImageOfPage":{"@id":"https:\/\/technofluid.it\/prodotto\/contattore-9a-24-vac-506-codice-telc1d09b7-hp-watermakers\/#primaryimage"},"image":{"@id":"https:\/\/technofluid.it\/prodotto\/contattore-9a-24-vac-506-codice-telc1d09b7-hp-watermakers\/#primaryimage"},"thumbnailUrl":"https:\/\/technofluid.it\/wp-content\/uploads\/2026\/01\/505-Contattore-9A-24-VAC-506-codice-TELC1D09B7-HP-Watermakers.jpg","datePublished":"2025-10-25T00:00:25+00:00","dateModified":"2026-04-15T08:09:54+00:00","description":"Sch\u00fctz 9A mit Spule 24 VAC, Code TELC1D09B7 (HP Watermakers). Ersatzteil f\u00fcr Schalttafeln und Bordanlagen. Code und 24 VAC \u00fcberpr\u00fcfen.","breadcrumb":{"@id":"https:\/\/technofluid.it\/prodotto\/contattore-9a-24-vac-506-codice-telc1d09b7-hp-watermakers\/#breadcrumb"},"inLanguage":"de","potentialAction":[{"@type":"ReadAction","target":["https:\/\/technofluid.it\/prodotto\/contattore-9a-24-vac-506-codice-telc1d09b7-hp-watermakers\/"]}]},{"@type":"ImageObject","inLanguage":"de","@id":"https:\/\/technofluid.it\/prodotto\/contattore-9a-24-vac-506-codice-telc1d09b7-hp-watermakers\/#primaryimage","url":"https:\/\/technofluid.it\/wp-content\/uploads\/2026\/01\/505-Contattore-9A-24-VAC-506-codice-TELC1D09B7-HP-Watermakers.jpg","contentUrl":"https:\/\/technofluid.it\/wp-content\/uploads\/2026\/01\/505-Contattore-9A-24-VAC-506-codice-TELC1D09B7-HP-Watermakers.jpg","width":800,"height":800,"caption":"Immagine del contattore 9A con specifiche tecniche e collegamenti."},{"@type":"BreadcrumbList","@id":"https:\/\/technofluid.it\/prodotto\/contattore-9a-24-vac-506-codice-telc1d09b7-hp-watermakers\/#breadcrumb","itemListElement":[{"@type":"ListItem","position":1,"name":"Home","item":"https:\/\/technofluid.it\/"},{"@type":"ListItem","position":2,"name":"Shop","item":"https:\/\/technofluid.it\/shop\/"},{"@type":"ListItem","position":3,"name":"Contattore 9A, 24 VAC 50\/6 &ndash; codice: TELC1D09B7 &ndash; HP Watermakers"}]},{"@type":"WebSite","@id":"https:\/\/technofluid.it\/#website","url":"https:\/\/technofluid.it\/","name":"Technofluid S.R.L.","description":"Seit 1999 haben wir uns auf Schiffs-, Sanit\u00e4r-, Zivil- und Industrieanlagen spezialisiert.","publisher":{"@id":"https:\/\/technofluid.it\/#organization"},"potentialAction":[{"@type":"SearchAction","target":{"@type":"EntryPoint","urlTemplate":"https:\/\/technofluid.it\/?s={search_term_string}"},"query-input":{"@type":"PropertyValueSpecification","valueRequired":true,"valueName":"search_term_string"}}],"inLanguage":"de"},{"@type":"Organization","@id":"https:\/\/technofluid.it\/#organization","name":"Technofluid","url":"https:\/\/technofluid.it\/","logo":{"@type":"ImageObject","inLanguage":"de","@id":"https:\/\/technofluid.it\/#\/schema\/logo\/image\/","url":"https:\/\/technofluid.it\/wp-content\/uploads\/2025\/12\/technofluid_bianco-logo.webp","contentUrl":"https:\/\/technofluid.it\/wp-content\/uploads\/2025\/12\/technofluid_bianco-logo.webp","width":350,"height":116,"caption":"Technofluid"},"image":{"@id":"https:\/\/technofluid.it\/#\/schema\/logo\/image\/"},"description":"Die Technofluid S.r.l. wurde 1999 in Barcellona Pozzo di Gotto, in der Provinz Messina, gegr\u00fcndet, mit dem Ziel, ein Bezugspunkt im Bereich der Schiffs-, Hydraulik-, Zivil- und Industrieanlagen zu werden.","email":"info@technofluid.it","telephone":"0907386877","legalName":"Technofluid S.R.L","vatID":"IT03148240835","taxID":"03148240835","ownershipFundingInfo":"https:\/\/technofluid.it\/azienda\/"}]},"product_price_amount":"230.33","product_price_currency":"EUR","og_availability":"instock","product_availability":"instock","product_retailer_item_id":"HP000000028","product_condition":"new"},"_links":{"self":[{"href":"https:\/\/technofluid.it\/de\/wp-json\/wp\/v2\/product\/29549","targetHints":{"allow":["GET"]}}],"collection":[{"href":"https:\/\/technofluid.it\/de\/wp-json\/wp\/v2\/product"}],"about":[{"href":"https:\/\/technofluid.it\/de\/wp-json\/wp\/v2\/types\/product"}],"replies":[{"embeddable":true,"href":"https:\/\/technofluid.it\/de\/wp-json\/wp\/v2\/comments?post=29549"}],"version-history":[{"count":3,"href":"https:\/\/technofluid.it\/de\/wp-json\/wp\/v2\/product\/29549\/revisions"}],"predecessor-version":[{"id":56586,"href":"https:\/\/technofluid.it\/de\/wp-json\/wp\/v2\/product\/29549\/revisions\/56586"}],"wp:featuredmedia":[{"embeddable":true,"href":"https:\/\/technofluid.it\/de\/wp-json\/wp\/v2\/media\/37639"}],"wp:attachment":[{"href":"https:\/\/technofluid.it\/de\/wp-json\/wp\/v2\/media?parent=29549"}],"wp:term":[{"taxonomy":"product_brand","embeddable":true,"href":"https:\/\/technofluid.it\/de\/wp-json\/wp\/v2\/product_brand?post=29549"},{"taxonomy":"product_cat","embeddable":true,"href":"https:\/\/technofluid.it\/de\/wp-json\/wp\/v2\/product_cat?post=29549"},{"taxonomy":"product_tag","embeddable":true,"href":"https:\/\/technofluid.it\/de\/wp-json\/wp\/v2\/product_tag?post=29549"}],"curies":[{"name":"wp","href":"https:\/\/api.w.org\/{rel}","templated":true}]}}