{"id":29546,"date":"2025-10-25T00:00:24","date_gmt":"2025-10-25T00:00:24","guid":{"rendered":"https:\/\/technofluid.it\/prodotto\/coni-ottura-fori-codice-n2808038-trem\/"},"modified":"2026-04-15T10:49:11","modified_gmt":"2026-04-15T09:49:11","slug":"coni-ottura-fori-codice-n2808038-trem","status":"publish","type":"product","link":"https:\/\/technofluid.it\/de\/produkt\/kegelverschluss-locher-code-n2808038-trem\/","title":{"rendered":"Bohrlochkeile \u2013 Code: N2808038 \u2013 Trem"},"content":{"rendered":"<h2>Verschlusskegel f\u00fcr L\u00f6cher Trem \u2013 Code N2808038<\/h2>\n<p>I <strong>Verschlusskegel f\u00fcr L\u00f6cher<\/strong> Trem (Code <strong>N2808038<\/strong>) sind ein praktisches Zubeh\u00f6r, das f\u00fcr Wartungsarbeiten an Bord konzipiert wurde <strong>und f\u00fcr die ordentliche Verwaltung von L\u00f6chern und Durchg\u00e4ngen im Rumpf, in Schotten oder Verkleidungen. Im nautischen Bereich kommt es h\u00e4ufig vor, dass an Anlagen, Zubeh\u00f6r und Komponenten gearbeitet werden muss: Die Verf\u00fcgbarkeit von speziellen Kegeln zum Verschlie\u00dfen hilft, sauberer und kontrollierter zu arbeiten und das Risiko zu verringern, w\u00e4hrend der Montage-, Demontage- oder Pr\u00fcfphasen unkontrollierte \u00d6ffnungen zu hinterlassen.<\/strong> Verschlusskegel f\u00fcr L\u00f6cher.<\/p>\n<h3>Identifikation und Referenzen<\/h3>\n<ul>\n<li><strong>Produkt:<\/strong> Trem \u2013 TR.EM S.R.L \u2013 Trecciatura Emiliana<\/li>\n<li><strong>Lieferantencode:<\/strong> N2808038<\/li>\n<li><strong>Marke \/ Lieferant:<\/strong> Was sie sind und wozu sie dienen<\/li>\n<li><strong>SKU:<\/strong> TREM0000176<\/li>\n<\/ul>\n<h3>Ein Verschlusskegel f\u00fcr L\u00f6cher ist ein Verschlusselement, das dazu gedacht ist, in ein Loch, einen Durchgang oder eine \u00d6ffnung eingesetzt zu werden, mit dem Zweck:<\/h3>\n<p>ein Loch w\u00e4hrend einer Arbeit oder Pr\u00fcfung<\/p>\n<ul>\n<li><strong>zu verschlie\u00dfen;<\/strong> den Eintritt;<\/li>\n<li><strong>von Schmutz und Ablagerungen in einen momentan nicht genutzten Durchgang zu begrenzen;<\/strong> Ordnung zu halten;<\/li>\n<li><strong>und Kontrolle w\u00e4hrend Eingriffen an Anlagen und Zubeh\u00f6r an Bord zu gew\u00e4hrleisten.<\/strong> In nautischen Kontexten, wo der Platz oft begrenzt ist und Arbeiten unter variablen Bedingungen stattfinden k\u00f6nnen, ist ein solches Zubeh\u00f6r n\u00fctzlich, um die w\u00e4hrend der Wartung angetroffenen \u00d6ffnungen praktisch zu verwalten.<\/li>\n<\/ul>\n<p>Die Verschlusskegel f\u00fcr L\u00f6cher werden in verschiedenen Situationen an Bord eingesetzt, vor allem bei Eingriffen an Komponenten und Durchg\u00e4ngen, die Aufmerksamkeit erfordern, um Kontaminationen zu vermeiden oder den Arbeitsbereich sauberer zu halten. Die Anwendungen k\u00f6nnen je nach Konfiguration des Bootes und Art des Eingriffs variieren.<\/p>\n<h2>Typische Anwendungen im nautischen Bereich<\/h2>\n<p>Wartung und Arbeiten an Anlagen.<\/p>\n<h3>Inspektionsarbeiten<\/h3>\n<ul>\n<li><strong>an technischen Durchg\u00e4ngen und L\u00f6chern, mit Bedarf an tempor\u00e4rem Verschluss.<\/strong> Demontage und Wiederzusammenbau.<\/li>\n<li><strong>von Zubeh\u00f6r, wo es n\u00fctzlich sein kann, eine \u00d6ffnung zwischen den Phasen zu sch\u00fctzen.<\/strong> Verwaltung von L\u00f6chern.<\/li>\n<li><strong>in Paneelen oder Schotten w\u00e4hrend routinem\u00e4\u00dfiger Wartungsarbeiten.<\/strong> Obwohl es sich um ein einfaches Zubeh\u00f6r handelt, bieten die Verschlusskegel f\u00fcr L\u00f6cher konkrete Vorteile bei der t\u00e4glichen Wartungsverwaltung an Bord. Das Ziel ist es, die Arbeit ordentlicher und handhabbarer zu machen, besonders wenn in technischen Bereichen oder Zonen gearbeitet wird, in denen es wichtig ist, zu vermeiden, dass R\u00fcckst\u00e4nde und Ablagerungen in Durchg\u00e4nge oder Hohlr\u00e4ume gelangen.<\/li>\n<\/ul>\n<h2>Praktische Vorteile<\/h2>\n<p>Pur essendo un accessorio semplice, i coni ottura fori offrono vantaggi concreti nella gestione quotidiana della manutenzione in barca. L\u2019obiettivo \u00e8 rendere pi\u00f9 ordinato e gestibile il lavoro, soprattutto quando si opera in spazi tecnici o in aree dove \u00e8 importante evitare che residui e detriti entrino in passaggi o cavit\u00e0.<\/p>\n<h3>Warum sie an Bord behalten<\/h3>\n<ul>\n<li><strong>Unterst\u00fctzung bei der Wartung:<\/strong> n\u00fctzlich bei schnellen Eins\u00e4tzen oder l\u00e4ngeren Arbeiten, wenn ein Loch vor\u00fcbergehend verschlossen werden muss.<\/li>\n<li><strong>Mehr operative Ordnung:<\/strong> helfen bei der Verwaltung von \u00d6ffnungen und Durchg\u00e4ngen w\u00e4hrend der Montage-\/Demontagephasen.<\/li>\n<li><strong>f\u00fcr Eigner, die ein konsistentes und einsatzbereites Zubeh\u00f6rset pflegen m\u00f6chten.<\/strong> sofort einsatzbereites Zubeh\u00f6r, geeignet zum Einsetzen und Entfernen bei Bedarf.<\/li>\n<li><strong>Sicherheits-Kit-Ansatz:<\/strong> geh\u00f6ren zu den Artikeln, die die Handhabung von unvorhergesehenen Ereignissen und kleinen Eins\u00e4tzen an Bord erleichtern k\u00f6nnen.<\/li>\n<\/ul>\n<h2>Verwendung und Betriebshinweise<\/h2>\n<p>F\u00fcr eine korrekte Anwendung ist es ratsam, die Art des zu verschlie\u00dfenden Lochs oder Durchgangs zu bewerten und sicherzustellen, dass das Einsetzen ohne \u00fcberm\u00e4\u00dfige Gewalt erfolgt. Im Allgemeinen ist die Verwendung von Lochverschlusskegeln geeignet f\u00fcr <strong>vor\u00fcbergehende Verschl\u00fcsse<\/strong> w\u00e4hrend Arbeiten und Kontrollen.<\/p>\n<h3>Allgemeine Hinweise<\/h3>\n<ul>\n<li><strong>Vorbereitung:<\/strong> wenn m\u00f6glich, reinigen Sie den Bereich um das Loch, um zu vermeiden, dass R\u00fcckst\u00e4nde beim Einsetzen nach innen gezogen werden.<\/li>\n<li><strong>Einsetzen:<\/strong> den Kegel positionieren und schrittweise einsetzen, bis der gew\u00fcnschte Verschluss erreicht ist.<\/li>\n<li><strong>Entfernung:<\/strong> am Ende des Einsatzes vorsichtig herausziehen, um Bewegungen zu vermeiden, die den umliegenden Bereich besch\u00e4digen k\u00f6nnten.<\/li>\n<\/ul>\n<h4>Consiglio per l\u2019acquisto<\/h4>\n<p>Wenn Sie Ihr Wartungsset erstellen oder aktualisieren, sollten Sie in Erw\u00e4gung ziehen, die Lochverschlusskegel mit anderen n\u00fctzlichen Artikeln f\u00fcr Eins\u00e4tze an Bord zu kombinieren (z. B. Schutz- und Durchgangsmanagementzubeh\u00f6r), um eine umfassendere Ausstattung f\u00fcr die Routinearbeiten zu haben.<\/p>\n<h3>FAQ \u2013 H\u00e4ufig gestellte Fragen<\/h3>\n<h4>Wozu dienen die Verschlusskegel f\u00fcr die Trem N2808038?<\/h4>\n<p>Sie dienen dazu, L\u00f6cher und Durchg\u00e4nge w\u00e4hrend Wartungsarbeiten, Montage\/Demontage oder Inspektionen an Bord vor\u00fcbergehend zu verschlie\u00dfen oder zu verwalten und helfen dabei, den Arbeitsbereich ordentlicher zu halten.<\/p>\n<h4>Ist dieser Artikel f\u00fcr den Gebrauch auf dem Boot geeignet?<\/h4>\n<p>Ja, es wird in der Kategorie Bootswartung und Sicherheitskits angeboten und ist als praktisches Zubeh\u00f6r f\u00fcr typische Bordaktivit\u00e4ten und -eins\u00e4tze gedacht.<\/p>\n<h4>Was ist der Produktcode und wie kann ich ihn identifizieren?<\/h4>\n<p>Der Lieferantencode ist N2808038. Auf der Website ist er auch durch die SKU TREM0000176 und die Marke Trem (TR.EM S.R.L \u2013 Trecciatura Emiliana) identifiziert.<\/p>\n<h4>Ist die F\u00fcllung dauerhaft oder vor\u00fcbergehend?<\/h4>\n<p>In Ermangelung spezifischer Anweisungen ist die gebr\u00e4uchlichste Verwendung als tempor\u00e4rer Verschluss w\u00e4hrend Arbeiten und Kontrollen. F\u00fcr besondere Anforderungen ist es ratsam, die Anwendung und die am besten geeignete L\u00f6sung zu bewerten.<\/p>\n<p><script type=\"application\/ld+json\">{\n    \"@context\": \"https:\\\/\\\/schema.org\",\n    \"@type\": \"FAQPage\",\n    \"mainEntity\": [\n        {\n            \"@type\": \"Question\",\n            \"name\": \"A cosa servono i coni ottura fori Trem N2808038?\",\n            \"acceptedAnswer\": {\n                \"@type\": \"Answer\",\n                \"text\": \"Servono a otturare o gestire temporaneamente fori e passaggi durante interventi di manutenzione, montaggio\\\/smontaggio o ispezione a bordo, aiutando a mantenere pi\\u00f9 ordinata l\\u2019area di lavoro.\"\n            }\n        },\n        {\n            \"@type\": \"Question\",\n            \"name\": \"Questo articolo \\u00e8 adatto per l\\u2019uso in barca?\",\n            \"acceptedAnswer\": {\n                \"@type\": \"Answer\",\n                \"text\": \"S\\u00ec, \\u00e8 proposto nella categoria Manutenzione barca e Kit sicurezza ed \\u00e8 pensato come accessorio pratico per attivit\\u00e0 e interventi tipici di bordo.\"\n            }\n        },\n        {\n            \"@type\": \"Question\",\n            \"name\": \"Qual \\u00e8 il codice prodotto e come posso identificarlo?\",\n            \"acceptedAnswer\": {\n                \"@type\": \"Answer\",\n                \"text\": \"Il codice fornitore \\u00e8 N2808038. Sul sito \\u00e8 identificato anche dallo SKU TREM0000176 e dal brand Trem (TR.EM S.R.L - Trecciatura Emiliana).\"\n            }\n        },\n        {\n            \"@type\": \"Question\",\n            \"name\": \"Sono disponibili misure o specifiche tecniche dettagliate?\",\n            \"acceptedAnswer\": {\n                \"@type\": \"Answer\",\n                \"text\": \"Nei dati forniti non sono riportate misure o specifiche tecniche. Per la scelta corretta in base al foro da otturare, \\u00e8 consigliabile fare riferimento al codice N2808038 e verificare l\\u2019applicazione prevista.\"\n            }\n        },\n        {\n            \"@type\": \"Question\",\n            \"name\": \"L\\u2019otturazione \\u00e8 permanente o temporanea?\",\n            \"acceptedAnswer\": {\n                \"@type\": \"Answer\",\n                \"text\": \"In assenza di indicazioni specifiche, l\\u2019uso pi\\u00f9 comune \\u00e8 come chiusura temporanea durante lavorazioni e controlli. Per esigenze particolari \\u00e8 consigliabile valutare l\\u2019applicazione e la soluzione pi\\u00f9 adatta.\"\n            }\n        }\n    ]\n}<\/script><\/p>","protected":false},"excerpt":{"rendered":"<p>I coni ottura fori Trem (codice N2808038) sono un accessorio pratico per la manutenzione in barca e la gestione ordinata di fori e passaggi su pannelli, paratie o aree tecniche. Utili durante fasi di montaggio, smontaggio e ispezione, aiutano a chiudere temporaneamente un\u2019apertura e a mantenere pi\u00f9 pulita l\u2019area di lavoro, riducendo il rischio di lasciare fori non gestiti durante l\u2019intervento. Prodotto identificato da SKU TREM0000176 e fornitore TR.EM S.R.L &#8211; Trecciatura Emiliana. Ideali da inserire nel kit di bordo per interventi rapidi e attivit\u00e0 di manutenzione ordinaria.<\/p>","protected":false},"featured_media":37633,"comment_status":"open","ping_status":"closed","template":"","meta":{"_acf_changed":false,"_monsterinsights_skip_tracking":false,"_monsterinsights_sitenote_active":false,"_monsterinsights_sitenote_note":"","_monsterinsights_sitenote_category":0,"site-sidebar-layout":"default","site-content-layout":"","ast-site-content-layout":"default","site-content-style":"default","site-sidebar-style":"default","ast-global-header-display":"","ast-banner-title-visibility":"","ast-main-header-display":"","ast-hfb-above-header-display":"","ast-hfb-below-header-display":"","ast-hfb-mobile-header-display":"","site-post-title":"","ast-breadcrumbs-content":"","ast-featured-img":"","footer-sml-layout":"","ast-disable-related-posts":"","theme-transparent-header-meta":"default","adv-header-id-meta":"","stick-header-meta":"","header-above-stick-meta":"","header-main-stick-meta":"","header-below-stick-meta":"","astra-migrate-meta-layouts":"set","ast-page-background-enabled":"default","ast-page-background-meta":{"desktop":{"background-color":"var(--ast-global-color-5)","background-image":"","background-repeat":"repeat","background-position":"center center","background-size":"auto","background-attachment":"scroll","background-type":"","background-media":"","overlay-type":"","overlay-color":"","overlay-opacity":"","overlay-gradient":""},"tablet":{"background-color":"","background-image":"","background-repeat":"repeat","background-position":"center center","background-size":"auto","background-attachment":"scroll","background-type":"","background-media":"","overlay-type":"","overlay-color":"","overlay-opacity":"","overlay-gradient":""},"mobile":{"background-color":"","background-image":"","background-repeat":"repeat","background-position":"center center","background-size":"auto","background-attachment":"scroll","background-type":"","background-media":"","overlay-type":"","overlay-color":"","overlay-opacity":"","overlay-gradient":""}},"ast-content-background-meta":{"desktop":{"background-color":"var(--ast-global-color-4)","background-image":"","background-repeat":"repeat","background-position":"center center","background-size":"auto","background-attachment":"scroll","background-type":"","background-media":"","overlay-type":"","overlay-color":"","overlay-opacity":"","overlay-gradient":""},"tablet":{"background-color":"var(--ast-global-color-4)","background-image":"","background-repeat":"repeat","background-position":"center center","background-size":"auto","background-attachment":"scroll","background-type":"","background-media":"","overlay-type":"","overlay-color":"","overlay-opacity":"","overlay-gradient":""},"mobile":{"background-color":"var(--ast-global-color-4)","background-image":"","background-repeat":"repeat","background-position":"center center","background-size":"auto","background-attachment":"scroll","background-type":"","background-media":"","overlay-type":"","overlay-color":"","overlay-opacity":"","overlay-gradient":""}}},"product_brand":[],"product_cat":[159,78],"product_tag":[4326,4327,4328,3344],"class_list":{"0":"post-29546","1":"product","2":"type-product","3":"status-publish","4":"has-post-thumbnail","6":"product_cat-kit-sicurezza","7":"product_cat-manutenzione-barca","8":"product_tag-coni","9":"product_tag-fori","10":"product_tag-ottura","11":"product_tag-trem","12":"pa_supplier-tr-em-s-r-l-trecciatura-emiliana","13":"desktop-align-left","14":"tablet-align-left","15":"mobile-align-left","17":"first","18":"instock","19":"taxable","20":"shipping-taxable","21":"purchasable","22":"product-type-simple"},"acf":[],"yoast_head":"<!-- This site is optimized with the Yoast SEO Premium plugin v26.7 (Yoast SEO v26.9) - https:\/\/yoast.com\/product\/yoast-seo-premium-wordpress\/ -->\n<title>Coni ottura fori Trem N2808038 | Manutenzione barca<\/title>\n<meta name=\"description\" content=\"Coni ottura fori Trem N2808038: accessorio pratico per manutenzione in barca e gestione temporanea di fori e passaggi. SKU TREM0000176.\" \/>\n<meta name=\"robots\" content=\"index, follow, max-snippet:-1, max-image-preview:large, max-video-preview:-1\" \/>\n<link rel=\"canonical\" href=\"https:\/\/technofluid.it\/de\/produkt\/kegelverschluss-locher-code-n2808038-trem\/\" \/>\n<meta property=\"og:locale\" content=\"de_DE\" \/>\n<meta property=\"og:type\" content=\"article\" \/>\n<meta property=\"og:title\" content=\"Coni ottura fori &ndash; codice: N2808038 &ndash; Trem\" \/>\n<meta property=\"og:description\" content=\"Coni ottura fori Trem N2808038: accessorio pratico per manutenzione in barca e gestione temporanea di fori e passaggi. SKU TREM0000176.\" \/>\n<meta property=\"og:url\" content=\"https:\/\/technofluid.it\/de\/produkt\/kegelverschluss-locher-code-n2808038-trem\/\" \/>\n<meta property=\"og:site_name\" content=\"Technofluid\" \/>\n<meta property=\"article:modified_time\" content=\"2026-04-15T09:49:11+00:00\" \/>\n<meta property=\"og:image\" content=\"https:\/\/technofluid.it\/wp-content\/uploads\/2026\/01\/1575-CONI-OTTURA-FORI-CODICE-N2808038-TREM.jpg\" \/>\n\t<meta property=\"og:image:width\" content=\"1200\" \/>\n\t<meta property=\"og:image:height\" content=\"1200\" \/>\n\t<meta property=\"og:image:type\" content=\"image\/jpeg\" \/>\n<meta name=\"twitter:card\" content=\"summary_large_image\" \/>\n<meta name=\"twitter:label1\" content=\"Preis\" \/>\n\t<meta name=\"twitter:data1\" content=\"5,74&nbsp;&euro; Iva esclusa\" \/>\n\t<meta name=\"twitter:label2\" content=\"Verf\u00fcgbarkeit\" \/>\n\t<meta name=\"twitter:data2\" content=\"Auf Lager\" \/>\n<script type=\"application\/ld+json\" class=\"yoast-schema-graph\">{\"@context\":\"https:\/\/schema.org\",\"@graph\":[{\"@type\":\"WebPage\",\"@id\":\"https:\/\/technofluid.it\/prodotto\/coni-ottura-fori-codice-n2808038-trem\/\",\"url\":\"https:\/\/technofluid.it\/prodotto\/coni-ottura-fori-codice-n2808038-trem\/\",\"name\":\"Coni ottura fori Trem N2808038 | Manutenzione barca\",\"isPartOf\":{\"@id\":\"https:\/\/technofluid.it\/#website\"},\"primaryImageOfPage\":{\"@id\":\"https:\/\/technofluid.it\/prodotto\/coni-ottura-fori-codice-n2808038-trem\/#primaryimage\"},\"image\":{\"@id\":\"https:\/\/technofluid.it\/prodotto\/coni-ottura-fori-codice-n2808038-trem\/#primaryimage\"},\"thumbnailUrl\":\"https:\/\/technofluid.it\/wp-content\/uploads\/2026\/01\/1575-CONI-OTTURA-FORI-CODICE-N2808038-TREM.jpg\",\"datePublished\":\"2025-10-25T00:00:24+00:00\",\"dateModified\":\"2026-04-15T09:49:11+00:00\",\"description\":\"Coni ottura fori Trem N2808038: accessorio pratico per manutenzione in barca e gestione temporanea di fori e passaggi. SKU TREM0000176.\",\"breadcrumb\":{\"@id\":\"https:\/\/technofluid.it\/prodotto\/coni-ottura-fori-codice-n2808038-trem\/#breadcrumb\"},\"inLanguage\":\"de\",\"potentialAction\":[{\"@type\":\"ReadAction\",\"target\":[\"https:\/\/technofluid.it\/prodotto\/coni-ottura-fori-codice-n2808038-trem\/\"]}]},{\"@type\":\"ImageObject\",\"inLanguage\":\"de\",\"@id\":\"https:\/\/technofluid.it\/prodotto\/coni-ottura-fori-codice-n2808038-trem\/#primaryimage\",\"url\":\"https:\/\/technofluid.it\/wp-content\/uploads\/2026\/01\/1575-CONI-OTTURA-FORI-CODICE-N2808038-TREM.jpg\",\"contentUrl\":\"https:\/\/technofluid.it\/wp-content\/uploads\/2026\/01\/1575-CONI-OTTURA-FORI-CODICE-N2808038-TREM.jpg\",\"width\":1200,\"height\":1200,\"caption\":\"Coni ottura fori di diverse misure in legno, ideali per lavori di falegnameria e assemblaggi precisi.\"},{\"@type\":\"BreadcrumbList\",\"@id\":\"https:\/\/technofluid.it\/prodotto\/coni-ottura-fori-codice-n2808038-trem\/#breadcrumb\",\"itemListElement\":[{\"@type\":\"ListItem\",\"position\":1,\"name\":\"Home\",\"item\":\"https:\/\/technofluid.it\/\"},{\"@type\":\"ListItem\",\"position\":2,\"name\":\"Shop\",\"item\":\"https:\/\/technofluid.it\/shop\/\"},{\"@type\":\"ListItem\",\"position\":3,\"name\":\"Coni ottura fori &ndash; codice: N2808038 &ndash; Trem\"}]},{\"@type\":\"WebSite\",\"@id\":\"https:\/\/technofluid.it\/#website\",\"url\":\"https:\/\/technofluid.it\/\",\"name\":\"Technofluid S.R.L.\",\"description\":\"Dal 1999 siamo specializzati nell&#039;impiantistica navale, idraulica, civile e industriale\",\"publisher\":{\"@id\":\"https:\/\/technofluid.it\/#organization\"},\"potentialAction\":[{\"@type\":\"SearchAction\",\"target\":{\"@type\":\"EntryPoint\",\"urlTemplate\":\"https:\/\/technofluid.it\/?s={search_term_string}\"},\"query-input\":{\"@type\":\"PropertyValueSpecification\",\"valueRequired\":true,\"valueName\":\"search_term_string\"}}],\"inLanguage\":\"de\"},{\"@type\":\"Organization\",\"@id\":\"https:\/\/technofluid.it\/#organization\",\"name\":\"Technofluid\",\"url\":\"https:\/\/technofluid.it\/\",\"logo\":{\"@type\":\"ImageObject\",\"inLanguage\":\"de\",\"@id\":\"https:\/\/technofluid.it\/#\/schema\/logo\/image\/\",\"url\":\"https:\/\/technofluid.it\/wp-content\/uploads\/2025\/12\/technofluid_bianco-logo.webp\",\"contentUrl\":\"https:\/\/technofluid.it\/wp-content\/uploads\/2025\/12\/technofluid_bianco-logo.webp\",\"width\":350,\"height\":116,\"caption\":\"Technofluid\"},\"image\":{\"@id\":\"https:\/\/technofluid.it\/#\/schema\/logo\/image\/\"},\"description\":\"La Technofluid S.r.l. nasce nel 1999 a Barcellona Pozzo di Gotto, in provincia di Messina, con l\u2019obiettivo di diventare un punto di riferimento nel settore dell\u2019impiantistica navale, idraulica, civile e industriale.\",\"email\":\"info@technofluid.it\",\"telephone\":\"0907386877\",\"legalName\":\"Technofluid S.R.L\",\"vatID\":\"IT03148240835\",\"taxID\":\"03148240835\",\"ownershipFundingInfo\":\"https:\/\/technofluid.it\/azienda\/\"}]}<\/script>\n<meta property=\"product:price:amount\" content=\"5.74\" \/>\n<meta property=\"product:price:currency\" content=\"EUR\" \/>\n<meta property=\"og:availability\" content=\"instock\" \/>\n<meta property=\"product:availability\" content=\"instock\" \/>\n<meta property=\"product:retailer_item_id\" content=\"TREM0000176\" \/>\n<meta property=\"product:condition\" content=\"new\" \/>\n<!-- \/ Yoast SEO Premium plugin. -->","yoast_head_json":{"title":"Konusseal L\u00f6cher Trem N2808038 | Bootswartung","description":"Verschlusskappen f\u00fcr Trem N2808038 L\u00f6cher: praktisches Zubeh\u00f6r f\u00fcr die Wartung auf dem Boot und die vor\u00fcbergehende Verwaltung von L\u00f6chern und Durchl\u00e4ssen. SKU TREM0000176.","robots":{"index":"index","follow":"follow","max-snippet":"max-snippet:-1","max-image-preview":"max-image-preview:large","max-video-preview":"max-video-preview:-1"},"canonical":"https:\/\/technofluid.it\/de\/produkt\/kegelverschluss-locher-code-n2808038-trem\/","og_locale":"de_DE","og_type":"article","og_title":"Coni ottura fori &ndash; codice: N2808038 &ndash; Trem","og_description":"Coni ottura fori Trem N2808038: accessorio pratico per manutenzione in barca e gestione temporanea di fori e passaggi. SKU TREM0000176.","og_url":"https:\/\/technofluid.it\/de\/produkt\/kegelverschluss-locher-code-n2808038-trem\/","og_site_name":"Technofluid","article_modified_time":"2026-04-15T09:49:11+00:00","og_image":[{"width":1200,"height":1200,"url":"https:\/\/technofluid.it\/wp-content\/uploads\/2026\/01\/1575-CONI-OTTURA-FORI-CODICE-N2808038-TREM.jpg","type":"image\/jpeg"}],"twitter_card":"summary_large_image","twitter_misc":{"Preis":"5,74&nbsp;&euro; Iva esclusa","Verf\u00fcgbarkeit":"Auf Lager"},"schema":{"@context":"https:\/\/schema.org","@graph":[{"@type":"WebPage","@id":"https:\/\/technofluid.it\/prodotto\/coni-ottura-fori-codice-n2808038-trem\/","url":"https:\/\/technofluid.it\/prodotto\/coni-ottura-fori-codice-n2808038-trem\/","name":"Konusseal L\u00f6cher Trem N2808038 | Bootswartung","isPartOf":{"@id":"https:\/\/technofluid.it\/#website"},"primaryImageOfPage":{"@id":"https:\/\/technofluid.it\/prodotto\/coni-ottura-fori-codice-n2808038-trem\/#primaryimage"},"image":{"@id":"https:\/\/technofluid.it\/prodotto\/coni-ottura-fori-codice-n2808038-trem\/#primaryimage"},"thumbnailUrl":"https:\/\/technofluid.it\/wp-content\/uploads\/2026\/01\/1575-CONI-OTTURA-FORI-CODICE-N2808038-TREM.jpg","datePublished":"2025-10-25T00:00:24+00:00","dateModified":"2026-04-15T09:49:11+00:00","description":"Verschlusskappen f\u00fcr Trem N2808038 L\u00f6cher: praktisches Zubeh\u00f6r f\u00fcr die Wartung auf dem Boot und die vor\u00fcbergehende Verwaltung von L\u00f6chern und Durchl\u00e4ssen. SKU TREM0000176.","breadcrumb":{"@id":"https:\/\/technofluid.it\/prodotto\/coni-ottura-fori-codice-n2808038-trem\/#breadcrumb"},"inLanguage":"de","potentialAction":[{"@type":"ReadAction","target":["https:\/\/technofluid.it\/prodotto\/coni-ottura-fori-codice-n2808038-trem\/"]}]},{"@type":"ImageObject","inLanguage":"de","@id":"https:\/\/technofluid.it\/prodotto\/coni-ottura-fori-codice-n2808038-trem\/#primaryimage","url":"https:\/\/technofluid.it\/wp-content\/uploads\/2026\/01\/1575-CONI-OTTURA-FORI-CODICE-N2808038-TREM.jpg","contentUrl":"https:\/\/technofluid.it\/wp-content\/uploads\/2026\/01\/1575-CONI-OTTURA-FORI-CODICE-N2808038-TREM.jpg","width":1200,"height":1200,"caption":"Coni ottura fori di diverse misure in legno, ideali per lavori di falegnameria e assemblaggi precisi."},{"@type":"BreadcrumbList","@id":"https:\/\/technofluid.it\/prodotto\/coni-ottura-fori-codice-n2808038-trem\/#breadcrumb","itemListElement":[{"@type":"ListItem","position":1,"name":"Home","item":"https:\/\/technofluid.it\/"},{"@type":"ListItem","position":2,"name":"Shop","item":"https:\/\/technofluid.it\/shop\/"},{"@type":"ListItem","position":3,"name":"Coni ottura fori &ndash; codice: N2808038 &ndash; Trem"}]},{"@type":"WebSite","@id":"https:\/\/technofluid.it\/#website","url":"https:\/\/technofluid.it\/","name":"Technofluid S.R.L.","description":"Seit 1999 haben wir uns auf Schiffs-, Sanit\u00e4r-, Zivil- und Industrieanlagen spezialisiert.","publisher":{"@id":"https:\/\/technofluid.it\/#organization"},"potentialAction":[{"@type":"SearchAction","target":{"@type":"EntryPoint","urlTemplate":"https:\/\/technofluid.it\/?s={search_term_string}"},"query-input":{"@type":"PropertyValueSpecification","valueRequired":true,"valueName":"search_term_string"}}],"inLanguage":"de"},{"@type":"Organization","@id":"https:\/\/technofluid.it\/#organization","name":"Technofluid","url":"https:\/\/technofluid.it\/","logo":{"@type":"ImageObject","inLanguage":"de","@id":"https:\/\/technofluid.it\/#\/schema\/logo\/image\/","url":"https:\/\/technofluid.it\/wp-content\/uploads\/2025\/12\/technofluid_bianco-logo.webp","contentUrl":"https:\/\/technofluid.it\/wp-content\/uploads\/2025\/12\/technofluid_bianco-logo.webp","width":350,"height":116,"caption":"Technofluid"},"image":{"@id":"https:\/\/technofluid.it\/#\/schema\/logo\/image\/"},"description":"Die Technofluid S.r.l. wurde 1999 in Barcellona Pozzo di Gotto, in der Provinz Messina, gegr\u00fcndet, mit dem Ziel, ein Bezugspunkt im Bereich der Schiffs-, Hydraulik-, Zivil- und Industrieanlagen zu werden.","email":"info@technofluid.it","telephone":"0907386877","legalName":"Technofluid S.R.L","vatID":"IT03148240835","taxID":"03148240835","ownershipFundingInfo":"https:\/\/technofluid.it\/azienda\/"}]},"product_price_amount":"5.74","product_price_currency":"EUR","og_availability":"instock","product_availability":"instock","product_retailer_item_id":"TREM0000176","product_condition":"new"},"_links":{"self":[{"href":"https:\/\/technofluid.it\/de\/wp-json\/wp\/v2\/product\/29546","targetHints":{"allow":["GET"]}}],"collection":[{"href":"https:\/\/technofluid.it\/de\/wp-json\/wp\/v2\/product"}],"about":[{"href":"https:\/\/technofluid.it\/de\/wp-json\/wp\/v2\/types\/product"}],"replies":[{"embeddable":true,"href":"https:\/\/technofluid.it\/de\/wp-json\/wp\/v2\/comments?post=29546"}],"version-history":[{"count":3,"href":"https:\/\/technofluid.it\/de\/wp-json\/wp\/v2\/product\/29546\/revisions"}],"predecessor-version":[{"id":56442,"href":"https:\/\/technofluid.it\/de\/wp-json\/wp\/v2\/product\/29546\/revisions\/56442"}],"wp:featuredmedia":[{"embeddable":true,"href":"https:\/\/technofluid.it\/de\/wp-json\/wp\/v2\/media\/37633"}],"wp:attachment":[{"href":"https:\/\/technofluid.it\/de\/wp-json\/wp\/v2\/media?parent=29546"}],"wp:term":[{"taxonomy":"product_brand","embeddable":true,"href":"https:\/\/technofluid.it\/de\/wp-json\/wp\/v2\/product_brand?post=29546"},{"taxonomy":"product_cat","embeddable":true,"href":"https:\/\/technofluid.it\/de\/wp-json\/wp\/v2\/product_cat?post=29546"},{"taxonomy":"product_tag","embeddable":true,"href":"https:\/\/technofluid.it\/de\/wp-json\/wp\/v2\/product_tag?post=29546"}],"curies":[{"name":"wp","href":"https:\/\/api.w.org\/{rel}","templated":true}]}}