{"id":29347,"date":"2025-10-25T01:00:02","date_gmt":"2025-10-25T00:00:02","guid":{"rendered":"https:\/\/technofluid.it\/prodotto\/cappuccio-terminale-inox-30-mm-codice-46-761-03-osculati\/"},"modified":"2026-03-27T15:20:06","modified_gmt":"2026-03-27T14:20:06","slug":"cappuccio-terminale-inox-30-mm-codice-46-761-03-osculati","status":"publish","type":"product","link":"https:\/\/technofluid.it\/de\/produkt\/endkappe-aus-edelstahl-30-mm-code-46-761-03-osculati-2\/","title":{"rendered":"Endkappe aus Edelstahl 30 mm - Code: 46.761.03 - Osculati"},"content":{"rendered":"<p>Endkappe aus Edelstahl 30 mm - Code: 46.761.03 - Osculati<\/p>","protected":false},"excerpt":{"rendered":"<p>Der <strong>Edelstahl-Endkappe 30 mm<\/strong> Osculati (Code <strong>46.761.03<\/strong>) ist ein Abschlusszubeh\u00f6r f\u00fcr nautische Anwendungen, gedacht zum Verschlie\u00dfen und Veredeln von Enden kompatibler Komponenten im Bereich <strong>Markisen und Deckszubeh\u00f6r<\/strong>. hergestellt aus <strong>Edelstahl<\/strong>, l\u00e4sst sich leicht mit der typischen Bordbeschl\u00e4ge integrieren und tr\u00e4gt zu einem ordentlicheren Ergebnis bei Installationen und Wartungsarbeiten bei. Ideal als Ersatzteil oder zur Vervollst\u00e4ndigung einer Ausstattung, ist es eindeutig \u00fcber den Produktcode identifizierbar, n\u00fctzlich f\u00fcr Nachbestellungen und Materialverwaltung. \u00dcberpr\u00fcfen Sie vor der Installation stets die Nennma\u00dfangabe, um eine korrekte Passung sicherzustellen.<\/p>","protected":false},"featured_media":37163,"comment_status":"open","ping_status":"closed","template":"","meta":{"_acf_changed":false,"_monsterinsights_skip_tracking":false,"_monsterinsights_sitenote_active":false,"_monsterinsights_sitenote_note":"","_monsterinsights_sitenote_category":0,"site-sidebar-layout":"default","site-content-layout":"","ast-site-content-layout":"default","site-content-style":"default","site-sidebar-style":"default","ast-global-header-display":"","ast-banner-title-visibility":"","ast-main-header-display":"","ast-hfb-above-header-display":"","ast-hfb-below-header-display":"","ast-hfb-mobile-header-display":"","site-post-title":"","ast-breadcrumbs-content":"","ast-featured-img":"","footer-sml-layout":"","ast-disable-related-posts":"","theme-transparent-header-meta":"default","adv-header-id-meta":"","stick-header-meta":"","header-above-stick-meta":"","header-main-stick-meta":"","header-below-stick-meta":"","astra-migrate-meta-layouts":"set","ast-page-background-enabled":"default","ast-page-background-meta":{"desktop":{"background-color":"var(--ast-global-color-5)","background-image":"","background-repeat":"repeat","background-position":"center center","background-size":"auto","background-attachment":"scroll","background-type":"","background-media":"","overlay-type":"","overlay-color":"","overlay-opacity":"","overlay-gradient":""},"tablet":{"background-color":"","background-image":"","background-repeat":"repeat","background-position":"center center","background-size":"auto","background-attachment":"scroll","background-type":"","background-media":"","overlay-type":"","overlay-color":"","overlay-opacity":"","overlay-gradient":""},"mobile":{"background-color":"","background-image":"","background-repeat":"repeat","background-position":"center center","background-size":"auto","background-attachment":"scroll","background-type":"","background-media":"","overlay-type":"","overlay-color":"","overlay-opacity":"","overlay-gradient":""}},"ast-content-background-meta":{"desktop":{"background-color":"var(--ast-global-color-4)","background-image":"","background-repeat":"repeat","background-position":"center center","background-size":"auto","background-attachment":"scroll","background-type":"","background-media":"","overlay-type":"","overlay-color":"","overlay-opacity":"","overlay-gradient":""},"tablet":{"background-color":"var(--ast-global-color-4)","background-image":"","background-repeat":"repeat","background-position":"center center","background-size":"auto","background-attachment":"scroll","background-type":"","background-media":"","overlay-type":"","overlay-color":"","overlay-opacity":"","overlay-gradient":""},"mobile":{"background-color":"var(--ast-global-color-4)","background-image":"","background-repeat":"repeat","background-position":"center center","background-size":"auto","background-attachment":"scroll","background-type":"","background-media":"","overlay-type":"","overlay-color":"","overlay-opacity":"","overlay-gradient":""}}},"product_brand":[],"product_cat":[176,177],"product_tag":[3311,3820,3791,3821,3132,3053,3817],"class_list":{"0":"post-29347","1":"product","2":"type-product","3":"status-publish","4":"has-post-thumbnail","6":"product_cat-attrezzatura-di-coperta","7":"product_cat-tendalini-e-accessori","8":"product_tag-30mm","9":"product_tag-46-761-03","10":"product_tag-cappuccio","11":"product_tag-cappuccio-terminale-inox-30-mm","12":"product_tag-inox","13":"product_tag-osculati","14":"product_tag-terminale","15":"pa_supplier-osculati-s-r-l","16":"desktop-align-left","17":"tablet-align-left","18":"mobile-align-left","20":"first","21":"instock","22":"taxable","23":"shipping-taxable","24":"purchasable","25":"product-type-simple"},"acf":[],"yoast_head":"<!-- This site is optimized with the Yoast SEO Premium plugin v26.7 (Yoast SEO v26.9) - https:\/\/yoast.com\/product\/yoast-seo-premium-wordpress\/ -->\n<title>Cappuccio terminale inox 30 mm Osculati 46.761.03<\/title>\n<meta name=\"description\" content=\"Cappuccio terminale inox 30 mm Osculati, codice 46.761.03. Accessorio per tendalini e attrezzatura di coperta, ideale per finiture e ricambi.\" \/>\n<meta name=\"robots\" content=\"index, follow, max-snippet:-1, max-image-preview:large, max-video-preview:-1\" \/>\n<link rel=\"canonical\" href=\"https:\/\/technofluid.it\/de\/produkt\/endkappe-aus-edelstahl-30-mm-code-46-761-03-osculati-2\/\" \/>\n<meta property=\"og:locale\" content=\"de_DE\" \/>\n<meta property=\"og:type\" content=\"article\" \/>\n<meta property=\"og:title\" content=\"Cappuccio terminale inox 30 mm - codice: 46.761.03 - Osculati\" \/>\n<meta property=\"og:description\" content=\"Cappuccio terminale inox 30 mm Osculati, codice 46.761.03. Accessorio per tendalini e attrezzatura di coperta, ideale per finiture e ricambi.\" \/>\n<meta property=\"og:url\" content=\"https:\/\/technofluid.it\/de\/produkt\/endkappe-aus-edelstahl-30-mm-code-46-761-03-osculati-2\/\" \/>\n<meta property=\"og:site_name\" content=\"Technofluid\" \/>\n<meta property=\"article:modified_time\" content=\"2026-03-27T14:20:06+00:00\" \/>\n<meta property=\"og:image\" content=\"https:\/\/technofluid.it\/wp-content\/uploads\/2026\/01\/2559-Cappuccio-terminale-inox-30-mm-codice-46.761.03-Osculati.jpg\" \/>\n\t<meta property=\"og:image:width\" content=\"300\" \/>\n\t<meta property=\"og:image:height\" content=\"300\" \/>\n\t<meta property=\"og:image:type\" content=\"image\/jpeg\" \/>\n<meta name=\"twitter:card\" content=\"summary_large_image\" \/>\n<meta name=\"twitter:label1\" content=\"Preis\" \/>\n\t<meta name=\"twitter:data1\" content=\"8,44&nbsp;&euro; Iva esclusa\" \/>\n\t<meta name=\"twitter:label2\" content=\"Verf\u00fcgbarkeit\" \/>\n\t<meta name=\"twitter:data2\" content=\"Auf Lager\" \/>\n<script type=\"application\/ld+json\" class=\"yoast-schema-graph\">{\"@context\":\"https:\/\/schema.org\",\"@graph\":[{\"@type\":\"WebPage\",\"@id\":\"https:\/\/technofluid.it\/prodotto\/cappuccio-terminale-inox-30-mm-codice-46-761-03-osculati\/\",\"url\":\"https:\/\/technofluid.it\/prodotto\/cappuccio-terminale-inox-30-mm-codice-46-761-03-osculati\/\",\"name\":\"Cappuccio terminale inox 30 mm Osculati 46.761.03\",\"isPartOf\":{\"@id\":\"https:\/\/technofluid.it\/#website\"},\"primaryImageOfPage\":{\"@id\":\"https:\/\/technofluid.it\/prodotto\/cappuccio-terminale-inox-30-mm-codice-46-761-03-osculati\/#primaryimage\"},\"image\":{\"@id\":\"https:\/\/technofluid.it\/prodotto\/cappuccio-terminale-inox-30-mm-codice-46-761-03-osculati\/#primaryimage\"},\"thumbnailUrl\":\"https:\/\/technofluid.it\/wp-content\/uploads\/2026\/01\/2559-Cappuccio-terminale-inox-30-mm-codice-46.761.03-Osculati.jpg\",\"datePublished\":\"2025-10-25T00:00:02+00:00\",\"dateModified\":\"2026-03-27T14:20:06+00:00\",\"description\":\"Cappuccio terminale inox 30 mm Osculati, codice 46.761.03. Accessorio per tendalini e attrezzatura di coperta, ideale per finiture e ricambi.\",\"breadcrumb\":{\"@id\":\"https:\/\/technofluid.it\/prodotto\/cappuccio-terminale-inox-30-mm-codice-46-761-03-osculati\/#breadcrumb\"},\"inLanguage\":\"de\",\"potentialAction\":[{\"@type\":\"ReadAction\",\"target\":[\"https:\/\/technofluid.it\/prodotto\/cappuccio-terminale-inox-30-mm-codice-46-761-03-osculati\/\"]}]},{\"@type\":\"ImageObject\",\"inLanguage\":\"de\",\"@id\":\"https:\/\/technofluid.it\/prodotto\/cappuccio-terminale-inox-30-mm-codice-46-761-03-osculati\/#primaryimage\",\"url\":\"https:\/\/technofluid.it\/wp-content\/uploads\/2026\/01\/2559-Cappuccio-terminale-inox-30-mm-codice-46.761.03-Osculati.jpg\",\"contentUrl\":\"https:\/\/technofluid.it\/wp-content\/uploads\/2026\/01\/2559-Cappuccio-terminale-inox-30-mm-codice-46.761.03-Osculati.jpg\",\"width\":300,\"height\":300,\"caption\":\"Particolare in acciaio inox per terminale di tubazioni, ideale per applicazioni marine.\"},{\"@type\":\"BreadcrumbList\",\"@id\":\"https:\/\/technofluid.it\/prodotto\/cappuccio-terminale-inox-30-mm-codice-46-761-03-osculati\/#breadcrumb\",\"itemListElement\":[{\"@type\":\"ListItem\",\"position\":1,\"name\":\"Home\",\"item\":\"https:\/\/technofluid.it\/\"},{\"@type\":\"ListItem\",\"position\":2,\"name\":\"Shop\",\"item\":\"https:\/\/technofluid.it\/shop\/\"},{\"@type\":\"ListItem\",\"position\":3,\"name\":\"Cappuccio terminale inox 30 mm &#8211; codice: 46.761.03 &#8211; Osculati\"}]},{\"@type\":\"WebSite\",\"@id\":\"https:\/\/technofluid.it\/#website\",\"url\":\"https:\/\/technofluid.it\/\",\"name\":\"Technofluid S.R.L.\",\"description\":\"Dal 1999 siamo specializzati nell&#039;impiantistica navale, idraulica, civile e industriale\",\"publisher\":{\"@id\":\"https:\/\/technofluid.it\/#organization\"},\"potentialAction\":[{\"@type\":\"SearchAction\",\"target\":{\"@type\":\"EntryPoint\",\"urlTemplate\":\"https:\/\/technofluid.it\/?s={search_term_string}\"},\"query-input\":{\"@type\":\"PropertyValueSpecification\",\"valueRequired\":true,\"valueName\":\"search_term_string\"}}],\"inLanguage\":\"de\"},{\"@type\":\"Organization\",\"@id\":\"https:\/\/technofluid.it\/#organization\",\"name\":\"Technofluid\",\"url\":\"https:\/\/technofluid.it\/\",\"logo\":{\"@type\":\"ImageObject\",\"inLanguage\":\"de\",\"@id\":\"https:\/\/technofluid.it\/#\/schema\/logo\/image\/\",\"url\":\"https:\/\/technofluid.it\/wp-content\/uploads\/2025\/12\/technofluid_bianco-logo.webp\",\"contentUrl\":\"https:\/\/technofluid.it\/wp-content\/uploads\/2025\/12\/technofluid_bianco-logo.webp\",\"width\":350,\"height\":116,\"caption\":\"Technofluid\"},\"image\":{\"@id\":\"https:\/\/technofluid.it\/#\/schema\/logo\/image\/\"},\"description\":\"La Technofluid S.r.l. nasce nel 1999 a Barcellona Pozzo di Gotto, in provincia di Messina, con l\u2019obiettivo di diventare un punto di riferimento nel settore dell\u2019impiantistica navale, idraulica, civile e industriale.\",\"email\":\"info@technofluid.it\",\"telephone\":\"0907386877\",\"legalName\":\"Technofluid S.R.L\",\"vatID\":\"IT03148240835\",\"taxID\":\"03148240835\",\"ownershipFundingInfo\":\"https:\/\/technofluid.it\/azienda\/\"}]}<\/script>\n<meta property=\"product:price:amount\" content=\"8.44\" \/>\n<meta property=\"product:price:currency\" content=\"EUR\" \/>\n<meta property=\"og:availability\" content=\"instock\" \/>\n<meta property=\"product:availability\" content=\"instock\" \/>\n<meta property=\"product:retailer_item_id\" content=\"OSCU00000815\" \/>\n<meta property=\"product:condition\" content=\"new\" \/>\n<!-- \/ Yoast SEO Premium plugin. -->","yoast_head_json":{"title":"Edelstahl-Endkappe 30 mm Osculati 46.761.03","description":"Edelstahl-Endkappe 30 mm Osculati, Code 46.761.03. Zubeh\u00f6r f\u00fcr Sonnensegel und Decksausr\u00fcstung, ideal f\u00fcr Veredelungen und Ersatzteile.","robots":{"index":"index","follow":"follow","max-snippet":"max-snippet:-1","max-image-preview":"max-image-preview:large","max-video-preview":"max-video-preview:-1"},"canonical":"https:\/\/technofluid.it\/de\/produkt\/endkappe-aus-edelstahl-30-mm-code-46-761-03-osculati-2\/","og_locale":"de_DE","og_type":"article","og_title":"Cappuccio terminale inox 30 mm - codice: 46.761.03 - Osculati","og_description":"Cappuccio terminale inox 30 mm Osculati, codice 46.761.03. Accessorio per tendalini e attrezzatura di coperta, ideale per finiture e ricambi.","og_url":"https:\/\/technofluid.it\/de\/produkt\/endkappe-aus-edelstahl-30-mm-code-46-761-03-osculati-2\/","og_site_name":"Technofluid","article_modified_time":"2026-03-27T14:20:06+00:00","og_image":[{"width":300,"height":300,"url":"https:\/\/technofluid.it\/wp-content\/uploads\/2026\/01\/2559-Cappuccio-terminale-inox-30-mm-codice-46.761.03-Osculati.jpg","type":"image\/jpeg"}],"twitter_card":"summary_large_image","twitter_misc":{"Preis":"8,44&nbsp;&euro; Iva esclusa","Verf\u00fcgbarkeit":"Auf Lager"},"schema":{"@context":"https:\/\/schema.org","@graph":[{"@type":"WebPage","@id":"https:\/\/technofluid.it\/prodotto\/cappuccio-terminale-inox-30-mm-codice-46-761-03-osculati\/","url":"https:\/\/technofluid.it\/prodotto\/cappuccio-terminale-inox-30-mm-codice-46-761-03-osculati\/","name":"Edelstahl-Endkappe 30 mm Osculati 46.761.03","isPartOf":{"@id":"https:\/\/technofluid.it\/#website"},"primaryImageOfPage":{"@id":"https:\/\/technofluid.it\/prodotto\/cappuccio-terminale-inox-30-mm-codice-46-761-03-osculati\/#primaryimage"},"image":{"@id":"https:\/\/technofluid.it\/prodotto\/cappuccio-terminale-inox-30-mm-codice-46-761-03-osculati\/#primaryimage"},"thumbnailUrl":"https:\/\/technofluid.it\/wp-content\/uploads\/2026\/01\/2559-Cappuccio-terminale-inox-30-mm-codice-46.761.03-Osculati.jpg","datePublished":"2025-10-25T00:00:02+00:00","dateModified":"2026-03-27T14:20:06+00:00","description":"Edelstahl-Endkappe 30 mm Osculati, Code 46.761.03. Zubeh\u00f6r f\u00fcr Sonnensegel und Decksausr\u00fcstung, ideal f\u00fcr Veredelungen und Ersatzteile.","breadcrumb":{"@id":"https:\/\/technofluid.it\/prodotto\/cappuccio-terminale-inox-30-mm-codice-46-761-03-osculati\/#breadcrumb"},"inLanguage":"de","potentialAction":[{"@type":"ReadAction","target":["https:\/\/technofluid.it\/prodotto\/cappuccio-terminale-inox-30-mm-codice-46-761-03-osculati\/"]}]},{"@type":"ImageObject","inLanguage":"de","@id":"https:\/\/technofluid.it\/prodotto\/cappuccio-terminale-inox-30-mm-codice-46-761-03-osculati\/#primaryimage","url":"https:\/\/technofluid.it\/wp-content\/uploads\/2026\/01\/2559-Cappuccio-terminale-inox-30-mm-codice-46.761.03-Osculati.jpg","contentUrl":"https:\/\/technofluid.it\/wp-content\/uploads\/2026\/01\/2559-Cappuccio-terminale-inox-30-mm-codice-46.761.03-Osculati.jpg","width":300,"height":300,"caption":"Particolare in acciaio inox per terminale di tubazioni, ideale per applicazioni marine."},{"@type":"BreadcrumbList","@id":"https:\/\/technofluid.it\/prodotto\/cappuccio-terminale-inox-30-mm-codice-46-761-03-osculati\/#breadcrumb","itemListElement":[{"@type":"ListItem","position":1,"name":"Home","item":"https:\/\/technofluid.it\/"},{"@type":"ListItem","position":2,"name":"Shop","item":"https:\/\/technofluid.it\/shop\/"},{"@type":"ListItem","position":3,"name":"Cappuccio terminale inox 30 mm &#8211; codice: 46.761.03 &#8211; Osculati"}]},{"@type":"WebSite","@id":"https:\/\/technofluid.it\/#website","url":"https:\/\/technofluid.it\/","name":"Technofluid S.R.L.","description":"Seit 1999 haben wir uns auf Schiffs-, Sanit\u00e4r-, Zivil- und Industrieanlagen spezialisiert.","publisher":{"@id":"https:\/\/technofluid.it\/#organization"},"potentialAction":[{"@type":"SearchAction","target":{"@type":"EntryPoint","urlTemplate":"https:\/\/technofluid.it\/?s={search_term_string}"},"query-input":{"@type":"PropertyValueSpecification","valueRequired":true,"valueName":"search_term_string"}}],"inLanguage":"de"},{"@type":"Organization","@id":"https:\/\/technofluid.it\/#organization","name":"Technofluid","url":"https:\/\/technofluid.it\/","logo":{"@type":"ImageObject","inLanguage":"de","@id":"https:\/\/technofluid.it\/#\/schema\/logo\/image\/","url":"https:\/\/technofluid.it\/wp-content\/uploads\/2025\/12\/technofluid_bianco-logo.webp","contentUrl":"https:\/\/technofluid.it\/wp-content\/uploads\/2025\/12\/technofluid_bianco-logo.webp","width":350,"height":116,"caption":"Technofluid"},"image":{"@id":"https:\/\/technofluid.it\/#\/schema\/logo\/image\/"},"description":"Die Technofluid S.r.l. wurde 1999 in Barcellona Pozzo di Gotto, in der Provinz Messina, gegr\u00fcndet, mit dem Ziel, ein Bezugspunkt im Bereich der Schiffs-, Hydraulik-, Zivil- und Industrieanlagen zu werden.","email":"info@technofluid.it","telephone":"0907386877","legalName":"Technofluid S.R.L","vatID":"IT03148240835","taxID":"03148240835","ownershipFundingInfo":"https:\/\/technofluid.it\/azienda\/"}]},"product_price_amount":"8.44","product_price_currency":"EUR","og_availability":"instock","product_availability":"instock","product_retailer_item_id":"OSCU00000815","product_condition":"new"},"_links":{"self":[{"href":"https:\/\/technofluid.it\/de\/wp-json\/wp\/v2\/product\/29347","targetHints":{"allow":["GET"]}}],"collection":[{"href":"https:\/\/technofluid.it\/de\/wp-json\/wp\/v2\/product"}],"about":[{"href":"https:\/\/technofluid.it\/de\/wp-json\/wp\/v2\/types\/product"}],"replies":[{"embeddable":true,"href":"https:\/\/technofluid.it\/de\/wp-json\/wp\/v2\/comments?post=29347"}],"version-history":[{"count":4,"href":"https:\/\/technofluid.it\/de\/wp-json\/wp\/v2\/product\/29347\/revisions"}],"predecessor-version":[{"id":56784,"href":"https:\/\/technofluid.it\/de\/wp-json\/wp\/v2\/product\/29347\/revisions\/56784"}],"wp:featuredmedia":[{"embeddable":true,"href":"https:\/\/technofluid.it\/de\/wp-json\/wp\/v2\/media\/37163"}],"wp:attachment":[{"href":"https:\/\/technofluid.it\/de\/wp-json\/wp\/v2\/media?parent=29347"}],"wp:term":[{"taxonomy":"product_brand","embeddable":true,"href":"https:\/\/technofluid.it\/de\/wp-json\/wp\/v2\/product_brand?post=29347"},{"taxonomy":"product_cat","embeddable":true,"href":"https:\/\/technofluid.it\/de\/wp-json\/wp\/v2\/product_cat?post=29347"},{"taxonomy":"product_tag","embeddable":true,"href":"https:\/\/technofluid.it\/de\/wp-json\/wp\/v2\/product_tag?post=29347"}],"curies":[{"name":"wp","href":"https:\/\/api.w.org\/{rel}","templated":true}]}}