{"id":29225,"date":"2025-10-24T23:59:34","date_gmt":"2025-10-24T23:59:34","guid":{"rendered":"https:\/\/technofluid.it\/prodotto\/bascule-targhetta-v-flap-policarbonato-metallizato-nichel-codice-14-194-04-osculati\/"},"modified":"2026-04-15T08:54:15","modified_gmt":"2026-04-15T07:54:15","slug":"bascule-targhetta-v-flap-policarbonato-metallizzato-nichel-codice-14-194-04-osculati","status":"publish","type":"product","link":"https:\/\/technofluid.it\/de\/produkt\/wippschalter-schild-v-flap-polycarbonat-metallisiert-nickel-code-14-194-04-osculati\/","title":{"rendered":"Wippschalter V-Label Flap Polycarbonat metallisiert Nickel \u2013 Code: 14.194.04 \u2013 Osculati"},"content":{"rendered":"<p>Wippschalter V-Label Flap Polycarbonat metallisiert Nickel \u2013 Code: 14.194.04 \u2013 Osculati<\/p>","protected":false},"excerpt":{"rendered":"<p>V-Klappschild Osculati aus Polycarbonat mit nickelmetallischer Oberfl\u00e4che, entwickelt zur Verbesserung der Ordnung und Erkennbarkeit der Bedienelemente auf Armaturenbrettern und Bordpanelen. Das integrierte Schild hilft bei der Identifikation der Funktionen und ist sowohl bei Neuausstattungen als auch bei Nachr\u00fcstungen und Wartungsarbeiten n\u00fctzlich. Ideal f\u00fcr alle, die ein technisches und stimmiges Finish-Zubeh\u00f6r in Nickel-Ton suchen. Produktreferenz: Osculati-Code 14.194.04 (SKU OSCU00000272).<\/p>","protected":false},"featured_media":36894,"comment_status":"open","ping_status":"closed","template":"","meta":{"_acf_changed":false,"_monsterinsights_skip_tracking":false,"_monsterinsights_sitenote_active":false,"_monsterinsights_sitenote_note":"","_monsterinsights_sitenote_category":0,"site-sidebar-layout":"default","site-content-layout":"","ast-site-content-layout":"default","site-content-style":"default","site-sidebar-style":"default","ast-global-header-display":"","ast-banner-title-visibility":"","ast-main-header-display":"","ast-hfb-above-header-display":"","ast-hfb-below-header-display":"","ast-hfb-mobile-header-display":"","site-post-title":"","ast-breadcrumbs-content":"","ast-featured-img":"","footer-sml-layout":"","ast-disable-related-posts":"","theme-transparent-header-meta":"default","adv-header-id-meta":"","stick-header-meta":"","header-above-stick-meta":"","header-main-stick-meta":"","header-below-stick-meta":"","astra-migrate-meta-layouts":"set","ast-page-background-enabled":"default","ast-page-background-meta":{"desktop":{"background-color":"var(--ast-global-color-5)","background-image":"","background-repeat":"repeat","background-position":"center center","background-size":"auto","background-attachment":"scroll","background-type":"","background-media":"","overlay-type":"","overlay-color":"","overlay-opacity":"","overlay-gradient":""},"tablet":{"background-color":"","background-image":"","background-repeat":"repeat","background-position":"center center","background-size":"auto","background-attachment":"scroll","background-type":"","background-media":"","overlay-type":"","overlay-color":"","overlay-opacity":"","overlay-gradient":""},"mobile":{"background-color":"","background-image":"","background-repeat":"repeat","background-position":"center center","background-size":"auto","background-attachment":"scroll","background-type":"","background-media":"","overlay-type":"","overlay-color":"","overlay-opacity":"","overlay-gradient":""}},"ast-content-background-meta":{"desktop":{"background-color":"var(--ast-global-color-4)","background-image":"","background-repeat":"repeat","background-position":"center center","background-size":"auto","background-attachment":"scroll","background-type":"","background-media":"","overlay-type":"","overlay-color":"","overlay-opacity":"","overlay-gradient":""},"tablet":{"background-color":"var(--ast-global-color-4)","background-image":"","background-repeat":"repeat","background-position":"center center","background-size":"auto","background-attachment":"scroll","background-type":"","background-media":"","overlay-type":"","overlay-color":"","overlay-opacity":"","overlay-gradient":""},"mobile":{"background-color":"var(--ast-global-color-4)","background-image":"","background-repeat":"repeat","background-position":"center center","background-size":"auto","background-attachment":"scroll","background-type":"","background-media":"","overlay-type":"","overlay-color":"","overlay-opacity":"","overlay-gradient":""}}},"product_brand":[],"product_cat":[251,101],"product_tag":[3493,3467,3494,3495,3496,3497,3053,3472,3473,3498],"class_list":{"0":"post-29225","1":"product","2":"type-product","3":"status-publish","4":"has-post-thumbnail","6":"product_cat-accessori-barca","7":"product_cat-arredo-e-comfort","8":"product_tag-14-194-04","9":"product_tag-bascule","10":"product_tag-bascule-targhetta-v-flap-policar","11":"product_tag-flap","12":"product_tag-metalizzato","13":"product_tag-nichel","14":"product_tag-osculati","15":"product_tag-policarbonato","16":"product_tag-targhetta","17":"product_tag-v","18":"pa_supplier-osculati-s-r-l","19":"desktop-align-left","20":"tablet-align-left","21":"mobile-align-left","23":"first","24":"instock","25":"taxable","26":"shipping-taxable","27":"purchasable","28":"product-type-simple"},"acf":[],"yoast_head":"<!-- This site is optimized with the Yoast SEO Premium plugin v26.7 (Yoast SEO v26.9) - https:\/\/yoast.com\/product\/yoast-seo-premium-wordpress\/ -->\n<title>Bascule targhetta V flap nichel Osculati 14.194.04<\/title>\n<meta name=\"description\" content=\"Bascule targhetta V flap in policarbonato metalizzato nichel Osculati. Accessorio per plance e pannelli di bordo. Codice 14.194.04.\" \/>\n<meta name=\"robots\" content=\"index, follow, max-snippet:-1, max-image-preview:large, max-video-preview:-1\" \/>\n<link rel=\"canonical\" href=\"https:\/\/technofluid.it\/de\/produkt\/wippschalter-schild-v-flap-polycarbonat-metallisiert-nickel-code-14-194-04-osculati\/\" \/>\n<meta property=\"og:locale\" content=\"de_DE\" \/>\n<meta property=\"og:type\" content=\"article\" \/>\n<meta property=\"og:title\" content=\"Bascule targhetta V flap policarbonato metallizzato nichel - codice: 14.194.04 - Osculati\" \/>\n<meta property=\"og:description\" content=\"Bascule targhetta V flap in policarbonato metalizzato nichel Osculati. Accessorio per plance e pannelli di bordo. Codice 14.194.04.\" \/>\n<meta property=\"og:url\" content=\"https:\/\/technofluid.it\/de\/produkt\/wippschalter-schild-v-flap-polycarbonat-metallisiert-nickel-code-14-194-04-osculati\/\" \/>\n<meta property=\"og:site_name\" content=\"Technofluid\" \/>\n<meta property=\"article:modified_time\" content=\"2026-04-15T07:54:15+00:00\" \/>\n<meta property=\"og:image\" content=\"https:\/\/technofluid.it\/wp-content\/uploads\/2026\/01\/2622-Bascule-targhetta-V-flap-policarbonato-metalizzato-nichel-codice-14.194.04-Osculati.jpg\" \/>\n\t<meta property=\"og:image:width\" content=\"300\" \/>\n\t<meta property=\"og:image:height\" content=\"300\" \/>\n\t<meta property=\"og:image:type\" content=\"image\/jpeg\" \/>\n<meta name=\"twitter:card\" content=\"summary_large_image\" \/>\n<meta name=\"twitter:label1\" content=\"Preis\" \/>\n\t<meta name=\"twitter:data1\" content=\"7,70&nbsp;&euro; Iva esclusa\" \/>\n\t<meta name=\"twitter:label2\" content=\"Verf\u00fcgbarkeit\" \/>\n\t<meta name=\"twitter:data2\" content=\"Auf Lager\" \/>\n<script type=\"application\/ld+json\" class=\"yoast-schema-graph\">{\"@context\":\"https:\/\/schema.org\",\"@graph\":[{\"@type\":\"WebPage\",\"@id\":\"https:\/\/technofluid.it\/prodotto\/bascule-targhetta-v-flap-policarbonato-metallizzato-nichel-codice-14-194-04-osculati\/\",\"url\":\"https:\/\/technofluid.it\/prodotto\/bascule-targhetta-v-flap-policarbonato-metallizzato-nichel-codice-14-194-04-osculati\/\",\"name\":\"Bascule targhetta V flap nichel Osculati 14.194.04\",\"isPartOf\":{\"@id\":\"https:\/\/technofluid.it\/#website\"},\"primaryImageOfPage\":{\"@id\":\"https:\/\/technofluid.it\/prodotto\/bascule-targhetta-v-flap-policarbonato-metallizzato-nichel-codice-14-194-04-osculati\/#primaryimage\"},\"image\":{\"@id\":\"https:\/\/technofluid.it\/prodotto\/bascule-targhetta-v-flap-policarbonato-metallizzato-nichel-codice-14-194-04-osculati\/#primaryimage\"},\"thumbnailUrl\":\"https:\/\/technofluid.it\/wp-content\/uploads\/2026\/01\/2622-Bascule-targhetta-V-flap-policarbonato-metalizzato-nichel-codice-14.194.04-Osculati.jpg\",\"datePublished\":\"2025-10-24T23:59:34+00:00\",\"dateModified\":\"2026-04-15T07:54:15+00:00\",\"description\":\"Bascule targhetta V flap in policarbonato metalizzato nichel Osculati. Accessorio per plance e pannelli di bordo. Codice 14.194.04.\",\"breadcrumb\":{\"@id\":\"https:\/\/technofluid.it\/prodotto\/bascule-targhetta-v-flap-policarbonato-metallizzato-nichel-codice-14-194-04-osculati\/#breadcrumb\"},\"inLanguage\":\"de\",\"potentialAction\":[{\"@type\":\"ReadAction\",\"target\":[\"https:\/\/technofluid.it\/prodotto\/bascule-targhetta-v-flap-policarbonato-metallizzato-nichel-codice-14-194-04-osculati\/\"]}]},{\"@type\":\"ImageObject\",\"inLanguage\":\"de\",\"@id\":\"https:\/\/technofluid.it\/prodotto\/bascule-targhetta-v-flap-policarbonato-metallizzato-nichel-codice-14-194-04-osculati\/#primaryimage\",\"url\":\"https:\/\/technofluid.it\/wp-content\/uploads\/2026\/01\/2622-Bascule-targhetta-V-flap-policarbonato-metalizzato-nichel-codice-14.194.04-Osculati.jpg\",\"contentUrl\":\"https:\/\/technofluid.it\/wp-content\/uploads\/2026\/01\/2622-Bascule-targhetta-V-flap-policarbonato-metalizzato-nichel-codice-14.194.04-Osculati.jpg\",\"width\":300,\"height\":300,\"caption\":\"Targhetta V flap policarbonato metallizzato nichel, resistente e durevole, perfetta per ambienti marini e industriali.\"},{\"@type\":\"BreadcrumbList\",\"@id\":\"https:\/\/technofluid.it\/prodotto\/bascule-targhetta-v-flap-policarbonato-metallizzato-nichel-codice-14-194-04-osculati\/#breadcrumb\",\"itemListElement\":[{\"@type\":\"ListItem\",\"position\":1,\"name\":\"Home\",\"item\":\"https:\/\/technofluid.it\/\"},{\"@type\":\"ListItem\",\"position\":2,\"name\":\"Shop\",\"item\":\"https:\/\/technofluid.it\/shop\/\"},{\"@type\":\"ListItem\",\"position\":3,\"name\":\"Bascule targhetta V flap policarbonato metallizzato nichel &#8211; codice: 14.194.04 &#8211; Osculati\"}]},{\"@type\":\"WebSite\",\"@id\":\"https:\/\/technofluid.it\/#website\",\"url\":\"https:\/\/technofluid.it\/\",\"name\":\"Technofluid S.R.L.\",\"description\":\"Dal 1999 siamo specializzati nell&#039;impiantistica navale, idraulica, civile e industriale\",\"publisher\":{\"@id\":\"https:\/\/technofluid.it\/#organization\"},\"potentialAction\":[{\"@type\":\"SearchAction\",\"target\":{\"@type\":\"EntryPoint\",\"urlTemplate\":\"https:\/\/technofluid.it\/?s={search_term_string}\"},\"query-input\":{\"@type\":\"PropertyValueSpecification\",\"valueRequired\":true,\"valueName\":\"search_term_string\"}}],\"inLanguage\":\"de\"},{\"@type\":\"Organization\",\"@id\":\"https:\/\/technofluid.it\/#organization\",\"name\":\"Technofluid\",\"url\":\"https:\/\/technofluid.it\/\",\"logo\":{\"@type\":\"ImageObject\",\"inLanguage\":\"de\",\"@id\":\"https:\/\/technofluid.it\/#\/schema\/logo\/image\/\",\"url\":\"https:\/\/technofluid.it\/wp-content\/uploads\/2025\/12\/technofluid_bianco-logo.webp\",\"contentUrl\":\"https:\/\/technofluid.it\/wp-content\/uploads\/2025\/12\/technofluid_bianco-logo.webp\",\"width\":350,\"height\":116,\"caption\":\"Technofluid\"},\"image\":{\"@id\":\"https:\/\/technofluid.it\/#\/schema\/logo\/image\/\"},\"description\":\"La Technofluid S.r.l. nasce nel 1999 a Barcellona Pozzo di Gotto, in provincia di Messina, con l\u2019obiettivo di diventare un punto di riferimento nel settore dell\u2019impiantistica navale, idraulica, civile e industriale.\",\"email\":\"info@technofluid.it\",\"telephone\":\"0907386877\",\"legalName\":\"Technofluid S.R.L\",\"vatID\":\"IT03148240835\",\"taxID\":\"03148240835\",\"ownershipFundingInfo\":\"https:\/\/technofluid.it\/azienda\/\"}]}<\/script>\n<meta property=\"product:price:amount\" content=\"7.70\" \/>\n<meta property=\"product:price:currency\" content=\"EUR\" \/>\n<meta property=\"og:availability\" content=\"instock\" \/>\n<meta property=\"product:availability\" content=\"instock\" \/>\n<meta property=\"product:retailer_item_id\" content=\"OSCU00000272\" \/>\n<meta property=\"product:condition\" content=\"new\" \/>\n<!-- \/ Yoast SEO Premium plugin. -->","yoast_head_json":{"title":"Wippenschild V Klappe Nickel Osculati 14.194.04","description":"Wippenschild V-Klappe aus metallisiertem Nickel-Polycarbonat Osculati. Zubeh\u00f6r f\u00fcr Armaturenbretter und Bordpaneele. Code 14.194.04.","robots":{"index":"index","follow":"follow","max-snippet":"max-snippet:-1","max-image-preview":"max-image-preview:large","max-video-preview":"max-video-preview:-1"},"canonical":"https:\/\/technofluid.it\/de\/produkt\/wippschalter-schild-v-flap-polycarbonat-metallisiert-nickel-code-14-194-04-osculati\/","og_locale":"de_DE","og_type":"article","og_title":"Bascule targhetta V flap policarbonato metallizzato nichel - codice: 14.194.04 - Osculati","og_description":"Bascule targhetta V flap in policarbonato metalizzato nichel Osculati. Accessorio per plance e pannelli di bordo. Codice 14.194.04.","og_url":"https:\/\/technofluid.it\/de\/produkt\/wippschalter-schild-v-flap-polycarbonat-metallisiert-nickel-code-14-194-04-osculati\/","og_site_name":"Technofluid","article_modified_time":"2026-04-15T07:54:15+00:00","og_image":[{"width":300,"height":300,"url":"https:\/\/technofluid.it\/wp-content\/uploads\/2026\/01\/2622-Bascule-targhetta-V-flap-policarbonato-metalizzato-nichel-codice-14.194.04-Osculati.jpg","type":"image\/jpeg"}],"twitter_card":"summary_large_image","twitter_misc":{"Preis":"7,70&nbsp;&euro; Iva esclusa","Verf\u00fcgbarkeit":"Auf Lager"},"schema":{"@context":"https:\/\/schema.org","@graph":[{"@type":"WebPage","@id":"https:\/\/technofluid.it\/prodotto\/bascule-targhetta-v-flap-policarbonato-metallizzato-nichel-codice-14-194-04-osculati\/","url":"https:\/\/technofluid.it\/prodotto\/bascule-targhetta-v-flap-policarbonato-metallizzato-nichel-codice-14-194-04-osculati\/","name":"Wippenschild V Klappe Nickel Osculati 14.194.04","isPartOf":{"@id":"https:\/\/technofluid.it\/#website"},"primaryImageOfPage":{"@id":"https:\/\/technofluid.it\/prodotto\/bascule-targhetta-v-flap-policarbonato-metallizzato-nichel-codice-14-194-04-osculati\/#primaryimage"},"image":{"@id":"https:\/\/technofluid.it\/prodotto\/bascule-targhetta-v-flap-policarbonato-metallizzato-nichel-codice-14-194-04-osculati\/#primaryimage"},"thumbnailUrl":"https:\/\/technofluid.it\/wp-content\/uploads\/2026\/01\/2622-Bascule-targhetta-V-flap-policarbonato-metalizzato-nichel-codice-14.194.04-Osculati.jpg","datePublished":"2025-10-24T23:59:34+00:00","dateModified":"2026-04-15T07:54:15+00:00","description":"Wippenschild V-Klappe aus metallisiertem Nickel-Polycarbonat Osculati. Zubeh\u00f6r f\u00fcr Armaturenbretter und Bordpaneele. Code 14.194.04.","breadcrumb":{"@id":"https:\/\/technofluid.it\/prodotto\/bascule-targhetta-v-flap-policarbonato-metallizzato-nichel-codice-14-194-04-osculati\/#breadcrumb"},"inLanguage":"de","potentialAction":[{"@type":"ReadAction","target":["https:\/\/technofluid.it\/prodotto\/bascule-targhetta-v-flap-policarbonato-metallizzato-nichel-codice-14-194-04-osculati\/"]}]},{"@type":"ImageObject","inLanguage":"de","@id":"https:\/\/technofluid.it\/prodotto\/bascule-targhetta-v-flap-policarbonato-metallizzato-nichel-codice-14-194-04-osculati\/#primaryimage","url":"https:\/\/technofluid.it\/wp-content\/uploads\/2026\/01\/2622-Bascule-targhetta-V-flap-policarbonato-metalizzato-nichel-codice-14.194.04-Osculati.jpg","contentUrl":"https:\/\/technofluid.it\/wp-content\/uploads\/2026\/01\/2622-Bascule-targhetta-V-flap-policarbonato-metalizzato-nichel-codice-14.194.04-Osculati.jpg","width":300,"height":300,"caption":"Targhetta V flap policarbonato metallizzato nichel, resistente e durevole, perfetta per ambienti marini e industriali."},{"@type":"BreadcrumbList","@id":"https:\/\/technofluid.it\/prodotto\/bascule-targhetta-v-flap-policarbonato-metallizzato-nichel-codice-14-194-04-osculati\/#breadcrumb","itemListElement":[{"@type":"ListItem","position":1,"name":"Home","item":"https:\/\/technofluid.it\/"},{"@type":"ListItem","position":2,"name":"Shop","item":"https:\/\/technofluid.it\/shop\/"},{"@type":"ListItem","position":3,"name":"Bascule targhetta V flap policarbonato metallizzato nichel &#8211; codice: 14.194.04 &#8211; Osculati"}]},{"@type":"WebSite","@id":"https:\/\/technofluid.it\/#website","url":"https:\/\/technofluid.it\/","name":"Technofluid S.R.L.","description":"Seit 1999 haben wir uns auf Schiffs-, Sanit\u00e4r-, Zivil- und Industrieanlagen spezialisiert.","publisher":{"@id":"https:\/\/technofluid.it\/#organization"},"potentialAction":[{"@type":"SearchAction","target":{"@type":"EntryPoint","urlTemplate":"https:\/\/technofluid.it\/?s={search_term_string}"},"query-input":{"@type":"PropertyValueSpecification","valueRequired":true,"valueName":"search_term_string"}}],"inLanguage":"de"},{"@type":"Organization","@id":"https:\/\/technofluid.it\/#organization","name":"Technofluid","url":"https:\/\/technofluid.it\/","logo":{"@type":"ImageObject","inLanguage":"de","@id":"https:\/\/technofluid.it\/#\/schema\/logo\/image\/","url":"https:\/\/technofluid.it\/wp-content\/uploads\/2025\/12\/technofluid_bianco-logo.webp","contentUrl":"https:\/\/technofluid.it\/wp-content\/uploads\/2025\/12\/technofluid_bianco-logo.webp","width":350,"height":116,"caption":"Technofluid"},"image":{"@id":"https:\/\/technofluid.it\/#\/schema\/logo\/image\/"},"description":"Die Technofluid S.r.l. wurde 1999 in Barcellona Pozzo di Gotto, in der Provinz Messina, gegr\u00fcndet, mit dem Ziel, ein Bezugspunkt im Bereich der Schiffs-, Hydraulik-, Zivil- und Industrieanlagen zu werden.","email":"info@technofluid.it","telephone":"0907386877","legalName":"Technofluid S.R.L","vatID":"IT03148240835","taxID":"03148240835","ownershipFundingInfo":"https:\/\/technofluid.it\/azienda\/"}]},"product_price_amount":"7.70","product_price_currency":"EUR","og_availability":"instock","product_availability":"instock","product_retailer_item_id":"OSCU00000272","product_condition":"new"},"_links":{"self":[{"href":"https:\/\/technofluid.it\/de\/wp-json\/wp\/v2\/product\/29225","targetHints":{"allow":["GET"]}}],"collection":[{"href":"https:\/\/technofluid.it\/de\/wp-json\/wp\/v2\/product"}],"about":[{"href":"https:\/\/technofluid.it\/de\/wp-json\/wp\/v2\/types\/product"}],"replies":[{"embeddable":true,"href":"https:\/\/technofluid.it\/de\/wp-json\/wp\/v2\/comments?post=29225"}],"version-history":[{"count":4,"href":"https:\/\/technofluid.it\/de\/wp-json\/wp\/v2\/product\/29225\/revisions"}],"predecessor-version":[{"id":51623,"href":"https:\/\/technofluid.it\/de\/wp-json\/wp\/v2\/product\/29225\/revisions\/51623"}],"wp:featuredmedia":[{"embeddable":true,"href":"https:\/\/technofluid.it\/de\/wp-json\/wp\/v2\/media\/36894"}],"wp:attachment":[{"href":"https:\/\/technofluid.it\/de\/wp-json\/wp\/v2\/media?parent=29225"}],"wp:term":[{"taxonomy":"product_brand","embeddable":true,"href":"https:\/\/technofluid.it\/de\/wp-json\/wp\/v2\/product_brand?post=29225"},{"taxonomy":"product_cat","embeddable":true,"href":"https:\/\/technofluid.it\/de\/wp-json\/wp\/v2\/product_cat?post=29225"},{"taxonomy":"product_tag","embeddable":true,"href":"https:\/\/technofluid.it\/de\/wp-json\/wp\/v2\/product_tag?post=29225"}],"curies":[{"name":"wp","href":"https:\/\/api.w.org\/{rel}","templated":true}]}}