{"id":29041,"date":"2025-10-24T23:59:13","date_gmt":"2025-10-24T23:59:13","guid":{"rendered":"https:\/\/technofluid.it\/prodotto\/addolcitore-bianco-portatile-hp-demi5-codice-hpdemi5-nw-hp-watermakers\/"},"modified":"2026-02-26T13:36:05","modified_gmt":"2026-02-26T13:36:05","slug":"addolcitore-bianco-portatile-hp-demi5-codice-hpdemi5-nw-hp-watermakers","status":"publish","type":"product","link":"https:\/\/technofluid.it\/de\/produkt\/tragbarer-weiser-entharter-hp-demi5-code-hpdemi5-nw-hp-watermakers\/","title":{"rendered":"HP DEMI5 Tragbarer Wei\u00dfwasserenth\u00e4rter - Teilenummer: HPDEMI5-NW - HP Watermakers"},"content":{"rendered":"<p>Der brandneue tragbare Wasserenth\u00e4rter<b> DEMI5 <\/b>ist perfekt zum Reinigen jeder glatten Oberfl\u00e4che, ohne dass ein Trocknen erforderlich ist.<\/p>\n<p>Das kombinierte System aus Aktivkohlefiltern und Ionenaustauscherharzen h\u00e4lt das im Wasser enthaltene Calcium zur\u00fcck und verhindert so die Bildung von Kalk auf den zu reinigenden Oberfl\u00e4chen, wodurch Zeit beim Trocknen gespart wird.<\/p>\n<p>\nDie kompakte Gr\u00f6\u00dfe macht ihn ideal f\u00fcr den Transport und er kann praktisch \u00fcberall abgeholt werden!<\/p>\n<p>Das von DEMI5 produzierte Wasser kann auch zum Bef\u00fcllen von jedem beliebigen Tank verwendet werden, und DEMI5 funktioniert ohne Strom, indem es den Druck des Wassernetzes nutzt.<\/p>\n<p>DEMI5 ist ein tragbares Ger\u00e4t, das einen Wasserenth\u00e4rter mit einem einfachen manuellen Steuerungssystem f\u00fcr die Enth\u00e4rtung integriert.\n<\/p>\n<p>\nDas Sp\u00fclen und die Regeneration der Harze erfolgt \u00fcber das HS-Easy Brine System, eine Salzl\u00f6sungskartusche kann einfach nachgef\u00fcllt oder ausgetauscht werden.<\/p>\n<p>Der Carbon-Block-Filter CB h\u00e4lt alle Verunreinigungen und Chlor zur\u00fcck, sodass das System Wasser bis zu 5 Mikron filtern kann (Entfernung von Schwebstoffen), das Wasser entchlort, um schlechte Ger\u00fcche, Insektizide und VOCs (fl\u00fcchtige organische Verbindungen) zu entfernen.\n<\/p>\n<p>&nbsp;<\/p>\n<p>\n<b>EIGENSCHAFTEN:<br \/>\n<\/b>\n<\/p>\n<p>\n&nbsp;\n<\/p>\n<p>MAXIMALER DRUCK BAR 6<\/p>\n<p>MINDESTDRUCK BAR 2<\/p>\n<p>MAXIMALE TEMPERATUR \u00b0C 50<\/p>\n<p>GESAMTGEWICHT KG 15<\/p>\n<p>ABMESSUNGEN MM 452 X 472 X 276<\/p>","protected":false},"excerpt":{"rendered":"<p>Der tragbare wei\u00dfe Enth\u00e4rter <strong>HP DEMI5<\/strong> (HPDEMI5-NW) von HP Watermakers ist eine kompakte L\u00f6sung zur Wasseraufbereitung im technischen und Wartungsbereich. Er integriert ein kombiniertes System mit <strong>Ionenaustauscherharzen<\/strong> e <strong>Carbon-Block-Filter<\/strong>, geeignet zum Zur\u00fcckhalten von Verunreinigungen und Chlor sowie zur Unterst\u00fctzung der Reduzierung der Kalkbildung auf glatten Oberfl\u00e4chen. Er funktioniert <strong>ohne Strom<\/strong>, und nutzt den Druck des Wassernetzes, inklusive einer manuellen Steuerung zur Enth\u00e4rtung. Die Regeneration der Harze erfolgt mittels <strong>HS-Easy Brine<\/strong> mit nachf\u00fcllbarer oder austauschbarer Salzpatrone. Verf\u00fcgbare Daten: 2\u20136 bar, max. 50 \u00b0C, 15 kg, 452\u00d7472\u00d7276 mm.<\/p>","protected":false},"featured_media":36418,"comment_status":"open","ping_status":"closed","template":"","meta":{"_acf_changed":false,"_monsterinsights_skip_tracking":false,"_monsterinsights_sitenote_active":false,"_monsterinsights_sitenote_note":"","_monsterinsights_sitenote_category":0,"site-sidebar-layout":"default","site-content-layout":"","ast-site-content-layout":"default","site-content-style":"default","site-sidebar-style":"default","ast-global-header-display":"","ast-banner-title-visibility":"","ast-main-header-display":"","ast-hfb-above-header-display":"","ast-hfb-below-header-display":"","ast-hfb-mobile-header-display":"","site-post-title":"","ast-breadcrumbs-content":"","ast-featured-img":"","footer-sml-layout":"","ast-disable-related-posts":"","theme-transparent-header-meta":"default","adv-header-id-meta":"","stick-header-meta":"","header-above-stick-meta":"","header-main-stick-meta":"","header-below-stick-meta":"","astra-migrate-meta-layouts":"set","ast-page-background-enabled":"default","ast-page-background-meta":{"desktop":{"background-color":"var(--ast-global-color-5)","background-image":"","background-repeat":"repeat","background-position":"center center","background-size":"auto","background-attachment":"scroll","background-type":"","background-media":"","overlay-type":"","overlay-color":"","overlay-opacity":"","overlay-gradient":""},"tablet":{"background-color":"","background-image":"","background-repeat":"repeat","background-position":"center center","background-size":"auto","background-attachment":"scroll","background-type":"","background-media":"","overlay-type":"","overlay-color":"","overlay-opacity":"","overlay-gradient":""},"mobile":{"background-color":"","background-image":"","background-repeat":"repeat","background-position":"center center","background-size":"auto","background-attachment":"scroll","background-type":"","background-media":"","overlay-type":"","overlay-color":"","overlay-opacity":"","overlay-gradient":""}},"ast-content-background-meta":{"desktop":{"background-color":"var(--ast-global-color-4)","background-image":"","background-repeat":"repeat","background-position":"center center","background-size":"auto","background-attachment":"scroll","background-type":"","background-media":"","overlay-type":"","overlay-color":"","overlay-opacity":"","overlay-gradient":""},"tablet":{"background-color":"var(--ast-global-color-4)","background-image":"","background-repeat":"repeat","background-position":"center center","background-size":"auto","background-attachment":"scroll","background-type":"","background-media":"","overlay-type":"","overlay-color":"","overlay-opacity":"","overlay-gradient":""},"mobile":{"background-color":"var(--ast-global-color-4)","background-image":"","background-repeat":"repeat","background-position":"center center","background-size":"auto","background-attachment":"scroll","background-type":"","background-media":"","overlay-type":"","overlay-color":"","overlay-opacity":"","overlay-gradient":""}}},"product_brand":[],"product_cat":[96,95],"product_tag":[3072,3073],"class_list":{"0":"post-29041","1":"product","2":"type-product","3":"status-publish","4":"has-post-thumbnail","6":"product_cat-addolcitori","7":"product_cat-trattamento-acqua","8":"product_tag-addolcitore","9":"product_tag-demi5","10":"pa_supplier-hp-high-pressure-srl","11":"desktop-align-left","12":"tablet-align-left","13":"mobile-align-left","15":"first","16":"instock","17":"taxable","18":"shipping-taxable","19":"purchasable","20":"product-type-simple"},"acf":[],"yoast_head":"<!-- This site is optimized with the Yoast SEO Premium plugin v26.7 (Yoast SEO v26.9) - https:\/\/yoast.com\/product\/yoast-seo-premium-wordpress\/ -->\n<title>Addolcitore portatile HP DEMI5 bianco | HP Watermakers<\/title>\n<meta name=\"description\" content=\"Addolcitore portatile HP DEMI5: resine a scambio ionico e filtro carbon block. Funziona senza elettricit\u00e0 con pressione rete idrica.\" \/>\n<meta name=\"robots\" content=\"index, follow, max-snippet:-1, max-image-preview:large, max-video-preview:-1\" \/>\n<link rel=\"canonical\" href=\"https:\/\/technofluid.it\/de\/produkt\/tragbarer-weiser-entharter-hp-demi5-code-hpdemi5-nw-hp-watermakers\/\" \/>\n<meta property=\"og:locale\" content=\"de_DE\" \/>\n<meta property=\"og:type\" content=\"article\" \/>\n<meta property=\"og:title\" content=\"Addolcitore bianco portatile HP DEMI5 &ndash; codice: HPDEMI5-NW &ndash; HP Watermakers\" \/>\n<meta property=\"og:description\" content=\"Addolcitore portatile HP DEMI5: resine a scambio ionico e filtro carbon block. Funziona senza elettricit\u00e0 con pressione rete idrica.\" \/>\n<meta property=\"og:url\" content=\"https:\/\/technofluid.it\/de\/produkt\/tragbarer-weiser-entharter-hp-demi5-code-hpdemi5-nw-hp-watermakers\/\" \/>\n<meta property=\"og:site_name\" content=\"Technofluid\" \/>\n<meta property=\"article:modified_time\" content=\"2026-02-26T13:36:05+00:00\" \/>\n<meta property=\"og:image\" content=\"https:\/\/technofluid.it\/wp-content\/uploads\/2026\/01\/283-Addolcitore-bianco-portatile-HP-DEMI5-codice-HPDEMI5-NW-HP-Watermakers.jpg\" \/>\n\t<meta property=\"og:image:width\" content=\"670\" \/>\n\t<meta property=\"og:image:height\" content=\"500\" \/>\n\t<meta property=\"og:image:type\" content=\"image\/jpeg\" \/>\n<meta name=\"twitter:card\" content=\"summary_large_image\" \/>\n<meta name=\"twitter:label1\" content=\"Preis\" \/>\n\t<meta name=\"twitter:data1\" content=\"1.100,00&nbsp;&euro; Iva esclusa\" \/>\n\t<meta name=\"twitter:label2\" content=\"Verf\u00fcgbarkeit\" \/>\n\t<meta name=\"twitter:data2\" content=\"Auf Lager\" \/>\n<script type=\"application\/ld+json\" class=\"yoast-schema-graph\">{\"@context\":\"https:\/\/schema.org\",\"@graph\":[{\"@type\":\"WebPage\",\"@id\":\"https:\/\/technofluid.it\/prodotto\/addolcitore-bianco-portatile-hp-demi5-codice-hpdemi5-nw-hp-watermakers\/\",\"url\":\"https:\/\/technofluid.it\/prodotto\/addolcitore-bianco-portatile-hp-demi5-codice-hpdemi5-nw-hp-watermakers\/\",\"name\":\"Addolcitore portatile HP DEMI5 bianco | HP Watermakers\",\"isPartOf\":{\"@id\":\"https:\/\/technofluid.it\/#website\"},\"primaryImageOfPage\":{\"@id\":\"https:\/\/technofluid.it\/prodotto\/addolcitore-bianco-portatile-hp-demi5-codice-hpdemi5-nw-hp-watermakers\/#primaryimage\"},\"image\":{\"@id\":\"https:\/\/technofluid.it\/prodotto\/addolcitore-bianco-portatile-hp-demi5-codice-hpdemi5-nw-hp-watermakers\/#primaryimage\"},\"thumbnailUrl\":\"https:\/\/technofluid.it\/wp-content\/uploads\/2026\/01\/283-Addolcitore-bianco-portatile-HP-DEMI5-codice-HPDEMI5-NW-HP-Watermakers.jpg\",\"datePublished\":\"2025-10-24T23:59:13+00:00\",\"dateModified\":\"2026-02-26T13:36:05+00:00\",\"description\":\"Addolcitore portatile HP DEMI5: resine a scambio ionico e filtro carbon block. Funziona senza elettricit\u00e0 con pressione rete idrica.\",\"breadcrumb\":{\"@id\":\"https:\/\/technofluid.it\/prodotto\/addolcitore-bianco-portatile-hp-demi5-codice-hpdemi5-nw-hp-watermakers\/#breadcrumb\"},\"inLanguage\":\"de\",\"potentialAction\":[{\"@type\":\"ReadAction\",\"target\":[\"https:\/\/technofluid.it\/prodotto\/addolcitore-bianco-portatile-hp-demi5-codice-hpdemi5-nw-hp-watermakers\/\"]}]},{\"@type\":\"ImageObject\",\"inLanguage\":\"de\",\"@id\":\"https:\/\/technofluid.it\/prodotto\/addolcitore-bianco-portatile-hp-demi5-codice-hpdemi5-nw-hp-watermakers\/#primaryimage\",\"url\":\"https:\/\/technofluid.it\/wp-content\/uploads\/2026\/01\/283-Addolcitore-bianco-portatile-HP-DEMI5-codice-HPDEMI5-NW-HP-Watermakers.jpg\",\"contentUrl\":\"https:\/\/technofluid.it\/wp-content\/uploads\/2026\/01\/283-Addolcitore-bianco-portatile-HP-DEMI5-codice-HPDEMI5-NW-HP-Watermakers.jpg\",\"width\":670,\"height\":500,\"caption\":\"Addolcitore portatile HP DEMI5, ideale per migliorare la qualit\u00e0 dell'acqua in modo semplice e efficace. Codice: HPDEMI5-NW, prodotto HP Watermakers.\"},{\"@type\":\"BreadcrumbList\",\"@id\":\"https:\/\/technofluid.it\/prodotto\/addolcitore-bianco-portatile-hp-demi5-codice-hpdemi5-nw-hp-watermakers\/#breadcrumb\",\"itemListElement\":[{\"@type\":\"ListItem\",\"position\":1,\"name\":\"Home\",\"item\":\"https:\/\/technofluid.it\/\"},{\"@type\":\"ListItem\",\"position\":2,\"name\":\"Shop\",\"item\":\"https:\/\/technofluid.it\/shop\/\"},{\"@type\":\"ListItem\",\"position\":3,\"name\":\"Addolcitore bianco portatile HP DEMI5 &ndash; codice: HPDEMI5-NW &ndash; HP Watermakers\"}]},{\"@type\":\"WebSite\",\"@id\":\"https:\/\/technofluid.it\/#website\",\"url\":\"https:\/\/technofluid.it\/\",\"name\":\"Technofluid S.R.L.\",\"description\":\"Dal 1999 siamo specializzati nell&#039;impiantistica navale, idraulica, civile e industriale\",\"publisher\":{\"@id\":\"https:\/\/technofluid.it\/#organization\"},\"potentialAction\":[{\"@type\":\"SearchAction\",\"target\":{\"@type\":\"EntryPoint\",\"urlTemplate\":\"https:\/\/technofluid.it\/?s={search_term_string}\"},\"query-input\":{\"@type\":\"PropertyValueSpecification\",\"valueRequired\":true,\"valueName\":\"search_term_string\"}}],\"inLanguage\":\"de\"},{\"@type\":\"Organization\",\"@id\":\"https:\/\/technofluid.it\/#organization\",\"name\":\"Technofluid\",\"url\":\"https:\/\/technofluid.it\/\",\"logo\":{\"@type\":\"ImageObject\",\"inLanguage\":\"de\",\"@id\":\"https:\/\/technofluid.it\/#\/schema\/logo\/image\/\",\"url\":\"https:\/\/technofluid.it\/wp-content\/uploads\/2025\/12\/technofluid_bianco-logo.webp\",\"contentUrl\":\"https:\/\/technofluid.it\/wp-content\/uploads\/2025\/12\/technofluid_bianco-logo.webp\",\"width\":350,\"height\":116,\"caption\":\"Technofluid\"},\"image\":{\"@id\":\"https:\/\/technofluid.it\/#\/schema\/logo\/image\/\"},\"description\":\"La Technofluid S.r.l. nasce nel 1999 a Barcellona Pozzo di Gotto, in provincia di Messina, con l\u2019obiettivo di diventare un punto di riferimento nel settore dell\u2019impiantistica navale, idraulica, civile e industriale.\",\"email\":\"info@technofluid.it\",\"telephone\":\"0907386877\",\"legalName\":\"Technofluid S.R.L\",\"vatID\":\"IT03148240835\",\"taxID\":\"03148240835\",\"ownershipFundingInfo\":\"https:\/\/technofluid.it\/azienda\/\"}]}<\/script>\n<meta property=\"product:price:amount\" content=\"1100.00\" \/>\n<meta property=\"product:price:currency\" content=\"EUR\" \/>\n<meta property=\"og:availability\" content=\"instock\" \/>\n<meta property=\"product:availability\" content=\"instock\" \/>\n<meta property=\"product:retailer_item_id\" content=\"HP000000013\" \/>\n<meta property=\"product:condition\" content=\"new\" \/>\n<!-- \/ Yoast SEO Premium plugin. -->","yoast_head_json":{"title":"Tragbarer Weichmacher HP DEMI5 wei\u00df | HP Watermakers","description":"Tragbarer Wasserenth\u00e4rter HP DEMI5: Ionenaustauscherharze und Carbon-Block-Filter. Funktioniert ohne Strom mit Wasserdruck aus dem Netz.","robots":{"index":"index","follow":"follow","max-snippet":"max-snippet:-1","max-image-preview":"max-image-preview:large","max-video-preview":"max-video-preview:-1"},"canonical":"https:\/\/technofluid.it\/de\/produkt\/tragbarer-weiser-entharter-hp-demi5-code-hpdemi5-nw-hp-watermakers\/","og_locale":"de_DE","og_type":"article","og_title":"Addolcitore bianco portatile HP DEMI5 &ndash; codice: HPDEMI5-NW &ndash; HP Watermakers","og_description":"Addolcitore portatile HP DEMI5: resine a scambio ionico e filtro carbon block. Funziona senza elettricit\u00e0 con pressione rete idrica.","og_url":"https:\/\/technofluid.it\/de\/produkt\/tragbarer-weiser-entharter-hp-demi5-code-hpdemi5-nw-hp-watermakers\/","og_site_name":"Technofluid","article_modified_time":"2026-02-26T13:36:05+00:00","og_image":[{"width":670,"height":500,"url":"https:\/\/technofluid.it\/wp-content\/uploads\/2026\/01\/283-Addolcitore-bianco-portatile-HP-DEMI5-codice-HPDEMI5-NW-HP-Watermakers.jpg","type":"image\/jpeg"}],"twitter_card":"summary_large_image","twitter_misc":{"Preis":"1.100,00&nbsp;&euro; Iva esclusa","Verf\u00fcgbarkeit":"Auf Lager"},"schema":{"@context":"https:\/\/schema.org","@graph":[{"@type":"WebPage","@id":"https:\/\/technofluid.it\/prodotto\/addolcitore-bianco-portatile-hp-demi5-codice-hpdemi5-nw-hp-watermakers\/","url":"https:\/\/technofluid.it\/prodotto\/addolcitore-bianco-portatile-hp-demi5-codice-hpdemi5-nw-hp-watermakers\/","name":"Tragbarer Weichmacher HP DEMI5 wei\u00df | HP Watermakers","isPartOf":{"@id":"https:\/\/technofluid.it\/#website"},"primaryImageOfPage":{"@id":"https:\/\/technofluid.it\/prodotto\/addolcitore-bianco-portatile-hp-demi5-codice-hpdemi5-nw-hp-watermakers\/#primaryimage"},"image":{"@id":"https:\/\/technofluid.it\/prodotto\/addolcitore-bianco-portatile-hp-demi5-codice-hpdemi5-nw-hp-watermakers\/#primaryimage"},"thumbnailUrl":"https:\/\/technofluid.it\/wp-content\/uploads\/2026\/01\/283-Addolcitore-bianco-portatile-HP-DEMI5-codice-HPDEMI5-NW-HP-Watermakers.jpg","datePublished":"2025-10-24T23:59:13+00:00","dateModified":"2026-02-26T13:36:05+00:00","description":"Tragbarer Wasserenth\u00e4rter HP DEMI5: Ionenaustauscherharze und Carbon-Block-Filter. Funktioniert ohne Strom mit Wasserdruck aus dem Netz.","breadcrumb":{"@id":"https:\/\/technofluid.it\/prodotto\/addolcitore-bianco-portatile-hp-demi5-codice-hpdemi5-nw-hp-watermakers\/#breadcrumb"},"inLanguage":"de","potentialAction":[{"@type":"ReadAction","target":["https:\/\/technofluid.it\/prodotto\/addolcitore-bianco-portatile-hp-demi5-codice-hpdemi5-nw-hp-watermakers\/"]}]},{"@type":"ImageObject","inLanguage":"de","@id":"https:\/\/technofluid.it\/prodotto\/addolcitore-bianco-portatile-hp-demi5-codice-hpdemi5-nw-hp-watermakers\/#primaryimage","url":"https:\/\/technofluid.it\/wp-content\/uploads\/2026\/01\/283-Addolcitore-bianco-portatile-HP-DEMI5-codice-HPDEMI5-NW-HP-Watermakers.jpg","contentUrl":"https:\/\/technofluid.it\/wp-content\/uploads\/2026\/01\/283-Addolcitore-bianco-portatile-HP-DEMI5-codice-HPDEMI5-NW-HP-Watermakers.jpg","width":670,"height":500,"caption":"Addolcitore portatile HP DEMI5, ideale per migliorare la qualit\u00e0 dell'acqua in modo semplice e efficace. Codice: HPDEMI5-NW, prodotto HP Watermakers."},{"@type":"BreadcrumbList","@id":"https:\/\/technofluid.it\/prodotto\/addolcitore-bianco-portatile-hp-demi5-codice-hpdemi5-nw-hp-watermakers\/#breadcrumb","itemListElement":[{"@type":"ListItem","position":1,"name":"Home","item":"https:\/\/technofluid.it\/"},{"@type":"ListItem","position":2,"name":"Shop","item":"https:\/\/technofluid.it\/shop\/"},{"@type":"ListItem","position":3,"name":"Addolcitore bianco portatile HP DEMI5 &ndash; codice: HPDEMI5-NW &ndash; HP Watermakers"}]},{"@type":"WebSite","@id":"https:\/\/technofluid.it\/#website","url":"https:\/\/technofluid.it\/","name":"Technofluid S.R.L.","description":"Seit 1999 haben wir uns auf Schiffs-, Sanit\u00e4r-, Zivil- und Industrieanlagen spezialisiert.","publisher":{"@id":"https:\/\/technofluid.it\/#organization"},"potentialAction":[{"@type":"SearchAction","target":{"@type":"EntryPoint","urlTemplate":"https:\/\/technofluid.it\/?s={search_term_string}"},"query-input":{"@type":"PropertyValueSpecification","valueRequired":true,"valueName":"search_term_string"}}],"inLanguage":"de"},{"@type":"Organization","@id":"https:\/\/technofluid.it\/#organization","name":"Technofluid","url":"https:\/\/technofluid.it\/","logo":{"@type":"ImageObject","inLanguage":"de","@id":"https:\/\/technofluid.it\/#\/schema\/logo\/image\/","url":"https:\/\/technofluid.it\/wp-content\/uploads\/2025\/12\/technofluid_bianco-logo.webp","contentUrl":"https:\/\/technofluid.it\/wp-content\/uploads\/2025\/12\/technofluid_bianco-logo.webp","width":350,"height":116,"caption":"Technofluid"},"image":{"@id":"https:\/\/technofluid.it\/#\/schema\/logo\/image\/"},"description":"Die Technofluid S.r.l. wurde 1999 in Barcellona Pozzo di Gotto, in der Provinz Messina, gegr\u00fcndet, mit dem Ziel, ein Bezugspunkt im Bereich der Schiffs-, Hydraulik-, Zivil- und Industrieanlagen zu werden.","email":"info@technofluid.it","telephone":"0907386877","legalName":"Technofluid S.R.L","vatID":"IT03148240835","taxID":"03148240835","ownershipFundingInfo":"https:\/\/technofluid.it\/azienda\/"}]},"product_price_amount":"1100.00","product_price_currency":"EUR","og_availability":"instock","product_availability":"instock","product_retailer_item_id":"HP000000013","product_condition":"new"},"_links":{"self":[{"href":"https:\/\/technofluid.it\/de\/wp-json\/wp\/v2\/product\/29041","targetHints":{"allow":["GET"]}}],"collection":[{"href":"https:\/\/technofluid.it\/de\/wp-json\/wp\/v2\/product"}],"about":[{"href":"https:\/\/technofluid.it\/de\/wp-json\/wp\/v2\/types\/product"}],"replies":[{"embeddable":true,"href":"https:\/\/technofluid.it\/de\/wp-json\/wp\/v2\/comments?post=29041"}],"version-history":[{"count":4,"href":"https:\/\/technofluid.it\/de\/wp-json\/wp\/v2\/product\/29041\/revisions"}],"predecessor-version":[{"id":51533,"href":"https:\/\/technofluid.it\/de\/wp-json\/wp\/v2\/product\/29041\/revisions\/51533"}],"wp:featuredmedia":[{"embeddable":true,"href":"https:\/\/technofluid.it\/de\/wp-json\/wp\/v2\/media\/36418"}],"wp:attachment":[{"href":"https:\/\/technofluid.it\/de\/wp-json\/wp\/v2\/media?parent=29041"}],"wp:term":[{"taxonomy":"product_brand","embeddable":true,"href":"https:\/\/technofluid.it\/de\/wp-json\/wp\/v2\/product_brand?post=29041"},{"taxonomy":"product_cat","embeddable":true,"href":"https:\/\/technofluid.it\/de\/wp-json\/wp\/v2\/product_cat?post=29041"},{"taxonomy":"product_tag","embeddable":true,"href":"https:\/\/technofluid.it\/de\/wp-json\/wp\/v2\/product_tag?post=29041"}],"curies":[{"name":"wp","href":"https:\/\/api.w.org\/{rel}","templated":true}]}}