{"id":30410,"date":"2025-10-25T00:02:47","date_gmt":"2025-10-25T00:02:47","guid":{"rendered":"https:\/\/technofluid.it\/prodotto\/luce-led-visibilita-minima-35-miglia-codice-30-592-06-osculati\/"},"modified":"2026-04-15T12:13:51","modified_gmt":"2026-04-15T11:13:51","slug":"luce-led-visibilit-minima-35miglia-codice-30-592-06-osculati","status":"publish","type":"product","link":"http:\/\/technofluid.it\/nl\/product\/led-licht-minimale-zichtbaarheid-35-mijl-code-30-592-06-osculati\/","title":{"rendered":"LED-licht minimale zichtbaarheid 3,5 mijl \u2013 code: 30.592.06 \u2013 Osculati"},"content":{"rendered":"<p>LED-licht minimale zichtbaarheid 3,5 mijl \u2013 code: 30.592.06 \u2013 Osculati<\/p>","protected":false},"excerpt":{"rendered":"<p class=\"MsoNormal\"><b>ME:<\/b>\u00a0ST<\/p>\n<p class=\"MsoNormal\"><b>Hoogte:<\/b>\u00a030 cm<\/p>\n<p class=\"MsoNormal\"><b>Gewicht:<\/b>\u00a00,15 kg<\/p>\n<p class=\"MsoNormal\"><b>Breedte:<\/b>\u00a06 cm<\/p>\n<p class=\"MsoNormal\"><b>Volume:<\/b>\u00a01.080 cm\u00b3<\/p>\n<p class=\"MsoNormal\"><b>Lengte:<\/b> 6 cm<\/p>","protected":false},"featured_media":39865,"comment_status":"open","ping_status":"closed","template":"","meta":{"_acf_changed":false,"_monsterinsights_skip_tracking":false,"_monsterinsights_sitenote_active":false,"_monsterinsights_sitenote_note":"","_monsterinsights_sitenote_category":0,"site-sidebar-layout":"default","site-content-layout":"","ast-site-content-layout":"default","site-content-style":"default","site-sidebar-style":"default","ast-global-header-display":"","ast-banner-title-visibility":"","ast-main-header-display":"","ast-hfb-above-header-display":"","ast-hfb-below-header-display":"","ast-hfb-mobile-header-display":"","site-post-title":"","ast-breadcrumbs-content":"","ast-featured-img":"","footer-sml-layout":"","ast-disable-related-posts":"","theme-transparent-header-meta":"","adv-header-id-meta":"","stick-header-meta":"","header-above-stick-meta":"","header-main-stick-meta":"","header-below-stick-meta":"","astra-migrate-meta-layouts":"default","ast-page-background-enabled":"default","ast-page-background-meta":{"desktop":{"background-color":"var(--ast-global-color-5)","background-image":"","background-repeat":"repeat","background-position":"center center","background-size":"auto","background-attachment":"scroll","background-type":"","background-media":"","overlay-type":"","overlay-color":"","overlay-opacity":"","overlay-gradient":""},"tablet":{"background-color":"","background-image":"","background-repeat":"repeat","background-position":"center center","background-size":"auto","background-attachment":"scroll","background-type":"","background-media":"","overlay-type":"","overlay-color":"","overlay-opacity":"","overlay-gradient":""},"mobile":{"background-color":"","background-image":"","background-repeat":"repeat","background-position":"center center","background-size":"auto","background-attachment":"scroll","background-type":"","background-media":"","overlay-type":"","overlay-color":"","overlay-opacity":"","overlay-gradient":""}},"ast-content-background-meta":{"desktop":{"background-color":"var(--ast-global-color-4)","background-image":"","background-repeat":"repeat","background-position":"center center","background-size":"auto","background-attachment":"scroll","background-type":"","background-media":"","overlay-type":"","overlay-color":"","overlay-opacity":"","overlay-gradient":""},"tablet":{"background-color":"var(--ast-global-color-4)","background-image":"","background-repeat":"repeat","background-position":"center center","background-size":"auto","background-attachment":"scroll","background-type":"","background-media":"","overlay-type":"","overlay-color":"","overlay-opacity":"","overlay-gradient":""},"mobile":{"background-color":"var(--ast-global-color-4)","background-image":"","background-repeat":"repeat","background-position":"center center","background-size":"auto","background-attachment":"scroll","background-type":"","background-media":"","overlay-type":"","overlay-color":"","overlay-opacity":"","overlay-gradient":""}}},"product_brand":[],"product_cat":[74,75],"product_tag":[6159,6160,6161,3052,3520,6162,5816,6163,3053,6164],"class_list":{"0":"post-30410","1":"product","2":"type-product","3":"status-publish","4":"has-post-thumbnail","6":"product_cat-elettricita-strumentazione","7":"product_cat-luci-e-fanali","8":"product_tag-3-5","9":"product_tag-30-592-06","10":"product_tag-5-m","11":"product_tag-led","12":"product_tag-luce","13":"product_tag-luce-led-visibilita-minima-3","14":"product_tag-miglia","15":"product_tag-minima","16":"product_tag-osculati","17":"product_tag-visibilita","18":"pa_supplier-osculati-s-r-l","19":"desktop-align-left","20":"tablet-align-left","21":"mobile-align-left","23":"first","24":"instock","25":"taxable","26":"shipping-taxable","27":"purchasable","28":"product-type-simple"},"acf":[],"yoast_head":"<!-- This site is optimized with the Yoast SEO Premium plugin v26.7 (Yoast SEO v26.9) - https:\/\/yoast.com\/product\/yoast-seo-premium-wordpress\/ -->\n<title>Luce LED visibilit\u00e0 minima 3,5 miglia - Osculati<\/title>\n<meta name=\"description\" content=\"Scopri la luce LED con visibilit\u00e0 minima di 3,5 miglia. Affidabile e di qualit\u00e0 Osculati, perfetta per ogni esigenza nautica. Acquista ora!\" \/>\n<meta name=\"robots\" content=\"index, follow, max-snippet:-1, max-image-preview:large, max-video-preview:-1\" \/>\n<link rel=\"canonical\" href=\"http:\/\/technofluid.it\/nl\/product\/led-licht-minimale-zichtbaarheid-35-mijl-code-30-592-06-osculati\/\" \/>\n<meta property=\"og:locale\" content=\"nl_NL\" \/>\n<meta property=\"og:type\" content=\"article\" \/>\n<meta property=\"og:title\" content=\"Luce LED visibilit&agrave; minima 3,5&nbsp;miglia &ndash; codice: 30.592.06 &ndash; Osculati\" \/>\n<meta property=\"og:description\" content=\"Scopri la luce LED con visibilit\u00e0 minima di 3,5 miglia. Affidabile e di qualit\u00e0 Osculati, perfetta per ogni esigenza nautica. Acquista ora!\" \/>\n<meta property=\"og:url\" content=\"http:\/\/technofluid.it\/nl\/product\/led-licht-minimale-zichtbaarheid-35-mijl-code-30-592-06-osculati\/\" \/>\n<meta property=\"og:site_name\" content=\"Technofluid\" \/>\n<meta property=\"article:modified_time\" content=\"2026-04-15T11:13:51+00:00\" \/>\n<meta property=\"og:image\" content=\"https:\/\/technofluid.it\/wp-content\/uploads\/2026\/01\/2305-LUCE-LED-VISIBILITA-MINIMA-35-MIGLIA-CODICE-30.592.06-OSCULATI.jpg\" \/>\n\t<meta property=\"og:image:width\" content=\"300\" \/>\n\t<meta property=\"og:image:height\" content=\"300\" \/>\n\t<meta property=\"og:image:type\" content=\"image\/jpeg\" \/>\n<meta name=\"twitter:card\" content=\"summary_large_image\" \/>\n<meta name=\"twitter:label1\" content=\"Prijs\" \/>\n\t<meta name=\"twitter:data1\" content=\"13,85&nbsp;&euro; Iva esclusa\" \/>\n\t<meta name=\"twitter:label2\" content=\"Beschikbaarheid\" \/>\n\t<meta name=\"twitter:data2\" content=\"Op voorraad\" \/>\n<script type=\"application\/ld+json\" class=\"yoast-schema-graph\">{\"@context\":\"https:\/\/schema.org\",\"@graph\":[{\"@type\":\"WebPage\",\"@id\":\"https:\/\/technofluid.it\/prodotto\/luce-led-visibilit-minima-35miglia-codice-30-592-06-osculati\/\",\"url\":\"https:\/\/technofluid.it\/prodotto\/luce-led-visibilit-minima-35miglia-codice-30-592-06-osculati\/\",\"name\":\"Luce LED visibilit\u00e0 minima 3,5 miglia - Osculati\",\"isPartOf\":{\"@id\":\"https:\/\/technofluid.it\/#website\"},\"primaryImageOfPage\":{\"@id\":\"https:\/\/technofluid.it\/prodotto\/luce-led-visibilit-minima-35miglia-codice-30-592-06-osculati\/#primaryimage\"},\"image\":{\"@id\":\"https:\/\/technofluid.it\/prodotto\/luce-led-visibilit-minima-35miglia-codice-30-592-06-osculati\/#primaryimage\"},\"thumbnailUrl\":\"https:\/\/technofluid.it\/wp-content\/uploads\/2026\/01\/2305-LUCE-LED-VISIBILITA-MINIMA-35-MIGLIA-CODICE-30.592.06-OSCULATI.jpg\",\"datePublished\":\"2025-10-25T00:02:47+00:00\",\"dateModified\":\"2026-04-15T11:13:51+00:00\",\"description\":\"Scopri la luce LED con visibilit\u00e0 minima di 3,5 miglia. Affidabile e di qualit\u00e0 Osculati, perfetta per ogni esigenza nautica. Acquista ora!\",\"breadcrumb\":{\"@id\":\"https:\/\/technofluid.it\/prodotto\/luce-led-visibilit-minima-35miglia-codice-30-592-06-osculati\/#breadcrumb\"},\"inLanguage\":\"nl-NL\",\"potentialAction\":[{\"@type\":\"ReadAction\",\"target\":[\"https:\/\/technofluid.it\/prodotto\/luce-led-visibilit-minima-35miglia-codice-30-592-06-osculati\/\"]}]},{\"@type\":\"ImageObject\",\"inLanguage\":\"nl-NL\",\"@id\":\"https:\/\/technofluid.it\/prodotto\/luce-led-visibilit-minima-35miglia-codice-30-592-06-osculati\/#primaryimage\",\"url\":\"https:\/\/technofluid.it\/wp-content\/uploads\/2026\/01\/2305-LUCE-LED-VISIBILITA-MINIMA-35-MIGLIA-CODICE-30.592.06-OSCULATI.jpg\",\"contentUrl\":\"https:\/\/technofluid.it\/wp-content\/uploads\/2026\/01\/2305-LUCE-LED-VISIBILITA-MINIMA-35-MIGLIA-CODICE-30.592.06-OSCULATI.jpg\",\"width\":300,\"height\":300,\"caption\":\"Luce LED rossa per visibilit\u00e0 minima di 3,5 miglia, ideale per sicurezza nautica, codice 30.592.06, Osculati.\"},{\"@type\":\"BreadcrumbList\",\"@id\":\"https:\/\/technofluid.it\/prodotto\/luce-led-visibilit-minima-35miglia-codice-30-592-06-osculati\/#breadcrumb\",\"itemListElement\":[{\"@type\":\"ListItem\",\"position\":1,\"name\":\"Home\",\"item\":\"https:\/\/technofluid.it\/\"},{\"@type\":\"ListItem\",\"position\":2,\"name\":\"Shop\",\"item\":\"https:\/\/technofluid.it\/shop\/\"},{\"@type\":\"ListItem\",\"position\":3,\"name\":\"Luce LED visibilit&agrave; minima 3,5&nbsp;miglia &ndash; codice: 30.592.06 &ndash; Osculati\"}]},{\"@type\":\"WebSite\",\"@id\":\"https:\/\/technofluid.it\/#website\",\"url\":\"https:\/\/technofluid.it\/\",\"name\":\"Technofluid S.R.L.\",\"description\":\"Dal 1999 siamo specializzati nell&#039;impiantistica navale, idraulica, civile e industriale\",\"publisher\":{\"@id\":\"https:\/\/technofluid.it\/#organization\"},\"potentialAction\":[{\"@type\":\"SearchAction\",\"target\":{\"@type\":\"EntryPoint\",\"urlTemplate\":\"https:\/\/technofluid.it\/?s={search_term_string}\"},\"query-input\":{\"@type\":\"PropertyValueSpecification\",\"valueRequired\":true,\"valueName\":\"search_term_string\"}}],\"inLanguage\":\"nl-NL\"},{\"@type\":\"Organization\",\"@id\":\"https:\/\/technofluid.it\/#organization\",\"name\":\"Technofluid\",\"url\":\"https:\/\/technofluid.it\/\",\"logo\":{\"@type\":\"ImageObject\",\"inLanguage\":\"nl-NL\",\"@id\":\"https:\/\/technofluid.it\/#\/schema\/logo\/image\/\",\"url\":\"https:\/\/technofluid.it\/wp-content\/uploads\/2025\/12\/technofluid_bianco-logo.webp\",\"contentUrl\":\"https:\/\/technofluid.it\/wp-content\/uploads\/2025\/12\/technofluid_bianco-logo.webp\",\"width\":350,\"height\":116,\"caption\":\"Technofluid\"},\"image\":{\"@id\":\"https:\/\/technofluid.it\/#\/schema\/logo\/image\/\"},\"description\":\"La Technofluid S.r.l. nasce nel 1999 a Barcellona Pozzo di Gotto, in provincia di Messina, con l\u2019obiettivo di diventare un punto di riferimento nel settore dell\u2019impiantistica navale, idraulica, civile e industriale.\",\"email\":\"info@technofluid.it\",\"telephone\":\"0907386877\",\"legalName\":\"Technofluid S.R.L\",\"vatID\":\"IT03148240835\",\"taxID\":\"03148240835\",\"ownershipFundingInfo\":\"https:\/\/technofluid.it\/azienda\/\"}]}<\/script>\n<meta property=\"product:price:amount\" content=\"13.85\" \/>\n<meta property=\"product:price:currency\" content=\"EUR\" \/>\n<meta property=\"og:availability\" content=\"instock\" \/>\n<meta property=\"product:availability\" content=\"instock\" \/>\n<meta property=\"product:retailer_item_id\" content=\"OSCU00001009\" \/>\n<meta property=\"product:condition\" content=\"new\" \/>\n<!-- \/ Yoast SEO Premium plugin. -->","yoast_head_json":{"title":"Luce LED visibilit\u00e0 minima 3,5 miglia - Osculati","description":"Scopri la luce LED con visibilit\u00e0 minima di 3,5 miglia. Affidabile e di qualit\u00e0 Osculati, perfetta per ogni esigenza nautica. Acquista ora!","robots":{"index":"index","follow":"follow","max-snippet":"max-snippet:-1","max-image-preview":"max-image-preview:large","max-video-preview":"max-video-preview:-1"},"canonical":"http:\/\/technofluid.it\/nl\/product\/led-licht-minimale-zichtbaarheid-35-mijl-code-30-592-06-osculati\/","og_locale":"nl_NL","og_type":"article","og_title":"Luce LED visibilit&agrave; minima 3,5&nbsp;miglia &ndash; codice: 30.592.06 &ndash; Osculati","og_description":"Scopri la luce LED con visibilit\u00e0 minima di 3,5 miglia. Affidabile e di qualit\u00e0 Osculati, perfetta per ogni esigenza nautica. Acquista ora!","og_url":"http:\/\/technofluid.it\/nl\/product\/led-licht-minimale-zichtbaarheid-35-mijl-code-30-592-06-osculati\/","og_site_name":"Technofluid","article_modified_time":"2026-04-15T11:13:51+00:00","og_image":[{"width":300,"height":300,"url":"https:\/\/technofluid.it\/wp-content\/uploads\/2026\/01\/2305-LUCE-LED-VISIBILITA-MINIMA-35-MIGLIA-CODICE-30.592.06-OSCULATI.jpg","type":"image\/jpeg"}],"twitter_card":"summary_large_image","twitter_misc":{"Prijs":"13,85&nbsp;&euro; Iva esclusa","Beschikbaarheid":"Op voorraad"},"schema":{"@context":"https:\/\/schema.org","@graph":[{"@type":"WebPage","@id":"https:\/\/technofluid.it\/prodotto\/luce-led-visibilit-minima-35miglia-codice-30-592-06-osculati\/","url":"https:\/\/technofluid.it\/prodotto\/luce-led-visibilit-minima-35miglia-codice-30-592-06-osculati\/","name":"Luce LED visibilit\u00e0 minima 3,5 miglia - Osculati","isPartOf":{"@id":"https:\/\/technofluid.it\/#website"},"primaryImageOfPage":{"@id":"https:\/\/technofluid.it\/prodotto\/luce-led-visibilit-minima-35miglia-codice-30-592-06-osculati\/#primaryimage"},"image":{"@id":"https:\/\/technofluid.it\/prodotto\/luce-led-visibilit-minima-35miglia-codice-30-592-06-osculati\/#primaryimage"},"thumbnailUrl":"https:\/\/technofluid.it\/wp-content\/uploads\/2026\/01\/2305-LUCE-LED-VISIBILITA-MINIMA-35-MIGLIA-CODICE-30.592.06-OSCULATI.jpg","datePublished":"2025-10-25T00:02:47+00:00","dateModified":"2026-04-15T11:13:51+00:00","description":"Scopri la luce LED con visibilit\u00e0 minima di 3,5 miglia. Affidabile e di qualit\u00e0 Osculati, perfetta per ogni esigenza nautica. Acquista ora!","breadcrumb":{"@id":"https:\/\/technofluid.it\/prodotto\/luce-led-visibilit-minima-35miglia-codice-30-592-06-osculati\/#breadcrumb"},"inLanguage":"nl-NL","potentialAction":[{"@type":"ReadAction","target":["https:\/\/technofluid.it\/prodotto\/luce-led-visibilit-minima-35miglia-codice-30-592-06-osculati\/"]}]},{"@type":"ImageObject","inLanguage":"nl-NL","@id":"https:\/\/technofluid.it\/prodotto\/luce-led-visibilit-minima-35miglia-codice-30-592-06-osculati\/#primaryimage","url":"https:\/\/technofluid.it\/wp-content\/uploads\/2026\/01\/2305-LUCE-LED-VISIBILITA-MINIMA-35-MIGLIA-CODICE-30.592.06-OSCULATI.jpg","contentUrl":"https:\/\/technofluid.it\/wp-content\/uploads\/2026\/01\/2305-LUCE-LED-VISIBILITA-MINIMA-35-MIGLIA-CODICE-30.592.06-OSCULATI.jpg","width":300,"height":300,"caption":"Luce LED rossa per visibilit\u00e0 minima di 3,5 miglia, ideale per sicurezza nautica, codice 30.592.06, Osculati."},{"@type":"BreadcrumbList","@id":"https:\/\/technofluid.it\/prodotto\/luce-led-visibilit-minima-35miglia-codice-30-592-06-osculati\/#breadcrumb","itemListElement":[{"@type":"ListItem","position":1,"name":"Home","item":"https:\/\/technofluid.it\/"},{"@type":"ListItem","position":2,"name":"Shop","item":"https:\/\/technofluid.it\/shop\/"},{"@type":"ListItem","position":3,"name":"Luce LED visibilit&agrave; minima 3,5&nbsp;miglia &ndash; codice: 30.592.06 &ndash; Osculati"}]},{"@type":"WebSite","@id":"https:\/\/technofluid.it\/#website","url":"https:\/\/technofluid.it\/","name":"Technofluid S.R.L.","description":"Sinds 1999 zijn wij gespecialiseerd in scheepsinstallaties, hydrauliek, civiele en industri\u00eble installaties","publisher":{"@id":"https:\/\/technofluid.it\/#organization"},"potentialAction":[{"@type":"SearchAction","target":{"@type":"EntryPoint","urlTemplate":"https:\/\/technofluid.it\/?s={search_term_string}"},"query-input":{"@type":"PropertyValueSpecification","valueRequired":true,"valueName":"search_term_string"}}],"inLanguage":"nl-NL"},{"@type":"Organization","@id":"https:\/\/technofluid.it\/#organization","name":"Technofluid","url":"https:\/\/technofluid.it\/","logo":{"@type":"ImageObject","inLanguage":"nl-NL","@id":"https:\/\/technofluid.it\/#\/schema\/logo\/image\/","url":"https:\/\/technofluid.it\/wp-content\/uploads\/2025\/12\/technofluid_bianco-logo.webp","contentUrl":"https:\/\/technofluid.it\/wp-content\/uploads\/2025\/12\/technofluid_bianco-logo.webp","width":350,"height":116,"caption":"Technofluid"},"image":{"@id":"https:\/\/technofluid.it\/#\/schema\/logo\/image\/"},"description":"Technofluid S.r.l. is opgericht in 1999 in Barcellona Pozzo di Gotto, in de provincie Messina, met als doel een referentiepunt te worden in de sector van scheepsinstallaties, hydrauliek, civiele en industri\u00eble installaties.","email":"info@technofluid.it","telephone":"0907386877","legalName":"Technofluid S.R.L","vatID":"IT03148240835","taxID":"03148240835","ownershipFundingInfo":"https:\/\/technofluid.it\/azienda\/"}]},"product_price_amount":"13.85","product_price_currency":"EUR","og_availability":"instock","product_availability":"instock","product_retailer_item_id":"OSCU00001009","product_condition":"new"},"_links":{"self":[{"href":"http:\/\/technofluid.it\/nl\/wp-json\/wp\/v2\/product\/30410","targetHints":{"allow":["GET"]}}],"collection":[{"href":"http:\/\/technofluid.it\/nl\/wp-json\/wp\/v2\/product"}],"about":[{"href":"http:\/\/technofluid.it\/nl\/wp-json\/wp\/v2\/types\/product"}],"replies":[{"embeddable":true,"href":"http:\/\/technofluid.it\/nl\/wp-json\/wp\/v2\/comments?post=30410"}],"version-history":[{"count":0,"href":"http:\/\/technofluid.it\/nl\/wp-json\/wp\/v2\/product\/30410\/revisions"}],"wp:featuredmedia":[{"embeddable":true,"href":"http:\/\/technofluid.it\/nl\/wp-json\/wp\/v2\/media\/39865"}],"wp:attachment":[{"href":"http:\/\/technofluid.it\/nl\/wp-json\/wp\/v2\/media?parent=30410"}],"wp:term":[{"taxonomy":"product_brand","embeddable":true,"href":"http:\/\/technofluid.it\/nl\/wp-json\/wp\/v2\/product_brand?post=30410"},{"taxonomy":"product_cat","embeddable":true,"href":"http:\/\/technofluid.it\/nl\/wp-json\/wp\/v2\/product_cat?post=30410"},{"taxonomy":"product_tag","embeddable":true,"href":"http:\/\/technofluid.it\/nl\/wp-json\/wp\/v2\/product_tag?post=30410"}],"curies":[{"name":"wp","href":"https:\/\/api.w.org\/{rel}","templated":true}]}}