{"id":30281,"date":"2025-10-25T00:02:26","date_gmt":"2025-10-25T00:02:26","guid":{"rendered":"https:\/\/technofluid.it\/prodotto\/kit-manutenzione-generatore-bc-is-13-1t-e-is-20-1t-codice-913880-mase\/"},"modified":"2026-04-15T00:09:05","modified_gmt":"2026-04-14T23:09:05","slug":"kit-manutenzione-generatore-b-c-is-13-1t-e-is-20-1t-codice-913880-mase","status":"publish","type":"product","link":"http:\/\/technofluid.it\/nl\/product\/onderhoudskit-generator-b-c-is-13-1t-en-is-20-1t-code-913880-mase\/","title":{"rendered":"Onderhoudskit generator B + C IS 13.1T en IS 20.1T \u2013 code: 913880 \u2013 Mase"},"content":{"rendered":"<p>Onderhoudskit generator B + C IS 13.1T en IS 20.1T \u2013 code: 913880 \u2013 Mase<\/p>","protected":false},"excerpt":{"rendered":"<p>KIT MANUTENZIONE GENERATORE B+C IS 13.1T E IS 20.1T &#8211; CODICE: 913880 &#8211; MASE<\/p>","protected":false},"featured_media":39554,"comment_status":"open","ping_status":"closed","template":"","meta":{"_acf_changed":false,"_monsterinsights_skip_tracking":false,"_monsterinsights_sitenote_active":false,"_monsterinsights_sitenote_note":"","_monsterinsights_sitenote_category":0,"site-sidebar-layout":"default","site-content-layout":"","ast-site-content-layout":"default","site-content-style":"default","site-sidebar-style":"default","ast-global-header-display":"","ast-banner-title-visibility":"","ast-main-header-display":"","ast-hfb-above-header-display":"","ast-hfb-below-header-display":"","ast-hfb-mobile-header-display":"","site-post-title":"","ast-breadcrumbs-content":"","ast-featured-img":"","footer-sml-layout":"","ast-disable-related-posts":"","theme-transparent-header-meta":"","adv-header-id-meta":"","stick-header-meta":"","header-above-stick-meta":"","header-main-stick-meta":"","header-below-stick-meta":"","astra-migrate-meta-layouts":"default","ast-page-background-enabled":"default","ast-page-background-meta":{"desktop":{"background-color":"var(--ast-global-color-5)","background-image":"","background-repeat":"repeat","background-position":"center center","background-size":"auto","background-attachment":"scroll","background-type":"","background-media":"","overlay-type":"","overlay-color":"","overlay-opacity":"","overlay-gradient":""},"tablet":{"background-color":"","background-image":"","background-repeat":"repeat","background-position":"center center","background-size":"auto","background-attachment":"scroll","background-type":"","background-media":"","overlay-type":"","overlay-color":"","overlay-opacity":"","overlay-gradient":""},"mobile":{"background-color":"","background-image":"","background-repeat":"repeat","background-position":"center center","background-size":"auto","background-attachment":"scroll","background-type":"","background-media":"","overlay-type":"","overlay-color":"","overlay-opacity":"","overlay-gradient":""}},"ast-content-background-meta":{"desktop":{"background-color":"var(--ast-global-color-4)","background-image":"","background-repeat":"repeat","background-position":"center center","background-size":"auto","background-attachment":"scroll","background-type":"","background-media":"","overlay-type":"","overlay-color":"","overlay-opacity":"","overlay-gradient":""},"tablet":{"background-color":"var(--ast-global-color-4)","background-image":"","background-repeat":"repeat","background-position":"center center","background-size":"auto","background-attachment":"scroll","background-type":"","background-media":"","overlay-type":"","overlay-color":"","overlay-opacity":"","overlay-gradient":""},"mobile":{"background-color":"var(--ast-global-color-4)","background-image":"","background-repeat":"repeat","background-position":"center center","background-size":"auto","background-attachment":"scroll","background-type":"","background-media":"","overlay-type":"","overlay-color":"","overlay-opacity":"","overlay-gradient":""}}},"product_brand":[],"product_cat":[225,133],"product_tag":[],"class_list":{"0":"post-30281","1":"product","2":"type-product","3":"status-publish","4":"has-post-thumbnail","6":"product_cat-mase","7":"product_cat-ricambistica","8":"pa_supplier-mase-generators-s-p-a","9":"desktop-align-left","10":"tablet-align-left","11":"mobile-align-left","13":"first","14":"outofstock","15":"taxable","16":"shipping-taxable","17":"purchasable","18":"product-type-simple"},"acf":[],"yoast_head":"<!-- This site is optimized with the Yoast SEO Premium plugin v26.7 (Yoast SEO v26.9) - https:\/\/yoast.com\/product\/yoast-seo-premium-wordpress\/ -->\n<title>Kit Manutenzione Generatore B+C IS 13.1T e 20.1T - Mase<\/title>\n<meta name=\"description\" content=\"Acquista il kit manutenzione generatore B + C per IS 13.1T e IS 20.1T. Codice 913880 Mase, qualit\u00e0 e affidabilit\u00e0 garantite. Scopri di pi\u00f9 ora!\" \/>\n<meta name=\"robots\" content=\"index, follow, max-snippet:-1, max-image-preview:large, max-video-preview:-1\" \/>\n<link rel=\"canonical\" href=\"http:\/\/technofluid.it\/nl\/product\/onderhoudskit-generator-b-c-is-13-1t-en-is-20-1t-code-913880-mase\/\" \/>\n<meta property=\"og:locale\" content=\"nl_NL\" \/>\n<meta property=\"og:type\" content=\"article\" \/>\n<meta property=\"og:title\" content=\"Kit manutenzione generatore B + C IS 13.1T e IS 20.1T &ndash; codice: 913880 &ndash; Mase\" \/>\n<meta property=\"og:description\" content=\"Acquista il kit manutenzione generatore B + C per IS 13.1T e IS 20.1T. Codice 913880 Mase, qualit\u00e0 e affidabilit\u00e0 garantite. Scopri di pi\u00f9 ora!\" \/>\n<meta property=\"og:url\" content=\"http:\/\/technofluid.it\/nl\/product\/onderhoudskit-generator-b-c-is-13-1t-en-is-20-1t-code-913880-mase\/\" \/>\n<meta property=\"og:site_name\" content=\"Technofluid\" \/>\n<meta property=\"article:modified_time\" content=\"2026-04-14T23:09:05+00:00\" \/>\n<meta property=\"og:image\" content=\"https:\/\/technofluid.it\/wp-content\/uploads\/2026\/01\/4614-Kit-manutenzione-generatore-B-C-IS-13.1T-e-IS-20.1T-codice-913880-Mase.jpg\" \/>\n\t<meta property=\"og:image:width\" content=\"474\" \/>\n\t<meta property=\"og:image:height\" content=\"148\" \/>\n\t<meta property=\"og:image:type\" content=\"image\/jpeg\" \/>\n<meta name=\"twitter:card\" content=\"summary_large_image\" \/>\n<meta name=\"twitter:label1\" content=\"Prijs\" \/>\n\t<meta name=\"twitter:data1\" content=\"768,82&nbsp;&euro; Iva esclusa\" \/>\n\t<meta name=\"twitter:label2\" content=\"Beschikbaarheid\" \/>\n\t<meta name=\"twitter:data2\" content=\"Uitverkocht\" \/>\n<script type=\"application\/ld+json\" class=\"yoast-schema-graph\">{\"@context\":\"https:\/\/schema.org\",\"@graph\":[{\"@type\":\"WebPage\",\"@id\":\"https:\/\/technofluid.it\/prodotto\/kit-manutenzione-generatore-b-c-is-13-1t-e-is-20-1t-codice-913880-mase\/\",\"url\":\"https:\/\/technofluid.it\/prodotto\/kit-manutenzione-generatore-b-c-is-13-1t-e-is-20-1t-codice-913880-mase\/\",\"name\":\"Kit Manutenzione Generatore B+C IS 13.1T e 20.1T - Mase\",\"isPartOf\":{\"@id\":\"https:\/\/technofluid.it\/#website\"},\"primaryImageOfPage\":{\"@id\":\"https:\/\/technofluid.it\/prodotto\/kit-manutenzione-generatore-b-c-is-13-1t-e-is-20-1t-codice-913880-mase\/#primaryimage\"},\"image\":{\"@id\":\"https:\/\/technofluid.it\/prodotto\/kit-manutenzione-generatore-b-c-is-13-1t-e-is-20-1t-codice-913880-mase\/#primaryimage\"},\"thumbnailUrl\":\"https:\/\/technofluid.it\/wp-content\/uploads\/2026\/01\/4614-Kit-manutenzione-generatore-B-C-IS-13.1T-e-IS-20.1T-codice-913880-Mase.jpg\",\"datePublished\":\"2025-10-25T00:02:26+00:00\",\"dateModified\":\"2026-04-14T23:09:05+00:00\",\"description\":\"Acquista il kit manutenzione generatore B + C per IS 13.1T e IS 20.1T. Codice 913880 Mase, qualit\u00e0 e affidabilit\u00e0 garantite. Scopri di pi\u00f9 ora!\",\"breadcrumb\":{\"@id\":\"https:\/\/technofluid.it\/prodotto\/kit-manutenzione-generatore-b-c-is-13-1t-e-is-20-1t-codice-913880-mase\/#breadcrumb\"},\"inLanguage\":\"nl-NL\",\"potentialAction\":[{\"@type\":\"ReadAction\",\"target\":[\"https:\/\/technofluid.it\/prodotto\/kit-manutenzione-generatore-b-c-is-13-1t-e-is-20-1t-codice-913880-mase\/\"]}]},{\"@type\":\"ImageObject\",\"inLanguage\":\"nl-NL\",\"@id\":\"https:\/\/technofluid.it\/prodotto\/kit-manutenzione-generatore-b-c-is-13-1t-e-is-20-1t-codice-913880-mase\/#primaryimage\",\"url\":\"https:\/\/technofluid.it\/wp-content\/uploads\/2026\/01\/4614-Kit-manutenzione-generatore-B-C-IS-13.1T-e-IS-20.1T-codice-913880-Mase.jpg\",\"contentUrl\":\"https:\/\/technofluid.it\/wp-content\/uploads\/2026\/01\/4614-Kit-manutenzione-generatore-B-C-IS-13.1T-e-IS-20.1T-codice-913880-Mase.jpg\",\"width\":474,\"height\":148,\"caption\":\"Immagine del kit di manutenzione per generatori B + C IS 13.1T e IS 20.1T, codice 913880, marca Mase.\"},{\"@type\":\"BreadcrumbList\",\"@id\":\"https:\/\/technofluid.it\/prodotto\/kit-manutenzione-generatore-b-c-is-13-1t-e-is-20-1t-codice-913880-mase\/#breadcrumb\",\"itemListElement\":[{\"@type\":\"ListItem\",\"position\":1,\"name\":\"Home\",\"item\":\"https:\/\/technofluid.it\/\"},{\"@type\":\"ListItem\",\"position\":2,\"name\":\"Shop\",\"item\":\"https:\/\/technofluid.it\/shop\/\"},{\"@type\":\"ListItem\",\"position\":3,\"name\":\"Kit manutenzione generatore B + C IS 13.1T e IS 20.1T &ndash; codice: 913880 &ndash; Mase\"}]},{\"@type\":\"WebSite\",\"@id\":\"https:\/\/technofluid.it\/#website\",\"url\":\"https:\/\/technofluid.it\/\",\"name\":\"Technofluid S.R.L.\",\"description\":\"Dal 1999 siamo specializzati nell&#039;impiantistica navale, idraulica, civile e industriale\",\"publisher\":{\"@id\":\"https:\/\/technofluid.it\/#organization\"},\"potentialAction\":[{\"@type\":\"SearchAction\",\"target\":{\"@type\":\"EntryPoint\",\"urlTemplate\":\"https:\/\/technofluid.it\/?s={search_term_string}\"},\"query-input\":{\"@type\":\"PropertyValueSpecification\",\"valueRequired\":true,\"valueName\":\"search_term_string\"}}],\"inLanguage\":\"nl-NL\"},{\"@type\":\"Organization\",\"@id\":\"https:\/\/technofluid.it\/#organization\",\"name\":\"Technofluid\",\"url\":\"https:\/\/technofluid.it\/\",\"logo\":{\"@type\":\"ImageObject\",\"inLanguage\":\"nl-NL\",\"@id\":\"https:\/\/technofluid.it\/#\/schema\/logo\/image\/\",\"url\":\"https:\/\/technofluid.it\/wp-content\/uploads\/2025\/12\/technofluid_bianco-logo.webp\",\"contentUrl\":\"https:\/\/technofluid.it\/wp-content\/uploads\/2025\/12\/technofluid_bianco-logo.webp\",\"width\":350,\"height\":116,\"caption\":\"Technofluid\"},\"image\":{\"@id\":\"https:\/\/technofluid.it\/#\/schema\/logo\/image\/\"},\"description\":\"La Technofluid S.r.l. nasce nel 1999 a Barcellona Pozzo di Gotto, in provincia di Messina, con l\u2019obiettivo di diventare un punto di riferimento nel settore dell\u2019impiantistica navale, idraulica, civile e industriale.\",\"email\":\"info@technofluid.it\",\"telephone\":\"0907386877\",\"legalName\":\"Technofluid S.R.L\",\"vatID\":\"IT03148240835\",\"taxID\":\"03148240835\",\"ownershipFundingInfo\":\"https:\/\/technofluid.it\/azienda\/\"}]}<\/script>\n<meta property=\"product:price:amount\" content=\"768.82\" \/>\n<meta property=\"product:price:currency\" content=\"EUR\" \/>\n<meta property=\"og:availability\" content=\"out of stock\" \/>\n<meta property=\"product:availability\" content=\"out of stock\" \/>\n<meta property=\"product:retailer_item_id\" content=\"MAS000000041\" \/>\n<meta property=\"product:condition\" content=\"new\" \/>\n<!-- \/ Yoast SEO Premium plugin. -->","yoast_head_json":{"title":"Onderhoudskit Generator B+C IS 13.1T en 20.1T - Mase","description":"Koop de onderhoudskit generator B + C voor IS 13.1T en IS 20.1T. Code 913880 Mase, gegarandeerde kwaliteit en betrouwbaarheid. Ontdek nu meer!","robots":{"index":"index","follow":"follow","max-snippet":"max-snippet:-1","max-image-preview":"max-image-preview:large","max-video-preview":"max-video-preview:-1"},"canonical":"http:\/\/technofluid.it\/nl\/product\/onderhoudskit-generator-b-c-is-13-1t-en-is-20-1t-code-913880-mase\/","og_locale":"nl_NL","og_type":"article","og_title":"Kit manutenzione generatore B + C IS 13.1T e IS 20.1T &ndash; codice: 913880 &ndash; Mase","og_description":"Acquista il kit manutenzione generatore B + C per IS 13.1T e IS 20.1T. Codice 913880 Mase, qualit\u00e0 e affidabilit\u00e0 garantite. Scopri di pi\u00f9 ora!","og_url":"http:\/\/technofluid.it\/nl\/product\/onderhoudskit-generator-b-c-is-13-1t-en-is-20-1t-code-913880-mase\/","og_site_name":"Technofluid","article_modified_time":"2026-04-14T23:09:05+00:00","og_image":[{"width":474,"height":148,"url":"https:\/\/technofluid.it\/wp-content\/uploads\/2026\/01\/4614-Kit-manutenzione-generatore-B-C-IS-13.1T-e-IS-20.1T-codice-913880-Mase.jpg","type":"image\/jpeg"}],"twitter_card":"summary_large_image","twitter_misc":{"Prijs":"768,82&nbsp;&euro; Iva esclusa","Beschikbaarheid":"Uitverkocht"},"schema":{"@context":"https:\/\/schema.org","@graph":[{"@type":"WebPage","@id":"https:\/\/technofluid.it\/prodotto\/kit-manutenzione-generatore-b-c-is-13-1t-e-is-20-1t-codice-913880-mase\/","url":"https:\/\/technofluid.it\/prodotto\/kit-manutenzione-generatore-b-c-is-13-1t-e-is-20-1t-codice-913880-mase\/","name":"Onderhoudskit Generator B+C IS 13.1T en 20.1T - Mase","isPartOf":{"@id":"https:\/\/technofluid.it\/#website"},"primaryImageOfPage":{"@id":"https:\/\/technofluid.it\/prodotto\/kit-manutenzione-generatore-b-c-is-13-1t-e-is-20-1t-codice-913880-mase\/#primaryimage"},"image":{"@id":"https:\/\/technofluid.it\/prodotto\/kit-manutenzione-generatore-b-c-is-13-1t-e-is-20-1t-codice-913880-mase\/#primaryimage"},"thumbnailUrl":"https:\/\/technofluid.it\/wp-content\/uploads\/2026\/01\/4614-Kit-manutenzione-generatore-B-C-IS-13.1T-e-IS-20.1T-codice-913880-Mase.jpg","datePublished":"2025-10-25T00:02:26+00:00","dateModified":"2026-04-14T23:09:05+00:00","description":"Koop de onderhoudskit generator B + C voor IS 13.1T en IS 20.1T. Code 913880 Mase, gegarandeerde kwaliteit en betrouwbaarheid. Ontdek nu meer!","breadcrumb":{"@id":"https:\/\/technofluid.it\/prodotto\/kit-manutenzione-generatore-b-c-is-13-1t-e-is-20-1t-codice-913880-mase\/#breadcrumb"},"inLanguage":"nl-NL","potentialAction":[{"@type":"ReadAction","target":["https:\/\/technofluid.it\/prodotto\/kit-manutenzione-generatore-b-c-is-13-1t-e-is-20-1t-codice-913880-mase\/"]}]},{"@type":"ImageObject","inLanguage":"nl-NL","@id":"https:\/\/technofluid.it\/prodotto\/kit-manutenzione-generatore-b-c-is-13-1t-e-is-20-1t-codice-913880-mase\/#primaryimage","url":"https:\/\/technofluid.it\/wp-content\/uploads\/2026\/01\/4614-Kit-manutenzione-generatore-B-C-IS-13.1T-e-IS-20.1T-codice-913880-Mase.jpg","contentUrl":"https:\/\/technofluid.it\/wp-content\/uploads\/2026\/01\/4614-Kit-manutenzione-generatore-B-C-IS-13.1T-e-IS-20.1T-codice-913880-Mase.jpg","width":474,"height":148,"caption":"Immagine del kit di manutenzione per generatori B + C IS 13.1T e IS 20.1T, codice 913880, marca Mase."},{"@type":"BreadcrumbList","@id":"https:\/\/technofluid.it\/prodotto\/kit-manutenzione-generatore-b-c-is-13-1t-e-is-20-1t-codice-913880-mase\/#breadcrumb","itemListElement":[{"@type":"ListItem","position":1,"name":"Home","item":"https:\/\/technofluid.it\/"},{"@type":"ListItem","position":2,"name":"Shop","item":"https:\/\/technofluid.it\/shop\/"},{"@type":"ListItem","position":3,"name":"Kit manutenzione generatore B + C IS 13.1T e IS 20.1T &ndash; codice: 913880 &ndash; Mase"}]},{"@type":"WebSite","@id":"https:\/\/technofluid.it\/#website","url":"https:\/\/technofluid.it\/","name":"Technofluid S.R.L.","description":"Sinds 1999 zijn wij gespecialiseerd in scheepsinstallaties, hydrauliek, civiele en industri\u00eble installaties","publisher":{"@id":"https:\/\/technofluid.it\/#organization"},"potentialAction":[{"@type":"SearchAction","target":{"@type":"EntryPoint","urlTemplate":"https:\/\/technofluid.it\/?s={search_term_string}"},"query-input":{"@type":"PropertyValueSpecification","valueRequired":true,"valueName":"search_term_string"}}],"inLanguage":"nl-NL"},{"@type":"Organization","@id":"https:\/\/technofluid.it\/#organization","name":"Technofluid","url":"https:\/\/technofluid.it\/","logo":{"@type":"ImageObject","inLanguage":"nl-NL","@id":"https:\/\/technofluid.it\/#\/schema\/logo\/image\/","url":"https:\/\/technofluid.it\/wp-content\/uploads\/2025\/12\/technofluid_bianco-logo.webp","contentUrl":"https:\/\/technofluid.it\/wp-content\/uploads\/2025\/12\/technofluid_bianco-logo.webp","width":350,"height":116,"caption":"Technofluid"},"image":{"@id":"https:\/\/technofluid.it\/#\/schema\/logo\/image\/"},"description":"Technofluid S.r.l. is opgericht in 1999 in Barcellona Pozzo di Gotto, in de provincie Messina, met als doel een referentiepunt te worden in de sector van scheepsinstallaties, hydrauliek, civiele en industri\u00eble installaties.","email":"info@technofluid.it","telephone":"0907386877","legalName":"Technofluid S.R.L","vatID":"IT03148240835","taxID":"03148240835","ownershipFundingInfo":"https:\/\/technofluid.it\/azienda\/"}]},"product_price_amount":"768.82","product_price_currency":"EUR","og_availability":"out of stock","product_availability":"out of stock","product_retailer_item_id":"MAS000000041","product_condition":"new"},"_links":{"self":[{"href":"http:\/\/technofluid.it\/nl\/wp-json\/wp\/v2\/product\/30281","targetHints":{"allow":["GET"]}}],"collection":[{"href":"http:\/\/technofluid.it\/nl\/wp-json\/wp\/v2\/product"}],"about":[{"href":"http:\/\/technofluid.it\/nl\/wp-json\/wp\/v2\/types\/product"}],"replies":[{"embeddable":true,"href":"http:\/\/technofluid.it\/nl\/wp-json\/wp\/v2\/comments?post=30281"}],"version-history":[{"count":0,"href":"http:\/\/technofluid.it\/nl\/wp-json\/wp\/v2\/product\/30281\/revisions"}],"wp:featuredmedia":[{"embeddable":true,"href":"http:\/\/technofluid.it\/nl\/wp-json\/wp\/v2\/media\/39554"}],"wp:attachment":[{"href":"http:\/\/technofluid.it\/nl\/wp-json\/wp\/v2\/media?parent=30281"}],"wp:term":[{"taxonomy":"product_brand","embeddable":true,"href":"http:\/\/technofluid.it\/nl\/wp-json\/wp\/v2\/product_brand?post=30281"},{"taxonomy":"product_cat","embeddable":true,"href":"http:\/\/technofluid.it\/nl\/wp-json\/wp\/v2\/product_cat?post=30281"},{"taxonomy":"product_tag","embeddable":true,"href":"http:\/\/technofluid.it\/nl\/wp-json\/wp\/v2\/product_tag?post=30281"}],"curies":[{"name":"wp","href":"https:\/\/api.w.org\/{rel}","templated":true}]}}