{"id":31544,"date":"2025-10-25T00:05:14","date_gmt":"2025-10-25T00:05:14","guid":{"rendered":"https:\/\/technofluid.it\/prodotto\/valvola-a-sfera-passaggio-totale-f-f-da-11-4-maniglia-inox-codice-5000g-maestrini\/"},"modified":"2026-04-07T17:14:40","modified_gmt":"2026-04-07T16:14:40","slug":"valvola-a-sfera-passaggio-totale-f-f-da-114-maniglia-inox-dvgw-codice-5000g-maestrinii","status":"publish","type":"product","link":"http:\/\/technofluid.it\/fr\/produit\/vanne-a-boisseau-spherique-passage-total-f-f-de-114-poignee-inox-dvgw-code-5000g-maestrinii-2\/","title":{"rendered":"Vanne \u00e0 boisseau sph\u00e9rique passage total F.F. de 1\"1\/4, poign\u00e9e inox \u2013 DVGW \u2013 code : 5000G \u2013 MaestriniI"},"content":{"rendered":"<p>Vanne \u00e0 boisseau sph\u00e9rique passage total F.F. de 1\"1\/4, poign\u00e9e inox \u2013 DVGW \u2013 code : 5000G \u2013 MaestriniI<\/p>","protected":false},"excerpt":{"rendered":"<p>VALVOLA SFERA P.T.F.F. DA 1&#8243;1\/4 MANIGLIA INOX<\/p>","protected":false},"featured_media":42579,"comment_status":"open","ping_status":"closed","template":"","meta":{"_acf_changed":false,"_monsterinsights_skip_tracking":false,"_monsterinsights_sitenote_active":false,"_monsterinsights_sitenote_note":"","_monsterinsights_sitenote_category":0,"site-sidebar-layout":"default","site-content-layout":"","ast-site-content-layout":"default","site-content-style":"default","site-sidebar-style":"default","ast-global-header-display":"","ast-banner-title-visibility":"","ast-main-header-display":"","ast-hfb-above-header-display":"","ast-hfb-below-header-display":"","ast-hfb-mobile-header-display":"","site-post-title":"","ast-breadcrumbs-content":"","ast-featured-img":"","footer-sml-layout":"","ast-disable-related-posts":"","theme-transparent-header-meta":"","adv-header-id-meta":"","stick-header-meta":"","header-above-stick-meta":"","header-main-stick-meta":"","header-below-stick-meta":"","astra-migrate-meta-layouts":"default","ast-page-background-enabled":"default","ast-page-background-meta":{"desktop":{"background-color":"var(--ast-global-color-5)","background-image":"","background-repeat":"repeat","background-position":"center center","background-size":"auto","background-attachment":"scroll","background-type":"","background-media":"","overlay-type":"","overlay-color":"","overlay-opacity":"","overlay-gradient":""},"tablet":{"background-color":"","background-image":"","background-repeat":"repeat","background-position":"center center","background-size":"auto","background-attachment":"scroll","background-type":"","background-media":"","overlay-type":"","overlay-color":"","overlay-opacity":"","overlay-gradient":""},"mobile":{"background-color":"","background-image":"","background-repeat":"repeat","background-position":"center center","background-size":"auto","background-attachment":"scroll","background-type":"","background-media":"","overlay-type":"","overlay-color":"","overlay-opacity":"","overlay-gradient":""}},"ast-content-background-meta":{"desktop":{"background-color":"var(--ast-global-color-4)","background-image":"","background-repeat":"repeat","background-position":"center center","background-size":"auto","background-attachment":"scroll","background-type":"","background-media":"","overlay-type":"","overlay-color":"","overlay-opacity":"","overlay-gradient":""},"tablet":{"background-color":"var(--ast-global-color-4)","background-image":"","background-repeat":"repeat","background-position":"center center","background-size":"auto","background-attachment":"scroll","background-type":"","background-media":"","overlay-type":"","overlay-color":"","overlay-opacity":"","overlay-gradient":""},"mobile":{"background-color":"var(--ast-global-color-4)","background-image":"","background-repeat":"repeat","background-position":"center center","background-size":"auto","background-attachment":"scroll","background-type":"","background-media":"","overlay-type":"","overlay-color":"","overlay-opacity":"","overlay-gradient":""}}},"product_brand":[],"product_cat":[84,93],"product_tag":[3676,7919,7890,5377,3655,7894,7895,7896,5105,7920],"class_list":{"0":"post-31544","1":"product","2":"type-product","3":"status-publish","4":"has-post-thumbnail","6":"product_cat-idraulica-e-ferramenta","7":"product_cat-idraulica-e-raccordi","8":"product_tag-11-4","9":"product_tag-5000g","10":"product_tag-a-sfera","11":"product_tag-ff","12":"product_tag-maestrini","13":"product_tag-maniglia-inox","14":"product_tag-passaggio","15":"product_tag-totale","16":"product_tag-valvola","17":"product_tag-valvola-a-sfera-passaggio-totale","18":"pa_supplier-maestrini-s-r-l-societa-unipersonale","19":"desktop-align-left","20":"tablet-align-left","21":"mobile-align-left","23":"first","24":"instock","25":"taxable","26":"shipping-taxable","27":"purchasable","28":"product-type-simple"},"acf":[],"yoast_head":"<!-- This site is optimized with the Yoast SEO Premium plugin v26.7 (Yoast SEO v26.9) - https:\/\/yoast.com\/product\/yoast-seo-premium-wordpress\/ -->\n<title>VALVOLA A SFERA PASSAGGIO TOTALE - Technofluid<\/title>\n<meta name=\"robots\" content=\"index, follow, max-snippet:-1, max-image-preview:large, max-video-preview:-1\" \/>\n<link rel=\"canonical\" href=\"http:\/\/technofluid.it\/fr\/produit\/vanne-a-boisseau-spherique-passage-total-f-f-de-114-poignee-inox-dvgw-code-5000g-maestrinii-2\/\" \/>\n<meta property=\"og:locale\" content=\"fr_FR\" \/>\n<meta property=\"og:type\" content=\"article\" \/>\n<meta property=\"og:title\" content=\"Valvola a sfera passaggio totale F.F. da 1&quot;1\/4, maniglia inox &ndash; DVGW &ndash; codice: 5000G &ndash; MaestriniI\" \/>\n<meta property=\"og:description\" content=\"VALVOLA SFERA P.T.F.F. DA 1&quot;1\/4 MANIGLIA INOX\" \/>\n<meta property=\"og:url\" content=\"http:\/\/technofluid.it\/fr\/produit\/vanne-a-boisseau-spherique-passage-total-f-f-de-114-poignee-inox-dvgw-code-5000g-maestrinii-2\/\" \/>\n<meta property=\"og:site_name\" content=\"Technofluid\" \/>\n<meta property=\"article:modified_time\" content=\"2026-04-07T16:14:40+00:00\" \/>\n<meta property=\"og:image\" content=\"https:\/\/technofluid.it\/wp-content\/uploads\/2026\/01\/1901-Valvola-a-sfera-passaggio-totale-F.F.-da-114-maniglia-inox-DVGW-codice-5000G-MaestriniI.jpg\" \/>\n\t<meta property=\"og:image:width\" content=\"300\" \/>\n\t<meta property=\"og:image:height\" content=\"300\" \/>\n\t<meta property=\"og:image:type\" content=\"image\/jpeg\" \/>\n<meta name=\"twitter:card\" content=\"summary_large_image\" \/>\n<meta name=\"twitter:label1\" content=\"Prix\" \/>\n\t<meta name=\"twitter:data1\" content=\"29,67&nbsp;&euro; Iva esclusa\" \/>\n\t<meta name=\"twitter:label2\" content=\"Disponibilit\u00e9\" \/>\n\t<meta name=\"twitter:data2\" content=\"En stock\" \/>\n<script type=\"application\/ld+json\" class=\"yoast-schema-graph\">{\"@context\":\"https:\/\/schema.org\",\"@graph\":[{\"@type\":\"WebPage\",\"@id\":\"https:\/\/technofluid.it\/prodotto\/valvola-a-sfera-passaggio-totale-f-f-da-114-maniglia-inox-dvgw-codice-5000g-maestrinii\/\",\"url\":\"https:\/\/technofluid.it\/prodotto\/valvola-a-sfera-passaggio-totale-f-f-da-114-maniglia-inox-dvgw-codice-5000g-maestrinii\/\",\"name\":\"VALVOLA A SFERA PASSAGGIO TOTALE - Technofluid\",\"isPartOf\":{\"@id\":\"https:\/\/technofluid.it\/#website\"},\"primaryImageOfPage\":{\"@id\":\"https:\/\/technofluid.it\/prodotto\/valvola-a-sfera-passaggio-totale-f-f-da-114-maniglia-inox-dvgw-codice-5000g-maestrinii\/#primaryimage\"},\"image\":{\"@id\":\"https:\/\/technofluid.it\/prodotto\/valvola-a-sfera-passaggio-totale-f-f-da-114-maniglia-inox-dvgw-codice-5000g-maestrinii\/#primaryimage\"},\"thumbnailUrl\":\"https:\/\/technofluid.it\/wp-content\/uploads\/2026\/01\/1901-Valvola-a-sfera-passaggio-totale-F.F.-da-114-maniglia-inox-DVGW-codice-5000G-MaestriniI.jpg\",\"datePublished\":\"2025-10-25T00:05:14+00:00\",\"dateModified\":\"2026-04-07T16:14:40+00:00\",\"breadcrumb\":{\"@id\":\"https:\/\/technofluid.it\/prodotto\/valvola-a-sfera-passaggio-totale-f-f-da-114-maniglia-inox-dvgw-codice-5000g-maestrinii\/#breadcrumb\"},\"inLanguage\":\"fr-FR\",\"potentialAction\":[{\"@type\":\"ReadAction\",\"target\":[\"https:\/\/technofluid.it\/prodotto\/valvola-a-sfera-passaggio-totale-f-f-da-114-maniglia-inox-dvgw-codice-5000g-maestrinii\/\"]}]},{\"@type\":\"ImageObject\",\"inLanguage\":\"fr-FR\",\"@id\":\"https:\/\/technofluid.it\/prodotto\/valvola-a-sfera-passaggio-totale-f-f-da-114-maniglia-inox-dvgw-codice-5000g-maestrinii\/#primaryimage\",\"url\":\"https:\/\/technofluid.it\/wp-content\/uploads\/2026\/01\/1901-Valvola-a-sfera-passaggio-totale-F.F.-da-114-maniglia-inox-DVGW-codice-5000G-MaestriniI.jpg\",\"contentUrl\":\"https:\/\/technofluid.it\/wp-content\/uploads\/2026\/01\/1901-Valvola-a-sfera-passaggio-totale-F.F.-da-114-maniglia-inox-DVGW-codice-5000G-MaestriniI.jpg\",\"width\":300,\"height\":300,\"caption\":\"Valvola a sfera passaggio totale F.F. da 1\u00bc\\\" con maniglia inox, ideale per impianti idraulici.\"},{\"@type\":\"BreadcrumbList\",\"@id\":\"https:\/\/technofluid.it\/prodotto\/valvola-a-sfera-passaggio-totale-f-f-da-114-maniglia-inox-dvgw-codice-5000g-maestrinii\/#breadcrumb\",\"itemListElement\":[{\"@type\":\"ListItem\",\"position\":1,\"name\":\"Home\",\"item\":\"https:\/\/technofluid.it\/\"},{\"@type\":\"ListItem\",\"position\":2,\"name\":\"Shop\",\"item\":\"https:\/\/technofluid.it\/shop\/\"},{\"@type\":\"ListItem\",\"position\":3,\"name\":\"Valvola a sfera passaggio totale F.F. da 1&quot;1\/4, maniglia inox &ndash; DVGW &ndash; codice: 5000G &ndash; MaestriniI\"}]},{\"@type\":\"WebSite\",\"@id\":\"https:\/\/technofluid.it\/#website\",\"url\":\"https:\/\/technofluid.it\/\",\"name\":\"Technofluid S.R.L.\",\"description\":\"Dal 1999 siamo specializzati nell&#039;impiantistica navale, idraulica, civile e industriale\",\"publisher\":{\"@id\":\"https:\/\/technofluid.it\/#organization\"},\"potentialAction\":[{\"@type\":\"SearchAction\",\"target\":{\"@type\":\"EntryPoint\",\"urlTemplate\":\"https:\/\/technofluid.it\/?s={search_term_string}\"},\"query-input\":{\"@type\":\"PropertyValueSpecification\",\"valueRequired\":true,\"valueName\":\"search_term_string\"}}],\"inLanguage\":\"fr-FR\"},{\"@type\":\"Organization\",\"@id\":\"https:\/\/technofluid.it\/#organization\",\"name\":\"Technofluid\",\"url\":\"https:\/\/technofluid.it\/\",\"logo\":{\"@type\":\"ImageObject\",\"inLanguage\":\"fr-FR\",\"@id\":\"https:\/\/technofluid.it\/#\/schema\/logo\/image\/\",\"url\":\"https:\/\/technofluid.it\/wp-content\/uploads\/2025\/12\/technofluid_bianco-logo.webp\",\"contentUrl\":\"https:\/\/technofluid.it\/wp-content\/uploads\/2025\/12\/technofluid_bianco-logo.webp\",\"width\":350,\"height\":116,\"caption\":\"Technofluid\"},\"image\":{\"@id\":\"https:\/\/technofluid.it\/#\/schema\/logo\/image\/\"},\"description\":\"La Technofluid S.r.l. nasce nel 1999 a Barcellona Pozzo di Gotto, in provincia di Messina, con l\u2019obiettivo di diventare un punto di riferimento nel settore dell\u2019impiantistica navale, idraulica, civile e industriale.\",\"email\":\"info@technofluid.it\",\"telephone\":\"0907386877\",\"legalName\":\"Technofluid S.R.L\",\"vatID\":\"IT03148240835\",\"taxID\":\"03148240835\",\"ownershipFundingInfo\":\"https:\/\/technofluid.it\/azienda\/\"}]}<\/script>\n<meta property=\"product:price:amount\" content=\"29.67\" \/>\n<meta property=\"product:price:currency\" content=\"EUR\" \/>\n<meta property=\"og:availability\" content=\"instock\" \/>\n<meta property=\"product:availability\" content=\"instock\" \/>\n<meta property=\"product:retailer_item_id\" content=\"MAES00000195\" \/>\n<meta property=\"product:condition\" content=\"new\" \/>\n<!-- \/ Yoast SEO Premium plugin. -->","yoast_head_json":{"title":"VANNE \u00c0 BOULON PASSAGE TOTAL - Technofluid","robots":{"index":"index","follow":"follow","max-snippet":"max-snippet:-1","max-image-preview":"max-image-preview:large","max-video-preview":"max-video-preview:-1"},"canonical":"http:\/\/technofluid.it\/fr\/produit\/vanne-a-boisseau-spherique-passage-total-f-f-de-114-poignee-inox-dvgw-code-5000g-maestrinii-2\/","og_locale":"fr_FR","og_type":"article","og_title":"Valvola a sfera passaggio totale F.F. da 1&quot;1\/4, maniglia inox &ndash; DVGW &ndash; codice: 5000G &ndash; MaestriniI","og_description":"VALVOLA SFERA P.T.F.F. DA 1\"1\/4 MANIGLIA INOX","og_url":"http:\/\/technofluid.it\/fr\/produit\/vanne-a-boisseau-spherique-passage-total-f-f-de-114-poignee-inox-dvgw-code-5000g-maestrinii-2\/","og_site_name":"Technofluid","article_modified_time":"2026-04-07T16:14:40+00:00","og_image":[{"width":300,"height":300,"url":"https:\/\/technofluid.it\/wp-content\/uploads\/2026\/01\/1901-Valvola-a-sfera-passaggio-totale-F.F.-da-114-maniglia-inox-DVGW-codice-5000G-MaestriniI.jpg","type":"image\/jpeg"}],"twitter_card":"summary_large_image","twitter_misc":{"Prix":"29,67&nbsp;&euro; Iva esclusa","Disponibilit\u00e9":"En stock"},"schema":{"@context":"https:\/\/schema.org","@graph":[{"@type":"WebPage","@id":"https:\/\/technofluid.it\/prodotto\/valvola-a-sfera-passaggio-totale-f-f-da-114-maniglia-inox-dvgw-codice-5000g-maestrinii\/","url":"https:\/\/technofluid.it\/prodotto\/valvola-a-sfera-passaggio-totale-f-f-da-114-maniglia-inox-dvgw-codice-5000g-maestrinii\/","name":"VANNE \u00c0 BOULON PASSAGE TOTAL - Technofluid","isPartOf":{"@id":"https:\/\/technofluid.it\/#website"},"primaryImageOfPage":{"@id":"https:\/\/technofluid.it\/prodotto\/valvola-a-sfera-passaggio-totale-f-f-da-114-maniglia-inox-dvgw-codice-5000g-maestrinii\/#primaryimage"},"image":{"@id":"https:\/\/technofluid.it\/prodotto\/valvola-a-sfera-passaggio-totale-f-f-da-114-maniglia-inox-dvgw-codice-5000g-maestrinii\/#primaryimage"},"thumbnailUrl":"https:\/\/technofluid.it\/wp-content\/uploads\/2026\/01\/1901-Valvola-a-sfera-passaggio-totale-F.F.-da-114-maniglia-inox-DVGW-codice-5000G-MaestriniI.jpg","datePublished":"2025-10-25T00:05:14+00:00","dateModified":"2026-04-07T16:14:40+00:00","breadcrumb":{"@id":"https:\/\/technofluid.it\/prodotto\/valvola-a-sfera-passaggio-totale-f-f-da-114-maniglia-inox-dvgw-codice-5000g-maestrinii\/#breadcrumb"},"inLanguage":"fr-FR","potentialAction":[{"@type":"ReadAction","target":["https:\/\/technofluid.it\/prodotto\/valvola-a-sfera-passaggio-totale-f-f-da-114-maniglia-inox-dvgw-codice-5000g-maestrinii\/"]}]},{"@type":"ImageObject","inLanguage":"fr-FR","@id":"https:\/\/technofluid.it\/prodotto\/valvola-a-sfera-passaggio-totale-f-f-da-114-maniglia-inox-dvgw-codice-5000g-maestrinii\/#primaryimage","url":"https:\/\/technofluid.it\/wp-content\/uploads\/2026\/01\/1901-Valvola-a-sfera-passaggio-totale-F.F.-da-114-maniglia-inox-DVGW-codice-5000G-MaestriniI.jpg","contentUrl":"https:\/\/technofluid.it\/wp-content\/uploads\/2026\/01\/1901-Valvola-a-sfera-passaggio-totale-F.F.-da-114-maniglia-inox-DVGW-codice-5000G-MaestriniI.jpg","width":300,"height":300,"caption":"Valvola a sfera passaggio totale F.F. da 1\u00bc\" con maniglia inox, ideale per impianti idraulici."},{"@type":"BreadcrumbList","@id":"https:\/\/technofluid.it\/prodotto\/valvola-a-sfera-passaggio-totale-f-f-da-114-maniglia-inox-dvgw-codice-5000g-maestrinii\/#breadcrumb","itemListElement":[{"@type":"ListItem","position":1,"name":"Home","item":"https:\/\/technofluid.it\/"},{"@type":"ListItem","position":2,"name":"Shop","item":"https:\/\/technofluid.it\/shop\/"},{"@type":"ListItem","position":3,"name":"Valvola a sfera passaggio totale F.F. da 1&quot;1\/4, maniglia inox &ndash; DVGW &ndash; codice: 5000G &ndash; MaestriniI"}]},{"@type":"WebSite","@id":"https:\/\/technofluid.it\/#website","url":"https:\/\/technofluid.it\/","name":"Technofluid S.R.L.","description":"Depuis 1999, nous sommes sp\u00e9cialis\u00e9s dans les installations marines, de plomberie, civiles et industrielles.","publisher":{"@id":"https:\/\/technofluid.it\/#organization"},"potentialAction":[{"@type":"SearchAction","target":{"@type":"EntryPoint","urlTemplate":"https:\/\/technofluid.it\/?s={search_term_string}"},"query-input":{"@type":"PropertyValueSpecification","valueRequired":true,"valueName":"search_term_string"}}],"inLanguage":"fr-FR"},{"@type":"Organization","@id":"https:\/\/technofluid.it\/#organization","name":"Technofluid","url":"https:\/\/technofluid.it\/","logo":{"@type":"ImageObject","inLanguage":"fr-FR","@id":"https:\/\/technofluid.it\/#\/schema\/logo\/image\/","url":"https:\/\/technofluid.it\/wp-content\/uploads\/2025\/12\/technofluid_bianco-logo.webp","contentUrl":"https:\/\/technofluid.it\/wp-content\/uploads\/2025\/12\/technofluid_bianco-logo.webp","width":350,"height":116,"caption":"Technofluid"},"image":{"@id":"https:\/\/technofluid.it\/#\/schema\/logo\/image\/"},"description":"La Technofluid S.r.l. est n\u00e9e en 1999 \u00e0 Barcellona Pozzo di Gotto, dans la province de Messine, avec l'objectif de devenir un point de r\u00e9f\u00e9rence dans le secteur de l'installation navale, hydraulique, civile et industrielle.","email":"info@technofluid.it","telephone":"0907386877","legalName":"Technofluid S.R.L","vatID":"IT03148240835","taxID":"03148240835","ownershipFundingInfo":"https:\/\/technofluid.it\/azienda\/"}]},"product_price_amount":"29.67","product_price_currency":"EUR","og_availability":"instock","product_availability":"instock","product_retailer_item_id":"MAES00000195","product_condition":"new"},"_links":{"self":[{"href":"http:\/\/technofluid.it\/fr\/wp-json\/wp\/v2\/product\/31544","targetHints":{"allow":["GET"]}}],"collection":[{"href":"http:\/\/technofluid.it\/fr\/wp-json\/wp\/v2\/product"}],"about":[{"href":"http:\/\/technofluid.it\/fr\/wp-json\/wp\/v2\/types\/product"}],"replies":[{"embeddable":true,"href":"http:\/\/technofluid.it\/fr\/wp-json\/wp\/v2\/comments?post=31544"}],"version-history":[{"count":0,"href":"http:\/\/technofluid.it\/fr\/wp-json\/wp\/v2\/product\/31544\/revisions"}],"wp:featuredmedia":[{"embeddable":true,"href":"http:\/\/technofluid.it\/fr\/wp-json\/wp\/v2\/media\/42579"}],"wp:attachment":[{"href":"http:\/\/technofluid.it\/fr\/wp-json\/wp\/v2\/media?parent=31544"}],"wp:term":[{"taxonomy":"product_brand","embeddable":true,"href":"http:\/\/technofluid.it\/fr\/wp-json\/wp\/v2\/product_brand?post=31544"},{"taxonomy":"product_cat","embeddable":true,"href":"http:\/\/technofluid.it\/fr\/wp-json\/wp\/v2\/product_cat?post=31544"},{"taxonomy":"product_tag","embeddable":true,"href":"http:\/\/technofluid.it\/fr\/wp-json\/wp\/v2\/product_tag?post=31544"}],"curies":[{"name":"wp","href":"https:\/\/api.w.org\/{rel}","templated":true}]}}