{"id":31480,"date":"2025-10-25T00:05:06","date_gmt":"2025-10-25T00:05:06","guid":{"rendered":"https:\/\/technofluid.it\/prodotto\/tubo-per-doccetta-1-2-f-3-8-m-25-mt-codice-n0112250-trem\/"},"modified":"2026-01-16T13:57:56","modified_gmt":"2026-01-16T13:57:56","slug":"tubo-per-doccetta-12f-38m-25m-codice-n0112250-trem","status":"publish","type":"product","link":"http:\/\/technofluid.it\/fr\/produit\/tuyau-pour-douchette-12f-38m-25m-code-n0112250-trem\/","title":{"rendered":"Tuyau pour douchette 1\/2\u00a0F \u2013 3\/8\u00a0M, 2,5\u00a0m \u2013 code : N0112250 \u2013 Trem"},"content":{"rendered":"<p>Tuyau pour douchette 1\/2\u00a0F \u2013 3\/8\u00a0M, 2,5\u00a0m \u2013 code : N0112250 \u2013 Trem<\/p>","protected":false},"excerpt":{"rendered":"<p>TUBO PER DOCCETTA 1\/2 F- 3\/8 M 2,5 mt &#8211; CODICE: N0112250 &#8211; TREM<\/p>","protected":false},"featured_media":42437,"comment_status":"open","ping_status":"closed","template":"","meta":{"_acf_changed":false,"_monsterinsights_skip_tracking":false,"_monsterinsights_sitenote_active":false,"_monsterinsights_sitenote_note":"","_monsterinsights_sitenote_category":0,"site-sidebar-layout":"default","site-content-layout":"","ast-site-content-layout":"default","site-content-style":"default","site-sidebar-style":"default","ast-global-header-display":"","ast-banner-title-visibility":"","ast-main-header-display":"","ast-hfb-above-header-display":"","ast-hfb-below-header-display":"","ast-hfb-mobile-header-display":"","site-post-title":"","ast-breadcrumbs-content":"","ast-featured-img":"","footer-sml-layout":"","ast-disable-related-posts":"","theme-transparent-header-meta":"","adv-header-id-meta":"","stick-header-meta":"","header-above-stick-meta":"","header-main-stick-meta":"","header-below-stick-meta":"","astra-migrate-meta-layouts":"default","ast-page-background-enabled":"default","ast-page-background-meta":{"desktop":{"background-color":"var(--ast-global-color-5)","background-image":"","background-repeat":"repeat","background-position":"center center","background-size":"auto","background-attachment":"scroll","background-type":"","background-media":"","overlay-type":"","overlay-color":"","overlay-opacity":"","overlay-gradient":""},"tablet":{"background-color":"","background-image":"","background-repeat":"repeat","background-position":"center center","background-size":"auto","background-attachment":"scroll","background-type":"","background-media":"","overlay-type":"","overlay-color":"","overlay-opacity":"","overlay-gradient":""},"mobile":{"background-color":"","background-image":"","background-repeat":"repeat","background-position":"center center","background-size":"auto","background-attachment":"scroll","background-type":"","background-media":"","overlay-type":"","overlay-color":"","overlay-opacity":"","overlay-gradient":""}},"ast-content-background-meta":{"desktop":{"background-color":"var(--ast-global-color-4)","background-image":"","background-repeat":"repeat","background-position":"center center","background-size":"auto","background-attachment":"scroll","background-type":"","background-media":"","overlay-type":"","overlay-color":"","overlay-opacity":"","overlay-gradient":""},"tablet":{"background-color":"var(--ast-global-color-4)","background-image":"","background-repeat":"repeat","background-position":"center center","background-size":"auto","background-attachment":"scroll","background-type":"","background-media":"","overlay-type":"","overlay-color":"","overlay-opacity":"","overlay-gradient":""},"mobile":{"background-color":"var(--ast-global-color-4)","background-image":"","background-repeat":"repeat","background-position":"center center","background-size":"auto","background-attachment":"scroll","background-type":"","background-media":"","overlay-type":"","overlay-color":"","overlay-opacity":"","overlay-gradient":""}}},"product_brand":[],"product_cat":[430,84],"product_tag":[7858],"class_list":{"0":"post-31480","1":"product","2":"type-product","3":"status-publish","4":"has-post-thumbnail","6":"product_cat-docce-rubinetti-e-lavelli","7":"product_cat-idraulica-e-ferramenta","8":"product_tag-tubo-per-doccetta","9":"pa_supplier-tr-em-s-r-l-trecciatura-emiliana","10":"desktop-align-left","11":"tablet-align-left","12":"mobile-align-left","14":"first","15":"instock","16":"taxable","17":"shipping-taxable","18":"purchasable","19":"product-type-simple"},"acf":[],"yoast_head":"<!-- This site is optimized with the Yoast SEO Premium plugin v26.7 (Yoast SEO v26.9) - https:\/\/yoast.com\/product\/yoast-seo-premium-wordpress\/ -->\n<title>Tubo Doccetta 2,5m 1\/2 F - 3\/8 M | Acquista Ora<\/title>\n<meta name=\"description\" content=\"Scopri il tubo doccetta 2,5m con raccordi 1\/2 F - 3\/8 M. Qualit\u00e0 e durata garantite, perfetto per la tua doccia. Ordina subito!\" \/>\n<meta name=\"robots\" content=\"index, follow, max-snippet:-1, max-image-preview:large, max-video-preview:-1\" \/>\n<link rel=\"canonical\" href=\"http:\/\/technofluid.it\/fr\/produit\/tuyau-pour-douchette-12f-38m-25m-code-n0112250-trem\/\" \/>\n<meta property=\"og:locale\" content=\"fr_FR\" \/>\n<meta property=\"og:type\" content=\"article\" \/>\n<meta property=\"og:title\" content=\"Tubo per doccetta 1\/2&nbsp;F &ndash; 3\/8&nbsp;M, 2,5&nbsp;m &ndash; codice: N0112250 &ndash; Trem\" \/>\n<meta property=\"og:description\" content=\"Scopri il tubo doccetta 2,5m con raccordi 1\/2 F - 3\/8 M. Qualit\u00e0 e durata garantite, perfetto per la tua doccia. Ordina subito!\" \/>\n<meta property=\"og:url\" content=\"http:\/\/technofluid.it\/fr\/produit\/tuyau-pour-douchette-12f-38m-25m-code-n0112250-trem\/\" \/>\n<meta property=\"og:site_name\" content=\"Technofluid\" \/>\n<meta property=\"article:modified_time\" content=\"2026-01-16T13:57:56+00:00\" \/>\n<meta property=\"og:image\" content=\"https:\/\/technofluid.it\/wp-content\/uploads\/2026\/01\/3565-TUBO-PER-DOCCETTA-12-F-38-M-25-mt-CODICE-N0112250-TREM.jpg\" \/>\n\t<meta property=\"og:image:width\" content=\"1200\" \/>\n\t<meta property=\"og:image:height\" content=\"1200\" \/>\n\t<meta property=\"og:image:type\" content=\"image\/jpeg\" \/>\n<meta name=\"twitter:card\" content=\"summary_large_image\" \/>\n<meta name=\"twitter:label1\" content=\"Prix\" \/>\n\t<meta name=\"twitter:data1\" content=\"5,33&nbsp;&euro; Iva esclusa\" \/>\n\t<meta name=\"twitter:label2\" content=\"Disponibilit\u00e9\" \/>\n\t<meta name=\"twitter:data2\" content=\"En stock\" \/>\n<script type=\"application\/ld+json\" class=\"yoast-schema-graph\">{\"@context\":\"https:\/\/schema.org\",\"@graph\":[{\"@type\":\"WebPage\",\"@id\":\"https:\/\/technofluid.it\/prodotto\/tubo-per-doccetta-12f-38m-25m-codice-n0112250-trem\/\",\"url\":\"https:\/\/technofluid.it\/prodotto\/tubo-per-doccetta-12f-38m-25m-codice-n0112250-trem\/\",\"name\":\"Tubo Doccetta 2,5m 1\/2 F - 3\/8 M | Acquista Ora\",\"isPartOf\":{\"@id\":\"https:\/\/technofluid.it\/#website\"},\"primaryImageOfPage\":{\"@id\":\"https:\/\/technofluid.it\/prodotto\/tubo-per-doccetta-12f-38m-25m-codice-n0112250-trem\/#primaryimage\"},\"image\":{\"@id\":\"https:\/\/technofluid.it\/prodotto\/tubo-per-doccetta-12f-38m-25m-codice-n0112250-trem\/#primaryimage\"},\"thumbnailUrl\":\"https:\/\/technofluid.it\/wp-content\/uploads\/2026\/01\/3565-TUBO-PER-DOCCETTA-12-F-38-M-25-mt-CODICE-N0112250-TREM.jpg\",\"datePublished\":\"2025-10-25T00:05:06+00:00\",\"dateModified\":\"2026-01-16T13:57:56+00:00\",\"description\":\"Scopri il tubo doccetta 2,5m con raccordi 1\/2 F - 3\/8 M. Qualit\u00e0 e durata garantite, perfetto per la tua doccia. Ordina subito!\",\"breadcrumb\":{\"@id\":\"https:\/\/technofluid.it\/prodotto\/tubo-per-doccetta-12f-38m-25m-codice-n0112250-trem\/#breadcrumb\"},\"inLanguage\":\"fr-FR\",\"potentialAction\":[{\"@type\":\"ReadAction\",\"target\":[\"https:\/\/technofluid.it\/prodotto\/tubo-per-doccetta-12f-38m-25m-codice-n0112250-trem\/\"]}]},{\"@type\":\"ImageObject\",\"inLanguage\":\"fr-FR\",\"@id\":\"https:\/\/technofluid.it\/prodotto\/tubo-per-doccetta-12f-38m-25m-codice-n0112250-trem\/#primaryimage\",\"url\":\"https:\/\/technofluid.it\/wp-content\/uploads\/2026\/01\/3565-TUBO-PER-DOCCETTA-12-F-38-M-25-mt-CODICE-N0112250-TREM.jpg\",\"contentUrl\":\"https:\/\/technofluid.it\/wp-content\/uploads\/2026\/01\/3565-TUBO-PER-DOCCETTA-12-F-38-M-25-mt-CODICE-N0112250-TREM.jpg\",\"width\":1200,\"height\":1200,\"caption\":\"Tubo per doccetta 1\/2 F \u2013 3\/8 M, lunghezza 2,5 metri, codice N0112250, perfetto per collegamenti idraulici affidabili.\"},{\"@type\":\"BreadcrumbList\",\"@id\":\"https:\/\/technofluid.it\/prodotto\/tubo-per-doccetta-12f-38m-25m-codice-n0112250-trem\/#breadcrumb\",\"itemListElement\":[{\"@type\":\"ListItem\",\"position\":1,\"name\":\"Home\",\"item\":\"https:\/\/technofluid.it\/\"},{\"@type\":\"ListItem\",\"position\":2,\"name\":\"Shop\",\"item\":\"https:\/\/technofluid.it\/shop\/\"},{\"@type\":\"ListItem\",\"position\":3,\"name\":\"Tubo per doccetta 1\/2&nbsp;F &ndash; 3\/8&nbsp;M, 2,5&nbsp;m &ndash; codice: N0112250 &ndash; Trem\"}]},{\"@type\":\"WebSite\",\"@id\":\"https:\/\/technofluid.it\/#website\",\"url\":\"https:\/\/technofluid.it\/\",\"name\":\"Technofluid S.R.L.\",\"description\":\"Dal 1999 siamo specializzati nell&#039;impiantistica navale, idraulica, civile e industriale\",\"publisher\":{\"@id\":\"https:\/\/technofluid.it\/#organization\"},\"potentialAction\":[{\"@type\":\"SearchAction\",\"target\":{\"@type\":\"EntryPoint\",\"urlTemplate\":\"https:\/\/technofluid.it\/?s={search_term_string}\"},\"query-input\":{\"@type\":\"PropertyValueSpecification\",\"valueRequired\":true,\"valueName\":\"search_term_string\"}}],\"inLanguage\":\"fr-FR\"},{\"@type\":\"Organization\",\"@id\":\"https:\/\/technofluid.it\/#organization\",\"name\":\"Technofluid\",\"url\":\"https:\/\/technofluid.it\/\",\"logo\":{\"@type\":\"ImageObject\",\"inLanguage\":\"fr-FR\",\"@id\":\"https:\/\/technofluid.it\/#\/schema\/logo\/image\/\",\"url\":\"https:\/\/technofluid.it\/wp-content\/uploads\/2025\/12\/technofluid_bianco-logo.webp\",\"contentUrl\":\"https:\/\/technofluid.it\/wp-content\/uploads\/2025\/12\/technofluid_bianco-logo.webp\",\"width\":350,\"height\":116,\"caption\":\"Technofluid\"},\"image\":{\"@id\":\"https:\/\/technofluid.it\/#\/schema\/logo\/image\/\"},\"description\":\"La Technofluid S.r.l. nasce nel 1999 a Barcellona Pozzo di Gotto, in provincia di Messina, con l\u2019obiettivo di diventare un punto di riferimento nel settore dell\u2019impiantistica navale, idraulica, civile e industriale.\",\"email\":\"info@technofluid.it\",\"telephone\":\"0907386877\",\"legalName\":\"Technofluid S.R.L\",\"vatID\":\"IT03148240835\",\"taxID\":\"03148240835\",\"ownershipFundingInfo\":\"https:\/\/technofluid.it\/azienda\/\"}]}<\/script>\n<meta property=\"product:price:amount\" content=\"5.33\" \/>\n<meta property=\"product:price:currency\" content=\"EUR\" \/>\n<meta property=\"og:availability\" content=\"instock\" \/>\n<meta property=\"product:availability\" content=\"instock\" \/>\n<meta property=\"product:retailer_item_id\" content=\"TREM0000148\" \/>\n<meta property=\"product:condition\" content=\"new\" \/>\n<!-- \/ Yoast SEO Premium plugin. -->","yoast_head_json":{"title":"Tuyau Douchette 2,5m 1\/2 F - 3\/8 M | Acheter Maintenant","description":"D\u00e9couvrez le tuyau de douchette 2,5m avec raccords 1\/2 F - 3\/8 M. Qualit\u00e9 et durabilit\u00e9 garanties, parfait pour votre douche. Commandez d\u00e8s maintenant !","robots":{"index":"index","follow":"follow","max-snippet":"max-snippet:-1","max-image-preview":"max-image-preview:large","max-video-preview":"max-video-preview:-1"},"canonical":"http:\/\/technofluid.it\/fr\/produit\/tuyau-pour-douchette-12f-38m-25m-code-n0112250-trem\/","og_locale":"fr_FR","og_type":"article","og_title":"Tubo per doccetta 1\/2&nbsp;F &ndash; 3\/8&nbsp;M, 2,5&nbsp;m &ndash; codice: N0112250 &ndash; Trem","og_description":"Scopri il tubo doccetta 2,5m con raccordi 1\/2 F - 3\/8 M. Qualit\u00e0 e durata garantite, perfetto per la tua doccia. Ordina subito!","og_url":"http:\/\/technofluid.it\/fr\/produit\/tuyau-pour-douchette-12f-38m-25m-code-n0112250-trem\/","og_site_name":"Technofluid","article_modified_time":"2026-01-16T13:57:56+00:00","og_image":[{"width":1200,"height":1200,"url":"https:\/\/technofluid.it\/wp-content\/uploads\/2026\/01\/3565-TUBO-PER-DOCCETTA-12-F-38-M-25-mt-CODICE-N0112250-TREM.jpg","type":"image\/jpeg"}],"twitter_card":"summary_large_image","twitter_misc":{"Prix":"5,33&nbsp;&euro; Iva esclusa","Disponibilit\u00e9":"En stock"},"schema":{"@context":"https:\/\/schema.org","@graph":[{"@type":"WebPage","@id":"https:\/\/technofluid.it\/prodotto\/tubo-per-doccetta-12f-38m-25m-codice-n0112250-trem\/","url":"https:\/\/technofluid.it\/prodotto\/tubo-per-doccetta-12f-38m-25m-codice-n0112250-trem\/","name":"Tuyau Douchette 2,5m 1\/2 F - 3\/8 M | Acheter Maintenant","isPartOf":{"@id":"https:\/\/technofluid.it\/#website"},"primaryImageOfPage":{"@id":"https:\/\/technofluid.it\/prodotto\/tubo-per-doccetta-12f-38m-25m-codice-n0112250-trem\/#primaryimage"},"image":{"@id":"https:\/\/technofluid.it\/prodotto\/tubo-per-doccetta-12f-38m-25m-codice-n0112250-trem\/#primaryimage"},"thumbnailUrl":"https:\/\/technofluid.it\/wp-content\/uploads\/2026\/01\/3565-TUBO-PER-DOCCETTA-12-F-38-M-25-mt-CODICE-N0112250-TREM.jpg","datePublished":"2025-10-25T00:05:06+00:00","dateModified":"2026-01-16T13:57:56+00:00","description":"D\u00e9couvrez le tuyau de douchette 2,5m avec raccords 1\/2 F - 3\/8 M. Qualit\u00e9 et durabilit\u00e9 garanties, parfait pour votre douche. Commandez d\u00e8s maintenant !","breadcrumb":{"@id":"https:\/\/technofluid.it\/prodotto\/tubo-per-doccetta-12f-38m-25m-codice-n0112250-trem\/#breadcrumb"},"inLanguage":"fr-FR","potentialAction":[{"@type":"ReadAction","target":["https:\/\/technofluid.it\/prodotto\/tubo-per-doccetta-12f-38m-25m-codice-n0112250-trem\/"]}]},{"@type":"ImageObject","inLanguage":"fr-FR","@id":"https:\/\/technofluid.it\/prodotto\/tubo-per-doccetta-12f-38m-25m-codice-n0112250-trem\/#primaryimage","url":"https:\/\/technofluid.it\/wp-content\/uploads\/2026\/01\/3565-TUBO-PER-DOCCETTA-12-F-38-M-25-mt-CODICE-N0112250-TREM.jpg","contentUrl":"https:\/\/technofluid.it\/wp-content\/uploads\/2026\/01\/3565-TUBO-PER-DOCCETTA-12-F-38-M-25-mt-CODICE-N0112250-TREM.jpg","width":1200,"height":1200,"caption":"Tubo per doccetta 1\/2 F \u2013 3\/8 M, lunghezza 2,5 metri, codice N0112250, perfetto per collegamenti idraulici affidabili."},{"@type":"BreadcrumbList","@id":"https:\/\/technofluid.it\/prodotto\/tubo-per-doccetta-12f-38m-25m-codice-n0112250-trem\/#breadcrumb","itemListElement":[{"@type":"ListItem","position":1,"name":"Home","item":"https:\/\/technofluid.it\/"},{"@type":"ListItem","position":2,"name":"Shop","item":"https:\/\/technofluid.it\/shop\/"},{"@type":"ListItem","position":3,"name":"Tubo per doccetta 1\/2&nbsp;F &ndash; 3\/8&nbsp;M, 2,5&nbsp;m &ndash; codice: N0112250 &ndash; Trem"}]},{"@type":"WebSite","@id":"https:\/\/technofluid.it\/#website","url":"https:\/\/technofluid.it\/","name":"Technofluid S.R.L.","description":"Depuis 1999, nous sommes sp\u00e9cialis\u00e9s dans les installations marines, de plomberie, civiles et industrielles.","publisher":{"@id":"https:\/\/technofluid.it\/#organization"},"potentialAction":[{"@type":"SearchAction","target":{"@type":"EntryPoint","urlTemplate":"https:\/\/technofluid.it\/?s={search_term_string}"},"query-input":{"@type":"PropertyValueSpecification","valueRequired":true,"valueName":"search_term_string"}}],"inLanguage":"fr-FR"},{"@type":"Organization","@id":"https:\/\/technofluid.it\/#organization","name":"Technofluid","url":"https:\/\/technofluid.it\/","logo":{"@type":"ImageObject","inLanguage":"fr-FR","@id":"https:\/\/technofluid.it\/#\/schema\/logo\/image\/","url":"https:\/\/technofluid.it\/wp-content\/uploads\/2025\/12\/technofluid_bianco-logo.webp","contentUrl":"https:\/\/technofluid.it\/wp-content\/uploads\/2025\/12\/technofluid_bianco-logo.webp","width":350,"height":116,"caption":"Technofluid"},"image":{"@id":"https:\/\/technofluid.it\/#\/schema\/logo\/image\/"},"description":"La Technofluid S.r.l. est n\u00e9e en 1999 \u00e0 Barcellona Pozzo di Gotto, dans la province de Messine, avec l'objectif de devenir un point de r\u00e9f\u00e9rence dans le secteur de l'installation navale, hydraulique, civile et industrielle.","email":"info@technofluid.it","telephone":"0907386877","legalName":"Technofluid S.R.L","vatID":"IT03148240835","taxID":"03148240835","ownershipFundingInfo":"https:\/\/technofluid.it\/azienda\/"}]},"product_price_amount":"5.33","product_price_currency":"EUR","og_availability":"instock","product_availability":"instock","product_retailer_item_id":"TREM0000148","product_condition":"new"},"_links":{"self":[{"href":"http:\/\/technofluid.it\/fr\/wp-json\/wp\/v2\/product\/31480","targetHints":{"allow":["GET"]}}],"collection":[{"href":"http:\/\/technofluid.it\/fr\/wp-json\/wp\/v2\/product"}],"about":[{"href":"http:\/\/technofluid.it\/fr\/wp-json\/wp\/v2\/types\/product"}],"replies":[{"embeddable":true,"href":"http:\/\/technofluid.it\/fr\/wp-json\/wp\/v2\/comments?post=31480"}],"version-history":[{"count":0,"href":"http:\/\/technofluid.it\/fr\/wp-json\/wp\/v2\/product\/31480\/revisions"}],"wp:featuredmedia":[{"embeddable":true,"href":"http:\/\/technofluid.it\/fr\/wp-json\/wp\/v2\/media\/42437"}],"wp:attachment":[{"href":"http:\/\/technofluid.it\/fr\/wp-json\/wp\/v2\/media?parent=31480"}],"wp:term":[{"taxonomy":"product_brand","embeddable":true,"href":"http:\/\/technofluid.it\/fr\/wp-json\/wp\/v2\/product_brand?post=31480"},{"taxonomy":"product_cat","embeddable":true,"href":"http:\/\/technofluid.it\/fr\/wp-json\/wp\/v2\/product_cat?post=31480"},{"taxonomy":"product_tag","embeddable":true,"href":"http:\/\/technofluid.it\/fr\/wp-json\/wp\/v2\/product_tag?post=31480"}],"curies":[{"name":"wp","href":"https:\/\/api.w.org\/{rel}","templated":true}]}}