{"id":31242,"date":"2025-10-25T00:04:35","date_gmt":"2025-10-25T00:04:35","guid":{"rendered":"https:\/\/technofluid.it\/prodotto\/soffietto-cardano-volvo-dpa-codice-4050020-motomarine\/"},"modified":"2026-01-16T13:57:43","modified_gmt":"2026-01-16T13:57:43","slug":"soffietto-cardano-volvo-dpa-codice-4050020-motomarine","status":"publish","type":"product","link":"http:\/\/technofluid.it\/fr\/produit\/soufflet-de-cardan-volvo-dpa-code-4050020-motomarine\/","title":{"rendered":"Soufflet de joint universel Volvo DPA - Code : 4050020 - MotorMarine"},"content":{"rendered":"<p>Soufflet de joint universel Volvo DPA - Code : 4050020 - MotorMarine<\/p>","protected":false},"excerpt":{"rendered":"<p>Moteur <strong>200\/290DPA\/SP\/SP-A\/SP-C\/DP-A\/DP-D\/DPX<\/strong><\/p>","protected":false},"featured_media":41892,"comment_status":"open","ping_status":"closed","template":"","meta":{"_acf_changed":false,"_monsterinsights_skip_tracking":false,"_monsterinsights_sitenote_active":false,"_monsterinsights_sitenote_note":"","_monsterinsights_sitenote_category":0,"site-sidebar-layout":"default","site-content-layout":"","ast-site-content-layout":"default","site-content-style":"default","site-sidebar-style":"default","ast-global-header-display":"","ast-banner-title-visibility":"","ast-main-header-display":"","ast-hfb-above-header-display":"","ast-hfb-below-header-display":"","ast-hfb-mobile-header-display":"","site-post-title":"","ast-breadcrumbs-content":"","ast-featured-img":"","footer-sml-layout":"","ast-disable-related-posts":"","theme-transparent-header-meta":"","adv-header-id-meta":"","stick-header-meta":"","header-above-stick-meta":"","header-main-stick-meta":"","header-below-stick-meta":"","astra-migrate-meta-layouts":"default","ast-page-background-enabled":"default","ast-page-background-meta":{"desktop":{"background-color":"var(--ast-global-color-5)","background-image":"","background-repeat":"repeat","background-position":"center center","background-size":"auto","background-attachment":"scroll","background-type":"","background-media":"","overlay-type":"","overlay-color":"","overlay-opacity":"","overlay-gradient":""},"tablet":{"background-color":"","background-image":"","background-repeat":"repeat","background-position":"center center","background-size":"auto","background-attachment":"scroll","background-type":"","background-media":"","overlay-type":"","overlay-color":"","overlay-opacity":"","overlay-gradient":""},"mobile":{"background-color":"","background-image":"","background-repeat":"repeat","background-position":"center center","background-size":"auto","background-attachment":"scroll","background-type":"","background-media":"","overlay-type":"","overlay-color":"","overlay-opacity":"","overlay-gradient":""}},"ast-content-background-meta":{"desktop":{"background-color":"var(--ast-global-color-4)","background-image":"","background-repeat":"repeat","background-position":"center center","background-size":"auto","background-attachment":"scroll","background-type":"","background-media":"","overlay-type":"","overlay-color":"","overlay-opacity":"","overlay-gradient":""},"tablet":{"background-color":"var(--ast-global-color-4)","background-image":"","background-repeat":"repeat","background-position":"center center","background-size":"auto","background-attachment":"scroll","background-type":"","background-media":"","overlay-type":"","overlay-color":"","overlay-opacity":"","overlay-gradient":""},"mobile":{"background-color":"var(--ast-global-color-4)","background-image":"","background-repeat":"repeat","background-position":"center center","background-size":"auto","background-attachment":"scroll","background-type":"","background-media":"","overlay-type":"","overlay-color":"","overlay-opacity":"","overlay-gradient":""}}},"product_brand":[],"product_cat":[179,180],"product_tag":[7608,7441,7609,3100,7600,7610,5048],"class_list":{"0":"post-31242","1":"product","2":"type-product","3":"status-publish","4":"has-post-thumbnail","6":"product_cat-motori-e-ricambi","7":"product_cat-ricambi-fuori-bordo-e-motori","8":"product_tag-7608","9":"product_tag-cardano","10":"product_tag-dpa","11":"product_tag-motomarine","12":"product_tag-soffietto","13":"product_tag-soffietto-cardano-volvo-dpa-co","14":"product_tag-volvo","15":"pa_supplier-motomarine-s-r-l","16":"desktop-align-left","17":"tablet-align-left","18":"mobile-align-left","20":"first","21":"instock","22":"taxable","23":"shipping-taxable","24":"purchasable","25":"product-type-simple"},"acf":[],"yoast_head":"<!-- This site is optimized with the Yoast SEO Premium plugin v26.7 (Yoast SEO v26.9) - https:\/\/yoast.com\/product\/yoast-seo-premium-wordpress\/ -->\n<title>Soffietto Cardano Volvo DPA | Ricambi Motori Volvo Penta<\/title>\n<meta name=\"description\" content=\"Acquista soffietto cardano Volvo DPA con fascette inox. Ricambi compatibili per motori Volvo Penta. Qualit\u00e0 e durata garantite!\" \/>\n<meta name=\"robots\" content=\"index, follow, max-snippet:-1, max-image-preview:large, max-video-preview:-1\" \/>\n<link rel=\"canonical\" href=\"http:\/\/technofluid.it\/fr\/produit\/soufflet-de-cardan-volvo-dpa-code-4050020-motomarine\/\" \/>\n<meta property=\"og:locale\" content=\"fr_FR\" \/>\n<meta property=\"og:type\" content=\"article\" \/>\n<meta property=\"og:title\" content=\"Soffietto cardano Volvo DPA &ndash; codice: 4050020 &ndash; Motomarine\" \/>\n<meta property=\"og:description\" content=\"Acquista soffietto cardano Volvo DPA con fascette inox. Ricambi compatibili per motori Volvo Penta. Qualit\u00e0 e durata garantite!\" \/>\n<meta property=\"og:url\" content=\"http:\/\/technofluid.it\/fr\/produit\/soufflet-de-cardan-volvo-dpa-code-4050020-motomarine\/\" \/>\n<meta property=\"og:site_name\" content=\"Technofluid\" \/>\n<meta property=\"article:modified_time\" content=\"2026-01-16T13:57:43+00:00\" \/>\n<meta property=\"og:image\" content=\"https:\/\/technofluid.it\/wp-content\/uploads\/2026\/01\/1728-Soffietto-cardano-Volvo-DPA-codice-4050020-Motomarine.jpg\" \/>\n\t<meta property=\"og:image:width\" content=\"200\" \/>\n\t<meta property=\"og:image:height\" content=\"144\" \/>\n\t<meta property=\"og:image:type\" content=\"image\/jpeg\" \/>\n<meta name=\"twitter:card\" content=\"summary_large_image\" \/>\n<meta name=\"twitter:label1\" content=\"Prix\" \/>\n\t<meta name=\"twitter:data1\" content=\"23,77&nbsp;&euro; Iva esclusa\" \/>\n\t<meta name=\"twitter:label2\" content=\"Disponibilit\u00e9\" \/>\n\t<meta name=\"twitter:data2\" content=\"En stock\" \/>\n<script type=\"application\/ld+json\" class=\"yoast-schema-graph\">{\"@context\":\"https:\/\/schema.org\",\"@graph\":[{\"@type\":\"WebPage\",\"@id\":\"https:\/\/technofluid.it\/prodotto\/soffietto-cardano-volvo-dpa-codice-4050020-motomarine\/\",\"url\":\"https:\/\/technofluid.it\/prodotto\/soffietto-cardano-volvo-dpa-codice-4050020-motomarine\/\",\"name\":\"Soffietto Cardano Volvo DPA | Ricambi Motori Volvo Penta\",\"isPartOf\":{\"@id\":\"https:\/\/technofluid.it\/#website\"},\"primaryImageOfPage\":{\"@id\":\"https:\/\/technofluid.it\/prodotto\/soffietto-cardano-volvo-dpa-codice-4050020-motomarine\/#primaryimage\"},\"image\":{\"@id\":\"https:\/\/technofluid.it\/prodotto\/soffietto-cardano-volvo-dpa-codice-4050020-motomarine\/#primaryimage\"},\"thumbnailUrl\":\"https:\/\/technofluid.it\/wp-content\/uploads\/2026\/01\/1728-Soffietto-cardano-Volvo-DPA-codice-4050020-Motomarine.jpg\",\"datePublished\":\"2025-10-25T00:04:35+00:00\",\"dateModified\":\"2026-01-16T13:57:43+00:00\",\"description\":\"Acquista soffietto cardano Volvo DPA con fascette inox. Ricambi compatibili per motori Volvo Penta. Qualit\u00e0 e durata garantite!\",\"breadcrumb\":{\"@id\":\"https:\/\/technofluid.it\/prodotto\/soffietto-cardano-volvo-dpa-codice-4050020-motomarine\/#breadcrumb\"},\"inLanguage\":\"fr-FR\",\"potentialAction\":[{\"@type\":\"ReadAction\",\"target\":[\"https:\/\/technofluid.it\/prodotto\/soffietto-cardano-volvo-dpa-codice-4050020-motomarine\/\"]}]},{\"@type\":\"ImageObject\",\"inLanguage\":\"fr-FR\",\"@id\":\"https:\/\/technofluid.it\/prodotto\/soffietto-cardano-volvo-dpa-codice-4050020-motomarine\/#primaryimage\",\"url\":\"https:\/\/technofluid.it\/wp-content\/uploads\/2026\/01\/1728-Soffietto-cardano-Volvo-DPA-codice-4050020-Motomarine.jpg\",\"contentUrl\":\"https:\/\/technofluid.it\/wp-content\/uploads\/2026\/01\/1728-Soffietto-cardano-Volvo-DPA-codice-4050020-Motomarine.jpg\",\"width\":200,\"height\":144,\"caption\":\"Soffietto cardano Volvo DPA, codice 4050020, compatibile con motori Volvo DPA, per applicazioni marine.\"},{\"@type\":\"BreadcrumbList\",\"@id\":\"https:\/\/technofluid.it\/prodotto\/soffietto-cardano-volvo-dpa-codice-4050020-motomarine\/#breadcrumb\",\"itemListElement\":[{\"@type\":\"ListItem\",\"position\":1,\"name\":\"Home\",\"item\":\"https:\/\/technofluid.it\/\"},{\"@type\":\"ListItem\",\"position\":2,\"name\":\"Shop\",\"item\":\"https:\/\/technofluid.it\/shop\/\"},{\"@type\":\"ListItem\",\"position\":3,\"name\":\"Soffietto cardano Volvo DPA &ndash; codice: 4050020 &ndash; Motomarine\"}]},{\"@type\":\"WebSite\",\"@id\":\"https:\/\/technofluid.it\/#website\",\"url\":\"https:\/\/technofluid.it\/\",\"name\":\"Technofluid S.R.L.\",\"description\":\"Dal 1999 siamo specializzati nell&#039;impiantistica navale, idraulica, civile e industriale\",\"publisher\":{\"@id\":\"https:\/\/technofluid.it\/#organization\"},\"potentialAction\":[{\"@type\":\"SearchAction\",\"target\":{\"@type\":\"EntryPoint\",\"urlTemplate\":\"https:\/\/technofluid.it\/?s={search_term_string}\"},\"query-input\":{\"@type\":\"PropertyValueSpecification\",\"valueRequired\":true,\"valueName\":\"search_term_string\"}}],\"inLanguage\":\"fr-FR\"},{\"@type\":\"Organization\",\"@id\":\"https:\/\/technofluid.it\/#organization\",\"name\":\"Technofluid\",\"url\":\"https:\/\/technofluid.it\/\",\"logo\":{\"@type\":\"ImageObject\",\"inLanguage\":\"fr-FR\",\"@id\":\"https:\/\/technofluid.it\/#\/schema\/logo\/image\/\",\"url\":\"https:\/\/technofluid.it\/wp-content\/uploads\/2025\/12\/technofluid_bianco-logo.webp\",\"contentUrl\":\"https:\/\/technofluid.it\/wp-content\/uploads\/2025\/12\/technofluid_bianco-logo.webp\",\"width\":350,\"height\":116,\"caption\":\"Technofluid\"},\"image\":{\"@id\":\"https:\/\/technofluid.it\/#\/schema\/logo\/image\/\"},\"description\":\"La Technofluid S.r.l. nasce nel 1999 a Barcellona Pozzo di Gotto, in provincia di Messina, con l\u2019obiettivo di diventare un punto di riferimento nel settore dell\u2019impiantistica navale, idraulica, civile e industriale.\",\"email\":\"info@technofluid.it\",\"telephone\":\"0907386877\",\"legalName\":\"Technofluid S.R.L\",\"vatID\":\"IT03148240835\",\"taxID\":\"03148240835\",\"ownershipFundingInfo\":\"https:\/\/technofluid.it\/azienda\/\"}]}<\/script>\n<meta property=\"product:price:amount\" content=\"23.77\" \/>\n<meta property=\"product:price:currency\" content=\"EUR\" \/>\n<meta property=\"og:availability\" content=\"instock\" \/>\n<meta property=\"product:availability\" content=\"instock\" \/>\n<meta property=\"product:retailer_item_id\" content=\"MOTO00000152\" \/>\n<meta property=\"product:condition\" content=\"new\" \/>\n<!-- \/ Yoast SEO Premium plugin. -->","yoast_head_json":{"title":"Soufflet de cardan Volvo DPA | Pi\u00e8ces moteurs Volvo Penta","description":"Achetez le soufflet de cardan Volvo DPA avec colliers inox. Pi\u00e8ces compatibles pour moteurs Volvo Penta. Qualit\u00e9 et durabilit\u00e9 garanties !","robots":{"index":"index","follow":"follow","max-snippet":"max-snippet:-1","max-image-preview":"max-image-preview:large","max-video-preview":"max-video-preview:-1"},"canonical":"http:\/\/technofluid.it\/fr\/produit\/soufflet-de-cardan-volvo-dpa-code-4050020-motomarine\/","og_locale":"fr_FR","og_type":"article","og_title":"Soffietto cardano Volvo DPA &ndash; codice: 4050020 &ndash; Motomarine","og_description":"Acquista soffietto cardano Volvo DPA con fascette inox. Ricambi compatibili per motori Volvo Penta. Qualit\u00e0 e durata garantite!","og_url":"http:\/\/technofluid.it\/fr\/produit\/soufflet-de-cardan-volvo-dpa-code-4050020-motomarine\/","og_site_name":"Technofluid","article_modified_time":"2026-01-16T13:57:43+00:00","og_image":[{"width":200,"height":144,"url":"https:\/\/technofluid.it\/wp-content\/uploads\/2026\/01\/1728-Soffietto-cardano-Volvo-DPA-codice-4050020-Motomarine.jpg","type":"image\/jpeg"}],"twitter_card":"summary_large_image","twitter_misc":{"Prix":"23,77&nbsp;&euro; Iva esclusa","Disponibilit\u00e9":"En stock"},"schema":{"@context":"https:\/\/schema.org","@graph":[{"@type":"WebPage","@id":"https:\/\/technofluid.it\/prodotto\/soffietto-cardano-volvo-dpa-codice-4050020-motomarine\/","url":"https:\/\/technofluid.it\/prodotto\/soffietto-cardano-volvo-dpa-codice-4050020-motomarine\/","name":"Soufflet de cardan Volvo DPA | Pi\u00e8ces moteurs Volvo Penta","isPartOf":{"@id":"https:\/\/technofluid.it\/#website"},"primaryImageOfPage":{"@id":"https:\/\/technofluid.it\/prodotto\/soffietto-cardano-volvo-dpa-codice-4050020-motomarine\/#primaryimage"},"image":{"@id":"https:\/\/technofluid.it\/prodotto\/soffietto-cardano-volvo-dpa-codice-4050020-motomarine\/#primaryimage"},"thumbnailUrl":"https:\/\/technofluid.it\/wp-content\/uploads\/2026\/01\/1728-Soffietto-cardano-Volvo-DPA-codice-4050020-Motomarine.jpg","datePublished":"2025-10-25T00:04:35+00:00","dateModified":"2026-01-16T13:57:43+00:00","description":"Achetez le soufflet de cardan Volvo DPA avec colliers inox. Pi\u00e8ces compatibles pour moteurs Volvo Penta. Qualit\u00e9 et durabilit\u00e9 garanties !","breadcrumb":{"@id":"https:\/\/technofluid.it\/prodotto\/soffietto-cardano-volvo-dpa-codice-4050020-motomarine\/#breadcrumb"},"inLanguage":"fr-FR","potentialAction":[{"@type":"ReadAction","target":["https:\/\/technofluid.it\/prodotto\/soffietto-cardano-volvo-dpa-codice-4050020-motomarine\/"]}]},{"@type":"ImageObject","inLanguage":"fr-FR","@id":"https:\/\/technofluid.it\/prodotto\/soffietto-cardano-volvo-dpa-codice-4050020-motomarine\/#primaryimage","url":"https:\/\/technofluid.it\/wp-content\/uploads\/2026\/01\/1728-Soffietto-cardano-Volvo-DPA-codice-4050020-Motomarine.jpg","contentUrl":"https:\/\/technofluid.it\/wp-content\/uploads\/2026\/01\/1728-Soffietto-cardano-Volvo-DPA-codice-4050020-Motomarine.jpg","width":200,"height":144,"caption":"Soffietto cardano Volvo DPA, codice 4050020, compatibile con motori Volvo DPA, per applicazioni marine."},{"@type":"BreadcrumbList","@id":"https:\/\/technofluid.it\/prodotto\/soffietto-cardano-volvo-dpa-codice-4050020-motomarine\/#breadcrumb","itemListElement":[{"@type":"ListItem","position":1,"name":"Home","item":"https:\/\/technofluid.it\/"},{"@type":"ListItem","position":2,"name":"Shop","item":"https:\/\/technofluid.it\/shop\/"},{"@type":"ListItem","position":3,"name":"Soffietto cardano Volvo DPA &ndash; codice: 4050020 &ndash; Motomarine"}]},{"@type":"WebSite","@id":"https:\/\/technofluid.it\/#website","url":"https:\/\/technofluid.it\/","name":"Technofluid S.R.L.","description":"Depuis 1999, nous sommes sp\u00e9cialis\u00e9s dans les installations marines, de plomberie, civiles et industrielles.","publisher":{"@id":"https:\/\/technofluid.it\/#organization"},"potentialAction":[{"@type":"SearchAction","target":{"@type":"EntryPoint","urlTemplate":"https:\/\/technofluid.it\/?s={search_term_string}"},"query-input":{"@type":"PropertyValueSpecification","valueRequired":true,"valueName":"search_term_string"}}],"inLanguage":"fr-FR"},{"@type":"Organization","@id":"https:\/\/technofluid.it\/#organization","name":"Technofluid","url":"https:\/\/technofluid.it\/","logo":{"@type":"ImageObject","inLanguage":"fr-FR","@id":"https:\/\/technofluid.it\/#\/schema\/logo\/image\/","url":"https:\/\/technofluid.it\/wp-content\/uploads\/2025\/12\/technofluid_bianco-logo.webp","contentUrl":"https:\/\/technofluid.it\/wp-content\/uploads\/2025\/12\/technofluid_bianco-logo.webp","width":350,"height":116,"caption":"Technofluid"},"image":{"@id":"https:\/\/technofluid.it\/#\/schema\/logo\/image\/"},"description":"La Technofluid S.r.l. est n\u00e9e en 1999 \u00e0 Barcellona Pozzo di Gotto, dans la province de Messine, avec l'objectif de devenir un point de r\u00e9f\u00e9rence dans le secteur de l'installation navale, hydraulique, civile et industrielle.","email":"info@technofluid.it","telephone":"0907386877","legalName":"Technofluid S.R.L","vatID":"IT03148240835","taxID":"03148240835","ownershipFundingInfo":"https:\/\/technofluid.it\/azienda\/"}]},"product_price_amount":"23.77","product_price_currency":"EUR","og_availability":"instock","product_availability":"instock","product_retailer_item_id":"MOTO00000152","product_condition":"new"},"_links":{"self":[{"href":"http:\/\/technofluid.it\/fr\/wp-json\/wp\/v2\/product\/31242","targetHints":{"allow":["GET"]}}],"collection":[{"href":"http:\/\/technofluid.it\/fr\/wp-json\/wp\/v2\/product"}],"about":[{"href":"http:\/\/technofluid.it\/fr\/wp-json\/wp\/v2\/types\/product"}],"replies":[{"embeddable":true,"href":"http:\/\/technofluid.it\/fr\/wp-json\/wp\/v2\/comments?post=31242"}],"version-history":[{"count":0,"href":"http:\/\/technofluid.it\/fr\/wp-json\/wp\/v2\/product\/31242\/revisions"}],"wp:featuredmedia":[{"embeddable":true,"href":"http:\/\/technofluid.it\/fr\/wp-json\/wp\/v2\/media\/41892"}],"wp:attachment":[{"href":"http:\/\/technofluid.it\/fr\/wp-json\/wp\/v2\/media?parent=31242"}],"wp:term":[{"taxonomy":"product_brand","embeddable":true,"href":"http:\/\/technofluid.it\/fr\/wp-json\/wp\/v2\/product_brand?post=31242"},{"taxonomy":"product_cat","embeddable":true,"href":"http:\/\/technofluid.it\/fr\/wp-json\/wp\/v2\/product_cat?post=31242"},{"taxonomy":"product_tag","embeddable":true,"href":"http:\/\/technofluid.it\/fr\/wp-json\/wp\/v2\/product_tag?post=31242"}],"curies":[{"name":"wp","href":"https:\/\/api.w.org\/{rel}","templated":true}]}}