{"id":31087,"date":"2025-10-25T00:04:11","date_gmt":"2025-10-25T00:04:11","guid":{"rendered":"https:\/\/technofluid.it\/prodotto\/scarico-a-mare-da-1-cromato-codice-c0051f-maestrini\/"},"modified":"2026-01-16T13:57:28","modified_gmt":"2026-01-16T13:57:28","slug":"scarico-a-mare-da-1-cromato-codice-c0051f-maestrini","status":"publish","type":"product","link":"http:\/\/technofluid.it\/fr\/produit\/1-drain-de-mer-chrome-code-c0051f-maestrini\/","title":{"rendered":"Purgeur d'eau chrom\u00e9 1\" - code : *C0051F - Maestrini"},"content":{"rendered":"<p>Purgeur d'eau chrom\u00e9 1\" - code : *C0051F - Maestrini<\/p>","protected":false},"excerpt":{"rendered":"<p>SCARICO A MARE DA 1&#8243; CROMATO &#8211; CODICE: *C0051F &#8211; MAESTRINI<\/p>","protected":false},"featured_media":41531,"comment_status":"open","ping_status":"closed","template":"","meta":{"_acf_changed":false,"_monsterinsights_skip_tracking":false,"_monsterinsights_sitenote_active":false,"_monsterinsights_sitenote_note":"","_monsterinsights_sitenote_category":0,"site-sidebar-layout":"default","site-content-layout":"","ast-site-content-layout":"default","site-content-style":"default","site-sidebar-style":"default","ast-global-header-display":"","ast-banner-title-visibility":"","ast-main-header-display":"","ast-hfb-above-header-display":"","ast-hfb-below-header-display":"","ast-hfb-mobile-header-display":"","site-post-title":"","ast-breadcrumbs-content":"","ast-featured-img":"","footer-sml-layout":"","ast-disable-related-posts":"","theme-transparent-header-meta":"","adv-header-id-meta":"","stick-header-meta":"","header-above-stick-meta":"","header-main-stick-meta":"","header-below-stick-meta":"","astra-migrate-meta-layouts":"default","ast-page-background-enabled":"default","ast-page-background-meta":{"desktop":{"background-color":"var(--ast-global-color-5)","background-image":"","background-repeat":"repeat","background-position":"center center","background-size":"auto","background-attachment":"scroll","background-type":"","background-media":"","overlay-type":"","overlay-color":"","overlay-opacity":"","overlay-gradient":""},"tablet":{"background-color":"","background-image":"","background-repeat":"repeat","background-position":"center center","background-size":"auto","background-attachment":"scroll","background-type":"","background-media":"","overlay-type":"","overlay-color":"","overlay-opacity":"","overlay-gradient":""},"mobile":{"background-color":"","background-image":"","background-repeat":"repeat","background-position":"center center","background-size":"auto","background-attachment":"scroll","background-type":"","background-media":"","overlay-type":"","overlay-color":"","overlay-opacity":"","overlay-gradient":""}},"ast-content-background-meta":{"desktop":{"background-color":"var(--ast-global-color-4)","background-image":"","background-repeat":"repeat","background-position":"center center","background-size":"auto","background-attachment":"scroll","background-type":"","background-media":"","overlay-type":"","overlay-color":"","overlay-opacity":"","overlay-gradient":""},"tablet":{"background-color":"var(--ast-global-color-4)","background-image":"","background-repeat":"repeat","background-position":"center center","background-size":"auto","background-attachment":"scroll","background-type":"","background-media":"","overlay-type":"","overlay-color":"","overlay-opacity":"","overlay-gradient":""},"mobile":{"background-color":"var(--ast-global-color-4)","background-image":"","background-repeat":"repeat","background-position":"center center","background-size":"auto","background-attachment":"scroll","background-type":"","background-media":"","overlay-type":"","overlay-color":"","overlay-opacity":"","overlay-gradient":""}}},"product_brand":[],"product_cat":[84,93],"product_tag":[7420,4279,7090,3553,3655,6188,7421],"class_list":{"0":"post-31087","1":"product","2":"type-product","3":"status-publish","4":"has-post-thumbnail","6":"product_cat-idraulica-e-ferramenta","7":"product_cat-idraulica-e-raccordi","8":"product_tag-c0051f","9":"product_tag-4279","10":"product_tag-a-mare","11":"product_tag-cromato","12":"product_tag-maestrini","13":"product_tag-scarico","14":"product_tag-scarico-a-mare-da-1-cromato-c","15":"pa_supplier-maestrini-s-r-l-societa-unipersonale","16":"desktop-align-left","17":"tablet-align-left","18":"mobile-align-left","20":"first","21":"instock","22":"taxable","23":"shipping-taxable","24":"purchasable","25":"product-type-simple"},"acf":[],"yoast_head":"<!-- This site is optimized with the Yoast SEO Premium plugin v26.7 (Yoast SEO v26.9) - https:\/\/yoast.com\/product\/yoast-seo-premium-wordpress\/ -->\n<title>Scarico a mare 1&quot; cromato - Alta qualit\u00e0 Maestrini<\/title>\n<meta name=\"description\" content=\"Scopri lo scarico a mare 1&quot; cromato Maestrini, resistente e perfetto per il tuo impianto. Acquista ora con qualit\u00e0 garantita!\" \/>\n<meta name=\"robots\" content=\"index, follow, max-snippet:-1, max-image-preview:large, max-video-preview:-1\" \/>\n<link rel=\"canonical\" href=\"http:\/\/technofluid.it\/fr\/produit\/1-drain-de-mer-chrome-code-c0051f-maestrini\/\" \/>\n<meta property=\"og:locale\" content=\"fr_FR\" \/>\n<meta property=\"og:type\" content=\"article\" \/>\n<meta property=\"og:title\" content=\"Scarico a mare da 1&quot; cromato &ndash; codice: *C0051F &ndash; Maestrini\" \/>\n<meta property=\"og:description\" content=\"Scopri lo scarico a mare 1&quot; cromato Maestrini, resistente e perfetto per il tuo impianto. Acquista ora con qualit\u00e0 garantita!\" \/>\n<meta property=\"og:url\" content=\"http:\/\/technofluid.it\/fr\/produit\/1-drain-de-mer-chrome-code-c0051f-maestrini\/\" \/>\n<meta property=\"og:site_name\" content=\"Technofluid\" \/>\n<meta property=\"article:modified_time\" content=\"2026-01-16T13:57:28+00:00\" \/>\n<meta property=\"og:image\" content=\"https:\/\/technofluid.it\/wp-content\/uploads\/2026\/01\/1930-Scarico-a-mare-da-1-cromato-codice-C0051F-Maestrini.jpg\" \/>\n\t<meta property=\"og:image:width\" content=\"300\" \/>\n\t<meta property=\"og:image:height\" content=\"300\" \/>\n\t<meta property=\"og:image:type\" content=\"image\/jpeg\" \/>\n<meta name=\"twitter:card\" content=\"summary_large_image\" \/>\n<meta name=\"twitter:label1\" content=\"Prix\" \/>\n\t<meta name=\"twitter:data1\" content=\"20,00&nbsp;&euro; Iva esclusa\" \/>\n\t<meta name=\"twitter:label2\" content=\"Disponibilit\u00e9\" \/>\n\t<meta name=\"twitter:data2\" content=\"En stock\" \/>\n<script type=\"application\/ld+json\" class=\"yoast-schema-graph\">{\"@context\":\"https:\/\/schema.org\",\"@graph\":[{\"@type\":\"WebPage\",\"@id\":\"https:\/\/technofluid.it\/prodotto\/scarico-a-mare-da-1-cromato-codice-c0051f-maestrini\/\",\"url\":\"https:\/\/technofluid.it\/prodotto\/scarico-a-mare-da-1-cromato-codice-c0051f-maestrini\/\",\"name\":\"Scarico a mare 1\\\" cromato - Alta qualit\u00e0 Maestrini\",\"isPartOf\":{\"@id\":\"https:\/\/technofluid.it\/#website\"},\"primaryImageOfPage\":{\"@id\":\"https:\/\/technofluid.it\/prodotto\/scarico-a-mare-da-1-cromato-codice-c0051f-maestrini\/#primaryimage\"},\"image\":{\"@id\":\"https:\/\/technofluid.it\/prodotto\/scarico-a-mare-da-1-cromato-codice-c0051f-maestrini\/#primaryimage\"},\"thumbnailUrl\":\"https:\/\/technofluid.it\/wp-content\/uploads\/2026\/01\/1930-Scarico-a-mare-da-1-cromato-codice-C0051F-Maestrini.jpg\",\"datePublished\":\"2025-10-25T00:04:11+00:00\",\"dateModified\":\"2026-01-16T13:57:28+00:00\",\"description\":\"Scopri lo scarico a mare 1\\\" cromato Maestrini, resistente e perfetto per il tuo impianto. Acquista ora con qualit\u00e0 garantita!\",\"breadcrumb\":{\"@id\":\"https:\/\/technofluid.it\/prodotto\/scarico-a-mare-da-1-cromato-codice-c0051f-maestrini\/#breadcrumb\"},\"inLanguage\":\"fr-FR\",\"potentialAction\":[{\"@type\":\"ReadAction\",\"target\":[\"https:\/\/technofluid.it\/prodotto\/scarico-a-mare-da-1-cromato-codice-c0051f-maestrini\/\"]}]},{\"@type\":\"ImageObject\",\"inLanguage\":\"fr-FR\",\"@id\":\"https:\/\/technofluid.it\/prodotto\/scarico-a-mare-da-1-cromato-codice-c0051f-maestrini\/#primaryimage\",\"url\":\"https:\/\/technofluid.it\/wp-content\/uploads\/2026\/01\/1930-Scarico-a-mare-da-1-cromato-codice-C0051F-Maestrini.jpg\",\"contentUrl\":\"https:\/\/technofluid.it\/wp-content\/uploads\/2026\/01\/1930-Scarico-a-mare-da-1-cromato-codice-C0051F-Maestrini.jpg\",\"width\":300,\"height\":300,\"caption\":\"Scarico a mare cromato da 1\\\" con raccordo in ottone, ideale per impianti nautici, codice C0051F.\"},{\"@type\":\"BreadcrumbList\",\"@id\":\"https:\/\/technofluid.it\/prodotto\/scarico-a-mare-da-1-cromato-codice-c0051f-maestrini\/#breadcrumb\",\"itemListElement\":[{\"@type\":\"ListItem\",\"position\":1,\"name\":\"Home\",\"item\":\"https:\/\/technofluid.it\/\"},{\"@type\":\"ListItem\",\"position\":2,\"name\":\"Shop\",\"item\":\"https:\/\/technofluid.it\/shop\/\"},{\"@type\":\"ListItem\",\"position\":3,\"name\":\"Scarico a mare da 1&quot; cromato &ndash; codice: *C0051F &ndash; Maestrini\"}]},{\"@type\":\"WebSite\",\"@id\":\"https:\/\/technofluid.it\/#website\",\"url\":\"https:\/\/technofluid.it\/\",\"name\":\"Technofluid S.R.L.\",\"description\":\"Dal 1999 siamo specializzati nell&#039;impiantistica navale, idraulica, civile e industriale\",\"publisher\":{\"@id\":\"https:\/\/technofluid.it\/#organization\"},\"potentialAction\":[{\"@type\":\"SearchAction\",\"target\":{\"@type\":\"EntryPoint\",\"urlTemplate\":\"https:\/\/technofluid.it\/?s={search_term_string}\"},\"query-input\":{\"@type\":\"PropertyValueSpecification\",\"valueRequired\":true,\"valueName\":\"search_term_string\"}}],\"inLanguage\":\"fr-FR\"},{\"@type\":\"Organization\",\"@id\":\"https:\/\/technofluid.it\/#organization\",\"name\":\"Technofluid\",\"url\":\"https:\/\/technofluid.it\/\",\"logo\":{\"@type\":\"ImageObject\",\"inLanguage\":\"fr-FR\",\"@id\":\"https:\/\/technofluid.it\/#\/schema\/logo\/image\/\",\"url\":\"https:\/\/technofluid.it\/wp-content\/uploads\/2025\/12\/technofluid_bianco-logo.webp\",\"contentUrl\":\"https:\/\/technofluid.it\/wp-content\/uploads\/2025\/12\/technofluid_bianco-logo.webp\",\"width\":350,\"height\":116,\"caption\":\"Technofluid\"},\"image\":{\"@id\":\"https:\/\/technofluid.it\/#\/schema\/logo\/image\/\"},\"description\":\"La Technofluid S.r.l. nasce nel 1999 a Barcellona Pozzo di Gotto, in provincia di Messina, con l\u2019obiettivo di diventare un punto di riferimento nel settore dell\u2019impiantistica navale, idraulica, civile e industriale.\",\"email\":\"info@technofluid.it\",\"telephone\":\"0907386877\",\"legalName\":\"Technofluid S.R.L\",\"vatID\":\"IT03148240835\",\"taxID\":\"03148240835\",\"ownershipFundingInfo\":\"https:\/\/technofluid.it\/azienda\/\"}]}<\/script>\n<meta property=\"product:price:amount\" content=\"20.00\" \/>\n<meta property=\"product:price:currency\" content=\"EUR\" \/>\n<meta property=\"og:availability\" content=\"instock\" \/>\n<meta property=\"product:availability\" content=\"instock\" \/>\n<meta property=\"product:retailer_item_id\" content=\"MAES00000102\" \/>\n<meta property=\"product:condition\" content=\"new\" \/>\n<!-- \/ Yoast SEO Premium plugin. -->","yoast_head_json":{"title":"Bonde de mer 1\" chrom\u00e9e - Maestrini high quality","description":"D\u00e9couvrez le drain de mer chrom\u00e9 Maestrini 1\", durable et parfait pour votre syst\u00e8me. Achetez maintenant avec une qualit\u00e9 garantie !","robots":{"index":"index","follow":"follow","max-snippet":"max-snippet:-1","max-image-preview":"max-image-preview:large","max-video-preview":"max-video-preview:-1"},"canonical":"http:\/\/technofluid.it\/fr\/produit\/1-drain-de-mer-chrome-code-c0051f-maestrini\/","og_locale":"fr_FR","og_type":"article","og_title":"Scarico a mare da 1&quot; cromato &ndash; codice: *C0051F &ndash; Maestrini","og_description":"Scopri lo scarico a mare 1\" cromato Maestrini, resistente e perfetto per il tuo impianto. Acquista ora con qualit\u00e0 garantita!","og_url":"http:\/\/technofluid.it\/fr\/produit\/1-drain-de-mer-chrome-code-c0051f-maestrini\/","og_site_name":"Technofluid","article_modified_time":"2026-01-16T13:57:28+00:00","og_image":[{"width":300,"height":300,"url":"https:\/\/technofluid.it\/wp-content\/uploads\/2026\/01\/1930-Scarico-a-mare-da-1-cromato-codice-C0051F-Maestrini.jpg","type":"image\/jpeg"}],"twitter_card":"summary_large_image","twitter_misc":{"Prix":"20,00&nbsp;&euro; Iva esclusa","Disponibilit\u00e9":"En stock"},"schema":{"@context":"https:\/\/schema.org","@graph":[{"@type":"WebPage","@id":"https:\/\/technofluid.it\/prodotto\/scarico-a-mare-da-1-cromato-codice-c0051f-maestrini\/","url":"https:\/\/technofluid.it\/prodotto\/scarico-a-mare-da-1-cromato-codice-c0051f-maestrini\/","name":"Bonde de mer 1\" chrom\u00e9e - Maestrini high quality","isPartOf":{"@id":"https:\/\/technofluid.it\/#website"},"primaryImageOfPage":{"@id":"https:\/\/technofluid.it\/prodotto\/scarico-a-mare-da-1-cromato-codice-c0051f-maestrini\/#primaryimage"},"image":{"@id":"https:\/\/technofluid.it\/prodotto\/scarico-a-mare-da-1-cromato-codice-c0051f-maestrini\/#primaryimage"},"thumbnailUrl":"https:\/\/technofluid.it\/wp-content\/uploads\/2026\/01\/1930-Scarico-a-mare-da-1-cromato-codice-C0051F-Maestrini.jpg","datePublished":"2025-10-25T00:04:11+00:00","dateModified":"2026-01-16T13:57:28+00:00","description":"D\u00e9couvrez le drain de mer chrom\u00e9 Maestrini 1\", durable et parfait pour votre syst\u00e8me. Achetez maintenant avec une qualit\u00e9 garantie !","breadcrumb":{"@id":"https:\/\/technofluid.it\/prodotto\/scarico-a-mare-da-1-cromato-codice-c0051f-maestrini\/#breadcrumb"},"inLanguage":"fr-FR","potentialAction":[{"@type":"ReadAction","target":["https:\/\/technofluid.it\/prodotto\/scarico-a-mare-da-1-cromato-codice-c0051f-maestrini\/"]}]},{"@type":"ImageObject","inLanguage":"fr-FR","@id":"https:\/\/technofluid.it\/prodotto\/scarico-a-mare-da-1-cromato-codice-c0051f-maestrini\/#primaryimage","url":"https:\/\/technofluid.it\/wp-content\/uploads\/2026\/01\/1930-Scarico-a-mare-da-1-cromato-codice-C0051F-Maestrini.jpg","contentUrl":"https:\/\/technofluid.it\/wp-content\/uploads\/2026\/01\/1930-Scarico-a-mare-da-1-cromato-codice-C0051F-Maestrini.jpg","width":300,"height":300,"caption":"Scarico a mare cromato da 1\" con raccordo in ottone, ideale per impianti nautici, codice C0051F."},{"@type":"BreadcrumbList","@id":"https:\/\/technofluid.it\/prodotto\/scarico-a-mare-da-1-cromato-codice-c0051f-maestrini\/#breadcrumb","itemListElement":[{"@type":"ListItem","position":1,"name":"Home","item":"https:\/\/technofluid.it\/"},{"@type":"ListItem","position":2,"name":"Shop","item":"https:\/\/technofluid.it\/shop\/"},{"@type":"ListItem","position":3,"name":"Scarico a mare da 1&quot; cromato &ndash; codice: *C0051F &ndash; Maestrini"}]},{"@type":"WebSite","@id":"https:\/\/technofluid.it\/#website","url":"https:\/\/technofluid.it\/","name":"Technofluid S.R.L.","description":"Depuis 1999, nous sommes sp\u00e9cialis\u00e9s dans les installations marines, de plomberie, civiles et industrielles.","publisher":{"@id":"https:\/\/technofluid.it\/#organization"},"potentialAction":[{"@type":"SearchAction","target":{"@type":"EntryPoint","urlTemplate":"https:\/\/technofluid.it\/?s={search_term_string}"},"query-input":{"@type":"PropertyValueSpecification","valueRequired":true,"valueName":"search_term_string"}}],"inLanguage":"fr-FR"},{"@type":"Organization","@id":"https:\/\/technofluid.it\/#organization","name":"Technofluid","url":"https:\/\/technofluid.it\/","logo":{"@type":"ImageObject","inLanguage":"fr-FR","@id":"https:\/\/technofluid.it\/#\/schema\/logo\/image\/","url":"https:\/\/technofluid.it\/wp-content\/uploads\/2025\/12\/technofluid_bianco-logo.webp","contentUrl":"https:\/\/technofluid.it\/wp-content\/uploads\/2025\/12\/technofluid_bianco-logo.webp","width":350,"height":116,"caption":"Technofluid"},"image":{"@id":"https:\/\/technofluid.it\/#\/schema\/logo\/image\/"},"description":"La Technofluid S.r.l. est n\u00e9e en 1999 \u00e0 Barcellona Pozzo di Gotto, dans la province de Messine, avec l'objectif de devenir un point de r\u00e9f\u00e9rence dans le secteur de l'installation navale, hydraulique, civile et industrielle.","email":"info@technofluid.it","telephone":"0907386877","legalName":"Technofluid S.R.L","vatID":"IT03148240835","taxID":"03148240835","ownershipFundingInfo":"https:\/\/technofluid.it\/azienda\/"}]},"product_price_amount":"20.00","product_price_currency":"EUR","og_availability":"instock","product_availability":"instock","product_retailer_item_id":"MAES00000102","product_condition":"new"},"_links":{"self":[{"href":"http:\/\/technofluid.it\/fr\/wp-json\/wp\/v2\/product\/31087","targetHints":{"allow":["GET"]}}],"collection":[{"href":"http:\/\/technofluid.it\/fr\/wp-json\/wp\/v2\/product"}],"about":[{"href":"http:\/\/technofluid.it\/fr\/wp-json\/wp\/v2\/types\/product"}],"replies":[{"embeddable":true,"href":"http:\/\/technofluid.it\/fr\/wp-json\/wp\/v2\/comments?post=31087"}],"version-history":[{"count":0,"href":"http:\/\/technofluid.it\/fr\/wp-json\/wp\/v2\/product\/31087\/revisions"}],"wp:featuredmedia":[{"embeddable":true,"href":"http:\/\/technofluid.it\/fr\/wp-json\/wp\/v2\/media\/41531"}],"wp:attachment":[{"href":"http:\/\/technofluid.it\/fr\/wp-json\/wp\/v2\/media?parent=31087"}],"wp:term":[{"taxonomy":"product_brand","embeddable":true,"href":"http:\/\/technofluid.it\/fr\/wp-json\/wp\/v2\/product_brand?post=31087"},{"taxonomy":"product_cat","embeddable":true,"href":"http:\/\/technofluid.it\/fr\/wp-json\/wp\/v2\/product_cat?post=31087"},{"taxonomy":"product_tag","embeddable":true,"href":"http:\/\/technofluid.it\/fr\/wp-json\/wp\/v2\/product_tag?post=31087"}],"curies":[{"name":"wp","href":"https:\/\/api.w.org\/{rel}","templated":true}]}}