{"id":30741,"date":"2025-10-25T00:03:28","date_gmt":"2025-10-25T00:03:28","guid":{"rendered":"https:\/\/technofluid.it\/prodotto\/pompa-mare-codice-0012055-fischer-panda\/"},"modified":"2026-04-20T05:21:52","modified_gmt":"2026-04-20T04:21:52","slug":"pompa-mare-codice-0012055-fischer-panda","status":"publish","type":"product","link":"http:\/\/technofluid.it\/fr\/produit\/pompe-de-mer-code-0012055-fischer-panda\/","title":{"rendered":"Pompe de mer - Code : 0012055 - Fischer Panda"},"content":{"rendered":"<p>POMPE DE MER FISCHER PANDA F35B-8<\/p>\n<p>CODE : FP0012055<\/p>\n<p>POMPE DU G\u00c9N\u00c9RATEUR :<\/p>\n<p>- 4800I PMS<\/p>\n<p>- 5000I NEO PMS<\/p>\n<p>- 5000I PMS<\/p>\n<p>- 5000I LPE PMS<\/p>","protected":false},"excerpt":{"rendered":"<p>FISCHER SEA PUMP PANDA F35B-8COD : FP0012055POMPE POUR GENERATEUR:- 4800I PMS- 5000I NEO PMS- 5000I PMS- 5000I LPE PMS<\/p>","protected":false},"featured_media":40698,"comment_status":"open","ping_status":"closed","template":"","meta":{"_acf_changed":false,"_monsterinsights_skip_tracking":false,"_monsterinsights_sitenote_active":false,"_monsterinsights_sitenote_note":"","_monsterinsights_sitenote_category":0,"site-sidebar-layout":"default","site-content-layout":"","ast-site-content-layout":"default","site-content-style":"default","site-sidebar-style":"default","ast-global-header-display":"","ast-banner-title-visibility":"","ast-main-header-display":"","ast-hfb-above-header-display":"","ast-hfb-below-header-display":"","ast-hfb-mobile-header-display":"","site-post-title":"","ast-breadcrumbs-content":"","ast-featured-img":"","footer-sml-layout":"","ast-disable-related-posts":"","theme-transparent-header-meta":"default","adv-header-id-meta":"","stick-header-meta":"","header-above-stick-meta":"","header-main-stick-meta":"","header-below-stick-meta":"","astra-migrate-meta-layouts":"set","ast-page-background-enabled":"default","ast-page-background-meta":{"desktop":{"background-color":"var(--ast-global-color-5)","background-image":"","background-repeat":"repeat","background-position":"center center","background-size":"auto","background-attachment":"scroll","background-type":"","background-media":"","overlay-type":"","overlay-color":"","overlay-opacity":"","overlay-gradient":""},"tablet":{"background-color":"","background-image":"","background-repeat":"repeat","background-position":"center center","background-size":"auto","background-attachment":"scroll","background-type":"","background-media":"","overlay-type":"","overlay-color":"","overlay-opacity":"","overlay-gradient":""},"mobile":{"background-color":"","background-image":"","background-repeat":"repeat","background-position":"center center","background-size":"auto","background-attachment":"scroll","background-type":"","background-media":"","overlay-type":"","overlay-color":"","overlay-opacity":"","overlay-gradient":""}},"ast-content-background-meta":{"desktop":{"background-color":"var(--ast-global-color-4)","background-image":"","background-repeat":"repeat","background-position":"center center","background-size":"auto","background-attachment":"scroll","background-type":"","background-media":"","overlay-type":"","overlay-color":"","overlay-opacity":"","overlay-gradient":""},"tablet":{"background-color":"var(--ast-global-color-4)","background-image":"","background-repeat":"repeat","background-position":"center center","background-size":"auto","background-attachment":"scroll","background-type":"","background-media":"","overlay-type":"","overlay-color":"","overlay-opacity":"","overlay-gradient":""},"mobile":{"background-color":"var(--ast-global-color-4)","background-image":"","background-repeat":"repeat","background-position":"center center","background-size":"auto","background-attachment":"scroll","background-type":"","background-media":"","overlay-type":"","overlay-color":"","overlay-opacity":"","overlay-gradient":""}}},"product_brand":[],"product_cat":[258,133],"product_tag":[6810,6811,4274,4709,6812],"class_list":{"0":"post-30741","1":"product","2":"type-product","3":"status-publish","4":"has-post-thumbnail","6":"product_cat-fischer-panda","7":"product_cat-ricambistica","8":"product_tag-fischer-panda-pompa-mare-fisch","9":"product_tag-fp0012055","10":"product_tag-generatore","11":"product_tag-pompa","12":"product_tag-pompa-mare","13":"pa_supplier-fischer-panda","14":"desktop-align-left","15":"tablet-align-left","16":"mobile-align-left","18":"first","19":"instock","20":"taxable","21":"shipping-taxable","22":"purchasable","23":"product-type-simple"},"acf":[],"yoast_head":"<!-- This site is optimized with the Yoast SEO Premium plugin v26.7 (Yoast SEO v26.9) - https:\/\/yoast.com\/product\/yoast-seo-premium-wordpress\/ -->\n<title>Pompa Mare Fischer Panda F35B-8COD | Codice 0012055<\/title>\n<meta name=\"description\" content=\"Scopri la pompa mare Fischer Panda F35B-8COD, ideale per generatori 4800I e 5000I. Acquista ora con codice 0012055!\" \/>\n<meta name=\"robots\" content=\"index, follow, max-snippet:-1, max-image-preview:large, max-video-preview:-1\" \/>\n<link rel=\"canonical\" href=\"http:\/\/technofluid.it\/fr\/produit\/pompe-de-mer-code-0012055-fischer-panda\/\" \/>\n<meta property=\"og:locale\" content=\"fr_FR\" \/>\n<meta property=\"og:type\" content=\"article\" \/>\n<meta property=\"og:title\" content=\"Pompa mare &ndash; codice: 0012055 &ndash; Fischer Panda\" \/>\n<meta property=\"og:description\" content=\"Scopri la pompa mare Fischer Panda F35B-8COD, ideale per generatori 4800I e 5000I. Acquista ora con codice 0012055!\" \/>\n<meta property=\"og:url\" content=\"http:\/\/technofluid.it\/fr\/produit\/pompe-de-mer-code-0012055-fischer-panda\/\" \/>\n<meta property=\"og:site_name\" content=\"Technofluid\" \/>\n<meta property=\"article:modified_time\" content=\"2026-04-20T04:21:52+00:00\" \/>\n<meta property=\"og:image\" content=\"https:\/\/technofluid.it\/wp-content\/uploads\/2026\/01\/146-Pompa-mare-codice-0012055-Fischer-Panda.jpg\" \/>\n\t<meta property=\"og:image:width\" content=\"800\" \/>\n\t<meta property=\"og:image:height\" content=\"800\" \/>\n\t<meta property=\"og:image:type\" content=\"image\/jpeg\" \/>\n<meta name=\"twitter:card\" content=\"summary_large_image\" \/>\n<meta name=\"twitter:label1\" content=\"Prix\" \/>\n\t<meta name=\"twitter:data1\" content=\"185,12&nbsp;&euro; Iva esclusa\" \/>\n\t<meta name=\"twitter:label2\" content=\"Disponibilit\u00e9\" \/>\n\t<meta name=\"twitter:data2\" content=\"En stock\" \/>\n<script type=\"application\/ld+json\" class=\"yoast-schema-graph\">{\"@context\":\"https:\/\/schema.org\",\"@graph\":[{\"@type\":\"WebPage\",\"@id\":\"https:\/\/technofluid.it\/prodotto\/pompa-mare-codice-0012055-fischer-panda\/\",\"url\":\"https:\/\/technofluid.it\/prodotto\/pompa-mare-codice-0012055-fischer-panda\/\",\"name\":\"Pompa Mare Fischer Panda F35B-8COD | Codice 0012055\",\"isPartOf\":{\"@id\":\"https:\/\/technofluid.it\/#website\"},\"primaryImageOfPage\":{\"@id\":\"https:\/\/technofluid.it\/prodotto\/pompa-mare-codice-0012055-fischer-panda\/#primaryimage\"},\"image\":{\"@id\":\"https:\/\/technofluid.it\/prodotto\/pompa-mare-codice-0012055-fischer-panda\/#primaryimage\"},\"thumbnailUrl\":\"https:\/\/technofluid.it\/wp-content\/uploads\/2026\/01\/146-Pompa-mare-codice-0012055-Fischer-Panda.jpg\",\"datePublished\":\"2025-10-25T00:03:28+00:00\",\"dateModified\":\"2026-04-20T04:21:52+00:00\",\"description\":\"Scopri la pompa mare Fischer Panda F35B-8COD, ideale per generatori 4800I e 5000I. Acquista ora con codice 0012055!\",\"breadcrumb\":{\"@id\":\"https:\/\/technofluid.it\/prodotto\/pompa-mare-codice-0012055-fischer-panda\/#breadcrumb\"},\"inLanguage\":\"fr-FR\",\"potentialAction\":[{\"@type\":\"ReadAction\",\"target\":[\"https:\/\/technofluid.it\/prodotto\/pompa-mare-codice-0012055-fischer-panda\/\"]}]},{\"@type\":\"ImageObject\",\"inLanguage\":\"fr-FR\",\"@id\":\"https:\/\/technofluid.it\/prodotto\/pompa-mare-codice-0012055-fischer-panda\/#primaryimage\",\"url\":\"https:\/\/technofluid.it\/wp-content\/uploads\/2026\/01\/146-Pompa-mare-codice-0012055-Fischer-Panda.jpg\",\"contentUrl\":\"https:\/\/technofluid.it\/wp-content\/uploads\/2026\/01\/146-Pompa-mare-codice-0012055-Fischer-Panda.jpg\",\"width\":800,\"height\":800,\"caption\":\"Pompa mare Fischer Panda con rotazione regolabile, codice 0012055, perfetta per impianti nautici.\"},{\"@type\":\"BreadcrumbList\",\"@id\":\"https:\/\/technofluid.it\/prodotto\/pompa-mare-codice-0012055-fischer-panda\/#breadcrumb\",\"itemListElement\":[{\"@type\":\"ListItem\",\"position\":1,\"name\":\"Home\",\"item\":\"https:\/\/technofluid.it\/\"},{\"@type\":\"ListItem\",\"position\":2,\"name\":\"Shop\",\"item\":\"https:\/\/technofluid.it\/shop\/\"},{\"@type\":\"ListItem\",\"position\":3,\"name\":\"Pompa mare &ndash; codice: 0012055 &ndash; Fischer Panda\"}]},{\"@type\":\"WebSite\",\"@id\":\"https:\/\/technofluid.it\/#website\",\"url\":\"https:\/\/technofluid.it\/\",\"name\":\"Technofluid S.R.L.\",\"description\":\"Dal 1999 siamo specializzati nell&#039;impiantistica navale, idraulica, civile e industriale\",\"publisher\":{\"@id\":\"https:\/\/technofluid.it\/#organization\"},\"potentialAction\":[{\"@type\":\"SearchAction\",\"target\":{\"@type\":\"EntryPoint\",\"urlTemplate\":\"https:\/\/technofluid.it\/?s={search_term_string}\"},\"query-input\":{\"@type\":\"PropertyValueSpecification\",\"valueRequired\":true,\"valueName\":\"search_term_string\"}}],\"inLanguage\":\"fr-FR\"},{\"@type\":\"Organization\",\"@id\":\"https:\/\/technofluid.it\/#organization\",\"name\":\"Technofluid\",\"url\":\"https:\/\/technofluid.it\/\",\"logo\":{\"@type\":\"ImageObject\",\"inLanguage\":\"fr-FR\",\"@id\":\"https:\/\/technofluid.it\/#\/schema\/logo\/image\/\",\"url\":\"https:\/\/technofluid.it\/wp-content\/uploads\/2025\/12\/technofluid_bianco-logo.webp\",\"contentUrl\":\"https:\/\/technofluid.it\/wp-content\/uploads\/2025\/12\/technofluid_bianco-logo.webp\",\"width\":350,\"height\":116,\"caption\":\"Technofluid\"},\"image\":{\"@id\":\"https:\/\/technofluid.it\/#\/schema\/logo\/image\/\"},\"description\":\"La Technofluid S.r.l. nasce nel 1999 a Barcellona Pozzo di Gotto, in provincia di Messina, con l\u2019obiettivo di diventare un punto di riferimento nel settore dell\u2019impiantistica navale, idraulica, civile e industriale.\",\"email\":\"info@technofluid.it\",\"telephone\":\"0907386877\",\"legalName\":\"Technofluid S.R.L\",\"vatID\":\"IT03148240835\",\"taxID\":\"03148240835\",\"ownershipFundingInfo\":\"https:\/\/technofluid.it\/azienda\/\"}]}<\/script>\n<meta property=\"product:price:amount\" content=\"185.12\" \/>\n<meta property=\"product:price:currency\" content=\"EUR\" \/>\n<meta property=\"og:availability\" content=\"instock\" \/>\n<meta property=\"product:availability\" content=\"instock\" \/>\n<meta property=\"product:retailer_item_id\" content=\"FIS000000016\" \/>\n<meta property=\"product:condition\" content=\"new\" \/>\n<!-- \/ Yoast SEO Premium plugin. -->","yoast_head_json":{"title":"Fischer Panda Sea Pump F35B-8COD | Code 0012055","description":"D\u00e9couvrez la pompe de mer Fischer Panda F35B-8COD, id\u00e9ale pour les g\u00e9n\u00e9rateurs 4800I et 5000I. Achetez maintenant avec le code 0012055 !","robots":{"index":"index","follow":"follow","max-snippet":"max-snippet:-1","max-image-preview":"max-image-preview:large","max-video-preview":"max-video-preview:-1"},"canonical":"http:\/\/technofluid.it\/fr\/produit\/pompe-de-mer-code-0012055-fischer-panda\/","og_locale":"fr_FR","og_type":"article","og_title":"Pompa mare &ndash; codice: 0012055 &ndash; Fischer Panda","og_description":"Scopri la pompa mare Fischer Panda F35B-8COD, ideale per generatori 4800I e 5000I. Acquista ora con codice 0012055!","og_url":"http:\/\/technofluid.it\/fr\/produit\/pompe-de-mer-code-0012055-fischer-panda\/","og_site_name":"Technofluid","article_modified_time":"2026-04-20T04:21:52+00:00","og_image":[{"width":800,"height":800,"url":"https:\/\/technofluid.it\/wp-content\/uploads\/2026\/01\/146-Pompa-mare-codice-0012055-Fischer-Panda.jpg","type":"image\/jpeg"}],"twitter_card":"summary_large_image","twitter_misc":{"Prix":"185,12&nbsp;&euro; Iva esclusa","Disponibilit\u00e9":"En stock"},"schema":{"@context":"https:\/\/schema.org","@graph":[{"@type":"WebPage","@id":"https:\/\/technofluid.it\/prodotto\/pompa-mare-codice-0012055-fischer-panda\/","url":"https:\/\/technofluid.it\/prodotto\/pompa-mare-codice-0012055-fischer-panda\/","name":"Fischer Panda Sea Pump F35B-8COD | Code 0012055","isPartOf":{"@id":"https:\/\/technofluid.it\/#website"},"primaryImageOfPage":{"@id":"https:\/\/technofluid.it\/prodotto\/pompa-mare-codice-0012055-fischer-panda\/#primaryimage"},"image":{"@id":"https:\/\/technofluid.it\/prodotto\/pompa-mare-codice-0012055-fischer-panda\/#primaryimage"},"thumbnailUrl":"https:\/\/technofluid.it\/wp-content\/uploads\/2026\/01\/146-Pompa-mare-codice-0012055-Fischer-Panda.jpg","datePublished":"2025-10-25T00:03:28+00:00","dateModified":"2026-04-20T04:21:52+00:00","description":"D\u00e9couvrez la pompe de mer Fischer Panda F35B-8COD, id\u00e9ale pour les g\u00e9n\u00e9rateurs 4800I et 5000I. Achetez maintenant avec le code 0012055 !","breadcrumb":{"@id":"https:\/\/technofluid.it\/prodotto\/pompa-mare-codice-0012055-fischer-panda\/#breadcrumb"},"inLanguage":"fr-FR","potentialAction":[{"@type":"ReadAction","target":["https:\/\/technofluid.it\/prodotto\/pompa-mare-codice-0012055-fischer-panda\/"]}]},{"@type":"ImageObject","inLanguage":"fr-FR","@id":"https:\/\/technofluid.it\/prodotto\/pompa-mare-codice-0012055-fischer-panda\/#primaryimage","url":"https:\/\/technofluid.it\/wp-content\/uploads\/2026\/01\/146-Pompa-mare-codice-0012055-Fischer-Panda.jpg","contentUrl":"https:\/\/technofluid.it\/wp-content\/uploads\/2026\/01\/146-Pompa-mare-codice-0012055-Fischer-Panda.jpg","width":800,"height":800,"caption":"Pompa mare Fischer Panda con rotazione regolabile, codice 0012055, perfetta per impianti nautici."},{"@type":"BreadcrumbList","@id":"https:\/\/technofluid.it\/prodotto\/pompa-mare-codice-0012055-fischer-panda\/#breadcrumb","itemListElement":[{"@type":"ListItem","position":1,"name":"Home","item":"https:\/\/technofluid.it\/"},{"@type":"ListItem","position":2,"name":"Shop","item":"https:\/\/technofluid.it\/shop\/"},{"@type":"ListItem","position":3,"name":"Pompa mare &ndash; codice: 0012055 &ndash; Fischer Panda"}]},{"@type":"WebSite","@id":"https:\/\/technofluid.it\/#website","url":"https:\/\/technofluid.it\/","name":"Technofluid S.R.L.","description":"Depuis 1999, nous sommes sp\u00e9cialis\u00e9s dans les installations marines, de plomberie, civiles et industrielles.","publisher":{"@id":"https:\/\/technofluid.it\/#organization"},"potentialAction":[{"@type":"SearchAction","target":{"@type":"EntryPoint","urlTemplate":"https:\/\/technofluid.it\/?s={search_term_string}"},"query-input":{"@type":"PropertyValueSpecification","valueRequired":true,"valueName":"search_term_string"}}],"inLanguage":"fr-FR"},{"@type":"Organization","@id":"https:\/\/technofluid.it\/#organization","name":"Technofluid","url":"https:\/\/technofluid.it\/","logo":{"@type":"ImageObject","inLanguage":"fr-FR","@id":"https:\/\/technofluid.it\/#\/schema\/logo\/image\/","url":"https:\/\/technofluid.it\/wp-content\/uploads\/2025\/12\/technofluid_bianco-logo.webp","contentUrl":"https:\/\/technofluid.it\/wp-content\/uploads\/2025\/12\/technofluid_bianco-logo.webp","width":350,"height":116,"caption":"Technofluid"},"image":{"@id":"https:\/\/technofluid.it\/#\/schema\/logo\/image\/"},"description":"La Technofluid S.r.l. est n\u00e9e en 1999 \u00e0 Barcellona Pozzo di Gotto, dans la province de Messine, avec l'objectif de devenir un point de r\u00e9f\u00e9rence dans le secteur de l'installation navale, hydraulique, civile et industrielle.","email":"info@technofluid.it","telephone":"0907386877","legalName":"Technofluid S.R.L","vatID":"IT03148240835","taxID":"03148240835","ownershipFundingInfo":"https:\/\/technofluid.it\/azienda\/"}]},"product_price_amount":"185.12","product_price_currency":"EUR","og_availability":"instock","product_availability":"instock","product_retailer_item_id":"FIS000000016","product_condition":"new"},"_links":{"self":[{"href":"http:\/\/technofluid.it\/fr\/wp-json\/wp\/v2\/product\/30741","targetHints":{"allow":["GET"]}}],"collection":[{"href":"http:\/\/technofluid.it\/fr\/wp-json\/wp\/v2\/product"}],"about":[{"href":"http:\/\/technofluid.it\/fr\/wp-json\/wp\/v2\/types\/product"}],"replies":[{"embeddable":true,"href":"http:\/\/technofluid.it\/fr\/wp-json\/wp\/v2\/comments?post=30741"}],"version-history":[{"count":1,"href":"http:\/\/technofluid.it\/fr\/wp-json\/wp\/v2\/product\/30741\/revisions"}],"predecessor-version":[{"id":55357,"href":"http:\/\/technofluid.it\/fr\/wp-json\/wp\/v2\/product\/30741\/revisions\/55357"}],"wp:featuredmedia":[{"embeddable":true,"href":"http:\/\/technofluid.it\/fr\/wp-json\/wp\/v2\/media\/40698"}],"wp:attachment":[{"href":"http:\/\/technofluid.it\/fr\/wp-json\/wp\/v2\/media?parent=30741"}],"wp:term":[{"taxonomy":"product_brand","embeddable":true,"href":"http:\/\/technofluid.it\/fr\/wp-json\/wp\/v2\/product_brand?post=30741"},{"taxonomy":"product_cat","embeddable":true,"href":"http:\/\/technofluid.it\/fr\/wp-json\/wp\/v2\/product_cat?post=30741"},{"taxonomy":"product_tag","embeddable":true,"href":"http:\/\/technofluid.it\/fr\/wp-json\/wp\/v2\/product_tag?post=30741"}],"curies":[{"name":"wp","href":"https:\/\/api.w.org\/{rel}","templated":true}]}}