{"id":30606,"date":"2025-10-25T01:03:07","date_gmt":"2025-10-25T00:03:07","guid":{"rendered":"https:\/\/technofluid.it\/prodotto\/pannello-di-comando-per-vericello-80x60-mm-codice-02-341-00-osculati\/"},"modified":"2026-04-15T11:28:18","modified_gmt":"2026-04-15T10:28:18","slug":"pannello-di-comando-per-verricello-8060mm-codice-02-341-00-osculati","status":"publish","type":"product","link":"http:\/\/technofluid.it\/fr\/produit\/panneau-de-commande-pour-treuil-8060mm-code-02-341-00-osculati\/","title":{"rendered":"Panneau de commande pour treuil 80\u00d760\u00a0mm \u2013 code : 02.341.00 \u2013 Osculati"},"content":{"rendered":"<p>Panneau de commande pour treuil 80\u00d760\u00a0mm \u2013 code : 02.341.00 \u2013 Osculati<\/p>","protected":false},"excerpt":{"rendered":"<p>PANNELLO DI COMANDO PER VERICELLO 80X60 mm &#8211; CODICE: 02.341.00 &#8211; OSCULATI<\/p>","protected":false},"featured_media":40334,"comment_status":"open","ping_status":"closed","template":"","meta":{"_acf_changed":false,"_monsterinsights_skip_tracking":false,"_monsterinsights_sitenote_active":false,"_monsterinsights_sitenote_note":"","_monsterinsights_sitenote_category":0,"site-sidebar-layout":"default","site-content-layout":"","ast-site-content-layout":"default","site-content-style":"default","site-sidebar-style":"default","ast-global-header-display":"","ast-banner-title-visibility":"","ast-main-header-display":"","ast-hfb-above-header-display":"","ast-hfb-below-header-display":"","ast-hfb-mobile-header-display":"","site-post-title":"","ast-breadcrumbs-content":"","ast-featured-img":"","footer-sml-layout":"","ast-disable-related-posts":"","theme-transparent-header-meta":"","adv-header-id-meta":"","stick-header-meta":"","header-above-stick-meta":"","header-main-stick-meta":"","header-below-stick-meta":"","astra-migrate-meta-layouts":"default","ast-page-background-enabled":"default","ast-page-background-meta":{"desktop":{"background-color":"var(--ast-global-color-5)","background-image":"","background-repeat":"repeat","background-position":"center center","background-size":"auto","background-attachment":"scroll","background-type":"","background-media":"","overlay-type":"","overlay-color":"","overlay-opacity":"","overlay-gradient":""},"tablet":{"background-color":"","background-image":"","background-repeat":"repeat","background-position":"center center","background-size":"auto","background-attachment":"scroll","background-type":"","background-media":"","overlay-type":"","overlay-color":"","overlay-opacity":"","overlay-gradient":""},"mobile":{"background-color":"","background-image":"","background-repeat":"repeat","background-position":"center center","background-size":"auto","background-attachment":"scroll","background-type":"","background-media":"","overlay-type":"","overlay-color":"","overlay-opacity":"","overlay-gradient":""}},"ast-content-background-meta":{"desktop":{"background-color":"var(--ast-global-color-4)","background-image":"","background-repeat":"repeat","background-position":"center center","background-size":"auto","background-attachment":"scroll","background-type":"","background-media":"","overlay-type":"","overlay-color":"","overlay-opacity":"","overlay-gradient":""},"tablet":{"background-color":"var(--ast-global-color-4)","background-image":"","background-repeat":"repeat","background-position":"center center","background-size":"auto","background-attachment":"scroll","background-type":"","background-media":"","overlay-type":"","overlay-color":"","overlay-opacity":"","overlay-gradient":""},"mobile":{"background-color":"var(--ast-global-color-4)","background-image":"","background-repeat":"repeat","background-position":"center center","background-size":"auto","background-attachment":"scroll","background-type":"","background-media":"","overlay-type":"","overlay-color":"","overlay-opacity":"","overlay-gradient":""}}},"product_brand":[],"product_cat":[74,106],"product_tag":[6292,5820,6558],"class_list":{"0":"post-30606","1":"product","2":"type-product","3":"status-publish","4":"has-post-thumbnail","6":"product_cat-elettricita-strumentazione","7":"product_cat-spine-e-prese","8":"product_tag-comando","9":"product_tag-pannello","10":"product_tag-vericello","11":"pa_supplier-osculati-s-r-l","12":"desktop-align-left","13":"tablet-align-left","14":"mobile-align-left","16":"first","17":"instock","18":"taxable","19":"shipping-taxable","20":"purchasable","21":"product-type-simple"},"acf":[],"yoast_head":"<!-- This site is optimized with the Yoast SEO Premium plugin v26.7 (Yoast SEO v26.9) - https:\/\/yoast.com\/product\/yoast-seo-premium-wordpress\/ -->\n<title>Pannello Comando Verricello 80x60 mm - Codice 02.341.00<\/title>\n<meta name=\"description\" content=\"Scopri il pannello comando verricello 80x60 mm Osculati, codice 02.341.00. Affidabile e facile da installare. Acquista ora!\" \/>\n<meta name=\"robots\" content=\"index, follow, max-snippet:-1, max-image-preview:large, max-video-preview:-1\" \/>\n<link rel=\"canonical\" href=\"http:\/\/technofluid.it\/fr\/produit\/panneau-de-commande-pour-treuil-8060mm-code-02-341-00-osculati\/\" \/>\n<meta property=\"og:locale\" content=\"fr_FR\" \/>\n<meta property=\"og:type\" content=\"article\" \/>\n<meta property=\"og:title\" content=\"Pannello di comando per verricello 80&times;60&nbsp;mm &ndash; codice: 02.341.00 &ndash; Osculati\" \/>\n<meta property=\"og:description\" content=\"Scopri il pannello comando verricello 80x60 mm Osculati, codice 02.341.00. Affidabile e facile da installare. Acquista ora!\" \/>\n<meta property=\"og:url\" content=\"http:\/\/technofluid.it\/fr\/produit\/panneau-de-commande-pour-treuil-8060mm-code-02-341-00-osculati\/\" \/>\n<meta property=\"og:site_name\" content=\"Technofluid\" \/>\n<meta property=\"article:modified_time\" content=\"2026-04-15T10:28:18+00:00\" \/>\n<meta property=\"og:image\" content=\"https:\/\/technofluid.it\/wp-content\/uploads\/2026\/01\/917-PANNELLO-DI-COMANDO-PER-VERICELLO-80X60-mm-CODICE-02.341.00-OSCULATI.jpg\" \/>\n\t<meta property=\"og:image:width\" content=\"800\" \/>\n\t<meta property=\"og:image:height\" content=\"628\" \/>\n\t<meta property=\"og:image:type\" content=\"image\/jpeg\" \/>\n<meta name=\"twitter:card\" content=\"summary_large_image\" \/>\n<meta name=\"twitter:label1\" content=\"Prix\" \/>\n\t<meta name=\"twitter:data1\" content=\"16,80&nbsp;&euro; Iva esclusa\" \/>\n\t<meta name=\"twitter:label2\" content=\"Disponibilit\u00e9\" \/>\n\t<meta name=\"twitter:data2\" content=\"En stock\" \/>\n<script type=\"application\/ld+json\" class=\"yoast-schema-graph\">{\"@context\":\"https:\/\/schema.org\",\"@graph\":[{\"@type\":\"WebPage\",\"@id\":\"https:\/\/technofluid.it\/prodotto\/pannello-di-comando-per-verricello-8060mm-codice-02-341-00-osculati\/\",\"url\":\"https:\/\/technofluid.it\/prodotto\/pannello-di-comando-per-verricello-8060mm-codice-02-341-00-osculati\/\",\"name\":\"Pannello Comando Verricello 80x60 mm - Codice 02.341.00\",\"isPartOf\":{\"@id\":\"https:\/\/technofluid.it\/#website\"},\"primaryImageOfPage\":{\"@id\":\"https:\/\/technofluid.it\/prodotto\/pannello-di-comando-per-verricello-8060mm-codice-02-341-00-osculati\/#primaryimage\"},\"image\":{\"@id\":\"https:\/\/technofluid.it\/prodotto\/pannello-di-comando-per-verricello-8060mm-codice-02-341-00-osculati\/#primaryimage\"},\"thumbnailUrl\":\"https:\/\/technofluid.it\/wp-content\/uploads\/2026\/01\/917-PANNELLO-DI-COMANDO-PER-VERICELLO-80X60-mm-CODICE-02.341.00-OSCULATI.jpg\",\"datePublished\":\"2025-10-25T00:03:07+00:00\",\"dateModified\":\"2026-04-15T10:28:18+00:00\",\"description\":\"Scopri il pannello comando verricello 80x60 mm Osculati, codice 02.341.00. Affidabile e facile da installare. Acquista ora!\",\"breadcrumb\":{\"@id\":\"https:\/\/technofluid.it\/prodotto\/pannello-di-comando-per-verricello-8060mm-codice-02-341-00-osculati\/#breadcrumb\"},\"inLanguage\":\"fr-FR\",\"potentialAction\":[{\"@type\":\"ReadAction\",\"target\":[\"https:\/\/technofluid.it\/prodotto\/pannello-di-comando-per-verricello-8060mm-codice-02-341-00-osculati\/\"]}]},{\"@type\":\"ImageObject\",\"inLanguage\":\"fr-FR\",\"@id\":\"https:\/\/technofluid.it\/prodotto\/pannello-di-comando-per-verricello-8060mm-codice-02-341-00-osculati\/#primaryimage\",\"url\":\"https:\/\/technofluid.it\/wp-content\/uploads\/2026\/01\/917-PANNELLO-DI-COMANDO-PER-VERICELLO-80X60-mm-CODICE-02.341.00-OSCULATI.jpg\",\"contentUrl\":\"https:\/\/technofluid.it\/wp-content\/uploads\/2026\/01\/917-PANNELLO-DI-COMANDO-PER-VERICELLO-80X60-mm-CODICE-02.341.00-OSCULATI.jpg\",\"width\":800,\"height\":628,\"caption\":\"Pannello di comando per verricello con fusibile e pulsante, utilizzato per il controllo di sistemi di ancoraggio marittimi.\"},{\"@type\":\"BreadcrumbList\",\"@id\":\"https:\/\/technofluid.it\/prodotto\/pannello-di-comando-per-verricello-8060mm-codice-02-341-00-osculati\/#breadcrumb\",\"itemListElement\":[{\"@type\":\"ListItem\",\"position\":1,\"name\":\"Home\",\"item\":\"https:\/\/technofluid.it\/\"},{\"@type\":\"ListItem\",\"position\":2,\"name\":\"Shop\",\"item\":\"https:\/\/technofluid.it\/shop\/\"},{\"@type\":\"ListItem\",\"position\":3,\"name\":\"Pannello di comando per verricello 80&times;60&nbsp;mm &ndash; codice: 02.341.00 &ndash; Osculati\"}]},{\"@type\":\"WebSite\",\"@id\":\"https:\/\/technofluid.it\/#website\",\"url\":\"https:\/\/technofluid.it\/\",\"name\":\"Technofluid S.R.L.\",\"description\":\"Dal 1999 siamo specializzati nell&#039;impiantistica navale, idraulica, civile e industriale\",\"publisher\":{\"@id\":\"https:\/\/technofluid.it\/#organization\"},\"potentialAction\":[{\"@type\":\"SearchAction\",\"target\":{\"@type\":\"EntryPoint\",\"urlTemplate\":\"https:\/\/technofluid.it\/?s={search_term_string}\"},\"query-input\":{\"@type\":\"PropertyValueSpecification\",\"valueRequired\":true,\"valueName\":\"search_term_string\"}}],\"inLanguage\":\"fr-FR\"},{\"@type\":\"Organization\",\"@id\":\"https:\/\/technofluid.it\/#organization\",\"name\":\"Technofluid\",\"url\":\"https:\/\/technofluid.it\/\",\"logo\":{\"@type\":\"ImageObject\",\"inLanguage\":\"fr-FR\",\"@id\":\"https:\/\/technofluid.it\/#\/schema\/logo\/image\/\",\"url\":\"https:\/\/technofluid.it\/wp-content\/uploads\/2025\/12\/technofluid_bianco-logo.webp\",\"contentUrl\":\"https:\/\/technofluid.it\/wp-content\/uploads\/2025\/12\/technofluid_bianco-logo.webp\",\"width\":350,\"height\":116,\"caption\":\"Technofluid\"},\"image\":{\"@id\":\"https:\/\/technofluid.it\/#\/schema\/logo\/image\/\"},\"description\":\"La Technofluid S.r.l. nasce nel 1999 a Barcellona Pozzo di Gotto, in provincia di Messina, con l\u2019obiettivo di diventare un punto di riferimento nel settore dell\u2019impiantistica navale, idraulica, civile e industriale.\",\"email\":\"info@technofluid.it\",\"telephone\":\"0907386877\",\"legalName\":\"Technofluid S.R.L\",\"vatID\":\"IT03148240835\",\"taxID\":\"03148240835\",\"ownershipFundingInfo\":\"https:\/\/technofluid.it\/azienda\/\"}]}<\/script>\n<meta property=\"product:price:amount\" content=\"16.80\" \/>\n<meta property=\"product:price:currency\" content=\"EUR\" \/>\n<meta property=\"og:availability\" content=\"instock\" \/>\n<meta property=\"product:availability\" content=\"instock\" \/>\n<meta property=\"product:retailer_item_id\" content=\"OSCU00000081\" \/>\n<meta property=\"product:condition\" content=\"new\" \/>\n<!-- \/ Yoast SEO Premium plugin. -->","yoast_head_json":{"title":"Panneau de commande treuil 80x60 mm - Code 02.341.00","description":"D\u00e9couvrez le panneau de commande treuil 80x60 mm Osculati, code 02.341.00. Fiable et facile \u00e0 installer. Achetez maintenant !","robots":{"index":"index","follow":"follow","max-snippet":"max-snippet:-1","max-image-preview":"max-image-preview:large","max-video-preview":"max-video-preview:-1"},"canonical":"http:\/\/technofluid.it\/fr\/produit\/panneau-de-commande-pour-treuil-8060mm-code-02-341-00-osculati\/","og_locale":"fr_FR","og_type":"article","og_title":"Pannello di comando per verricello 80&times;60&nbsp;mm &ndash; codice: 02.341.00 &ndash; Osculati","og_description":"Scopri il pannello comando verricello 80x60 mm Osculati, codice 02.341.00. Affidabile e facile da installare. Acquista ora!","og_url":"http:\/\/technofluid.it\/fr\/produit\/panneau-de-commande-pour-treuil-8060mm-code-02-341-00-osculati\/","og_site_name":"Technofluid","article_modified_time":"2026-04-15T10:28:18+00:00","og_image":[{"width":800,"height":628,"url":"https:\/\/technofluid.it\/wp-content\/uploads\/2026\/01\/917-PANNELLO-DI-COMANDO-PER-VERICELLO-80X60-mm-CODICE-02.341.00-OSCULATI.jpg","type":"image\/jpeg"}],"twitter_card":"summary_large_image","twitter_misc":{"Prix":"16,80&nbsp;&euro; Iva esclusa","Disponibilit\u00e9":"En stock"},"schema":{"@context":"https:\/\/schema.org","@graph":[{"@type":"WebPage","@id":"https:\/\/technofluid.it\/prodotto\/pannello-di-comando-per-verricello-8060mm-codice-02-341-00-osculati\/","url":"https:\/\/technofluid.it\/prodotto\/pannello-di-comando-per-verricello-8060mm-codice-02-341-00-osculati\/","name":"Panneau de commande treuil 80x60 mm - Code 02.341.00","isPartOf":{"@id":"https:\/\/technofluid.it\/#website"},"primaryImageOfPage":{"@id":"https:\/\/technofluid.it\/prodotto\/pannello-di-comando-per-verricello-8060mm-codice-02-341-00-osculati\/#primaryimage"},"image":{"@id":"https:\/\/technofluid.it\/prodotto\/pannello-di-comando-per-verricello-8060mm-codice-02-341-00-osculati\/#primaryimage"},"thumbnailUrl":"https:\/\/technofluid.it\/wp-content\/uploads\/2026\/01\/917-PANNELLO-DI-COMANDO-PER-VERICELLO-80X60-mm-CODICE-02.341.00-OSCULATI.jpg","datePublished":"2025-10-25T00:03:07+00:00","dateModified":"2026-04-15T10:28:18+00:00","description":"D\u00e9couvrez le panneau de commande treuil 80x60 mm Osculati, code 02.341.00. Fiable et facile \u00e0 installer. Achetez maintenant !","breadcrumb":{"@id":"https:\/\/technofluid.it\/prodotto\/pannello-di-comando-per-verricello-8060mm-codice-02-341-00-osculati\/#breadcrumb"},"inLanguage":"fr-FR","potentialAction":[{"@type":"ReadAction","target":["https:\/\/technofluid.it\/prodotto\/pannello-di-comando-per-verricello-8060mm-codice-02-341-00-osculati\/"]}]},{"@type":"ImageObject","inLanguage":"fr-FR","@id":"https:\/\/technofluid.it\/prodotto\/pannello-di-comando-per-verricello-8060mm-codice-02-341-00-osculati\/#primaryimage","url":"https:\/\/technofluid.it\/wp-content\/uploads\/2026\/01\/917-PANNELLO-DI-COMANDO-PER-VERICELLO-80X60-mm-CODICE-02.341.00-OSCULATI.jpg","contentUrl":"https:\/\/technofluid.it\/wp-content\/uploads\/2026\/01\/917-PANNELLO-DI-COMANDO-PER-VERICELLO-80X60-mm-CODICE-02.341.00-OSCULATI.jpg","width":800,"height":628,"caption":"Pannello di comando per verricello con fusibile e pulsante, utilizzato per il controllo di sistemi di ancoraggio marittimi."},{"@type":"BreadcrumbList","@id":"https:\/\/technofluid.it\/prodotto\/pannello-di-comando-per-verricello-8060mm-codice-02-341-00-osculati\/#breadcrumb","itemListElement":[{"@type":"ListItem","position":1,"name":"Home","item":"https:\/\/technofluid.it\/"},{"@type":"ListItem","position":2,"name":"Shop","item":"https:\/\/technofluid.it\/shop\/"},{"@type":"ListItem","position":3,"name":"Pannello di comando per verricello 80&times;60&nbsp;mm &ndash; codice: 02.341.00 &ndash; Osculati"}]},{"@type":"WebSite","@id":"https:\/\/technofluid.it\/#website","url":"https:\/\/technofluid.it\/","name":"Technofluid S.R.L.","description":"Depuis 1999, nous sommes sp\u00e9cialis\u00e9s dans les installations marines, de plomberie, civiles et industrielles.","publisher":{"@id":"https:\/\/technofluid.it\/#organization"},"potentialAction":[{"@type":"SearchAction","target":{"@type":"EntryPoint","urlTemplate":"https:\/\/technofluid.it\/?s={search_term_string}"},"query-input":{"@type":"PropertyValueSpecification","valueRequired":true,"valueName":"search_term_string"}}],"inLanguage":"fr-FR"},{"@type":"Organization","@id":"https:\/\/technofluid.it\/#organization","name":"Technofluid","url":"https:\/\/technofluid.it\/","logo":{"@type":"ImageObject","inLanguage":"fr-FR","@id":"https:\/\/technofluid.it\/#\/schema\/logo\/image\/","url":"https:\/\/technofluid.it\/wp-content\/uploads\/2025\/12\/technofluid_bianco-logo.webp","contentUrl":"https:\/\/technofluid.it\/wp-content\/uploads\/2025\/12\/technofluid_bianco-logo.webp","width":350,"height":116,"caption":"Technofluid"},"image":{"@id":"https:\/\/technofluid.it\/#\/schema\/logo\/image\/"},"description":"La Technofluid S.r.l. est n\u00e9e en 1999 \u00e0 Barcellona Pozzo di Gotto, dans la province de Messine, avec l'objectif de devenir un point de r\u00e9f\u00e9rence dans le secteur de l'installation navale, hydraulique, civile et industrielle.","email":"info@technofluid.it","telephone":"0907386877","legalName":"Technofluid S.R.L","vatID":"IT03148240835","taxID":"03148240835","ownershipFundingInfo":"https:\/\/technofluid.it\/azienda\/"}]},"product_price_amount":"16.80","product_price_currency":"EUR","og_availability":"instock","product_availability":"instock","product_retailer_item_id":"OSCU00000081","product_condition":"new"},"_links":{"self":[{"href":"http:\/\/technofluid.it\/fr\/wp-json\/wp\/v2\/product\/30606","targetHints":{"allow":["GET"]}}],"collection":[{"href":"http:\/\/technofluid.it\/fr\/wp-json\/wp\/v2\/product"}],"about":[{"href":"http:\/\/technofluid.it\/fr\/wp-json\/wp\/v2\/types\/product"}],"replies":[{"embeddable":true,"href":"http:\/\/technofluid.it\/fr\/wp-json\/wp\/v2\/comments?post=30606"}],"version-history":[{"count":1,"href":"http:\/\/technofluid.it\/fr\/wp-json\/wp\/v2\/product\/30606\/revisions"}],"predecessor-version":[{"id":57623,"href":"http:\/\/technofluid.it\/fr\/wp-json\/wp\/v2\/product\/30606\/revisions\/57623"}],"wp:featuredmedia":[{"embeddable":true,"href":"http:\/\/technofluid.it\/fr\/wp-json\/wp\/v2\/media\/40334"}],"wp:attachment":[{"href":"http:\/\/technofluid.it\/fr\/wp-json\/wp\/v2\/media?parent=30606"}],"wp:term":[{"taxonomy":"product_brand","embeddable":true,"href":"http:\/\/technofluid.it\/fr\/wp-json\/wp\/v2\/product_brand?post=30606"},{"taxonomy":"product_cat","embeddable":true,"href":"http:\/\/technofluid.it\/fr\/wp-json\/wp\/v2\/product_cat?post=30606"},{"taxonomy":"product_tag","embeddable":true,"href":"http:\/\/technofluid.it\/fr\/wp-json\/wp\/v2\/product_tag?post=30606"}],"curies":[{"name":"wp","href":"https:\/\/api.w.org\/{rel}","templated":true}]}}