{"id":30409,"date":"2025-10-25T00:02:46","date_gmt":"2025-10-25T00:02:46","guid":{"rendered":"https:\/\/technofluid.it\/prodotto\/luce-led-da-appoggio-stagna-con-interruttore-touch-codice-13-193-21-osculati\/"},"modified":"2026-04-15T10:58:42","modified_gmt":"2026-04-15T09:58:42","slug":"luce-led-da-appoggio-stagna-con-interruttore-codice-13-193-21-osculati","status":"publish","type":"product","link":"http:\/\/technofluid.it\/fr\/produit\/lumiere-led-de-table-etanche-avec-interrupteur-code-13-193-21-osculati-2\/","title":{"rendered":"Lampe LED de table \u00e9tanche avec interrupteur \u2013 code : 13.193.21 \u2013 Osculati"},"content":{"rendered":"<p>Lampe LED de table \u00e9tanche avec interrupteur \u2013 code : 13.193.21 \u2013 Osculati<\/p>","protected":false},"excerpt":{"rendered":"<p class=\"MsoNormal\"><b>UM :<\/b>\u00a0PZ<\/p>\n<p class=\"MsoNormal\"><b>Hauteur :<\/b>\u00a03 cm<\/p>\n<p class=\"MsoNormal\"><b>Poids :<\/b>\u00a00,10 kg<\/p>\n<p class=\"MsoNormal\"><b>Largeur :<\/b>\u00a03 cm<\/p>\n<p class=\"MsoNormal\"><b>Volume :<\/b>\u00a0324 cm\u00b3<\/p>\n<p class=\"MsoNormal\"><strong>Longueur<\/strong>: 36 cm<\/p>","protected":false},"featured_media":39862,"comment_status":"open","ping_status":"closed","template":"","meta":{"_acf_changed":false,"_monsterinsights_skip_tracking":false,"_monsterinsights_sitenote_active":false,"_monsterinsights_sitenote_note":"","_monsterinsights_sitenote_category":0,"site-sidebar-layout":"default","site-content-layout":"","ast-site-content-layout":"default","site-content-style":"default","site-sidebar-style":"default","ast-global-header-display":"","ast-banner-title-visibility":"","ast-main-header-display":"","ast-hfb-above-header-display":"","ast-hfb-below-header-display":"","ast-hfb-mobile-header-display":"","site-post-title":"","ast-breadcrumbs-content":"","ast-featured-img":"","footer-sml-layout":"","ast-disable-related-posts":"","theme-transparent-header-meta":"","adv-header-id-meta":"","stick-header-meta":"","header-above-stick-meta":"","header-main-stick-meta":"","header-below-stick-meta":"","astra-migrate-meta-layouts":"default","ast-page-background-enabled":"default","ast-page-background-meta":{"desktop":{"background-color":"var(--ast-global-color-5)","background-image":"","background-repeat":"repeat","background-position":"center center","background-size":"auto","background-attachment":"scroll","background-type":"","background-media":"","overlay-type":"","overlay-color":"","overlay-opacity":"","overlay-gradient":""},"tablet":{"background-color":"","background-image":"","background-repeat":"repeat","background-position":"center center","background-size":"auto","background-attachment":"scroll","background-type":"","background-media":"","overlay-type":"","overlay-color":"","overlay-opacity":"","overlay-gradient":""},"mobile":{"background-color":"","background-image":"","background-repeat":"repeat","background-position":"center center","background-size":"auto","background-attachment":"scroll","background-type":"","background-media":"","overlay-type":"","overlay-color":"","overlay-opacity":"","overlay-gradient":""}},"ast-content-background-meta":{"desktop":{"background-color":"var(--ast-global-color-4)","background-image":"","background-repeat":"repeat","background-position":"center center","background-size":"auto","background-attachment":"scroll","background-type":"","background-media":"","overlay-type":"","overlay-color":"","overlay-opacity":"","overlay-gradient":""},"tablet":{"background-color":"var(--ast-global-color-4)","background-image":"","background-repeat":"repeat","background-position":"center center","background-size":"auto","background-attachment":"scroll","background-type":"","background-media":"","overlay-type":"","overlay-color":"","overlay-opacity":"","overlay-gradient":""},"mobile":{"background-color":"var(--ast-global-color-4)","background-image":"","background-repeat":"repeat","background-position":"center center","background-size":"auto","background-attachment":"scroll","background-type":"","background-media":"","overlay-type":"","overlay-color":"","overlay-opacity":"","overlay-gradient":""}}},"product_brand":[],"product_cat":[74,75],"product_tag":[6155,6156,6157,3052,3520,6158,3053,3801,4644],"class_list":{"0":"post-30409","1":"product","2":"type-product","3":"status-publish","4":"has-post-thumbnail","6":"product_cat-elettricita-strumentazione","7":"product_cat-luci-e-fanali","8":"product_tag-13-193-21","9":"product_tag-con-interruttore","10":"product_tag-da-appoggio","11":"product_tag-led","12":"product_tag-luce","13":"product_tag-luce-led-da-appoggio-stagna-con","14":"product_tag-osculati","15":"product_tag-stagna","16":"product_tag-touch","17":"pa_supplier-osculati-s-r-l","18":"desktop-align-left","19":"tablet-align-left","20":"mobile-align-left","22":"first","23":"instock","24":"taxable","25":"shipping-taxable","26":"purchasable","27":"product-type-simple"},"acf":[],"yoast_head":"<!-- This site is optimized with the Yoast SEO Premium plugin v26.7 (Yoast SEO v26.9) - https:\/\/yoast.com\/product\/yoast-seo-premium-wordpress\/ -->\n<title>Luce LED stagna da appoggio con interruttore | Osculati<\/title>\n<meta name=\"description\" content=\"Scopri la luce LED stagna da appoggio con interruttore Osculati, ideale per ambienti umidi. Acquista ora per un&#039;illuminazione sicura e duratura.\" \/>\n<meta name=\"robots\" content=\"index, follow, max-snippet:-1, max-image-preview:large, max-video-preview:-1\" \/>\n<link rel=\"canonical\" href=\"http:\/\/technofluid.it\/fr\/produit\/lumiere-led-de-table-etanche-avec-interrupteur-code-13-193-21-osculati-2\/\" \/>\n<meta property=\"og:locale\" content=\"fr_FR\" \/>\n<meta property=\"og:type\" content=\"article\" \/>\n<meta property=\"og:title\" content=\"Luce LED da appoggio stagna con interruttore - codice: 13.193.21 - Osculati\" \/>\n<meta property=\"og:description\" content=\"Scopri la luce LED stagna da appoggio con interruttore Osculati, ideale per ambienti umidi. Acquista ora per un&#039;illuminazione sicura e duratura.\" \/>\n<meta property=\"og:url\" content=\"http:\/\/technofluid.it\/fr\/produit\/lumiere-led-de-table-etanche-avec-interrupteur-code-13-193-21-osculati-2\/\" \/>\n<meta property=\"og:site_name\" content=\"Technofluid\" \/>\n<meta property=\"article:modified_time\" content=\"2026-04-15T09:58:42+00:00\" \/>\n<meta property=\"og:image\" content=\"https:\/\/technofluid.it\/wp-content\/uploads\/2026\/01\/2306-Luce-LED-da-appoggio-stagna-con-interruttore-codice-13.193.21-Osculati.jpg\" \/>\n\t<meta property=\"og:image:width\" content=\"300\" \/>\n\t<meta property=\"og:image:height\" content=\"300\" \/>\n\t<meta property=\"og:image:type\" content=\"image\/jpeg\" \/>\n<meta name=\"twitter:card\" content=\"summary_large_image\" \/>\n<meta name=\"twitter:label1\" content=\"Prix\" \/>\n\t<meta name=\"twitter:data1\" content=\"27,46&nbsp;&euro; Iva esclusa\" \/>\n\t<meta name=\"twitter:label2\" content=\"Disponibilit\u00e9\" \/>\n\t<meta name=\"twitter:data2\" content=\"En stock\" \/>\n<script type=\"application\/ld+json\" class=\"yoast-schema-graph\">{\"@context\":\"https:\/\/schema.org\",\"@graph\":[{\"@type\":\"WebPage\",\"@id\":\"https:\/\/technofluid.it\/prodotto\/luce-led-da-appoggio-stagna-con-interruttore-codice-13-193-21-osculati\/\",\"url\":\"https:\/\/technofluid.it\/prodotto\/luce-led-da-appoggio-stagna-con-interruttore-codice-13-193-21-osculati\/\",\"name\":\"Luce LED stagna da appoggio con interruttore | Osculati\",\"isPartOf\":{\"@id\":\"https:\/\/technofluid.it\/#website\"},\"primaryImageOfPage\":{\"@id\":\"https:\/\/technofluid.it\/prodotto\/luce-led-da-appoggio-stagna-con-interruttore-codice-13-193-21-osculati\/#primaryimage\"},\"image\":{\"@id\":\"https:\/\/technofluid.it\/prodotto\/luce-led-da-appoggio-stagna-con-interruttore-codice-13-193-21-osculati\/#primaryimage\"},\"thumbnailUrl\":\"https:\/\/technofluid.it\/wp-content\/uploads\/2026\/01\/2306-Luce-LED-da-appoggio-stagna-con-interruttore-codice-13.193.21-Osculati.jpg\",\"datePublished\":\"2025-10-25T00:02:46+00:00\",\"dateModified\":\"2026-04-15T09:58:42+00:00\",\"description\":\"Scopri la luce LED stagna da appoggio con interruttore Osculati, ideale per ambienti umidi. Acquista ora per un'illuminazione sicura e duratura.\",\"breadcrumb\":{\"@id\":\"https:\/\/technofluid.it\/prodotto\/luce-led-da-appoggio-stagna-con-interruttore-codice-13-193-21-osculati\/#breadcrumb\"},\"inLanguage\":\"fr-FR\",\"potentialAction\":[{\"@type\":\"ReadAction\",\"target\":[\"https:\/\/technofluid.it\/prodotto\/luce-led-da-appoggio-stagna-con-interruttore-codice-13-193-21-osculati\/\"]}]},{\"@type\":\"ImageObject\",\"inLanguage\":\"fr-FR\",\"@id\":\"https:\/\/technofluid.it\/prodotto\/luce-led-da-appoggio-stagna-con-interruttore-codice-13-193-21-osculati\/#primaryimage\",\"url\":\"https:\/\/technofluid.it\/wp-content\/uploads\/2026\/01\/2306-Luce-LED-da-appoggio-stagna-con-interruttore-codice-13.193.21-Osculati.jpg\",\"contentUrl\":\"https:\/\/technofluid.it\/wp-content\/uploads\/2026\/01\/2306-Luce-LED-da-appoggio-stagna-con-interruttore-codice-13.193.21-Osculati.jpg\",\"width\":300,\"height\":300,\"caption\":\"Luce LED impermeabile con interruttore, perfetta per applicazioni marine e outdoor.\"},{\"@type\":\"BreadcrumbList\",\"@id\":\"https:\/\/technofluid.it\/prodotto\/luce-led-da-appoggio-stagna-con-interruttore-codice-13-193-21-osculati\/#breadcrumb\",\"itemListElement\":[{\"@type\":\"ListItem\",\"position\":1,\"name\":\"Home\",\"item\":\"https:\/\/technofluid.it\/\"},{\"@type\":\"ListItem\",\"position\":2,\"name\":\"Shop\",\"item\":\"https:\/\/technofluid.it\/shop\/\"},{\"@type\":\"ListItem\",\"position\":3,\"name\":\"Luce LED da appoggio stagna con interruttore &#8211; codice: 13.193.21 &#8211; Osculati\"}]},{\"@type\":\"WebSite\",\"@id\":\"https:\/\/technofluid.it\/#website\",\"url\":\"https:\/\/technofluid.it\/\",\"name\":\"Technofluid S.R.L.\",\"description\":\"Dal 1999 siamo specializzati nell&#039;impiantistica navale, idraulica, civile e industriale\",\"publisher\":{\"@id\":\"https:\/\/technofluid.it\/#organization\"},\"potentialAction\":[{\"@type\":\"SearchAction\",\"target\":{\"@type\":\"EntryPoint\",\"urlTemplate\":\"https:\/\/technofluid.it\/?s={search_term_string}\"},\"query-input\":{\"@type\":\"PropertyValueSpecification\",\"valueRequired\":true,\"valueName\":\"search_term_string\"}}],\"inLanguage\":\"fr-FR\"},{\"@type\":\"Organization\",\"@id\":\"https:\/\/technofluid.it\/#organization\",\"name\":\"Technofluid\",\"url\":\"https:\/\/technofluid.it\/\",\"logo\":{\"@type\":\"ImageObject\",\"inLanguage\":\"fr-FR\",\"@id\":\"https:\/\/technofluid.it\/#\/schema\/logo\/image\/\",\"url\":\"https:\/\/technofluid.it\/wp-content\/uploads\/2025\/12\/technofluid_bianco-logo.webp\",\"contentUrl\":\"https:\/\/technofluid.it\/wp-content\/uploads\/2025\/12\/technofluid_bianco-logo.webp\",\"width\":350,\"height\":116,\"caption\":\"Technofluid\"},\"image\":{\"@id\":\"https:\/\/technofluid.it\/#\/schema\/logo\/image\/\"},\"description\":\"La Technofluid S.r.l. nasce nel 1999 a Barcellona Pozzo di Gotto, in provincia di Messina, con l\u2019obiettivo di diventare un punto di riferimento nel settore dell\u2019impiantistica navale, idraulica, civile e industriale.\",\"email\":\"info@technofluid.it\",\"telephone\":\"0907386877\",\"legalName\":\"Technofluid S.R.L\",\"vatID\":\"IT03148240835\",\"taxID\":\"03148240835\",\"ownershipFundingInfo\":\"https:\/\/technofluid.it\/azienda\/\"}]}<\/script>\n<meta property=\"product:price:amount\" content=\"27.46\" \/>\n<meta property=\"product:price:currency\" content=\"EUR\" \/>\n<meta property=\"og:availability\" content=\"instock\" \/>\n<meta property=\"product:availability\" content=\"instock\" \/>\n<meta property=\"product:retailer_item_id\" content=\"OSCU00000945\" \/>\n<meta property=\"product:condition\" content=\"new\" \/>\n<!-- \/ Yoast SEO Premium plugin. -->","yoast_head_json":{"title":"Lumi\u00e8re LED \u00e9tanche de table avec interrupteur | Osculati","description":"D\u00e9couvrez la lampe LED \u00e9tanche \u00e0 poser avec interrupteur Osculati, id\u00e9ale pour les environnements humides. Achetez maintenant pour un \u00e9clairage s\u00fbr et durable.","robots":{"index":"index","follow":"follow","max-snippet":"max-snippet:-1","max-image-preview":"max-image-preview:large","max-video-preview":"max-video-preview:-1"},"canonical":"http:\/\/technofluid.it\/fr\/produit\/lumiere-led-de-table-etanche-avec-interrupteur-code-13-193-21-osculati-2\/","og_locale":"fr_FR","og_type":"article","og_title":"Luce LED da appoggio stagna con interruttore - codice: 13.193.21 - Osculati","og_description":"Scopri la luce LED stagna da appoggio con interruttore Osculati, ideale per ambienti umidi. Acquista ora per un'illuminazione sicura e duratura.","og_url":"http:\/\/technofluid.it\/fr\/produit\/lumiere-led-de-table-etanche-avec-interrupteur-code-13-193-21-osculati-2\/","og_site_name":"Technofluid","article_modified_time":"2026-04-15T09:58:42+00:00","og_image":[{"width":300,"height":300,"url":"https:\/\/technofluid.it\/wp-content\/uploads\/2026\/01\/2306-Luce-LED-da-appoggio-stagna-con-interruttore-codice-13.193.21-Osculati.jpg","type":"image\/jpeg"}],"twitter_card":"summary_large_image","twitter_misc":{"Prix":"27,46&nbsp;&euro; Iva esclusa","Disponibilit\u00e9":"En stock"},"schema":{"@context":"https:\/\/schema.org","@graph":[{"@type":"WebPage","@id":"https:\/\/technofluid.it\/prodotto\/luce-led-da-appoggio-stagna-con-interruttore-codice-13-193-21-osculati\/","url":"https:\/\/technofluid.it\/prodotto\/luce-led-da-appoggio-stagna-con-interruttore-codice-13-193-21-osculati\/","name":"Lumi\u00e8re LED \u00e9tanche de table avec interrupteur | Osculati","isPartOf":{"@id":"https:\/\/technofluid.it\/#website"},"primaryImageOfPage":{"@id":"https:\/\/technofluid.it\/prodotto\/luce-led-da-appoggio-stagna-con-interruttore-codice-13-193-21-osculati\/#primaryimage"},"image":{"@id":"https:\/\/technofluid.it\/prodotto\/luce-led-da-appoggio-stagna-con-interruttore-codice-13-193-21-osculati\/#primaryimage"},"thumbnailUrl":"https:\/\/technofluid.it\/wp-content\/uploads\/2026\/01\/2306-Luce-LED-da-appoggio-stagna-con-interruttore-codice-13.193.21-Osculati.jpg","datePublished":"2025-10-25T00:02:46+00:00","dateModified":"2026-04-15T09:58:42+00:00","description":"D\u00e9couvrez la lampe LED \u00e9tanche \u00e0 poser avec interrupteur Osculati, id\u00e9ale pour les environnements humides. Achetez maintenant pour un \u00e9clairage s\u00fbr et durable.","breadcrumb":{"@id":"https:\/\/technofluid.it\/prodotto\/luce-led-da-appoggio-stagna-con-interruttore-codice-13-193-21-osculati\/#breadcrumb"},"inLanguage":"fr-FR","potentialAction":[{"@type":"ReadAction","target":["https:\/\/technofluid.it\/prodotto\/luce-led-da-appoggio-stagna-con-interruttore-codice-13-193-21-osculati\/"]}]},{"@type":"ImageObject","inLanguage":"fr-FR","@id":"https:\/\/technofluid.it\/prodotto\/luce-led-da-appoggio-stagna-con-interruttore-codice-13-193-21-osculati\/#primaryimage","url":"https:\/\/technofluid.it\/wp-content\/uploads\/2026\/01\/2306-Luce-LED-da-appoggio-stagna-con-interruttore-codice-13.193.21-Osculati.jpg","contentUrl":"https:\/\/technofluid.it\/wp-content\/uploads\/2026\/01\/2306-Luce-LED-da-appoggio-stagna-con-interruttore-codice-13.193.21-Osculati.jpg","width":300,"height":300,"caption":"Luce LED impermeabile con interruttore, perfetta per applicazioni marine e outdoor."},{"@type":"BreadcrumbList","@id":"https:\/\/technofluid.it\/prodotto\/luce-led-da-appoggio-stagna-con-interruttore-codice-13-193-21-osculati\/#breadcrumb","itemListElement":[{"@type":"ListItem","position":1,"name":"Home","item":"https:\/\/technofluid.it\/"},{"@type":"ListItem","position":2,"name":"Shop","item":"https:\/\/technofluid.it\/shop\/"},{"@type":"ListItem","position":3,"name":"Luce LED da appoggio stagna con interruttore &#8211; codice: 13.193.21 &#8211; Osculati"}]},{"@type":"WebSite","@id":"https:\/\/technofluid.it\/#website","url":"https:\/\/technofluid.it\/","name":"Technofluid S.R.L.","description":"Depuis 1999, nous sommes sp\u00e9cialis\u00e9s dans les installations marines, de plomberie, civiles et industrielles.","publisher":{"@id":"https:\/\/technofluid.it\/#organization"},"potentialAction":[{"@type":"SearchAction","target":{"@type":"EntryPoint","urlTemplate":"https:\/\/technofluid.it\/?s={search_term_string}"},"query-input":{"@type":"PropertyValueSpecification","valueRequired":true,"valueName":"search_term_string"}}],"inLanguage":"fr-FR"},{"@type":"Organization","@id":"https:\/\/technofluid.it\/#organization","name":"Technofluid","url":"https:\/\/technofluid.it\/","logo":{"@type":"ImageObject","inLanguage":"fr-FR","@id":"https:\/\/technofluid.it\/#\/schema\/logo\/image\/","url":"https:\/\/technofluid.it\/wp-content\/uploads\/2025\/12\/technofluid_bianco-logo.webp","contentUrl":"https:\/\/technofluid.it\/wp-content\/uploads\/2025\/12\/technofluid_bianco-logo.webp","width":350,"height":116,"caption":"Technofluid"},"image":{"@id":"https:\/\/technofluid.it\/#\/schema\/logo\/image\/"},"description":"La Technofluid S.r.l. est n\u00e9e en 1999 \u00e0 Barcellona Pozzo di Gotto, dans la province de Messine, avec l'objectif de devenir un point de r\u00e9f\u00e9rence dans le secteur de l'installation navale, hydraulique, civile et industrielle.","email":"info@technofluid.it","telephone":"0907386877","legalName":"Technofluid S.R.L","vatID":"IT03148240835","taxID":"03148240835","ownershipFundingInfo":"https:\/\/technofluid.it\/azienda\/"}]},"product_price_amount":"27.46","product_price_currency":"EUR","og_availability":"instock","product_availability":"instock","product_retailer_item_id":"OSCU00000945","product_condition":"new"},"_links":{"self":[{"href":"http:\/\/technofluid.it\/fr\/wp-json\/wp\/v2\/product\/30409","targetHints":{"allow":["GET"]}}],"collection":[{"href":"http:\/\/technofluid.it\/fr\/wp-json\/wp\/v2\/product"}],"about":[{"href":"http:\/\/technofluid.it\/fr\/wp-json\/wp\/v2\/types\/product"}],"replies":[{"embeddable":true,"href":"http:\/\/technofluid.it\/fr\/wp-json\/wp\/v2\/comments?post=30409"}],"version-history":[{"count":0,"href":"http:\/\/technofluid.it\/fr\/wp-json\/wp\/v2\/product\/30409\/revisions"}],"wp:featuredmedia":[{"embeddable":true,"href":"http:\/\/technofluid.it\/fr\/wp-json\/wp\/v2\/media\/39862"}],"wp:attachment":[{"href":"http:\/\/technofluid.it\/fr\/wp-json\/wp\/v2\/media?parent=30409"}],"wp:term":[{"taxonomy":"product_brand","embeddable":true,"href":"http:\/\/technofluid.it\/fr\/wp-json\/wp\/v2\/product_brand?post=30409"},{"taxonomy":"product_cat","embeddable":true,"href":"http:\/\/technofluid.it\/fr\/wp-json\/wp\/v2\/product_cat?post=30409"},{"taxonomy":"product_tag","embeddable":true,"href":"http:\/\/technofluid.it\/fr\/wp-json\/wp\/v2\/product_tag?post=30409"}],"curies":[{"name":"wp","href":"https:\/\/api.w.org\/{rel}","templated":true}]}}