{"id":30040,"date":"2025-10-25T00:01:55","date_gmt":"2025-10-25T00:01:55","guid":{"rendered":"https:\/\/technofluid.it\/prodotto\/girante-51-mm-rif-jabsco-6303-0001-johnson-09-824p-1-codice-p0350008-trem\/"},"modified":"2026-01-22T17:52:07","modified_gmt":"2026-01-22T17:52:07","slug":"girante-51mm-rif-jabsco-6303-0001-johnson-09-824p-1-codice-p0350008-trem","status":"publish","type":"product","link":"http:\/\/technofluid.it\/fr\/produit\/turbine-51mm-ref-jabsco-6303-0001-johnson-09-824p-1-code-p0350008-trem\/","title":{"rendered":"Turbine 51\u00a0mm (r\u00e9f. Jabsco 6303-0001, Johnson 09-824P-1) \u2013 code : P0350008 \u2013 Trem"},"content":{"rendered":"<p>Impeller 51\u00a0mm (r\u00e9f. Jabsco 6303-0001, Johnson 09-824P-1) \u2013 code : P0350008 \u2013 Trem<\/p>","protected":false},"excerpt":{"rendered":"<p>GIRANTE 51 MM (RIF.JABSCO 6303-0001 , JOHNSON 09-824P-1) &#8211; CODICE: P0350008 &#8211; TREM<\/p>","protected":false},"featured_media":38925,"comment_status":"open","ping_status":"closed","template":"","meta":{"_acf_changed":false,"_monsterinsights_skip_tracking":false,"_monsterinsights_sitenote_active":false,"_monsterinsights_sitenote_note":"","_monsterinsights_sitenote_category":0,"site-sidebar-layout":"default","site-content-layout":"","ast-site-content-layout":"default","site-content-style":"default","site-sidebar-style":"default","ast-global-header-display":"","ast-banner-title-visibility":"","ast-main-header-display":"","ast-hfb-above-header-display":"","ast-hfb-below-header-display":"","ast-hfb-mobile-header-display":"","site-post-title":"","ast-breadcrumbs-content":"","ast-featured-img":"","footer-sml-layout":"","ast-disable-related-posts":"","theme-transparent-header-meta":"","adv-header-id-meta":"","stick-header-meta":"","header-above-stick-meta":"","header-main-stick-meta":"","header-below-stick-meta":"","astra-migrate-meta-layouts":"default","ast-page-background-enabled":"default","ast-page-background-meta":{"desktop":{"background-color":"var(--ast-global-color-5)","background-image":"","background-repeat":"repeat","background-position":"center center","background-size":"auto","background-attachment":"scroll","background-type":"","background-media":"","overlay-type":"","overlay-color":"","overlay-opacity":"","overlay-gradient":""},"tablet":{"background-color":"","background-image":"","background-repeat":"repeat","background-position":"center center","background-size":"auto","background-attachment":"scroll","background-type":"","background-media":"","overlay-type":"","overlay-color":"","overlay-opacity":"","overlay-gradient":""},"mobile":{"background-color":"","background-image":"","background-repeat":"repeat","background-position":"center center","background-size":"auto","background-attachment":"scroll","background-type":"","background-media":"","overlay-type":"","overlay-color":"","overlay-opacity":"","overlay-gradient":""}},"ast-content-background-meta":{"desktop":{"background-color":"var(--ast-global-color-4)","background-image":"","background-repeat":"repeat","background-position":"center center","background-size":"auto","background-attachment":"scroll","background-type":"","background-media":"","overlay-type":"","overlay-color":"","overlay-opacity":"","overlay-gradient":""},"tablet":{"background-color":"var(--ast-global-color-4)","background-image":"","background-repeat":"repeat","background-position":"center center","background-size":"auto","background-attachment":"scroll","background-type":"","background-media":"","overlay-type":"","overlay-color":"","overlay-opacity":"","overlay-gradient":""},"mobile":{"background-color":"var(--ast-global-color-4)","background-image":"","background-repeat":"repeat","background-position":"center center","background-size":"auto","background-attachment":"scroll","background-type":"","background-media":"","overlay-type":"","overlay-color":"","overlay-opacity":"","overlay-gradient":""}}},"product_brand":[],"product_cat":[179,180],"product_tag":[5296,3344],"class_list":{"0":"post-30040","1":"product","2":"type-product","3":"status-publish","4":"has-post-thumbnail","6":"product_cat-motori-e-ricambi","7":"product_cat-ricambi-fuori-bordo-e-motori","8":"product_tag-girante-51mm","9":"product_tag-trem","10":"pa_supplier-tr-em-s-r-l-trecciatura-emiliana","11":"desktop-align-left","12":"tablet-align-left","13":"mobile-align-left","15":"first","16":"instock","17":"taxable","18":"shipping-taxable","19":"purchasable","20":"product-type-simple"},"acf":[],"yoast_head":"<!-- This site is optimized with the Yoast SEO Premium plugin v26.7 (Yoast SEO v26.9) - https:\/\/yoast.com\/product\/yoast-seo-premium-wordpress\/ -->\n<title>Girante 51 mm Trem - Ricambio Jabsco e Johnson<\/title>\n<meta name=\"description\" content=\"Acquista la Girante 51 mm Trem, compatibile Jabsco 6303-0001 e Johnson 09-824P-1. Qualit\u00e0 e affidabilit\u00e0, codice P0350008. Ordina ora!\" \/>\n<meta name=\"robots\" content=\"index, follow, max-snippet:-1, max-image-preview:large, max-video-preview:-1\" \/>\n<link rel=\"canonical\" href=\"http:\/\/technofluid.it\/fr\/produit\/turbine-51mm-ref-jabsco-6303-0001-johnson-09-824p-1-code-p0350008-trem\/\" \/>\n<meta property=\"og:locale\" content=\"fr_FR\" \/>\n<meta property=\"og:type\" content=\"article\" \/>\n<meta property=\"og:title\" content=\"Girante 51&nbsp;mm (rif. Jabsco 6303-0001, Johnson 09-824P-1) &ndash; codice: P0350008 &ndash; Trem\" \/>\n<meta property=\"og:description\" content=\"Acquista la Girante 51 mm Trem, compatibile Jabsco 6303-0001 e Johnson 09-824P-1. Qualit\u00e0 e affidabilit\u00e0, codice P0350008. Ordina ora!\" \/>\n<meta property=\"og:url\" content=\"http:\/\/technofluid.it\/fr\/produit\/turbine-51mm-ref-jabsco-6303-0001-johnson-09-824p-1-code-p0350008-trem\/\" \/>\n<meta property=\"og:site_name\" content=\"Technofluid\" \/>\n<meta property=\"article:modified_time\" content=\"2026-01-22T17:52:07+00:00\" \/>\n<meta property=\"og:image\" content=\"https:\/\/technofluid.it\/wp-content\/uploads\/2026\/01\/1514-GIRANTE-51-MM-RIF.JABSCO-6303-0001-JOHNSON-09-824P-1-CODICE-P0350008-TREM.jpg\" \/>\n\t<meta property=\"og:image:width\" content=\"1200\" \/>\n\t<meta property=\"og:image:height\" content=\"1200\" \/>\n\t<meta property=\"og:image:type\" content=\"image\/jpeg\" \/>\n<meta name=\"twitter:card\" content=\"summary_large_image\" \/>\n<meta name=\"twitter:label1\" content=\"Prix\" \/>\n\t<meta name=\"twitter:data1\" content=\"27,54&nbsp;&euro; Iva esclusa\" \/>\n\t<meta name=\"twitter:label2\" content=\"Disponibilit\u00e9\" \/>\n\t<meta name=\"twitter:data2\" content=\"En stock\" \/>\n<script type=\"application\/ld+json\" class=\"yoast-schema-graph\">{\"@context\":\"https:\/\/schema.org\",\"@graph\":[{\"@type\":\"WebPage\",\"@id\":\"https:\/\/technofluid.it\/prodotto\/girante-51mm-rif-jabsco-6303-0001-johnson-09-824p-1-codice-p0350008-trem\/\",\"url\":\"https:\/\/technofluid.it\/prodotto\/girante-51mm-rif-jabsco-6303-0001-johnson-09-824p-1-codice-p0350008-trem\/\",\"name\":\"Girante 51 mm Trem - Ricambio Jabsco e Johnson\",\"isPartOf\":{\"@id\":\"https:\/\/technofluid.it\/#website\"},\"primaryImageOfPage\":{\"@id\":\"https:\/\/technofluid.it\/prodotto\/girante-51mm-rif-jabsco-6303-0001-johnson-09-824p-1-codice-p0350008-trem\/#primaryimage\"},\"image\":{\"@id\":\"https:\/\/technofluid.it\/prodotto\/girante-51mm-rif-jabsco-6303-0001-johnson-09-824p-1-codice-p0350008-trem\/#primaryimage\"},\"thumbnailUrl\":\"https:\/\/technofluid.it\/wp-content\/uploads\/2026\/01\/1514-GIRANTE-51-MM-RIF.JABSCO-6303-0001-JOHNSON-09-824P-1-CODICE-P0350008-TREM.jpg\",\"datePublished\":\"2025-10-25T00:01:55+00:00\",\"dateModified\":\"2026-01-22T17:52:07+00:00\",\"description\":\"Acquista la Girante 51 mm Trem, compatibile Jabsco 6303-0001 e Johnson 09-824P-1. Qualit\u00e0 e affidabilit\u00e0, codice P0350008. Ordina ora!\",\"breadcrumb\":{\"@id\":\"https:\/\/technofluid.it\/prodotto\/girante-51mm-rif-jabsco-6303-0001-johnson-09-824p-1-codice-p0350008-trem\/#breadcrumb\"},\"inLanguage\":\"fr-FR\",\"potentialAction\":[{\"@type\":\"ReadAction\",\"target\":[\"https:\/\/technofluid.it\/prodotto\/girante-51mm-rif-jabsco-6303-0001-johnson-09-824p-1-codice-p0350008-trem\/\"]}]},{\"@type\":\"ImageObject\",\"inLanguage\":\"fr-FR\",\"@id\":\"https:\/\/technofluid.it\/prodotto\/girante-51mm-rif-jabsco-6303-0001-johnson-09-824p-1-codice-p0350008-trem\/#primaryimage\",\"url\":\"https:\/\/technofluid.it\/wp-content\/uploads\/2026\/01\/1514-GIRANTE-51-MM-RIF.JABSCO-6303-0001-JOHNSON-09-824P-1-CODICE-P0350008-TREM.jpg\",\"contentUrl\":\"https:\/\/technofluid.it\/wp-content\/uploads\/2026\/01\/1514-GIRANTE-51-MM-RIF.JABSCO-6303-0001-JOHNSON-09-824P-1-CODICE-P0350008-TREM.jpg\",\"width\":1200,\"height\":1200,\"caption\":\"Girante di ricambio per pompe marine, modello 51 mm, compatibile con Jabsco, Johnson, Trem.\"},{\"@type\":\"BreadcrumbList\",\"@id\":\"https:\/\/technofluid.it\/prodotto\/girante-51mm-rif-jabsco-6303-0001-johnson-09-824p-1-codice-p0350008-trem\/#breadcrumb\",\"itemListElement\":[{\"@type\":\"ListItem\",\"position\":1,\"name\":\"Home\",\"item\":\"https:\/\/technofluid.it\/\"},{\"@type\":\"ListItem\",\"position\":2,\"name\":\"Shop\",\"item\":\"https:\/\/technofluid.it\/shop\/\"},{\"@type\":\"ListItem\",\"position\":3,\"name\":\"Girante 51&nbsp;mm (rif. Jabsco 6303-0001, Johnson 09-824P-1) &ndash; codice: P0350008 &ndash; Trem\"}]},{\"@type\":\"WebSite\",\"@id\":\"https:\/\/technofluid.it\/#website\",\"url\":\"https:\/\/technofluid.it\/\",\"name\":\"Technofluid S.R.L.\",\"description\":\"Dal 1999 siamo specializzati nell&#039;impiantistica navale, idraulica, civile e industriale\",\"publisher\":{\"@id\":\"https:\/\/technofluid.it\/#organization\"},\"potentialAction\":[{\"@type\":\"SearchAction\",\"target\":{\"@type\":\"EntryPoint\",\"urlTemplate\":\"https:\/\/technofluid.it\/?s={search_term_string}\"},\"query-input\":{\"@type\":\"PropertyValueSpecification\",\"valueRequired\":true,\"valueName\":\"search_term_string\"}}],\"inLanguage\":\"fr-FR\"},{\"@type\":\"Organization\",\"@id\":\"https:\/\/technofluid.it\/#organization\",\"name\":\"Technofluid\",\"url\":\"https:\/\/technofluid.it\/\",\"logo\":{\"@type\":\"ImageObject\",\"inLanguage\":\"fr-FR\",\"@id\":\"https:\/\/technofluid.it\/#\/schema\/logo\/image\/\",\"url\":\"https:\/\/technofluid.it\/wp-content\/uploads\/2025\/12\/technofluid_bianco-logo.webp\",\"contentUrl\":\"https:\/\/technofluid.it\/wp-content\/uploads\/2025\/12\/technofluid_bianco-logo.webp\",\"width\":350,\"height\":116,\"caption\":\"Technofluid\"},\"image\":{\"@id\":\"https:\/\/technofluid.it\/#\/schema\/logo\/image\/\"},\"description\":\"La Technofluid S.r.l. nasce nel 1999 a Barcellona Pozzo di Gotto, in provincia di Messina, con l\u2019obiettivo di diventare un punto di riferimento nel settore dell\u2019impiantistica navale, idraulica, civile e industriale.\",\"email\":\"info@technofluid.it\",\"telephone\":\"0907386877\",\"legalName\":\"Technofluid S.R.L\",\"vatID\":\"IT03148240835\",\"taxID\":\"03148240835\",\"ownershipFundingInfo\":\"https:\/\/technofluid.it\/azienda\/\"}]}<\/script>\n<meta property=\"product:price:amount\" content=\"27.54\" \/>\n<meta property=\"product:price:currency\" content=\"EUR\" \/>\n<meta property=\"og:availability\" content=\"instock\" \/>\n<meta property=\"product:availability\" content=\"instock\" \/>\n<meta property=\"product:retailer_item_id\" content=\"TREM0000001\" \/>\n<meta property=\"product:condition\" content=\"new\" \/>\n<!-- \/ Yoast SEO Premium plugin. -->","yoast_head_json":{"title":"Turbine 51 mm Trem - Pi\u00e8ce de rechange Jabsco et Johnson","description":"Achetez l'h\u00e9lice 51 mm Trem, compatible Jabsco 6303-0001 et Johnson 09-824P-1. Qualit\u00e9 et fiabilit\u00e9, code P0350008. Commandez maintenant !","robots":{"index":"index","follow":"follow","max-snippet":"max-snippet:-1","max-image-preview":"max-image-preview:large","max-video-preview":"max-video-preview:-1"},"canonical":"http:\/\/technofluid.it\/fr\/produit\/turbine-51mm-ref-jabsco-6303-0001-johnson-09-824p-1-code-p0350008-trem\/","og_locale":"fr_FR","og_type":"article","og_title":"Girante 51&nbsp;mm (rif. Jabsco 6303-0001, Johnson 09-824P-1) &ndash; codice: P0350008 &ndash; Trem","og_description":"Acquista la Girante 51 mm Trem, compatibile Jabsco 6303-0001 e Johnson 09-824P-1. Qualit\u00e0 e affidabilit\u00e0, codice P0350008. Ordina ora!","og_url":"http:\/\/technofluid.it\/fr\/produit\/turbine-51mm-ref-jabsco-6303-0001-johnson-09-824p-1-code-p0350008-trem\/","og_site_name":"Technofluid","article_modified_time":"2026-01-22T17:52:07+00:00","og_image":[{"width":1200,"height":1200,"url":"https:\/\/technofluid.it\/wp-content\/uploads\/2026\/01\/1514-GIRANTE-51-MM-RIF.JABSCO-6303-0001-JOHNSON-09-824P-1-CODICE-P0350008-TREM.jpg","type":"image\/jpeg"}],"twitter_card":"summary_large_image","twitter_misc":{"Prix":"27,54&nbsp;&euro; Iva esclusa","Disponibilit\u00e9":"En stock"},"schema":{"@context":"https:\/\/schema.org","@graph":[{"@type":"WebPage","@id":"https:\/\/technofluid.it\/prodotto\/girante-51mm-rif-jabsco-6303-0001-johnson-09-824p-1-codice-p0350008-trem\/","url":"https:\/\/technofluid.it\/prodotto\/girante-51mm-rif-jabsco-6303-0001-johnson-09-824p-1-codice-p0350008-trem\/","name":"Turbine 51 mm Trem - Pi\u00e8ce de rechange Jabsco et Johnson","isPartOf":{"@id":"https:\/\/technofluid.it\/#website"},"primaryImageOfPage":{"@id":"https:\/\/technofluid.it\/prodotto\/girante-51mm-rif-jabsco-6303-0001-johnson-09-824p-1-codice-p0350008-trem\/#primaryimage"},"image":{"@id":"https:\/\/technofluid.it\/prodotto\/girante-51mm-rif-jabsco-6303-0001-johnson-09-824p-1-codice-p0350008-trem\/#primaryimage"},"thumbnailUrl":"https:\/\/technofluid.it\/wp-content\/uploads\/2026\/01\/1514-GIRANTE-51-MM-RIF.JABSCO-6303-0001-JOHNSON-09-824P-1-CODICE-P0350008-TREM.jpg","datePublished":"2025-10-25T00:01:55+00:00","dateModified":"2026-01-22T17:52:07+00:00","description":"Achetez l'h\u00e9lice 51 mm Trem, compatible Jabsco 6303-0001 et Johnson 09-824P-1. Qualit\u00e9 et fiabilit\u00e9, code P0350008. Commandez maintenant !","breadcrumb":{"@id":"https:\/\/technofluid.it\/prodotto\/girante-51mm-rif-jabsco-6303-0001-johnson-09-824p-1-codice-p0350008-trem\/#breadcrumb"},"inLanguage":"fr-FR","potentialAction":[{"@type":"ReadAction","target":["https:\/\/technofluid.it\/prodotto\/girante-51mm-rif-jabsco-6303-0001-johnson-09-824p-1-codice-p0350008-trem\/"]}]},{"@type":"ImageObject","inLanguage":"fr-FR","@id":"https:\/\/technofluid.it\/prodotto\/girante-51mm-rif-jabsco-6303-0001-johnson-09-824p-1-codice-p0350008-trem\/#primaryimage","url":"https:\/\/technofluid.it\/wp-content\/uploads\/2026\/01\/1514-GIRANTE-51-MM-RIF.JABSCO-6303-0001-JOHNSON-09-824P-1-CODICE-P0350008-TREM.jpg","contentUrl":"https:\/\/technofluid.it\/wp-content\/uploads\/2026\/01\/1514-GIRANTE-51-MM-RIF.JABSCO-6303-0001-JOHNSON-09-824P-1-CODICE-P0350008-TREM.jpg","width":1200,"height":1200,"caption":"Girante di ricambio per pompe marine, modello 51 mm, compatibile con Jabsco, Johnson, Trem."},{"@type":"BreadcrumbList","@id":"https:\/\/technofluid.it\/prodotto\/girante-51mm-rif-jabsco-6303-0001-johnson-09-824p-1-codice-p0350008-trem\/#breadcrumb","itemListElement":[{"@type":"ListItem","position":1,"name":"Home","item":"https:\/\/technofluid.it\/"},{"@type":"ListItem","position":2,"name":"Shop","item":"https:\/\/technofluid.it\/shop\/"},{"@type":"ListItem","position":3,"name":"Girante 51&nbsp;mm (rif. Jabsco 6303-0001, Johnson 09-824P-1) &ndash; codice: P0350008 &ndash; Trem"}]},{"@type":"WebSite","@id":"https:\/\/technofluid.it\/#website","url":"https:\/\/technofluid.it\/","name":"Technofluid S.R.L.","description":"Depuis 1999, nous sommes sp\u00e9cialis\u00e9s dans les installations marines, de plomberie, civiles et industrielles.","publisher":{"@id":"https:\/\/technofluid.it\/#organization"},"potentialAction":[{"@type":"SearchAction","target":{"@type":"EntryPoint","urlTemplate":"https:\/\/technofluid.it\/?s={search_term_string}"},"query-input":{"@type":"PropertyValueSpecification","valueRequired":true,"valueName":"search_term_string"}}],"inLanguage":"fr-FR"},{"@type":"Organization","@id":"https:\/\/technofluid.it\/#organization","name":"Technofluid","url":"https:\/\/technofluid.it\/","logo":{"@type":"ImageObject","inLanguage":"fr-FR","@id":"https:\/\/technofluid.it\/#\/schema\/logo\/image\/","url":"https:\/\/technofluid.it\/wp-content\/uploads\/2025\/12\/technofluid_bianco-logo.webp","contentUrl":"https:\/\/technofluid.it\/wp-content\/uploads\/2025\/12\/technofluid_bianco-logo.webp","width":350,"height":116,"caption":"Technofluid"},"image":{"@id":"https:\/\/technofluid.it\/#\/schema\/logo\/image\/"},"description":"La Technofluid S.r.l. est n\u00e9e en 1999 \u00e0 Barcellona Pozzo di Gotto, dans la province de Messine, avec l'objectif de devenir un point de r\u00e9f\u00e9rence dans le secteur de l'installation navale, hydraulique, civile et industrielle.","email":"info@technofluid.it","telephone":"0907386877","legalName":"Technofluid S.R.L","vatID":"IT03148240835","taxID":"03148240835","ownershipFundingInfo":"https:\/\/technofluid.it\/azienda\/"}]},"product_price_amount":"27.54","product_price_currency":"EUR","og_availability":"instock","product_availability":"instock","product_retailer_item_id":"TREM0000001","product_condition":"new"},"_links":{"self":[{"href":"http:\/\/technofluid.it\/fr\/wp-json\/wp\/v2\/product\/30040","targetHints":{"allow":["GET"]}}],"collection":[{"href":"http:\/\/technofluid.it\/fr\/wp-json\/wp\/v2\/product"}],"about":[{"href":"http:\/\/technofluid.it\/fr\/wp-json\/wp\/v2\/types\/product"}],"replies":[{"embeddable":true,"href":"http:\/\/technofluid.it\/fr\/wp-json\/wp\/v2\/comments?post=30040"}],"version-history":[{"count":0,"href":"http:\/\/technofluid.it\/fr\/wp-json\/wp\/v2\/product\/30040\/revisions"}],"wp:featuredmedia":[{"embeddable":true,"href":"http:\/\/technofluid.it\/fr\/wp-json\/wp\/v2\/media\/38925"}],"wp:attachment":[{"href":"http:\/\/technofluid.it\/fr\/wp-json\/wp\/v2\/media?parent=30040"}],"wp:term":[{"taxonomy":"product_brand","embeddable":true,"href":"http:\/\/technofluid.it\/fr\/wp-json\/wp\/v2\/product_brand?post=30040"},{"taxonomy":"product_cat","embeddable":true,"href":"http:\/\/technofluid.it\/fr\/wp-json\/wp\/v2\/product_cat?post=30040"},{"taxonomy":"product_tag","embeddable":true,"href":"http:\/\/technofluid.it\/fr\/wp-json\/wp\/v2\/product_tag?post=30040"}],"curies":[{"name":"wp","href":"https:\/\/api.w.org\/{rel}","templated":true}]}}