{"id":29835,"date":"2025-10-25T00:01:36","date_gmt":"2025-10-25T00:01:36","guid":{"rendered":"https:\/\/technofluid.it\/prodotto\/fanale-utility-88-rosso-verde-nero-codice-11-412-05-osculati\/"},"modified":"2026-04-15T10:47:48","modified_gmt":"2026-04-15T09:47:48","slug":"fanale-utility-88-rossoverdenero-codice-11-412-05-osculati","status":"publish","type":"product","link":"http:\/\/technofluid.it\/fr\/produit\/feu-utilitaire-88-rougevertnoir-code-11-412-05-osculati-2\/","title":{"rendered":"Feu utilitaire 88 rouge\/vert\/noir - Code : 11.412.05 - Osculati"},"content":{"rendered":"<p>Feu utilitaire 88 rouge\/vert\/noir - Code : 11.412.05 - Osculati<\/p>","protected":false},"excerpt":{"rendered":"<p class=\"MsoNormal\"><b>UM :<\/b>\u00a0PZ<\/p>\n<p class=\"MsoNormal\"><b>Hauteur :<\/b>\u00a010 cm<\/p>\n<p class=\"MsoNormal\"><b>Poids :<\/b>\u00a00,07 kg<\/p>\n<p class=\"MsoNormal\"><b>Largeur :<\/b>\u00a010 cm<\/p>\n<p class=\"MsoNormal\"><b>Volume :<\/b>\u00a01.000 cm\u00b3<\/p>\n<p class=\"MsoNormal\"><b>Longueur :<\/b>\u00a010 cm<\/p>","protected":false},"featured_media":38443,"comment_status":"open","ping_status":"closed","template":"","meta":{"_acf_changed":false,"_monsterinsights_skip_tracking":false,"_monsterinsights_sitenote_active":false,"_monsterinsights_sitenote_note":"","_monsterinsights_sitenote_category":0,"site-sidebar-layout":"default","site-content-layout":"","ast-site-content-layout":"default","site-content-style":"default","site-sidebar-style":"default","ast-global-header-display":"","ast-banner-title-visibility":"","ast-main-header-display":"","ast-hfb-above-header-display":"","ast-hfb-below-header-display":"","ast-hfb-mobile-header-display":"","site-post-title":"","ast-breadcrumbs-content":"","ast-featured-img":"","footer-sml-layout":"","ast-disable-related-posts":"","theme-transparent-header-meta":"default","adv-header-id-meta":"","stick-header-meta":"","header-above-stick-meta":"","header-main-stick-meta":"","header-below-stick-meta":"","astra-migrate-meta-layouts":"set","ast-page-background-enabled":"default","ast-page-background-meta":{"desktop":{"background-color":"var(--ast-global-color-5)","background-image":"","background-repeat":"repeat","background-position":"center center","background-size":"auto","background-attachment":"scroll","background-type":"","background-media":"","overlay-type":"","overlay-color":"","overlay-opacity":"","overlay-gradient":""},"tablet":{"background-color":"","background-image":"","background-repeat":"repeat","background-position":"center center","background-size":"auto","background-attachment":"scroll","background-type":"","background-media":"","overlay-type":"","overlay-color":"","overlay-opacity":"","overlay-gradient":""},"mobile":{"background-color":"","background-image":"","background-repeat":"repeat","background-position":"center center","background-size":"auto","background-attachment":"scroll","background-type":"","background-media":"","overlay-type":"","overlay-color":"","overlay-opacity":"","overlay-gradient":""}},"ast-content-background-meta":{"desktop":{"background-color":"var(--ast-global-color-4)","background-image":"","background-repeat":"repeat","background-position":"center center","background-size":"auto","background-attachment":"scroll","background-type":"","background-media":"","overlay-type":"","overlay-color":"","overlay-opacity":"","overlay-gradient":""},"tablet":{"background-color":"var(--ast-global-color-4)","background-image":"","background-repeat":"repeat","background-position":"center center","background-size":"auto","background-attachment":"scroll","background-type":"","background-media":"","overlay-type":"","overlay-color":"","overlay-opacity":"","overlay-gradient":""},"mobile":{"background-color":"var(--ast-global-color-4)","background-image":"","background-repeat":"repeat","background-position":"center center","background-size":"auto","background-attachment":"scroll","background-type":"","background-media":"","overlay-type":"","overlay-color":"","overlay-opacity":"","overlay-gradient":""}}},"product_brand":[],"product_cat":[74,75],"product_tag":[4934,4928,4893,4935,4157,3053,4134,4931,4923],"class_list":{"0":"post-29835","1":"product","2":"type-product","3":"status-publish","4":"has-post-thumbnail","6":"product_cat-elettricita-strumentazione","7":"product_cat-luci-e-fanali","8":"product_tag-11-412-05","9":"product_tag-4928","10":"product_tag-fanale","11":"product_tag-fanale-utility-88-rosso-verde-ne","12":"product_tag-nero","13":"product_tag-osculati","14":"product_tag-rosso","15":"product_tag-utility","16":"product_tag-verde","17":"pa_supplier-osculati-s-r-l","18":"desktop-align-left","19":"tablet-align-left","20":"mobile-align-left","22":"first","23":"instock","24":"taxable","25":"shipping-taxable","26":"purchasable","27":"product-type-simple"},"acf":[],"yoast_head":"<!-- This site is optimized with the Yoast SEO Premium plugin v26.7 (Yoast SEO v26.9) - https:\/\/yoast.com\/product\/yoast-seo-premium-wordpress\/ -->\n<title>Fanale Utility 88 Rosso\/Verde\/Nero | Codice 11.412.05<\/title>\n<meta name=\"description\" content=\"Scopri il fanale utility 88 rosso\/verde\/nero Osculati, codice 11.412.05. Qualit\u00e0 e funzionalit\u00e0 per ogni esigenza. Acquista ora!\" \/>\n<meta name=\"robots\" content=\"index, follow, max-snippet:-1, max-image-preview:large, max-video-preview:-1\" \/>\n<link rel=\"canonical\" href=\"http:\/\/technofluid.it\/fr\/produit\/feu-utilitaire-88-rougevertnoir-code-11-412-05-osculati-2\/\" \/>\n<meta property=\"og:locale\" content=\"fr_FR\" \/>\n<meta property=\"og:type\" content=\"article\" \/>\n<meta property=\"og:title\" content=\"Fanale utility 88 rosso\/verde\/nero - codice: 11.412.05 - Osculati\" \/>\n<meta property=\"og:description\" content=\"Scopri il fanale utility 88 rosso\/verde\/nero Osculati, codice 11.412.05. Qualit\u00e0 e funzionalit\u00e0 per ogni esigenza. Acquista ora!\" \/>\n<meta property=\"og:url\" content=\"http:\/\/technofluid.it\/fr\/produit\/feu-utilitaire-88-rougevertnoir-code-11-412-05-osculati-2\/\" \/>\n<meta property=\"og:site_name\" content=\"Technofluid\" \/>\n<meta property=\"article:modified_time\" content=\"2026-04-15T09:47:48+00:00\" \/>\n<meta property=\"og:image\" content=\"https:\/\/technofluid.it\/wp-content\/uploads\/2026\/01\/2457-Fanale-utility-88-rossoverdenero-codice-11.412.05-Osculati.jpg\" \/>\n\t<meta property=\"og:image:width\" content=\"300\" \/>\n\t<meta property=\"og:image:height\" content=\"300\" \/>\n\t<meta property=\"og:image:type\" content=\"image\/jpeg\" \/>\n<meta name=\"twitter:card\" content=\"summary_large_image\" \/>\n<meta name=\"twitter:label1\" content=\"Prix\" \/>\n\t<meta name=\"twitter:data1\" content=\"15,98&nbsp;&euro; Iva esclusa\" \/>\n\t<meta name=\"twitter:label2\" content=\"Disponibilit\u00e9\" \/>\n\t<meta name=\"twitter:data2\" content=\"En stock\" \/>\n<script type=\"application\/ld+json\" class=\"yoast-schema-graph\">{\"@context\":\"https:\/\/schema.org\",\"@graph\":[{\"@type\":\"WebPage\",\"@id\":\"https:\/\/technofluid.it\/prodotto\/fanale-utility-88-rossoverdenero-codice-11-412-05-osculati\/\",\"url\":\"https:\/\/technofluid.it\/prodotto\/fanale-utility-88-rossoverdenero-codice-11-412-05-osculati\/\",\"name\":\"Fanale Utility 88 Rosso\/Verde\/Nero | Codice 11.412.05\",\"isPartOf\":{\"@id\":\"https:\/\/technofluid.it\/#website\"},\"primaryImageOfPage\":{\"@id\":\"https:\/\/technofluid.it\/prodotto\/fanale-utility-88-rossoverdenero-codice-11-412-05-osculati\/#primaryimage\"},\"image\":{\"@id\":\"https:\/\/technofluid.it\/prodotto\/fanale-utility-88-rossoverdenero-codice-11-412-05-osculati\/#primaryimage\"},\"thumbnailUrl\":\"https:\/\/technofluid.it\/wp-content\/uploads\/2026\/01\/2457-Fanale-utility-88-rossoverdenero-codice-11.412.05-Osculati.jpg\",\"datePublished\":\"2025-10-25T00:01:36+00:00\",\"dateModified\":\"2026-04-15T09:47:48+00:00\",\"description\":\"Scopri il fanale utility 88 rosso\/verde\/nero Osculati, codice 11.412.05. Qualit\u00e0 e funzionalit\u00e0 per ogni esigenza. Acquista ora!\",\"breadcrumb\":{\"@id\":\"https:\/\/technofluid.it\/prodotto\/fanale-utility-88-rossoverdenero-codice-11-412-05-osculati\/#breadcrumb\"},\"inLanguage\":\"fr-FR\",\"potentialAction\":[{\"@type\":\"ReadAction\",\"target\":[\"https:\/\/technofluid.it\/prodotto\/fanale-utility-88-rossoverdenero-codice-11-412-05-osculati\/\"]}]},{\"@type\":\"ImageObject\",\"inLanguage\":\"fr-FR\",\"@id\":\"https:\/\/technofluid.it\/prodotto\/fanale-utility-88-rossoverdenero-codice-11-412-05-osculati\/#primaryimage\",\"url\":\"https:\/\/technofluid.it\/wp-content\/uploads\/2026\/01\/2457-Fanale-utility-88-rossoverdenero-codice-11.412.05-Osculati.jpg\",\"contentUrl\":\"https:\/\/technofluid.it\/wp-content\/uploads\/2026\/01\/2457-Fanale-utility-88-rossoverdenero-codice-11.412.05-Osculati.jpg\",\"width\":300,\"height\":300,\"caption\":\"Fanale di navigazione con luci rosse, verdi e nere, ideale per imbarcazioni, codice 11.412.05.\"},{\"@type\":\"BreadcrumbList\",\"@id\":\"https:\/\/technofluid.it\/prodotto\/fanale-utility-88-rossoverdenero-codice-11-412-05-osculati\/#breadcrumb\",\"itemListElement\":[{\"@type\":\"ListItem\",\"position\":1,\"name\":\"Home\",\"item\":\"https:\/\/technofluid.it\/\"},{\"@type\":\"ListItem\",\"position\":2,\"name\":\"Shop\",\"item\":\"https:\/\/technofluid.it\/shop\/\"},{\"@type\":\"ListItem\",\"position\":3,\"name\":\"Fanale utility 88 rosso\/verde\/nero &#8211; codice: 11.412.05 &#8211; Osculati\"}]},{\"@type\":\"WebSite\",\"@id\":\"https:\/\/technofluid.it\/#website\",\"url\":\"https:\/\/technofluid.it\/\",\"name\":\"Technofluid S.R.L.\",\"description\":\"Dal 1999 siamo specializzati nell&#039;impiantistica navale, idraulica, civile e industriale\",\"publisher\":{\"@id\":\"https:\/\/technofluid.it\/#organization\"},\"potentialAction\":[{\"@type\":\"SearchAction\",\"target\":{\"@type\":\"EntryPoint\",\"urlTemplate\":\"https:\/\/technofluid.it\/?s={search_term_string}\"},\"query-input\":{\"@type\":\"PropertyValueSpecification\",\"valueRequired\":true,\"valueName\":\"search_term_string\"}}],\"inLanguage\":\"fr-FR\"},{\"@type\":\"Organization\",\"@id\":\"https:\/\/technofluid.it\/#organization\",\"name\":\"Technofluid\",\"url\":\"https:\/\/technofluid.it\/\",\"logo\":{\"@type\":\"ImageObject\",\"inLanguage\":\"fr-FR\",\"@id\":\"https:\/\/technofluid.it\/#\/schema\/logo\/image\/\",\"url\":\"https:\/\/technofluid.it\/wp-content\/uploads\/2025\/12\/technofluid_bianco-logo.webp\",\"contentUrl\":\"https:\/\/technofluid.it\/wp-content\/uploads\/2025\/12\/technofluid_bianco-logo.webp\",\"width\":350,\"height\":116,\"caption\":\"Technofluid\"},\"image\":{\"@id\":\"https:\/\/technofluid.it\/#\/schema\/logo\/image\/\"},\"description\":\"La Technofluid S.r.l. nasce nel 1999 a Barcellona Pozzo di Gotto, in provincia di Messina, con l\u2019obiettivo di diventare un punto di riferimento nel settore dell\u2019impiantistica navale, idraulica, civile e industriale.\",\"email\":\"info@technofluid.it\",\"telephone\":\"0907386877\",\"legalName\":\"Technofluid S.R.L\",\"vatID\":\"IT03148240835\",\"taxID\":\"03148240835\",\"ownershipFundingInfo\":\"https:\/\/technofluid.it\/azienda\/\"}]}<\/script>\n<meta property=\"product:price:amount\" content=\"15.98\" \/>\n<meta property=\"product:price:currency\" content=\"EUR\" \/>\n<meta property=\"og:availability\" content=\"instock\" \/>\n<meta property=\"product:availability\" content=\"instock\" \/>\n<meta property=\"product:retailer_item_id\" content=\"OSCU00000237\" \/>\n<meta property=\"product:condition\" content=\"new\" \/>\n<!-- \/ Yoast SEO Premium plugin. -->","yoast_head_json":{"title":"Feu utilitaire 88 Rouge\/Vert\/Noir | Code 11.412.05","description":"D\u00e9couvrez la lanterne utilitaire 88 rouge\/vert\/noir Osculati, code 11.412.05. Qualit\u00e9 et fonctionnalit\u00e9 pour chaque besoin. Achetez maintenant !","robots":{"index":"index","follow":"follow","max-snippet":"max-snippet:-1","max-image-preview":"max-image-preview:large","max-video-preview":"max-video-preview:-1"},"canonical":"http:\/\/technofluid.it\/fr\/produit\/feu-utilitaire-88-rougevertnoir-code-11-412-05-osculati-2\/","og_locale":"fr_FR","og_type":"article","og_title":"Fanale utility 88 rosso\/verde\/nero - codice: 11.412.05 - Osculati","og_description":"Scopri il fanale utility 88 rosso\/verde\/nero Osculati, codice 11.412.05. Qualit\u00e0 e funzionalit\u00e0 per ogni esigenza. Acquista ora!","og_url":"http:\/\/technofluid.it\/fr\/produit\/feu-utilitaire-88-rougevertnoir-code-11-412-05-osculati-2\/","og_site_name":"Technofluid","article_modified_time":"2026-04-15T09:47:48+00:00","og_image":[{"width":300,"height":300,"url":"https:\/\/technofluid.it\/wp-content\/uploads\/2026\/01\/2457-Fanale-utility-88-rossoverdenero-codice-11.412.05-Osculati.jpg","type":"image\/jpeg"}],"twitter_card":"summary_large_image","twitter_misc":{"Prix":"15,98&nbsp;&euro; Iva esclusa","Disponibilit\u00e9":"En stock"},"schema":{"@context":"https:\/\/schema.org","@graph":[{"@type":"WebPage","@id":"https:\/\/technofluid.it\/prodotto\/fanale-utility-88-rossoverdenero-codice-11-412-05-osculati\/","url":"https:\/\/technofluid.it\/prodotto\/fanale-utility-88-rossoverdenero-codice-11-412-05-osculati\/","name":"Feu utilitaire 88 Rouge\/Vert\/Noir | Code 11.412.05","isPartOf":{"@id":"https:\/\/technofluid.it\/#website"},"primaryImageOfPage":{"@id":"https:\/\/technofluid.it\/prodotto\/fanale-utility-88-rossoverdenero-codice-11-412-05-osculati\/#primaryimage"},"image":{"@id":"https:\/\/technofluid.it\/prodotto\/fanale-utility-88-rossoverdenero-codice-11-412-05-osculati\/#primaryimage"},"thumbnailUrl":"https:\/\/technofluid.it\/wp-content\/uploads\/2026\/01\/2457-Fanale-utility-88-rossoverdenero-codice-11.412.05-Osculati.jpg","datePublished":"2025-10-25T00:01:36+00:00","dateModified":"2026-04-15T09:47:48+00:00","description":"D\u00e9couvrez la lanterne utilitaire 88 rouge\/vert\/noir Osculati, code 11.412.05. Qualit\u00e9 et fonctionnalit\u00e9 pour chaque besoin. Achetez maintenant !","breadcrumb":{"@id":"https:\/\/technofluid.it\/prodotto\/fanale-utility-88-rossoverdenero-codice-11-412-05-osculati\/#breadcrumb"},"inLanguage":"fr-FR","potentialAction":[{"@type":"ReadAction","target":["https:\/\/technofluid.it\/prodotto\/fanale-utility-88-rossoverdenero-codice-11-412-05-osculati\/"]}]},{"@type":"ImageObject","inLanguage":"fr-FR","@id":"https:\/\/technofluid.it\/prodotto\/fanale-utility-88-rossoverdenero-codice-11-412-05-osculati\/#primaryimage","url":"https:\/\/technofluid.it\/wp-content\/uploads\/2026\/01\/2457-Fanale-utility-88-rossoverdenero-codice-11.412.05-Osculati.jpg","contentUrl":"https:\/\/technofluid.it\/wp-content\/uploads\/2026\/01\/2457-Fanale-utility-88-rossoverdenero-codice-11.412.05-Osculati.jpg","width":300,"height":300,"caption":"Fanale di navigazione con luci rosse, verdi e nere, ideale per imbarcazioni, codice 11.412.05."},{"@type":"BreadcrumbList","@id":"https:\/\/technofluid.it\/prodotto\/fanale-utility-88-rossoverdenero-codice-11-412-05-osculati\/#breadcrumb","itemListElement":[{"@type":"ListItem","position":1,"name":"Home","item":"https:\/\/technofluid.it\/"},{"@type":"ListItem","position":2,"name":"Shop","item":"https:\/\/technofluid.it\/shop\/"},{"@type":"ListItem","position":3,"name":"Fanale utility 88 rosso\/verde\/nero &#8211; codice: 11.412.05 &#8211; Osculati"}]},{"@type":"WebSite","@id":"https:\/\/technofluid.it\/#website","url":"https:\/\/technofluid.it\/","name":"Technofluid S.R.L.","description":"Depuis 1999, nous sommes sp\u00e9cialis\u00e9s dans les installations marines, de plomberie, civiles et industrielles.","publisher":{"@id":"https:\/\/technofluid.it\/#organization"},"potentialAction":[{"@type":"SearchAction","target":{"@type":"EntryPoint","urlTemplate":"https:\/\/technofluid.it\/?s={search_term_string}"},"query-input":{"@type":"PropertyValueSpecification","valueRequired":true,"valueName":"search_term_string"}}],"inLanguage":"fr-FR"},{"@type":"Organization","@id":"https:\/\/technofluid.it\/#organization","name":"Technofluid","url":"https:\/\/technofluid.it\/","logo":{"@type":"ImageObject","inLanguage":"fr-FR","@id":"https:\/\/technofluid.it\/#\/schema\/logo\/image\/","url":"https:\/\/technofluid.it\/wp-content\/uploads\/2025\/12\/technofluid_bianco-logo.webp","contentUrl":"https:\/\/technofluid.it\/wp-content\/uploads\/2025\/12\/technofluid_bianco-logo.webp","width":350,"height":116,"caption":"Technofluid"},"image":{"@id":"https:\/\/technofluid.it\/#\/schema\/logo\/image\/"},"description":"La Technofluid S.r.l. est n\u00e9e en 1999 \u00e0 Barcellona Pozzo di Gotto, dans la province de Messine, avec l'objectif de devenir un point de r\u00e9f\u00e9rence dans le secteur de l'installation navale, hydraulique, civile et industrielle.","email":"info@technofluid.it","telephone":"0907386877","legalName":"Technofluid S.R.L","vatID":"IT03148240835","taxID":"03148240835","ownershipFundingInfo":"https:\/\/technofluid.it\/azienda\/"}]},"product_price_amount":"15.98","product_price_currency":"EUR","og_availability":"instock","product_availability":"instock","product_retailer_item_id":"OSCU00000237","product_condition":"new"},"_links":{"self":[{"href":"http:\/\/technofluid.it\/fr\/wp-json\/wp\/v2\/product\/29835","targetHints":{"allow":["GET"]}}],"collection":[{"href":"http:\/\/technofluid.it\/fr\/wp-json\/wp\/v2\/product"}],"about":[{"href":"http:\/\/technofluid.it\/fr\/wp-json\/wp\/v2\/types\/product"}],"replies":[{"embeddable":true,"href":"http:\/\/technofluid.it\/fr\/wp-json\/wp\/v2\/comments?post=29835"}],"version-history":[{"count":0,"href":"http:\/\/technofluid.it\/fr\/wp-json\/wp\/v2\/product\/29835\/revisions"}],"wp:featuredmedia":[{"embeddable":true,"href":"http:\/\/technofluid.it\/fr\/wp-json\/wp\/v2\/media\/38443"}],"wp:attachment":[{"href":"http:\/\/technofluid.it\/fr\/wp-json\/wp\/v2\/media?parent=29835"}],"wp:term":[{"taxonomy":"product_brand","embeddable":true,"href":"http:\/\/technofluid.it\/fr\/wp-json\/wp\/v2\/product_brand?post=29835"},{"taxonomy":"product_cat","embeddable":true,"href":"http:\/\/technofluid.it\/fr\/wp-json\/wp\/v2\/product_cat?post=29835"},{"taxonomy":"product_tag","embeddable":true,"href":"http:\/\/technofluid.it\/fr\/wp-json\/wp\/v2\/product_tag?post=29835"}],"curies":[{"name":"wp","href":"https:\/\/api.w.org\/{rel}","templated":true}]}}