{"id":29686,"date":"2025-10-25T00:00:54","date_gmt":"2025-10-25T00:00:54","guid":{"rendered":"https:\/\/technofluid.it\/prodotto\/doccia-twist-whale-calda-fredda-angolata-grigia-codice-15-290-14-osculati\/"},"modified":"2026-01-23T15:05:44","modified_gmt":"2026-01-23T15:05:44","slug":"doccia-twist-whale-caldafredda-angolata-grigia-codice-15-290-14-osculati","status":"publish","type":"product","link":"http:\/\/technofluid.it\/fr\/produit\/douche-twist-whale-chaudefroide-angulaire-grise-code-15-290-14-osculati\/","title":{"rendered":"Douche twist baleine chaude\/froide angulaire grise \u2013 code : 15.290.14 \u2013 Osculati"},"content":{"rendered":"<p>Douche twist baleine chaude\/froide angulaire grise \u2013 code : 15.290.14 \u2013 Osculati<\/p>","protected":false},"excerpt":{"rendered":"<p>DOCCIA TWIST WHALE CALDA\/FREDDA ANGOLATA GRIGIA &#8211; CODICE: 15.290.14 &#8211; OSCULATI<\/p>","protected":false},"featured_media":37948,"comment_status":"open","ping_status":"closed","template":"","meta":{"_acf_changed":false,"_monsterinsights_skip_tracking":false,"_monsterinsights_sitenote_active":false,"_monsterinsights_sitenote_note":"","_monsterinsights_sitenote_category":0,"site-sidebar-layout":"default","site-content-layout":"","ast-site-content-layout":"default","site-content-style":"default","site-sidebar-style":"default","ast-global-header-display":"","ast-banner-title-visibility":"","ast-main-header-display":"","ast-hfb-above-header-display":"","ast-hfb-below-header-display":"","ast-hfb-mobile-header-display":"","site-post-title":"","ast-breadcrumbs-content":"","ast-featured-img":"","footer-sml-layout":"","ast-disable-related-posts":"","theme-transparent-header-meta":"default","adv-header-id-meta":"","stick-header-meta":"","header-above-stick-meta":"","header-main-stick-meta":"","header-below-stick-meta":"","astra-migrate-meta-layouts":"set","ast-page-background-enabled":"default","ast-page-background-meta":{"desktop":{"background-color":"var(--ast-global-color-5)","background-image":"","background-repeat":"repeat","background-position":"center center","background-size":"auto","background-attachment":"scroll","background-type":"","background-media":"","overlay-type":"","overlay-color":"","overlay-opacity":"","overlay-gradient":""},"tablet":{"background-color":"","background-image":"","background-repeat":"repeat","background-position":"center center","background-size":"auto","background-attachment":"scroll","background-type":"","background-media":"","overlay-type":"","overlay-color":"","overlay-opacity":"","overlay-gradient":""},"mobile":{"background-color":"","background-image":"","background-repeat":"repeat","background-position":"center center","background-size":"auto","background-attachment":"scroll","background-type":"","background-media":"","overlay-type":"","overlay-color":"","overlay-opacity":"","overlay-gradient":""}},"ast-content-background-meta":{"desktop":{"background-color":"var(--ast-global-color-4)","background-image":"","background-repeat":"repeat","background-position":"center center","background-size":"auto","background-attachment":"scroll","background-type":"","background-media":"","overlay-type":"","overlay-color":"","overlay-opacity":"","overlay-gradient":""},"tablet":{"background-color":"var(--ast-global-color-4)","background-image":"","background-repeat":"repeat","background-position":"center center","background-size":"auto","background-attachment":"scroll","background-type":"","background-media":"","overlay-type":"","overlay-color":"","overlay-opacity":"","overlay-gradient":""},"mobile":{"background-color":"var(--ast-global-color-4)","background-image":"","background-repeat":"repeat","background-position":"center center","background-size":"auto","background-attachment":"scroll","background-type":"","background-media":"","overlay-type":"","overlay-color":"","overlay-opacity":"","overlay-gradient":""}}},"product_brand":[],"product_cat":[430,84],"product_tag":[],"class_list":{"0":"post-29686","1":"product","2":"type-product","3":"status-publish","4":"has-post-thumbnail","6":"product_cat-docce-rubinetti-e-lavelli","7":"product_cat-idraulica-e-ferramenta","8":"pa_supplier-osculati-s-r-l","9":"desktop-align-left","10":"tablet-align-left","11":"mobile-align-left","13":"first","14":"instock","15":"taxable","16":"shipping-taxable","17":"purchasable","18":"product-type-simple"},"acf":[],"yoast_head":"<!-- This site is optimized with the Yoast SEO Premium plugin v26.7 (Yoast SEO v26.9) - https:\/\/yoast.com\/product\/yoast-seo-premium-wordpress\/ -->\n<title>Doccia Twist Whale Calda\/Fredda Angolata Grigia - Osculati<\/title>\n<meta name=\"description\" content=\"Scopri la doccia twist whale calda\/fredda angolata grigia Osculati, perfetta per ogni esigenza. Acquista ora con codice 15.290.14!\" \/>\n<meta name=\"robots\" content=\"index, follow, max-snippet:-1, max-image-preview:large, max-video-preview:-1\" \/>\n<link rel=\"canonical\" href=\"http:\/\/technofluid.it\/fr\/produit\/douche-twist-whale-chaudefroide-angulaire-grise-code-15-290-14-osculati\/\" \/>\n<meta property=\"og:locale\" content=\"fr_FR\" \/>\n<meta property=\"og:type\" content=\"article\" \/>\n<meta property=\"og:title\" content=\"Doccia twist whale calda\/fredda angolata grigia - codice: 15.290.14 - Osculati\" \/>\n<meta property=\"og:description\" content=\"Scopri la doccia twist whale calda\/fredda angolata grigia Osculati, perfetta per ogni esigenza. Acquista ora con codice 15.290.14!\" \/>\n<meta property=\"og:url\" content=\"http:\/\/technofluid.it\/fr\/produit\/douche-twist-whale-chaudefroide-angulaire-grise-code-15-290-14-osculati\/\" \/>\n<meta property=\"og:site_name\" content=\"Technofluid\" \/>\n<meta property=\"article:modified_time\" content=\"2026-01-23T15:05:44+00:00\" \/>\n<meta property=\"og:image\" content=\"https:\/\/technofluid.it\/wp-content\/uploads\/2026\/01\/2726-Doccia-twist-whale-caldafredda-angolata-grigia-codice-15.290.14-Osculati.jpg\" \/>\n\t<meta property=\"og:image:width\" content=\"800\" \/>\n\t<meta property=\"og:image:height\" content=\"800\" \/>\n\t<meta property=\"og:image:type\" content=\"image\/png\" \/>\n<meta name=\"twitter:card\" content=\"summary_large_image\" \/>\n<meta name=\"twitter:label1\" content=\"Prix\" \/>\n\t<meta name=\"twitter:data1\" content=\"172,95&nbsp;&euro; Iva esclusa\" \/>\n\t<meta name=\"twitter:label2\" content=\"Disponibilit\u00e9\" \/>\n\t<meta name=\"twitter:data2\" content=\"En stock\" \/>\n<script type=\"application\/ld+json\" class=\"yoast-schema-graph\">{\"@context\":\"https:\/\/schema.org\",\"@graph\":[{\"@type\":\"WebPage\",\"@id\":\"https:\/\/technofluid.it\/prodotto\/doccia-twist-whale-caldafredda-angolata-grigia-codice-15-290-14-osculati\/\",\"url\":\"https:\/\/technofluid.it\/prodotto\/doccia-twist-whale-caldafredda-angolata-grigia-codice-15-290-14-osculati\/\",\"name\":\"Doccia Twist Whale Calda\/Fredda Angolata Grigia - Osculati\",\"isPartOf\":{\"@id\":\"https:\/\/technofluid.it\/#website\"},\"primaryImageOfPage\":{\"@id\":\"https:\/\/technofluid.it\/prodotto\/doccia-twist-whale-caldafredda-angolata-grigia-codice-15-290-14-osculati\/#primaryimage\"},\"image\":{\"@id\":\"https:\/\/technofluid.it\/prodotto\/doccia-twist-whale-caldafredda-angolata-grigia-codice-15-290-14-osculati\/#primaryimage\"},\"thumbnailUrl\":\"https:\/\/technofluid.it\/wp-content\/uploads\/2026\/01\/2726-Doccia-twist-whale-caldafredda-angolata-grigia-codice-15.290.14-Osculati.jpg\",\"datePublished\":\"2025-10-25T00:00:54+00:00\",\"dateModified\":\"2026-01-23T15:05:44+00:00\",\"description\":\"Scopri la doccia twist whale calda\/fredda angolata grigia Osculati, perfetta per ogni esigenza. Acquista ora con codice 15.290.14!\",\"breadcrumb\":{\"@id\":\"https:\/\/technofluid.it\/prodotto\/doccia-twist-whale-caldafredda-angolata-grigia-codice-15-290-14-osculati\/#breadcrumb\"},\"inLanguage\":\"fr-FR\",\"potentialAction\":[{\"@type\":\"ReadAction\",\"target\":[\"https:\/\/technofluid.it\/prodotto\/doccia-twist-whale-caldafredda-angolata-grigia-codice-15-290-14-osculati\/\"]}]},{\"@type\":\"ImageObject\",\"inLanguage\":\"fr-FR\",\"@id\":\"https:\/\/technofluid.it\/prodotto\/doccia-twist-whale-caldafredda-angolata-grigia-codice-15-290-14-osculati\/#primaryimage\",\"url\":\"https:\/\/technofluid.it\/wp-content\/uploads\/2026\/01\/2726-Doccia-twist-whale-caldafredda-angolata-grigia-codice-15.290.14-Osculati.jpg\",\"contentUrl\":\"https:\/\/technofluid.it\/wp-content\/uploads\/2026\/01\/2726-Doccia-twist-whale-caldafredda-angolata-grigia-codice-15.290.14-Osculati.jpg\",\"width\":800,\"height\":800,\"caption\":\"Dettaglio di una valvola di controllo per doccia twist whale, con funzione calda e fredda, angolata e colore grigio.\"},{\"@type\":\"BreadcrumbList\",\"@id\":\"https:\/\/technofluid.it\/prodotto\/doccia-twist-whale-caldafredda-angolata-grigia-codice-15-290-14-osculati\/#breadcrumb\",\"itemListElement\":[{\"@type\":\"ListItem\",\"position\":1,\"name\":\"Home\",\"item\":\"https:\/\/technofluid.it\/\"},{\"@type\":\"ListItem\",\"position\":2,\"name\":\"Shop\",\"item\":\"https:\/\/technofluid.it\/shop\/\"},{\"@type\":\"ListItem\",\"position\":3,\"name\":\"Doccia twist whale calda\/fredda angolata grigia &#8211; codice: 15.290.14 &#8211; Osculati\"}]},{\"@type\":\"WebSite\",\"@id\":\"https:\/\/technofluid.it\/#website\",\"url\":\"https:\/\/technofluid.it\/\",\"name\":\"Technofluid S.R.L.\",\"description\":\"Dal 1999 siamo specializzati nell&#039;impiantistica navale, idraulica, civile e industriale\",\"publisher\":{\"@id\":\"https:\/\/technofluid.it\/#organization\"},\"potentialAction\":[{\"@type\":\"SearchAction\",\"target\":{\"@type\":\"EntryPoint\",\"urlTemplate\":\"https:\/\/technofluid.it\/?s={search_term_string}\"},\"query-input\":{\"@type\":\"PropertyValueSpecification\",\"valueRequired\":true,\"valueName\":\"search_term_string\"}}],\"inLanguage\":\"fr-FR\"},{\"@type\":\"Organization\",\"@id\":\"https:\/\/technofluid.it\/#organization\",\"name\":\"Technofluid\",\"url\":\"https:\/\/technofluid.it\/\",\"logo\":{\"@type\":\"ImageObject\",\"inLanguage\":\"fr-FR\",\"@id\":\"https:\/\/technofluid.it\/#\/schema\/logo\/image\/\",\"url\":\"https:\/\/technofluid.it\/wp-content\/uploads\/2025\/12\/technofluid_bianco-logo.webp\",\"contentUrl\":\"https:\/\/technofluid.it\/wp-content\/uploads\/2025\/12\/technofluid_bianco-logo.webp\",\"width\":350,\"height\":116,\"caption\":\"Technofluid\"},\"image\":{\"@id\":\"https:\/\/technofluid.it\/#\/schema\/logo\/image\/\"},\"description\":\"La Technofluid S.r.l. nasce nel 1999 a Barcellona Pozzo di Gotto, in provincia di Messina, con l\u2019obiettivo di diventare un punto di riferimento nel settore dell\u2019impiantistica navale, idraulica, civile e industriale.\",\"email\":\"info@technofluid.it\",\"telephone\":\"0907386877\",\"legalName\":\"Technofluid S.R.L\",\"vatID\":\"IT03148240835\",\"taxID\":\"03148240835\",\"ownershipFundingInfo\":\"https:\/\/technofluid.it\/azienda\/\"}]}<\/script>\n<meta property=\"product:price:amount\" content=\"172.95\" \/>\n<meta property=\"product:price:currency\" content=\"EUR\" \/>\n<meta property=\"og:availability\" content=\"instock\" \/>\n<meta property=\"product:availability\" content=\"instock\" \/>\n<meta property=\"product:retailer_item_id\" content=\"OSCU00000001011\" \/>\n<meta property=\"product:condition\" content=\"new\" \/>\n<!-- \/ Yoast SEO Premium plugin. -->","yoast_head_json":{"title":"Douche Twist Whale Chaude\/Froide Angulaire Grise - Osculati","description":"D\u00e9couvrez la douche twist whale chaude\/froide angulaire grise Osculati, parfaite pour tous les besoins. Achetez maintenant avec le code 15.290.14 !","robots":{"index":"index","follow":"follow","max-snippet":"max-snippet:-1","max-image-preview":"max-image-preview:large","max-video-preview":"max-video-preview:-1"},"canonical":"http:\/\/technofluid.it\/fr\/produit\/douche-twist-whale-chaudefroide-angulaire-grise-code-15-290-14-osculati\/","og_locale":"fr_FR","og_type":"article","og_title":"Doccia twist whale calda\/fredda angolata grigia - codice: 15.290.14 - Osculati","og_description":"Scopri la doccia twist whale calda\/fredda angolata grigia Osculati, perfetta per ogni esigenza. Acquista ora con codice 15.290.14!","og_url":"http:\/\/technofluid.it\/fr\/produit\/douche-twist-whale-chaudefroide-angulaire-grise-code-15-290-14-osculati\/","og_site_name":"Technofluid","article_modified_time":"2026-01-23T15:05:44+00:00","og_image":[{"width":800,"height":800,"url":"https:\/\/technofluid.it\/wp-content\/uploads\/2026\/01\/2726-Doccia-twist-whale-caldafredda-angolata-grigia-codice-15.290.14-Osculati.jpg","type":"image\/png"}],"twitter_card":"summary_large_image","twitter_misc":{"Prix":"172,95&nbsp;&euro; Iva esclusa","Disponibilit\u00e9":"En stock"},"schema":{"@context":"https:\/\/schema.org","@graph":[{"@type":"WebPage","@id":"https:\/\/technofluid.it\/prodotto\/doccia-twist-whale-caldafredda-angolata-grigia-codice-15-290-14-osculati\/","url":"https:\/\/technofluid.it\/prodotto\/doccia-twist-whale-caldafredda-angolata-grigia-codice-15-290-14-osculati\/","name":"Douche Twist Whale Chaude\/Froide Angulaire Grise - Osculati","isPartOf":{"@id":"https:\/\/technofluid.it\/#website"},"primaryImageOfPage":{"@id":"https:\/\/technofluid.it\/prodotto\/doccia-twist-whale-caldafredda-angolata-grigia-codice-15-290-14-osculati\/#primaryimage"},"image":{"@id":"https:\/\/technofluid.it\/prodotto\/doccia-twist-whale-caldafredda-angolata-grigia-codice-15-290-14-osculati\/#primaryimage"},"thumbnailUrl":"https:\/\/technofluid.it\/wp-content\/uploads\/2026\/01\/2726-Doccia-twist-whale-caldafredda-angolata-grigia-codice-15.290.14-Osculati.jpg","datePublished":"2025-10-25T00:00:54+00:00","dateModified":"2026-01-23T15:05:44+00:00","description":"D\u00e9couvrez la douche twist whale chaude\/froide angulaire grise Osculati, parfaite pour tous les besoins. Achetez maintenant avec le code 15.290.14 !","breadcrumb":{"@id":"https:\/\/technofluid.it\/prodotto\/doccia-twist-whale-caldafredda-angolata-grigia-codice-15-290-14-osculati\/#breadcrumb"},"inLanguage":"fr-FR","potentialAction":[{"@type":"ReadAction","target":["https:\/\/technofluid.it\/prodotto\/doccia-twist-whale-caldafredda-angolata-grigia-codice-15-290-14-osculati\/"]}]},{"@type":"ImageObject","inLanguage":"fr-FR","@id":"https:\/\/technofluid.it\/prodotto\/doccia-twist-whale-caldafredda-angolata-grigia-codice-15-290-14-osculati\/#primaryimage","url":"https:\/\/technofluid.it\/wp-content\/uploads\/2026\/01\/2726-Doccia-twist-whale-caldafredda-angolata-grigia-codice-15.290.14-Osculati.jpg","contentUrl":"https:\/\/technofluid.it\/wp-content\/uploads\/2026\/01\/2726-Doccia-twist-whale-caldafredda-angolata-grigia-codice-15.290.14-Osculati.jpg","width":800,"height":800,"caption":"Dettaglio di una valvola di controllo per doccia twist whale, con funzione calda e fredda, angolata e colore grigio."},{"@type":"BreadcrumbList","@id":"https:\/\/technofluid.it\/prodotto\/doccia-twist-whale-caldafredda-angolata-grigia-codice-15-290-14-osculati\/#breadcrumb","itemListElement":[{"@type":"ListItem","position":1,"name":"Home","item":"https:\/\/technofluid.it\/"},{"@type":"ListItem","position":2,"name":"Shop","item":"https:\/\/technofluid.it\/shop\/"},{"@type":"ListItem","position":3,"name":"Doccia twist whale calda\/fredda angolata grigia &#8211; codice: 15.290.14 &#8211; Osculati"}]},{"@type":"WebSite","@id":"https:\/\/technofluid.it\/#website","url":"https:\/\/technofluid.it\/","name":"Technofluid S.R.L.","description":"Depuis 1999, nous sommes sp\u00e9cialis\u00e9s dans les installations marines, de plomberie, civiles et industrielles.","publisher":{"@id":"https:\/\/technofluid.it\/#organization"},"potentialAction":[{"@type":"SearchAction","target":{"@type":"EntryPoint","urlTemplate":"https:\/\/technofluid.it\/?s={search_term_string}"},"query-input":{"@type":"PropertyValueSpecification","valueRequired":true,"valueName":"search_term_string"}}],"inLanguage":"fr-FR"},{"@type":"Organization","@id":"https:\/\/technofluid.it\/#organization","name":"Technofluid","url":"https:\/\/technofluid.it\/","logo":{"@type":"ImageObject","inLanguage":"fr-FR","@id":"https:\/\/technofluid.it\/#\/schema\/logo\/image\/","url":"https:\/\/technofluid.it\/wp-content\/uploads\/2025\/12\/technofluid_bianco-logo.webp","contentUrl":"https:\/\/technofluid.it\/wp-content\/uploads\/2025\/12\/technofluid_bianco-logo.webp","width":350,"height":116,"caption":"Technofluid"},"image":{"@id":"https:\/\/technofluid.it\/#\/schema\/logo\/image\/"},"description":"La Technofluid S.r.l. est n\u00e9e en 1999 \u00e0 Barcellona Pozzo di Gotto, dans la province de Messine, avec l'objectif de devenir un point de r\u00e9f\u00e9rence dans le secteur de l'installation navale, hydraulique, civile et industrielle.","email":"info@technofluid.it","telephone":"0907386877","legalName":"Technofluid S.R.L","vatID":"IT03148240835","taxID":"03148240835","ownershipFundingInfo":"https:\/\/technofluid.it\/azienda\/"}]},"product_price_amount":"172.95","product_price_currency":"EUR","og_availability":"instock","product_availability":"instock","product_retailer_item_id":"OSCU00000001011","product_condition":"new"},"_links":{"self":[{"href":"http:\/\/technofluid.it\/fr\/wp-json\/wp\/v2\/product\/29686","targetHints":{"allow":["GET"]}}],"collection":[{"href":"http:\/\/technofluid.it\/fr\/wp-json\/wp\/v2\/product"}],"about":[{"href":"http:\/\/technofluid.it\/fr\/wp-json\/wp\/v2\/types\/product"}],"replies":[{"embeddable":true,"href":"http:\/\/technofluid.it\/fr\/wp-json\/wp\/v2\/comments?post=29686"}],"version-history":[{"count":0,"href":"http:\/\/technofluid.it\/fr\/wp-json\/wp\/v2\/product\/29686\/revisions"}],"wp:featuredmedia":[{"embeddable":true,"href":"http:\/\/technofluid.it\/fr\/wp-json\/wp\/v2\/media\/37948"}],"wp:attachment":[{"href":"http:\/\/technofluid.it\/fr\/wp-json\/wp\/v2\/media?parent=29686"}],"wp:term":[{"taxonomy":"product_brand","embeddable":true,"href":"http:\/\/technofluid.it\/fr\/wp-json\/wp\/v2\/product_brand?post=29686"},{"taxonomy":"product_cat","embeddable":true,"href":"http:\/\/technofluid.it\/fr\/wp-json\/wp\/v2\/product_cat?post=29686"},{"taxonomy":"product_tag","embeddable":true,"href":"http:\/\/technofluid.it\/fr\/wp-json\/wp\/v2\/product_tag?post=29686"}],"curies":[{"name":"wp","href":"https:\/\/api.w.org\/{rel}","templated":true}]}}