{"id":29281,"date":"2025-10-25T00:59:40","date_gmt":"2025-10-24T23:59:40","guid":{"rendered":"https:\/\/technofluid.it\/prodotto\/bocchettone-f-f-sede-conica-da-3-4-ottone-codice-0340e-maestrini\/"},"modified":"2026-04-07T16:39:54","modified_gmt":"2026-04-07T15:39:54","slug":"bocchettone-f-f-sede-conica-da-34-ottone-codice-0340e-maestrini","status":"publish","type":"product","link":"http:\/\/technofluid.it\/fr\/produit\/buse-f-f-siege-conique-3-4-laiton-code-0340e-maestrini\/","title":{"rendered":"Bouche F.F si\u00e8ge conique 3\/4\" laiton \u2013 code : *0340E \u2013 Maestrini"},"content":{"rendered":"<p>BOUCHON\u00a0 F.F SI\u00c8GE CONIQUE DE<b>&nbsp; 3\/4<\/b>&nbsp; LAITON ANTICORROSION<\/p>","protected":false},"excerpt":{"rendered":"<p>Buse <strong>F.F \u00e0 si\u00e8ge conique<\/strong> Maestrini en <strong>laiton<\/strong>, taille <strong>3\/4\u2033<\/strong>, identifi\u00e9e par le <strong>code *0340E<\/strong> (SKU MAES00000058). Raccord con\u00e7u pour des connexions filet\u00e9es dans le domaine hydraulique et de l'installation technique, utile tant en installation qu'en maintenance lorsqu'une jonction femelle-femelle avec g\u00e9om\u00e9trie \u00e0 si\u00e8ge conique est n\u00e9cessaire. V\u00e9rifiez toujours la compatibilit\u00e9 des filetages et de l'accouplement conique avec les composants de votre installation avant de commander.<\/p>","protected":false},"featured_media":37016,"comment_status":"open","ping_status":"closed","template":"","meta":{"_acf_changed":false,"_monsterinsights_skip_tracking":false,"_monsterinsights_sitenote_active":false,"_monsterinsights_sitenote_note":"","_monsterinsights_sitenote_category":0,"site-sidebar-layout":"default","site-content-layout":"","ast-site-content-layout":"default","site-content-style":"default","site-sidebar-style":"default","ast-global-header-display":"","ast-banner-title-visibility":"","ast-main-header-display":"","ast-hfb-above-header-display":"","ast-hfb-below-header-display":"","ast-hfb-mobile-header-display":"","site-post-title":"","ast-breadcrumbs-content":"","ast-featured-img":"","footer-sml-layout":"","ast-disable-related-posts":"","theme-transparent-header-meta":"default","adv-header-id-meta":"","stick-header-meta":"","header-above-stick-meta":"","header-main-stick-meta":"","header-below-stick-meta":"","astra-migrate-meta-layouts":"set","ast-page-background-enabled":"default","ast-page-background-meta":{"desktop":{"background-color":"var(--ast-global-color-5)","background-image":"","background-repeat":"repeat","background-position":"center center","background-size":"auto","background-attachment":"scroll","background-type":"","background-media":"","overlay-type":"","overlay-color":"","overlay-opacity":"","overlay-gradient":""},"tablet":{"background-color":"","background-image":"","background-repeat":"repeat","background-position":"center center","background-size":"auto","background-attachment":"scroll","background-type":"","background-media":"","overlay-type":"","overlay-color":"","overlay-opacity":"","overlay-gradient":""},"mobile":{"background-color":"","background-image":"","background-repeat":"repeat","background-position":"center center","background-size":"auto","background-attachment":"scroll","background-type":"","background-media":"","overlay-type":"","overlay-color":"","overlay-opacity":"","overlay-gradient":""}},"ast-content-background-meta":{"desktop":{"background-color":"var(--ast-global-color-4)","background-image":"","background-repeat":"repeat","background-position":"center center","background-size":"auto","background-attachment":"scroll","background-type":"","background-media":"","overlay-type":"","overlay-color":"","overlay-opacity":"","overlay-gradient":""},"tablet":{"background-color":"var(--ast-global-color-4)","background-image":"","background-repeat":"repeat","background-position":"center center","background-size":"auto","background-attachment":"scroll","background-type":"","background-media":"","overlay-type":"","overlay-color":"","overlay-opacity":"","overlay-gradient":""},"mobile":{"background-color":"var(--ast-global-color-4)","background-image":"","background-repeat":"repeat","background-position":"center center","background-size":"auto","background-attachment":"scroll","background-type":"","background-media":"","overlay-type":"","overlay-color":"","overlay-opacity":"","overlay-gradient":""}}},"product_brand":[],"product_cat":[84,93],"product_tag":[3662,3663,3653,3664],"class_list":{"0":"post-29281","1":"product","2":"type-product","3":"status-publish","4":"has-post-thumbnail","6":"product_cat-idraulica-e-ferramenta","7":"product_cat-idraulica-e-raccordi","8":"product_tag-0340e","9":"product_tag-3-4","10":"product_tag-bocchettone","11":"product_tag-bocchettone-f-f-sede-conica-da","12":"pa_supplier-maestrini-s-r-l-societa-unipersonale","13":"desktop-align-left","14":"tablet-align-left","15":"mobile-align-left","17":"first","18":"instock","19":"taxable","20":"shipping-taxable","21":"purchasable","22":"product-type-simple"},"acf":[],"yoast_head":"<!-- This site is optimized with the Yoast SEO Premium plugin v26.7 (Yoast SEO v26.9) - https:\/\/yoast.com\/product\/yoast-seo-premium-wordpress\/ -->\n<title>Bocchettone F.F sede conica 3\/4 ottone Maestrini<\/title>\n<meta name=\"description\" content=\"Bocchettone F.F a sede conica 3\/4&quot; in ottone Maestrini, codice *0340E. Raccordo per collegamenti filettati in impianti idraulici e di bordo.\" \/>\n<meta name=\"robots\" content=\"index, follow, max-snippet:-1, max-image-preview:large, max-video-preview:-1\" \/>\n<link rel=\"canonical\" href=\"http:\/\/technofluid.it\/fr\/produit\/buse-f-f-siege-conique-3-4-laiton-code-0340e-maestrini\/\" \/>\n<meta property=\"og:locale\" content=\"fr_FR\" \/>\n<meta property=\"og:type\" content=\"article\" \/>\n<meta property=\"og:title\" content=\"Bocchettone F.F sede conica da 3\/4&quot; ottone &ndash; codice: *0340E &ndash; Maestrini\" \/>\n<meta property=\"og:description\" content=\"Bocchettone F.F a sede conica 3\/4&quot; in ottone Maestrini, codice *0340E. Raccordo per collegamenti filettati in impianti idraulici e di bordo.\" \/>\n<meta property=\"og:url\" content=\"http:\/\/technofluid.it\/fr\/produit\/buse-f-f-siege-conique-3-4-laiton-code-0340e-maestrini\/\" \/>\n<meta property=\"og:site_name\" content=\"Technofluid\" \/>\n<meta property=\"article:modified_time\" content=\"2026-04-07T15:39:54+00:00\" \/>\n<meta property=\"og:image\" content=\"https:\/\/technofluid.it\/wp-content\/uploads\/2026\/01\/989-Bocchettone-F.F-sede-conica-da-34-ottone-codice-0340E-Maestrini.jpg\" \/>\n\t<meta property=\"og:image:width\" content=\"300\" \/>\n\t<meta property=\"og:image:height\" content=\"300\" \/>\n\t<meta property=\"og:image:type\" content=\"image\/jpeg\" \/>\n<meta name=\"twitter:card\" content=\"summary_large_image\" \/>\n<meta name=\"twitter:label1\" content=\"Prix\" \/>\n\t<meta name=\"twitter:data1\" content=\"16,93&nbsp;&euro; Iva esclusa\" \/>\n\t<meta name=\"twitter:label2\" content=\"Disponibilit\u00e9\" \/>\n\t<meta name=\"twitter:data2\" content=\"En stock\" \/>\n<script type=\"application\/ld+json\" class=\"yoast-schema-graph\">{\"@context\":\"https:\/\/schema.org\",\"@graph\":[{\"@type\":\"WebPage\",\"@id\":\"https:\/\/technofluid.it\/prodotto\/bocchettone-f-f-sede-conica-da-34-ottone-codice-0340e-maestrini\/\",\"url\":\"https:\/\/technofluid.it\/prodotto\/bocchettone-f-f-sede-conica-da-34-ottone-codice-0340e-maestrini\/\",\"name\":\"Bocchettone F.F sede conica 3\/4 ottone Maestrini\",\"isPartOf\":{\"@id\":\"https:\/\/technofluid.it\/#website\"},\"primaryImageOfPage\":{\"@id\":\"https:\/\/technofluid.it\/prodotto\/bocchettone-f-f-sede-conica-da-34-ottone-codice-0340e-maestrini\/#primaryimage\"},\"image\":{\"@id\":\"https:\/\/technofluid.it\/prodotto\/bocchettone-f-f-sede-conica-da-34-ottone-codice-0340e-maestrini\/#primaryimage\"},\"thumbnailUrl\":\"https:\/\/technofluid.it\/wp-content\/uploads\/2026\/01\/989-Bocchettone-F.F-sede-conica-da-34-ottone-codice-0340E-Maestrini.jpg\",\"datePublished\":\"2025-10-24T23:59:40+00:00\",\"dateModified\":\"2026-04-07T15:39:54+00:00\",\"description\":\"Bocchettone F.F a sede conica 3\/4\\\" in ottone Maestrini, codice *0340E. Raccordo per collegamenti filettati in impianti idraulici e di bordo.\",\"breadcrumb\":{\"@id\":\"https:\/\/technofluid.it\/prodotto\/bocchettone-f-f-sede-conica-da-34-ottone-codice-0340e-maestrini\/#breadcrumb\"},\"inLanguage\":\"fr-FR\",\"potentialAction\":[{\"@type\":\"ReadAction\",\"target\":[\"https:\/\/technofluid.it\/prodotto\/bocchettone-f-f-sede-conica-da-34-ottone-codice-0340e-maestrini\/\"]}]},{\"@type\":\"ImageObject\",\"inLanguage\":\"fr-FR\",\"@id\":\"https:\/\/technofluid.it\/prodotto\/bocchettone-f-f-sede-conica-da-34-ottone-codice-0340e-maestrini\/#primaryimage\",\"url\":\"https:\/\/technofluid.it\/wp-content\/uploads\/2026\/01\/989-Bocchettone-F.F-sede-conica-da-34-ottone-codice-0340E-Maestrini.jpg\",\"contentUrl\":\"https:\/\/technofluid.it\/wp-content\/uploads\/2026\/01\/989-Bocchettone-F.F-sede-conica-da-34-ottone-codice-0340E-Maestrini.jpg\",\"width\":300,\"height\":300,\"caption\":\"Bocchettone F.F con sede conica da 3\/4\\\" in ottone, codice 0340E, perfetto per collegamenti affidabili.\"},{\"@type\":\"BreadcrumbList\",\"@id\":\"https:\/\/technofluid.it\/prodotto\/bocchettone-f-f-sede-conica-da-34-ottone-codice-0340e-maestrini\/#breadcrumb\",\"itemListElement\":[{\"@type\":\"ListItem\",\"position\":1,\"name\":\"Home\",\"item\":\"https:\/\/technofluid.it\/\"},{\"@type\":\"ListItem\",\"position\":2,\"name\":\"Shop\",\"item\":\"https:\/\/technofluid.it\/shop\/\"},{\"@type\":\"ListItem\",\"position\":3,\"name\":\"Bocchettone F.F sede conica da 3\/4&quot; ottone &ndash; codice: *0340E &ndash; Maestrini\"}]},{\"@type\":\"WebSite\",\"@id\":\"https:\/\/technofluid.it\/#website\",\"url\":\"https:\/\/technofluid.it\/\",\"name\":\"Technofluid S.R.L.\",\"description\":\"Dal 1999 siamo specializzati nell&#039;impiantistica navale, idraulica, civile e industriale\",\"publisher\":{\"@id\":\"https:\/\/technofluid.it\/#organization\"},\"potentialAction\":[{\"@type\":\"SearchAction\",\"target\":{\"@type\":\"EntryPoint\",\"urlTemplate\":\"https:\/\/technofluid.it\/?s={search_term_string}\"},\"query-input\":{\"@type\":\"PropertyValueSpecification\",\"valueRequired\":true,\"valueName\":\"search_term_string\"}}],\"inLanguage\":\"fr-FR\"},{\"@type\":\"Organization\",\"@id\":\"https:\/\/technofluid.it\/#organization\",\"name\":\"Technofluid\",\"url\":\"https:\/\/technofluid.it\/\",\"logo\":{\"@type\":\"ImageObject\",\"inLanguage\":\"fr-FR\",\"@id\":\"https:\/\/technofluid.it\/#\/schema\/logo\/image\/\",\"url\":\"https:\/\/technofluid.it\/wp-content\/uploads\/2025\/12\/technofluid_bianco-logo.webp\",\"contentUrl\":\"https:\/\/technofluid.it\/wp-content\/uploads\/2025\/12\/technofluid_bianco-logo.webp\",\"width\":350,\"height\":116,\"caption\":\"Technofluid\"},\"image\":{\"@id\":\"https:\/\/technofluid.it\/#\/schema\/logo\/image\/\"},\"description\":\"La Technofluid S.r.l. nasce nel 1999 a Barcellona Pozzo di Gotto, in provincia di Messina, con l\u2019obiettivo di diventare un punto di riferimento nel settore dell\u2019impiantistica navale, idraulica, civile e industriale.\",\"email\":\"info@technofluid.it\",\"telephone\":\"0907386877\",\"legalName\":\"Technofluid S.R.L\",\"vatID\":\"IT03148240835\",\"taxID\":\"03148240835\",\"ownershipFundingInfo\":\"https:\/\/technofluid.it\/azienda\/\"}]}<\/script>\n<meta property=\"product:price:amount\" content=\"16.93\" \/>\n<meta property=\"product:price:currency\" content=\"EUR\" \/>\n<meta property=\"og:availability\" content=\"instock\" \/>\n<meta property=\"product:availability\" content=\"instock\" \/>\n<meta property=\"product:retailer_item_id\" content=\"MAES00000058\" \/>\n<meta property=\"product:condition\" content=\"new\" \/>\n<!-- \/ Yoast SEO Premium plugin. -->","yoast_head_json":{"title":"Buse F.F si\u00e8ge conique 3\/4 laiton Maestrini","description":"Bouche F.F \u00e0 si\u00e8ge conique 3\/4\" en laiton Maestrini, code *0340E. Raccord pour connexions filet\u00e9es dans les installations hydrauliques et \u00e0 bord.","robots":{"index":"index","follow":"follow","max-snippet":"max-snippet:-1","max-image-preview":"max-image-preview:large","max-video-preview":"max-video-preview:-1"},"canonical":"http:\/\/technofluid.it\/fr\/produit\/buse-f-f-siege-conique-3-4-laiton-code-0340e-maestrini\/","og_locale":"fr_FR","og_type":"article","og_title":"Bocchettone F.F sede conica da 3\/4&quot; ottone &ndash; codice: *0340E &ndash; Maestrini","og_description":"Bocchettone F.F a sede conica 3\/4\" in ottone Maestrini, codice *0340E. Raccordo per collegamenti filettati in impianti idraulici e di bordo.","og_url":"http:\/\/technofluid.it\/fr\/produit\/buse-f-f-siege-conique-3-4-laiton-code-0340e-maestrini\/","og_site_name":"Technofluid","article_modified_time":"2026-04-07T15:39:54+00:00","og_image":[{"width":300,"height":300,"url":"https:\/\/technofluid.it\/wp-content\/uploads\/2026\/01\/989-Bocchettone-F.F-sede-conica-da-34-ottone-codice-0340E-Maestrini.jpg","type":"image\/jpeg"}],"twitter_card":"summary_large_image","twitter_misc":{"Prix":"16,93&nbsp;&euro; Iva esclusa","Disponibilit\u00e9":"En stock"},"schema":{"@context":"https:\/\/schema.org","@graph":[{"@type":"WebPage","@id":"https:\/\/technofluid.it\/prodotto\/bocchettone-f-f-sede-conica-da-34-ottone-codice-0340e-maestrini\/","url":"https:\/\/technofluid.it\/prodotto\/bocchettone-f-f-sede-conica-da-34-ottone-codice-0340e-maestrini\/","name":"Buse F.F si\u00e8ge conique 3\/4 laiton Maestrini","isPartOf":{"@id":"https:\/\/technofluid.it\/#website"},"primaryImageOfPage":{"@id":"https:\/\/technofluid.it\/prodotto\/bocchettone-f-f-sede-conica-da-34-ottone-codice-0340e-maestrini\/#primaryimage"},"image":{"@id":"https:\/\/technofluid.it\/prodotto\/bocchettone-f-f-sede-conica-da-34-ottone-codice-0340e-maestrini\/#primaryimage"},"thumbnailUrl":"https:\/\/technofluid.it\/wp-content\/uploads\/2026\/01\/989-Bocchettone-F.F-sede-conica-da-34-ottone-codice-0340E-Maestrini.jpg","datePublished":"2025-10-24T23:59:40+00:00","dateModified":"2026-04-07T15:39:54+00:00","description":"Bouche F.F \u00e0 si\u00e8ge conique 3\/4\" en laiton Maestrini, code *0340E. Raccord pour connexions filet\u00e9es dans les installations hydrauliques et \u00e0 bord.","breadcrumb":{"@id":"https:\/\/technofluid.it\/prodotto\/bocchettone-f-f-sede-conica-da-34-ottone-codice-0340e-maestrini\/#breadcrumb"},"inLanguage":"fr-FR","potentialAction":[{"@type":"ReadAction","target":["https:\/\/technofluid.it\/prodotto\/bocchettone-f-f-sede-conica-da-34-ottone-codice-0340e-maestrini\/"]}]},{"@type":"ImageObject","inLanguage":"fr-FR","@id":"https:\/\/technofluid.it\/prodotto\/bocchettone-f-f-sede-conica-da-34-ottone-codice-0340e-maestrini\/#primaryimage","url":"https:\/\/technofluid.it\/wp-content\/uploads\/2026\/01\/989-Bocchettone-F.F-sede-conica-da-34-ottone-codice-0340E-Maestrini.jpg","contentUrl":"https:\/\/technofluid.it\/wp-content\/uploads\/2026\/01\/989-Bocchettone-F.F-sede-conica-da-34-ottone-codice-0340E-Maestrini.jpg","width":300,"height":300,"caption":"Bocchettone F.F con sede conica da 3\/4\" in ottone, codice 0340E, perfetto per collegamenti affidabili."},{"@type":"BreadcrumbList","@id":"https:\/\/technofluid.it\/prodotto\/bocchettone-f-f-sede-conica-da-34-ottone-codice-0340e-maestrini\/#breadcrumb","itemListElement":[{"@type":"ListItem","position":1,"name":"Home","item":"https:\/\/technofluid.it\/"},{"@type":"ListItem","position":2,"name":"Shop","item":"https:\/\/technofluid.it\/shop\/"},{"@type":"ListItem","position":3,"name":"Bocchettone F.F sede conica da 3\/4&quot; ottone &ndash; codice: *0340E &ndash; Maestrini"}]},{"@type":"WebSite","@id":"https:\/\/technofluid.it\/#website","url":"https:\/\/technofluid.it\/","name":"Technofluid S.R.L.","description":"Depuis 1999, nous sommes sp\u00e9cialis\u00e9s dans les installations marines, de plomberie, civiles et industrielles.","publisher":{"@id":"https:\/\/technofluid.it\/#organization"},"potentialAction":[{"@type":"SearchAction","target":{"@type":"EntryPoint","urlTemplate":"https:\/\/technofluid.it\/?s={search_term_string}"},"query-input":{"@type":"PropertyValueSpecification","valueRequired":true,"valueName":"search_term_string"}}],"inLanguage":"fr-FR"},{"@type":"Organization","@id":"https:\/\/technofluid.it\/#organization","name":"Technofluid","url":"https:\/\/technofluid.it\/","logo":{"@type":"ImageObject","inLanguage":"fr-FR","@id":"https:\/\/technofluid.it\/#\/schema\/logo\/image\/","url":"https:\/\/technofluid.it\/wp-content\/uploads\/2025\/12\/technofluid_bianco-logo.webp","contentUrl":"https:\/\/technofluid.it\/wp-content\/uploads\/2025\/12\/technofluid_bianco-logo.webp","width":350,"height":116,"caption":"Technofluid"},"image":{"@id":"https:\/\/technofluid.it\/#\/schema\/logo\/image\/"},"description":"La Technofluid S.r.l. est n\u00e9e en 1999 \u00e0 Barcellona Pozzo di Gotto, dans la province de Messine, avec l'objectif de devenir un point de r\u00e9f\u00e9rence dans le secteur de l'installation navale, hydraulique, civile et industrielle.","email":"info@technofluid.it","telephone":"0907386877","legalName":"Technofluid S.R.L","vatID":"IT03148240835","taxID":"03148240835","ownershipFundingInfo":"https:\/\/technofluid.it\/azienda\/"}]},"product_price_amount":"16.93","product_price_currency":"EUR","og_availability":"instock","product_availability":"instock","product_retailer_item_id":"MAES00000058","product_condition":"new"},"_links":{"self":[{"href":"http:\/\/technofluid.it\/fr\/wp-json\/wp\/v2\/product\/29281","targetHints":{"allow":["GET"]}}],"collection":[{"href":"http:\/\/technofluid.it\/fr\/wp-json\/wp\/v2\/product"}],"about":[{"href":"http:\/\/technofluid.it\/fr\/wp-json\/wp\/v2\/types\/product"}],"replies":[{"embeddable":true,"href":"http:\/\/technofluid.it\/fr\/wp-json\/wp\/v2\/comments?post=29281"}],"version-history":[{"count":5,"href":"http:\/\/technofluid.it\/fr\/wp-json\/wp\/v2\/product\/29281\/revisions"}],"predecessor-version":[{"id":57549,"href":"http:\/\/technofluid.it\/fr\/wp-json\/wp\/v2\/product\/29281\/revisions\/57549"}],"wp:featuredmedia":[{"embeddable":true,"href":"http:\/\/technofluid.it\/fr\/wp-json\/wp\/v2\/media\/37016"}],"wp:attachment":[{"href":"http:\/\/technofluid.it\/fr\/wp-json\/wp\/v2\/media?parent=29281"}],"wp:term":[{"taxonomy":"product_brand","embeddable":true,"href":"http:\/\/technofluid.it\/fr\/wp-json\/wp\/v2\/product_brand?post=29281"},{"taxonomy":"product_cat","embeddable":true,"href":"http:\/\/technofluid.it\/fr\/wp-json\/wp\/v2\/product_cat?post=29281"},{"taxonomy":"product_tag","embeddable":true,"href":"http:\/\/technofluid.it\/fr\/wp-json\/wp\/v2\/product_tag?post=29281"}],"curies":[{"name":"wp","href":"https:\/\/api.w.org\/{rel}","templated":true}]}}