{"id":31211,"date":"2025-10-25T00:04:31","date_gmt":"2025-10-25T00:04:31","guid":{"rendered":"https:\/\/technofluid.it\/prodotto\/sfiato-dritto-tondo-16-mm-plastica-codice-1710201-motomarine\/"},"modified":"2026-01-16T13:57:41","modified_gmt":"2026-01-16T13:57:41","slug":"sfiato-drittotondo-16-mm-plastica-codice-1710201-motomarine","status":"publish","type":"product","link":"http:\/\/technofluid.it\/es\/producto\/respiradero-recto-redondo-16-mm-plastico-codigo-1710201-motomarine\/","title":{"rendered":"Respiradero recto\/redondo 16 mm pl\u00e1stico \u2013 c\u00f3digo: 1710201 \u2013 Motomarine"},"content":{"rendered":"<p>Respiradero recto\/redondo 16 mm pl\u00e1stico \u2013 c\u00f3digo: 1710201 \u2013 Motomarine<\/p>","protected":false},"excerpt":{"rendered":"<p>Respiradero de pl\u00e1stico con cabeza redonda para tanques.<\/p>","protected":false},"featured_media":41827,"comment_status":"open","ping_status":"closed","template":"","meta":{"_acf_changed":false,"_monsterinsights_skip_tracking":false,"_monsterinsights_sitenote_active":false,"_monsterinsights_sitenote_note":"","_monsterinsights_sitenote_category":0,"site-sidebar-layout":"default","site-content-layout":"","ast-site-content-layout":"default","site-content-style":"default","site-sidebar-style":"default","ast-global-header-display":"","ast-banner-title-visibility":"","ast-main-header-display":"","ast-hfb-above-header-display":"","ast-hfb-below-header-display":"","ast-hfb-mobile-header-display":"","site-post-title":"","ast-breadcrumbs-content":"","ast-featured-img":"","footer-sml-layout":"","ast-disable-related-posts":"","theme-transparent-header-meta":"","adv-header-id-meta":"","stick-header-meta":"","header-above-stick-meta":"","header-main-stick-meta":"","header-below-stick-meta":"","astra-migrate-meta-layouts":"default","ast-page-background-enabled":"default","ast-page-background-meta":{"desktop":{"background-color":"var(--ast-global-color-5)","background-image":"","background-repeat":"repeat","background-position":"center center","background-size":"auto","background-attachment":"scroll","background-type":"","background-media":"","overlay-type":"","overlay-color":"","overlay-opacity":"","overlay-gradient":""},"tablet":{"background-color":"","background-image":"","background-repeat":"repeat","background-position":"center center","background-size":"auto","background-attachment":"scroll","background-type":"","background-media":"","overlay-type":"","overlay-color":"","overlay-opacity":"","overlay-gradient":""},"mobile":{"background-color":"","background-image":"","background-repeat":"repeat","background-position":"center center","background-size":"auto","background-attachment":"scroll","background-type":"","background-media":"","overlay-type":"","overlay-color":"","overlay-opacity":"","overlay-gradient":""}},"ast-content-background-meta":{"desktop":{"background-color":"var(--ast-global-color-4)","background-image":"","background-repeat":"repeat","background-position":"center center","background-size":"auto","background-attachment":"scroll","background-type":"","background-media":"","overlay-type":"","overlay-color":"","overlay-opacity":"","overlay-gradient":""},"tablet":{"background-color":"var(--ast-global-color-4)","background-image":"","background-repeat":"repeat","background-position":"center center","background-size":"auto","background-attachment":"scroll","background-type":"","background-media":"","overlay-type":"","overlay-color":"","overlay-opacity":"","overlay-gradient":""},"mobile":{"background-color":"var(--ast-global-color-4)","background-image":"","background-repeat":"repeat","background-position":"center center","background-size":"auto","background-attachment":"scroll","background-type":"","background-media":"","overlay-type":"","overlay-color":"","overlay-opacity":"","overlay-gradient":""}}},"product_brand":[],"product_cat":[179,232],"product_tag":[6277,7572,7573,3100,7574,4207,7567,7575],"class_list":{"0":"post-31211","1":"product","2":"type-product","3":"status-publish","4":"has-post-thumbnail","6":"product_cat-motori-e-ricambi","7":"product_cat-serbatoi-taniche-accessori","8":"product_tag-16mm","9":"product_tag-7572","10":"product_tag-dritto-tondo","11":"product_tag-motomarine","12":"product_tag-plas","13":"product_tag-plastica","14":"product_tag-sfiato","15":"product_tag-sfiato-dritto-tondo-16-mm","16":"pa_supplier-motomarine-s-r-l","17":"desktop-align-left","18":"tablet-align-left","19":"mobile-align-left","21":"first","22":"outofstock","23":"taxable","24":"shipping-taxable","25":"purchasable","26":"product-type-simple"},"acf":[],"yoast_head":"<!-- This site is optimized with the Yoast SEO Premium plugin v26.7 (Yoast SEO v26.9) - https:\/\/yoast.com\/product\/yoast-seo-premium-wordpress\/ -->\n<title>Sfiato Plastica Dritto 16 mm | Codice 1710201 Motomarine<\/title>\n<meta name=\"description\" content=\"Acquista sfiato plastica dritto 16 mm, codice 1710201. Qualit\u00e0 garantita da Motomarine. Scopri di pi\u00f9 e ordina ora!\" \/>\n<meta name=\"robots\" content=\"index, follow, max-snippet:-1, max-image-preview:large, max-video-preview:-1\" \/>\n<link rel=\"canonical\" href=\"http:\/\/technofluid.it\/es\/producto\/respiradero-recto-redondo-16-mm-plastico-codigo-1710201-motomarine\/\" \/>\n<meta property=\"og:locale\" content=\"es_ES\" \/>\n<meta property=\"og:type\" content=\"article\" \/>\n<meta property=\"og:title\" content=\"Sfiato dritto\/tondo 16 mm plastica &ndash; codice: 1710201 &ndash; Motomarine\" \/>\n<meta property=\"og:description\" content=\"Acquista sfiato plastica dritto 16 mm, codice 1710201. Qualit\u00e0 garantita da Motomarine. Scopri di pi\u00f9 e ordina ora!\" \/>\n<meta property=\"og:url\" content=\"http:\/\/technofluid.it\/es\/producto\/respiradero-recto-redondo-16-mm-plastico-codigo-1710201-motomarine\/\" \/>\n<meta property=\"og:site_name\" content=\"Technofluid\" \/>\n<meta property=\"article:modified_time\" content=\"2026-01-16T13:57:41+00:00\" \/>\n<meta property=\"og:image\" content=\"https:\/\/technofluid.it\/wp-content\/uploads\/2026\/01\/1734-Sfiato-drittotondo-16-mm-plastica-codice-1710201-Motomarine.jpg\" \/>\n\t<meta property=\"og:image:width\" content=\"200\" \/>\n\t<meta property=\"og:image:height\" content=\"144\" \/>\n\t<meta property=\"og:image:type\" content=\"image\/jpeg\" \/>\n<meta name=\"twitter:card\" content=\"summary_large_image\" \/>\n<meta name=\"twitter:label1\" content=\"Precio\" \/>\n\t<meta name=\"twitter:data1\" content=\"6,15&nbsp;&euro; Iva esclusa\" \/>\n\t<meta name=\"twitter:label2\" content=\"Disponibilidad\" \/>\n\t<meta name=\"twitter:data2\" content=\"Sin existencias\" \/>\n<script type=\"application\/ld+json\" class=\"yoast-schema-graph\">{\"@context\":\"https:\/\/schema.org\",\"@graph\":[{\"@type\":\"WebPage\",\"@id\":\"https:\/\/technofluid.it\/prodotto\/sfiato-drittotondo-16-mm-plastica-codice-1710201-motomarine\/\",\"url\":\"https:\/\/technofluid.it\/prodotto\/sfiato-drittotondo-16-mm-plastica-codice-1710201-motomarine\/\",\"name\":\"Sfiato Plastica Dritto 16 mm | Codice 1710201 Motomarine\",\"isPartOf\":{\"@id\":\"https:\/\/technofluid.it\/#website\"},\"primaryImageOfPage\":{\"@id\":\"https:\/\/technofluid.it\/prodotto\/sfiato-drittotondo-16-mm-plastica-codice-1710201-motomarine\/#primaryimage\"},\"image\":{\"@id\":\"https:\/\/technofluid.it\/prodotto\/sfiato-drittotondo-16-mm-plastica-codice-1710201-motomarine\/#primaryimage\"},\"thumbnailUrl\":\"https:\/\/technofluid.it\/wp-content\/uploads\/2026\/01\/1734-Sfiato-drittotondo-16-mm-plastica-codice-1710201-Motomarine.jpg\",\"datePublished\":\"2025-10-25T00:04:31+00:00\",\"dateModified\":\"2026-01-16T13:57:41+00:00\",\"description\":\"Acquista sfiato plastica dritto 16 mm, codice 1710201. Qualit\u00e0 garantita da Motomarine. Scopri di pi\u00f9 e ordina ora!\",\"breadcrumb\":{\"@id\":\"https:\/\/technofluid.it\/prodotto\/sfiato-drittotondo-16-mm-plastica-codice-1710201-motomarine\/#breadcrumb\"},\"inLanguage\":\"es\",\"potentialAction\":[{\"@type\":\"ReadAction\",\"target\":[\"https:\/\/technofluid.it\/prodotto\/sfiato-drittotondo-16-mm-plastica-codice-1710201-motomarine\/\"]}]},{\"@type\":\"ImageObject\",\"inLanguage\":\"es\",\"@id\":\"https:\/\/technofluid.it\/prodotto\/sfiato-drittotondo-16-mm-plastica-codice-1710201-motomarine\/#primaryimage\",\"url\":\"https:\/\/technofluid.it\/wp-content\/uploads\/2026\/01\/1734-Sfiato-drittotondo-16-mm-plastica-codice-1710201-Motomarine.jpg\",\"contentUrl\":\"https:\/\/technofluid.it\/wp-content\/uploads\/2026\/01\/1734-Sfiato-drittotondo-16-mm-plastica-codice-1710201-Motomarine.jpg\",\"width\":200,\"height\":144,\"caption\":\"Sfiato dritto\/tondo 16 mm in plastica, codice 1710201, ideale per motomarine, disponibile su Technofluid.\"},{\"@type\":\"BreadcrumbList\",\"@id\":\"https:\/\/technofluid.it\/prodotto\/sfiato-drittotondo-16-mm-plastica-codice-1710201-motomarine\/#breadcrumb\",\"itemListElement\":[{\"@type\":\"ListItem\",\"position\":1,\"name\":\"Home\",\"item\":\"https:\/\/technofluid.it\/\"},{\"@type\":\"ListItem\",\"position\":2,\"name\":\"Shop\",\"item\":\"https:\/\/technofluid.it\/shop\/\"},{\"@type\":\"ListItem\",\"position\":3,\"name\":\"Sfiato dritto\/tondo 16 mm plastica &ndash; codice: 1710201 &ndash; Motomarine\"}]},{\"@type\":\"WebSite\",\"@id\":\"https:\/\/technofluid.it\/#website\",\"url\":\"https:\/\/technofluid.it\/\",\"name\":\"Technofluid S.R.L.\",\"description\":\"Dal 1999 siamo specializzati nell&#039;impiantistica navale, idraulica, civile e industriale\",\"publisher\":{\"@id\":\"https:\/\/technofluid.it\/#organization\"},\"potentialAction\":[{\"@type\":\"SearchAction\",\"target\":{\"@type\":\"EntryPoint\",\"urlTemplate\":\"https:\/\/technofluid.it\/?s={search_term_string}\"},\"query-input\":{\"@type\":\"PropertyValueSpecification\",\"valueRequired\":true,\"valueName\":\"search_term_string\"}}],\"inLanguage\":\"es\"},{\"@type\":\"Organization\",\"@id\":\"https:\/\/technofluid.it\/#organization\",\"name\":\"Technofluid\",\"url\":\"https:\/\/technofluid.it\/\",\"logo\":{\"@type\":\"ImageObject\",\"inLanguage\":\"es\",\"@id\":\"https:\/\/technofluid.it\/#\/schema\/logo\/image\/\",\"url\":\"https:\/\/technofluid.it\/wp-content\/uploads\/2025\/12\/technofluid_bianco-logo.webp\",\"contentUrl\":\"https:\/\/technofluid.it\/wp-content\/uploads\/2025\/12\/technofluid_bianco-logo.webp\",\"width\":350,\"height\":116,\"caption\":\"Technofluid\"},\"image\":{\"@id\":\"https:\/\/technofluid.it\/#\/schema\/logo\/image\/\"},\"description\":\"La Technofluid S.r.l. nasce nel 1999 a Barcellona Pozzo di Gotto, in provincia di Messina, con l\u2019obiettivo di diventare un punto di riferimento nel settore dell\u2019impiantistica navale, idraulica, civile e industriale.\",\"email\":\"info@technofluid.it\",\"telephone\":\"0907386877\",\"legalName\":\"Technofluid S.R.L\",\"vatID\":\"IT03148240835\",\"taxID\":\"03148240835\",\"ownershipFundingInfo\":\"https:\/\/technofluid.it\/azienda\/\"}]}<\/script>\n<meta property=\"product:price:amount\" content=\"6.15\" \/>\n<meta property=\"product:price:currency\" content=\"EUR\" \/>\n<meta property=\"og:availability\" content=\"out of stock\" \/>\n<meta property=\"product:availability\" content=\"out of stock\" \/>\n<meta property=\"product:retailer_item_id\" content=\"MOTO00000049\" \/>\n<meta property=\"product:condition\" content=\"new\" \/>\n<!-- \/ Yoast SEO Premium plugin. -->","yoast_head_json":{"title":"Respiradero Pl\u00e1stico Recto 16 mm | C\u00f3digo 1710201 Motomarine","description":"Compra respiradero de pl\u00e1stico recto 16 mm, c\u00f3digo 1710201. Calidad garantizada por Motomarine. \u00a1Descubre m\u00e1s y ordena ahora!","robots":{"index":"index","follow":"follow","max-snippet":"max-snippet:-1","max-image-preview":"max-image-preview:large","max-video-preview":"max-video-preview:-1"},"canonical":"http:\/\/technofluid.it\/es\/producto\/respiradero-recto-redondo-16-mm-plastico-codigo-1710201-motomarine\/","og_locale":"es_ES","og_type":"article","og_title":"Sfiato dritto\/tondo 16 mm plastica &ndash; codice: 1710201 &ndash; Motomarine","og_description":"Acquista sfiato plastica dritto 16 mm, codice 1710201. Qualit\u00e0 garantita da Motomarine. Scopri di pi\u00f9 e ordina ora!","og_url":"http:\/\/technofluid.it\/es\/producto\/respiradero-recto-redondo-16-mm-plastico-codigo-1710201-motomarine\/","og_site_name":"Technofluid","article_modified_time":"2026-01-16T13:57:41+00:00","og_image":[{"width":200,"height":144,"url":"https:\/\/technofluid.it\/wp-content\/uploads\/2026\/01\/1734-Sfiato-drittotondo-16-mm-plastica-codice-1710201-Motomarine.jpg","type":"image\/jpeg"}],"twitter_card":"summary_large_image","twitter_misc":{"Precio":"6,15&nbsp;&euro; Iva esclusa","Disponibilidad":"Sin existencias"},"schema":{"@context":"https:\/\/schema.org","@graph":[{"@type":"WebPage","@id":"https:\/\/technofluid.it\/prodotto\/sfiato-drittotondo-16-mm-plastica-codice-1710201-motomarine\/","url":"https:\/\/technofluid.it\/prodotto\/sfiato-drittotondo-16-mm-plastica-codice-1710201-motomarine\/","name":"Respiradero Pl\u00e1stico Recto 16 mm | C\u00f3digo 1710201 Motomarine","isPartOf":{"@id":"https:\/\/technofluid.it\/#website"},"primaryImageOfPage":{"@id":"https:\/\/technofluid.it\/prodotto\/sfiato-drittotondo-16-mm-plastica-codice-1710201-motomarine\/#primaryimage"},"image":{"@id":"https:\/\/technofluid.it\/prodotto\/sfiato-drittotondo-16-mm-plastica-codice-1710201-motomarine\/#primaryimage"},"thumbnailUrl":"https:\/\/technofluid.it\/wp-content\/uploads\/2026\/01\/1734-Sfiato-drittotondo-16-mm-plastica-codice-1710201-Motomarine.jpg","datePublished":"2025-10-25T00:04:31+00:00","dateModified":"2026-01-16T13:57:41+00:00","description":"Compra respiradero de pl\u00e1stico recto 16 mm, c\u00f3digo 1710201. Calidad garantizada por Motomarine. \u00a1Descubre m\u00e1s y ordena ahora!","breadcrumb":{"@id":"https:\/\/technofluid.it\/prodotto\/sfiato-drittotondo-16-mm-plastica-codice-1710201-motomarine\/#breadcrumb"},"inLanguage":"es","potentialAction":[{"@type":"ReadAction","target":["https:\/\/technofluid.it\/prodotto\/sfiato-drittotondo-16-mm-plastica-codice-1710201-motomarine\/"]}]},{"@type":"ImageObject","inLanguage":"es","@id":"https:\/\/technofluid.it\/prodotto\/sfiato-drittotondo-16-mm-plastica-codice-1710201-motomarine\/#primaryimage","url":"https:\/\/technofluid.it\/wp-content\/uploads\/2026\/01\/1734-Sfiato-drittotondo-16-mm-plastica-codice-1710201-Motomarine.jpg","contentUrl":"https:\/\/technofluid.it\/wp-content\/uploads\/2026\/01\/1734-Sfiato-drittotondo-16-mm-plastica-codice-1710201-Motomarine.jpg","width":200,"height":144,"caption":"Sfiato dritto\/tondo 16 mm in plastica, codice 1710201, ideale per motomarine, disponibile su Technofluid."},{"@type":"BreadcrumbList","@id":"https:\/\/technofluid.it\/prodotto\/sfiato-drittotondo-16-mm-plastica-codice-1710201-motomarine\/#breadcrumb","itemListElement":[{"@type":"ListItem","position":1,"name":"Home","item":"https:\/\/technofluid.it\/"},{"@type":"ListItem","position":2,"name":"Shop","item":"https:\/\/technofluid.it\/shop\/"},{"@type":"ListItem","position":3,"name":"Sfiato dritto\/tondo 16 mm plastica &ndash; codice: 1710201 &ndash; Motomarine"}]},{"@type":"WebSite","@id":"https:\/\/technofluid.it\/#website","url":"https:\/\/technofluid.it\/","name":"Technofluid S.R.L.","description":"Desde 1999 estamos especializados en instalaciones navales, hidr\u00e1ulicas, civiles e industriales","publisher":{"@id":"https:\/\/technofluid.it\/#organization"},"potentialAction":[{"@type":"SearchAction","target":{"@type":"EntryPoint","urlTemplate":"https:\/\/technofluid.it\/?s={search_term_string}"},"query-input":{"@type":"PropertyValueSpecification","valueRequired":true,"valueName":"search_term_string"}}],"inLanguage":"es"},{"@type":"Organization","@id":"https:\/\/technofluid.it\/#organization","name":"Technofluid","url":"https:\/\/technofluid.it\/","logo":{"@type":"ImageObject","inLanguage":"es","@id":"https:\/\/technofluid.it\/#\/schema\/logo\/image\/","url":"https:\/\/technofluid.it\/wp-content\/uploads\/2025\/12\/technofluid_bianco-logo.webp","contentUrl":"https:\/\/technofluid.it\/wp-content\/uploads\/2025\/12\/technofluid_bianco-logo.webp","width":350,"height":116,"caption":"Technofluid"},"image":{"@id":"https:\/\/technofluid.it\/#\/schema\/logo\/image\/"},"description":"Technofluid S.r.l. nace en 1999 en Barcellona Pozzo di Gotto, en la provincia de Messina, con el objetivo de convertirse en un punto de referencia en el sector de la ingenier\u00eda naval, hidr\u00e1ulica, civil e industrial.","email":"info@technofluid.it","telephone":"0907386877","legalName":"Technofluid S.R.L","vatID":"IT03148240835","taxID":"03148240835","ownershipFundingInfo":"https:\/\/technofluid.it\/azienda\/"}]},"product_price_amount":"6.15","product_price_currency":"EUR","og_availability":"out of stock","product_availability":"out of stock","product_retailer_item_id":"MOTO00000049","product_condition":"new"},"_links":{"self":[{"href":"http:\/\/technofluid.it\/es\/wp-json\/wp\/v2\/product\/31211","targetHints":{"allow":["GET"]}}],"collection":[{"href":"http:\/\/technofluid.it\/es\/wp-json\/wp\/v2\/product"}],"about":[{"href":"http:\/\/technofluid.it\/es\/wp-json\/wp\/v2\/types\/product"}],"replies":[{"embeddable":true,"href":"http:\/\/technofluid.it\/es\/wp-json\/wp\/v2\/comments?post=31211"}],"version-history":[{"count":0,"href":"http:\/\/technofluid.it\/es\/wp-json\/wp\/v2\/product\/31211\/revisions"}],"wp:featuredmedia":[{"embeddable":true,"href":"http:\/\/technofluid.it\/es\/wp-json\/wp\/v2\/media\/41827"}],"wp:attachment":[{"href":"http:\/\/technofluid.it\/es\/wp-json\/wp\/v2\/media?parent=31211"}],"wp:term":[{"taxonomy":"product_brand","embeddable":true,"href":"http:\/\/technofluid.it\/es\/wp-json\/wp\/v2\/product_brand?post=31211"},{"taxonomy":"product_cat","embeddable":true,"href":"http:\/\/technofluid.it\/es\/wp-json\/wp\/v2\/product_cat?post=31211"},{"taxonomy":"product_tag","embeddable":true,"href":"http:\/\/technofluid.it\/es\/wp-json\/wp\/v2\/product_tag?post=31211"}],"curies":[{"name":"wp","href":"https:\/\/api.w.org\/{rel}","templated":true}]}}