{"id":30912,"date":"2025-10-25T00:03:47","date_gmt":"2025-10-25T00:03:47","guid":{"rendered":"https:\/\/technofluid.it\/prodotto\/pulsante-rosso-stagno-in-ottone-codice-14-910-00ro-osculati\/"},"modified":"2026-04-07T17:12:42","modified_gmt":"2026-04-07T16:12:42","slug":"pulsante-rosso-stagno-in-ottone-codice-14-910-00ro-osculati","status":"publish","type":"product","link":"http:\/\/technofluid.it\/es\/producto\/boton-rojo-de-estano-en-laton-codigo-14-910-00ro-osculati\/","title":{"rendered":"Bot\u00f3n rojo estanco en lat\u00f3n \u2013 c\u00f3digo: 14.910.00RO \u2013 Osculati"},"content":{"rendered":"<p>Bot\u00f3n rojo estanco en lat\u00f3n \u2013 c\u00f3digo: 14.910.00RO \u2013 Osculati<\/p>","protected":false},"excerpt":{"rendered":"<p class=\"MsoNormal\"><b>UM:<\/b>\u00a0PZ<\/p>\n<p class=\"MsoNormal\"><b>Altura:<\/b>\u00a04 cm<\/p>\n<p class=\"MsoNormal\"><b>Peso:<\/b>\u00a00,06 kg<\/p>\n<p class=\"MsoNormal\"><b>Anchura:<\/b>\u00a010 cm<\/p>\n<p class=\"MsoNormal\"><b>Volumen:<\/b>\u00a0160 cm\u00b3<\/p>\n<p class=\"MsoNormal\"><b>Longitud:<\/b> 4 cm<\/p>","protected":false},"featured_media":41137,"comment_status":"open","ping_status":"closed","template":"","meta":{"_acf_changed":false,"_monsterinsights_skip_tracking":false,"_monsterinsights_sitenote_active":false,"_monsterinsights_sitenote_note":"","_monsterinsights_sitenote_category":0,"site-sidebar-layout":"default","site-content-layout":"","ast-site-content-layout":"default","site-content-style":"default","site-sidebar-style":"default","ast-global-header-display":"","ast-banner-title-visibility":"","ast-main-header-display":"","ast-hfb-above-header-display":"","ast-hfb-below-header-display":"","ast-hfb-mobile-header-display":"","site-post-title":"","ast-breadcrumbs-content":"","ast-featured-img":"","footer-sml-layout":"","ast-disable-related-posts":"","theme-transparent-header-meta":"","adv-header-id-meta":"","stick-header-meta":"","header-above-stick-meta":"","header-main-stick-meta":"","header-below-stick-meta":"","astra-migrate-meta-layouts":"default","ast-page-background-enabled":"default","ast-page-background-meta":{"desktop":{"background-color":"var(--ast-global-color-5)","background-image":"","background-repeat":"repeat","background-position":"center center","background-size":"auto","background-attachment":"scroll","background-type":"","background-media":"","overlay-type":"","overlay-color":"","overlay-opacity":"","overlay-gradient":""},"tablet":{"background-color":"","background-image":"","background-repeat":"repeat","background-position":"center center","background-size":"auto","background-attachment":"scroll","background-type":"","background-media":"","overlay-type":"","overlay-color":"","overlay-opacity":"","overlay-gradient":""},"mobile":{"background-color":"","background-image":"","background-repeat":"repeat","background-position":"center center","background-size":"auto","background-attachment":"scroll","background-type":"","background-media":"","overlay-type":"","overlay-color":"","overlay-opacity":"","overlay-gradient":""}},"ast-content-background-meta":{"desktop":{"background-color":"var(--ast-global-color-4)","background-image":"","background-repeat":"repeat","background-position":"center center","background-size":"auto","background-attachment":"scroll","background-type":"","background-media":"","overlay-type":"","overlay-color":"","overlay-opacity":"","overlay-gradient":""},"tablet":{"background-color":"var(--ast-global-color-4)","background-image":"","background-repeat":"repeat","background-position":"center center","background-size":"auto","background-attachment":"scroll","background-type":"","background-media":"","overlay-type":"","overlay-color":"","overlay-opacity":"","overlay-gradient":""},"mobile":{"background-color":"var(--ast-global-color-4)","background-image":"","background-repeat":"repeat","background-position":"center center","background-size":"auto","background-attachment":"scroll","background-type":"","background-media":"","overlay-type":"","overlay-color":"","overlay-opacity":"","overlay-gradient":""}}},"product_brand":[],"product_cat":[74,106],"product_tag":[7184,7178,3053,7179,7185,4134,5711],"class_list":{"0":"post-30912","1":"product","2":"type-product","3":"status-publish","4":"has-post-thumbnail","6":"product_cat-elettricita-strumentazione","7":"product_cat-spine-e-prese","8":"product_tag-14-910-00ro","9":"product_tag-in-ottone","10":"product_tag-osculati","11":"product_tag-pulsante","12":"product_tag-pulsante-rosso-stagno-in-ottone","13":"product_tag-rosso","14":"product_tag-stagno","15":"pa_supplier-osculati-s-r-l","16":"desktop-align-left","17":"tablet-align-left","18":"mobile-align-left","20":"first","21":"instock","22":"taxable","23":"shipping-taxable","24":"purchasable","25":"product-type-simple"},"acf":[],"yoast_head":"<!-- This site is optimized with the Yoast SEO Premium plugin v26.7 (Yoast SEO v26.9) - https:\/\/yoast.com\/product\/yoast-seo-premium-wordpress\/ -->\n<title>Pulsante Rosso Stagno in Ottone - Alta Qualit\u00e0 30A 12V<\/title>\n<meta name=\"description\" content=\"Scopri il pulsante rosso stagno in ottone, resistente e affidabile. Perfetto per carico massimo 30A a 12V. Acquista ora da Osculati!\" \/>\n<meta name=\"robots\" content=\"index, follow, max-snippet:-1, max-image-preview:large, max-video-preview:-1\" \/>\n<link rel=\"canonical\" href=\"http:\/\/technofluid.it\/es\/producto\/boton-rojo-de-estano-en-laton-codigo-14-910-00ro-osculati\/\" \/>\n<meta property=\"og:locale\" content=\"es_ES\" \/>\n<meta property=\"og:type\" content=\"article\" \/>\n<meta property=\"og:title\" content=\"Pulsante rosso stagno in ottone - codice: 14.910.00RO - Osculati\" \/>\n<meta property=\"og:description\" content=\"Scopri il pulsante rosso stagno in ottone, resistente e affidabile. Perfetto per carico massimo 30A a 12V. Acquista ora da Osculati!\" \/>\n<meta property=\"og:url\" content=\"http:\/\/technofluid.it\/es\/producto\/boton-rojo-de-estano-en-laton-codigo-14-910-00ro-osculati\/\" \/>\n<meta property=\"og:site_name\" content=\"Technofluid\" \/>\n<meta property=\"article:modified_time\" content=\"2026-04-07T16:12:42+00:00\" \/>\n<meta property=\"og:image\" content=\"https:\/\/technofluid.it\/wp-content\/uploads\/2026\/01\/2154-Pulsante-rosso-stagno-in-ottone-codice-14.910.00RO-Osculati.jpg\" \/>\n\t<meta property=\"og:image:width\" content=\"300\" \/>\n\t<meta property=\"og:image:height\" content=\"300\" \/>\n\t<meta property=\"og:image:type\" content=\"image\/jpeg\" \/>\n<meta name=\"twitter:card\" content=\"summary_large_image\" \/>\n<meta name=\"twitter:label1\" content=\"Precio\" \/>\n\t<meta name=\"twitter:data1\" content=\"9,84&nbsp;&euro; Iva esclusa\" \/>\n\t<meta name=\"twitter:label2\" content=\"Disponibilidad\" \/>\n\t<meta name=\"twitter:data2\" content=\"Disponible\" \/>\n<script type=\"application\/ld+json\" class=\"yoast-schema-graph\">{\"@context\":\"https:\/\/schema.org\",\"@graph\":[{\"@type\":\"WebPage\",\"@id\":\"https:\/\/technofluid.it\/prodotto\/pulsante-rosso-stagno-in-ottone-codice-14-910-00ro-osculati\/\",\"url\":\"https:\/\/technofluid.it\/prodotto\/pulsante-rosso-stagno-in-ottone-codice-14-910-00ro-osculati\/\",\"name\":\"Pulsante Rosso Stagno in Ottone - Alta Qualit\u00e0 30A 12V\",\"isPartOf\":{\"@id\":\"https:\/\/technofluid.it\/#website\"},\"primaryImageOfPage\":{\"@id\":\"https:\/\/technofluid.it\/prodotto\/pulsante-rosso-stagno-in-ottone-codice-14-910-00ro-osculati\/#primaryimage\"},\"image\":{\"@id\":\"https:\/\/technofluid.it\/prodotto\/pulsante-rosso-stagno-in-ottone-codice-14-910-00ro-osculati\/#primaryimage\"},\"thumbnailUrl\":\"https:\/\/technofluid.it\/wp-content\/uploads\/2026\/01\/2154-Pulsante-rosso-stagno-in-ottone-codice-14.910.00RO-Osculati.jpg\",\"datePublished\":\"2025-10-25T00:03:47+00:00\",\"dateModified\":\"2026-04-07T16:12:42+00:00\",\"description\":\"Scopri il pulsante rosso stagno in ottone, resistente e affidabile. Perfetto per carico massimo 30A a 12V. Acquista ora da Osculati!\",\"breadcrumb\":{\"@id\":\"https:\/\/technofluid.it\/prodotto\/pulsante-rosso-stagno-in-ottone-codice-14-910-00ro-osculati\/#breadcrumb\"},\"inLanguage\":\"es\",\"potentialAction\":[{\"@type\":\"ReadAction\",\"target\":[\"https:\/\/technofluid.it\/prodotto\/pulsante-rosso-stagno-in-ottone-codice-14-910-00ro-osculati\/\"]}]},{\"@type\":\"ImageObject\",\"inLanguage\":\"es\",\"@id\":\"https:\/\/technofluid.it\/prodotto\/pulsante-rosso-stagno-in-ottone-codice-14-910-00ro-osculati\/#primaryimage\",\"url\":\"https:\/\/technofluid.it\/wp-content\/uploads\/2026\/01\/2154-Pulsante-rosso-stagno-in-ottone-codice-14.910.00RO-Osculati.jpg\",\"contentUrl\":\"https:\/\/technofluid.it\/wp-content\/uploads\/2026\/01\/2154-Pulsante-rosso-stagno-in-ottone-codice-14.910.00RO-Osculati.jpg\",\"width\":300,\"height\":300,\"caption\":\"Pulsante rosso stagno in ottone, ideale per applicazioni marine, con design resistente e duraturo.\"},{\"@type\":\"BreadcrumbList\",\"@id\":\"https:\/\/technofluid.it\/prodotto\/pulsante-rosso-stagno-in-ottone-codice-14-910-00ro-osculati\/#breadcrumb\",\"itemListElement\":[{\"@type\":\"ListItem\",\"position\":1,\"name\":\"Home\",\"item\":\"https:\/\/technofluid.it\/\"},{\"@type\":\"ListItem\",\"position\":2,\"name\":\"Shop\",\"item\":\"https:\/\/technofluid.it\/shop\/\"},{\"@type\":\"ListItem\",\"position\":3,\"name\":\"Pulsante rosso stagno in ottone &#8211; codice: 14.910.00RO &#8211; Osculati\"}]},{\"@type\":\"WebSite\",\"@id\":\"https:\/\/technofluid.it\/#website\",\"url\":\"https:\/\/technofluid.it\/\",\"name\":\"Technofluid S.R.L.\",\"description\":\"Dal 1999 siamo specializzati nell&#039;impiantistica navale, idraulica, civile e industriale\",\"publisher\":{\"@id\":\"https:\/\/technofluid.it\/#organization\"},\"potentialAction\":[{\"@type\":\"SearchAction\",\"target\":{\"@type\":\"EntryPoint\",\"urlTemplate\":\"https:\/\/technofluid.it\/?s={search_term_string}\"},\"query-input\":{\"@type\":\"PropertyValueSpecification\",\"valueRequired\":true,\"valueName\":\"search_term_string\"}}],\"inLanguage\":\"es\"},{\"@type\":\"Organization\",\"@id\":\"https:\/\/technofluid.it\/#organization\",\"name\":\"Technofluid\",\"url\":\"https:\/\/technofluid.it\/\",\"logo\":{\"@type\":\"ImageObject\",\"inLanguage\":\"es\",\"@id\":\"https:\/\/technofluid.it\/#\/schema\/logo\/image\/\",\"url\":\"https:\/\/technofluid.it\/wp-content\/uploads\/2025\/12\/technofluid_bianco-logo.webp\",\"contentUrl\":\"https:\/\/technofluid.it\/wp-content\/uploads\/2025\/12\/technofluid_bianco-logo.webp\",\"width\":350,\"height\":116,\"caption\":\"Technofluid\"},\"image\":{\"@id\":\"https:\/\/technofluid.it\/#\/schema\/logo\/image\/\"},\"description\":\"La Technofluid S.r.l. nasce nel 1999 a Barcellona Pozzo di Gotto, in provincia di Messina, con l\u2019obiettivo di diventare un punto di riferimento nel settore dell\u2019impiantistica navale, idraulica, civile e industriale.\",\"email\":\"info@technofluid.it\",\"telephone\":\"0907386877\",\"legalName\":\"Technofluid S.R.L\",\"vatID\":\"IT03148240835\",\"taxID\":\"03148240835\",\"ownershipFundingInfo\":\"https:\/\/technofluid.it\/azienda\/\"}]}<\/script>\n<meta property=\"product:price:amount\" content=\"9.84\" \/>\n<meta property=\"product:price:currency\" content=\"EUR\" \/>\n<meta property=\"og:availability\" content=\"instock\" \/>\n<meta property=\"product:availability\" content=\"instock\" \/>\n<meta property=\"product:retailer_item_id\" content=\"OSCU00000298\" \/>\n<meta property=\"product:condition\" content=\"new\" \/>\n<!-- \/ Yoast SEO Premium plugin. -->","yoast_head_json":{"title":"Bot\u00f3n Rojo de Esta\u00f1o en Lat\u00f3n - Alta Calidad 30A 12V","description":"Descubre el bot\u00f3n rojo de esta\u00f1o en lat\u00f3n, resistente y fiable. Perfecto para carga m\u00e1xima de 30A a 12V. \u00a1Compra ahora en Osculati!","robots":{"index":"index","follow":"follow","max-snippet":"max-snippet:-1","max-image-preview":"max-image-preview:large","max-video-preview":"max-video-preview:-1"},"canonical":"http:\/\/technofluid.it\/es\/producto\/boton-rojo-de-estano-en-laton-codigo-14-910-00ro-osculati\/","og_locale":"es_ES","og_type":"article","og_title":"Pulsante rosso stagno in ottone - codice: 14.910.00RO - Osculati","og_description":"Scopri il pulsante rosso stagno in ottone, resistente e affidabile. Perfetto per carico massimo 30A a 12V. Acquista ora da Osculati!","og_url":"http:\/\/technofluid.it\/es\/producto\/boton-rojo-de-estano-en-laton-codigo-14-910-00ro-osculati\/","og_site_name":"Technofluid","article_modified_time":"2026-04-07T16:12:42+00:00","og_image":[{"width":300,"height":300,"url":"https:\/\/technofluid.it\/wp-content\/uploads\/2026\/01\/2154-Pulsante-rosso-stagno-in-ottone-codice-14.910.00RO-Osculati.jpg","type":"image\/jpeg"}],"twitter_card":"summary_large_image","twitter_misc":{"Precio":"9,84&nbsp;&euro; Iva esclusa","Disponibilidad":"Disponible"},"schema":{"@context":"https:\/\/schema.org","@graph":[{"@type":"WebPage","@id":"https:\/\/technofluid.it\/prodotto\/pulsante-rosso-stagno-in-ottone-codice-14-910-00ro-osculati\/","url":"https:\/\/technofluid.it\/prodotto\/pulsante-rosso-stagno-in-ottone-codice-14-910-00ro-osculati\/","name":"Bot\u00f3n Rojo de Esta\u00f1o en Lat\u00f3n - Alta Calidad 30A 12V","isPartOf":{"@id":"https:\/\/technofluid.it\/#website"},"primaryImageOfPage":{"@id":"https:\/\/technofluid.it\/prodotto\/pulsante-rosso-stagno-in-ottone-codice-14-910-00ro-osculati\/#primaryimage"},"image":{"@id":"https:\/\/technofluid.it\/prodotto\/pulsante-rosso-stagno-in-ottone-codice-14-910-00ro-osculati\/#primaryimage"},"thumbnailUrl":"https:\/\/technofluid.it\/wp-content\/uploads\/2026\/01\/2154-Pulsante-rosso-stagno-in-ottone-codice-14.910.00RO-Osculati.jpg","datePublished":"2025-10-25T00:03:47+00:00","dateModified":"2026-04-07T16:12:42+00:00","description":"Descubre el bot\u00f3n rojo de esta\u00f1o en lat\u00f3n, resistente y fiable. Perfecto para carga m\u00e1xima de 30A a 12V. \u00a1Compra ahora en Osculati!","breadcrumb":{"@id":"https:\/\/technofluid.it\/prodotto\/pulsante-rosso-stagno-in-ottone-codice-14-910-00ro-osculati\/#breadcrumb"},"inLanguage":"es","potentialAction":[{"@type":"ReadAction","target":["https:\/\/technofluid.it\/prodotto\/pulsante-rosso-stagno-in-ottone-codice-14-910-00ro-osculati\/"]}]},{"@type":"ImageObject","inLanguage":"es","@id":"https:\/\/technofluid.it\/prodotto\/pulsante-rosso-stagno-in-ottone-codice-14-910-00ro-osculati\/#primaryimage","url":"https:\/\/technofluid.it\/wp-content\/uploads\/2026\/01\/2154-Pulsante-rosso-stagno-in-ottone-codice-14.910.00RO-Osculati.jpg","contentUrl":"https:\/\/technofluid.it\/wp-content\/uploads\/2026\/01\/2154-Pulsante-rosso-stagno-in-ottone-codice-14.910.00RO-Osculati.jpg","width":300,"height":300,"caption":"Pulsante rosso stagno in ottone, ideale per applicazioni marine, con design resistente e duraturo."},{"@type":"BreadcrumbList","@id":"https:\/\/technofluid.it\/prodotto\/pulsante-rosso-stagno-in-ottone-codice-14-910-00ro-osculati\/#breadcrumb","itemListElement":[{"@type":"ListItem","position":1,"name":"Home","item":"https:\/\/technofluid.it\/"},{"@type":"ListItem","position":2,"name":"Shop","item":"https:\/\/technofluid.it\/shop\/"},{"@type":"ListItem","position":3,"name":"Pulsante rosso stagno in ottone &#8211; codice: 14.910.00RO &#8211; Osculati"}]},{"@type":"WebSite","@id":"https:\/\/technofluid.it\/#website","url":"https:\/\/technofluid.it\/","name":"Technofluid S.R.L.","description":"Desde 1999 estamos especializados en instalaciones navales, hidr\u00e1ulicas, civiles e industriales","publisher":{"@id":"https:\/\/technofluid.it\/#organization"},"potentialAction":[{"@type":"SearchAction","target":{"@type":"EntryPoint","urlTemplate":"https:\/\/technofluid.it\/?s={search_term_string}"},"query-input":{"@type":"PropertyValueSpecification","valueRequired":true,"valueName":"search_term_string"}}],"inLanguage":"es"},{"@type":"Organization","@id":"https:\/\/technofluid.it\/#organization","name":"Technofluid","url":"https:\/\/technofluid.it\/","logo":{"@type":"ImageObject","inLanguage":"es","@id":"https:\/\/technofluid.it\/#\/schema\/logo\/image\/","url":"https:\/\/technofluid.it\/wp-content\/uploads\/2025\/12\/technofluid_bianco-logo.webp","contentUrl":"https:\/\/technofluid.it\/wp-content\/uploads\/2025\/12\/technofluid_bianco-logo.webp","width":350,"height":116,"caption":"Technofluid"},"image":{"@id":"https:\/\/technofluid.it\/#\/schema\/logo\/image\/"},"description":"Technofluid S.r.l. nace en 1999 en Barcellona Pozzo di Gotto, en la provincia de Messina, con el objetivo de convertirse en un punto de referencia en el sector de la ingenier\u00eda naval, hidr\u00e1ulica, civil e industrial.","email":"info@technofluid.it","telephone":"0907386877","legalName":"Technofluid S.R.L","vatID":"IT03148240835","taxID":"03148240835","ownershipFundingInfo":"https:\/\/technofluid.it\/azienda\/"}]},"product_price_amount":"9.84","product_price_currency":"EUR","og_availability":"instock","product_availability":"instock","product_retailer_item_id":"OSCU00000298","product_condition":"new"},"_links":{"self":[{"href":"http:\/\/technofluid.it\/es\/wp-json\/wp\/v2\/product\/30912","targetHints":{"allow":["GET"]}}],"collection":[{"href":"http:\/\/technofluid.it\/es\/wp-json\/wp\/v2\/product"}],"about":[{"href":"http:\/\/technofluid.it\/es\/wp-json\/wp\/v2\/types\/product"}],"replies":[{"embeddable":true,"href":"http:\/\/technofluid.it\/es\/wp-json\/wp\/v2\/comments?post=30912"}],"version-history":[{"count":0,"href":"http:\/\/technofluid.it\/es\/wp-json\/wp\/v2\/product\/30912\/revisions"}],"wp:featuredmedia":[{"embeddable":true,"href":"http:\/\/technofluid.it\/es\/wp-json\/wp\/v2\/media\/41137"}],"wp:attachment":[{"href":"http:\/\/technofluid.it\/es\/wp-json\/wp\/v2\/media?parent=30912"}],"wp:term":[{"taxonomy":"product_brand","embeddable":true,"href":"http:\/\/technofluid.it\/es\/wp-json\/wp\/v2\/product_brand?post=30912"},{"taxonomy":"product_cat","embeddable":true,"href":"http:\/\/technofluid.it\/es\/wp-json\/wp\/v2\/product_cat?post=30912"},{"taxonomy":"product_tag","embeddable":true,"href":"http:\/\/technofluid.it\/es\/wp-json\/wp\/v2\/product_tag?post=30912"}],"curies":[{"name":"wp","href":"https:\/\/api.w.org\/{rel}","templated":true}]}}