{"id":29290,"date":"2025-10-24T23:59:56","date_gmt":"2025-10-24T23:59:56","guid":{"rendered":"https:\/\/technofluid.it\/prodotto\/bocchettone-f-f-sede-conica-da-11-4-in-ottone-codice-0340g-maestrini\/"},"modified":"2026-03-25T12:44:01","modified_gmt":"2026-03-25T11:44:01","slug":"bocchettone-f-f-a-sede-conica-da-114-in-ottone-dvgw-codice-0340g-maestrini","status":"publish","type":"product","link":"http:\/\/technofluid.it\/es\/producto\/boca-f-f-de-asiento-conico-de-114-en-laton-dvgw-codigo-0340g-maestrini\/","title":{"rendered":"Racord F-F con asiento c\u00f3nico de 1\"1\/4 en lat\u00f3n \u2013 DVGW \u2013 c\u00f3digo: *0340G \u2013 Maestrini"},"content":{"rendered":"<p>Racord F-F con asiento c\u00f3nico de 1\"1\/4 en lat\u00f3n \u2013 DVGW \u2013 c\u00f3digo: *0340G \u2013 Maestrini<\/p>","protected":false},"excerpt":{"rendered":"<p>Bocchettone F-F a sede conica Maestrini in ottone, misura 1&#8243;1\/4, identificato dal codice prodotto fornitore *0340G. Soluzione indicata per collegamenti filettati femmina-femmina in ambito idraulico e impiantistico, utile quando \u00e8 richiesta una geometria di accoppiamento a sede conica e si desidera un componente pratico da gestire anche in manutenzione. Adatto a installazioni tecniche, inclusa l\u2019impiantistica di bordo, dove ordine del layout e possibilit\u00e0 di intervento sono aspetti importanti. Per la corretta scelta, verificare misura, tipologia di sede e compatibilit\u00e0 con i componenti controparte.<\/p>","protected":false},"featured_media":37037,"comment_status":"open","ping_status":"closed","template":"","meta":{"_acf_changed":false,"_monsterinsights_skip_tracking":false,"_monsterinsights_sitenote_active":false,"_monsterinsights_sitenote_note":"","_monsterinsights_sitenote_category":0,"site-sidebar-layout":"default","site-content-layout":"","ast-site-content-layout":"default","site-content-style":"default","site-sidebar-style":"default","ast-global-header-display":"","ast-banner-title-visibility":"","ast-main-header-display":"","ast-hfb-above-header-display":"","ast-hfb-below-header-display":"","ast-hfb-mobile-header-display":"","site-post-title":"","ast-breadcrumbs-content":"","ast-featured-img":"","footer-sml-layout":"","ast-disable-related-posts":"","theme-transparent-header-meta":"default","adv-header-id-meta":"","stick-header-meta":"","header-above-stick-meta":"","header-main-stick-meta":"","header-below-stick-meta":"","astra-migrate-meta-layouts":"set","ast-page-background-enabled":"default","ast-page-background-meta":{"desktop":{"background-color":"var(--ast-global-color-5)","background-image":"","background-repeat":"repeat","background-position":"center center","background-size":"auto","background-attachment":"scroll","background-type":"","background-media":"","overlay-type":"","overlay-color":"","overlay-opacity":"","overlay-gradient":""},"tablet":{"background-color":"","background-image":"","background-repeat":"repeat","background-position":"center center","background-size":"auto","background-attachment":"scroll","background-type":"","background-media":"","overlay-type":"","overlay-color":"","overlay-opacity":"","overlay-gradient":""},"mobile":{"background-color":"","background-image":"","background-repeat":"repeat","background-position":"center center","background-size":"auto","background-attachment":"scroll","background-type":"","background-media":"","overlay-type":"","overlay-color":"","overlay-opacity":"","overlay-gradient":""}},"ast-content-background-meta":{"desktop":{"background-color":"var(--ast-global-color-4)","background-image":"","background-repeat":"repeat","background-position":"center center","background-size":"auto","background-attachment":"scroll","background-type":"","background-media":"","overlay-type":"","overlay-color":"","overlay-opacity":"","overlay-gradient":""},"tablet":{"background-color":"var(--ast-global-color-4)","background-image":"","background-repeat":"repeat","background-position":"center center","background-size":"auto","background-attachment":"scroll","background-type":"","background-media":"","overlay-type":"","overlay-color":"","overlay-opacity":"","overlay-gradient":""},"mobile":{"background-color":"var(--ast-global-color-4)","background-image":"","background-repeat":"repeat","background-position":"center center","background-size":"auto","background-attachment":"scroll","background-type":"","background-media":"","overlay-type":"","overlay-color":"","overlay-opacity":"","overlay-gradient":""}}},"product_brand":[],"product_cat":[84,93],"product_tag":[3676,3653,3664,3675,3655],"class_list":{"0":"post-29290","1":"product","2":"type-product","3":"status-publish","4":"has-post-thumbnail","6":"product_cat-idraulica-e-ferramenta","7":"product_cat-idraulica-e-raccordi","8":"product_tag-11-4","9":"product_tag-bocchettone","10":"product_tag-bocchettone-f-f-sede-conica-da","11":"product_tag-f-f","12":"product_tag-maestrini","13":"pa_supplier-maestrini-s-r-l-societa-unipersonale","14":"desktop-align-left","15":"tablet-align-left","16":"mobile-align-left","18":"first","19":"instock","20":"taxable","21":"shipping-taxable","22":"purchasable","23":"product-type-simple"},"acf":[],"yoast_head":"<!-- This site is optimized with the Yoast SEO Premium plugin v26.7 (Yoast SEO v26.9) - https:\/\/yoast.com\/product\/yoast-seo-premium-wordpress\/ -->\n<title>Bocchettone F-F sede conica 1&quot;1\/4 ottone Maestrini<\/title>\n<meta name=\"description\" content=\"Bocchettone F-F a sede conica in ottone 1&quot;1\/4 Maestrini, codice *0340G. Per collegamenti filettati in impianti idraulici e di bordo.\" \/>\n<meta name=\"robots\" content=\"index, follow, max-snippet:-1, max-image-preview:large, max-video-preview:-1\" \/>\n<link rel=\"canonical\" href=\"http:\/\/technofluid.it\/es\/producto\/boca-f-f-de-asiento-conico-de-114-en-laton-dvgw-codigo-0340g-maestrini\/\" \/>\n<meta property=\"og:locale\" content=\"es_ES\" \/>\n<meta property=\"og:type\" content=\"article\" \/>\n<meta property=\"og:title\" content=\"Bocchettone F-F a sede conica da 1&quot;1\/4 in ottone &ndash; DVGW &ndash; codice: *0340G &ndash; Maestrini\" \/>\n<meta property=\"og:description\" content=\"Bocchettone F-F a sede conica in ottone 1&quot;1\/4 Maestrini, codice *0340G. Per collegamenti filettati in impianti idraulici e di bordo.\" \/>\n<meta property=\"og:url\" content=\"http:\/\/technofluid.it\/es\/producto\/boca-f-f-de-asiento-conico-de-114-en-laton-dvgw-codigo-0340g-maestrini\/\" \/>\n<meta property=\"og:site_name\" content=\"Technofluid\" \/>\n<meta property=\"article:modified_time\" content=\"2026-03-25T11:44:01+00:00\" \/>\n<meta property=\"og:image\" content=\"https:\/\/technofluid.it\/wp-content\/uploads\/2026\/01\/1210-Bocchettone-F-F-a-sede-conica-da-114-in-ottone-DVGW-codice-0340G-Maestrini.jpg\" \/>\n\t<meta property=\"og:image:width\" content=\"300\" \/>\n\t<meta property=\"og:image:height\" content=\"300\" \/>\n\t<meta property=\"og:image:type\" content=\"image\/jpeg\" \/>\n<meta name=\"twitter:card\" content=\"summary_large_image\" \/>\n<meta name=\"twitter:label1\" content=\"Precio\" \/>\n\t<meta name=\"twitter:data1\" content=\"28,66&nbsp;&euro; Iva esclusa\" \/>\n\t<meta name=\"twitter:label2\" content=\"Disponibilidad\" \/>\n\t<meta name=\"twitter:data2\" content=\"Disponible\" \/>\n<script type=\"application\/ld+json\" class=\"yoast-schema-graph\">{\"@context\":\"https:\/\/schema.org\",\"@graph\":[{\"@type\":\"WebPage\",\"@id\":\"https:\/\/technofluid.it\/prodotto\/bocchettone-f-f-a-sede-conica-da-114-in-ottone-dvgw-codice-0340g-maestrini\/\",\"url\":\"https:\/\/technofluid.it\/prodotto\/bocchettone-f-f-a-sede-conica-da-114-in-ottone-dvgw-codice-0340g-maestrini\/\",\"name\":\"Bocchettone F-F sede conica 1\\\"1\/4 ottone Maestrini\",\"isPartOf\":{\"@id\":\"https:\/\/technofluid.it\/#website\"},\"primaryImageOfPage\":{\"@id\":\"https:\/\/technofluid.it\/prodotto\/bocchettone-f-f-a-sede-conica-da-114-in-ottone-dvgw-codice-0340g-maestrini\/#primaryimage\"},\"image\":{\"@id\":\"https:\/\/technofluid.it\/prodotto\/bocchettone-f-f-a-sede-conica-da-114-in-ottone-dvgw-codice-0340g-maestrini\/#primaryimage\"},\"thumbnailUrl\":\"https:\/\/technofluid.it\/wp-content\/uploads\/2026\/01\/1210-Bocchettone-F-F-a-sede-conica-da-114-in-ottone-DVGW-codice-0340G-Maestrini.jpg\",\"datePublished\":\"2025-10-24T23:59:56+00:00\",\"dateModified\":\"2026-03-25T11:44:01+00:00\",\"description\":\"Bocchettone F-F a sede conica in ottone 1\\\"1\/4 Maestrini, codice *0340G. Per collegamenti filettati in impianti idraulici e di bordo.\",\"breadcrumb\":{\"@id\":\"https:\/\/technofluid.it\/prodotto\/bocchettone-f-f-a-sede-conica-da-114-in-ottone-dvgw-codice-0340g-maestrini\/#breadcrumb\"},\"inLanguage\":\"es\",\"potentialAction\":[{\"@type\":\"ReadAction\",\"target\":[\"https:\/\/technofluid.it\/prodotto\/bocchettone-f-f-a-sede-conica-da-114-in-ottone-dvgw-codice-0340g-maestrini\/\"]}]},{\"@type\":\"ImageObject\",\"inLanguage\":\"es\",\"@id\":\"https:\/\/technofluid.it\/prodotto\/bocchettone-f-f-a-sede-conica-da-114-in-ottone-dvgw-codice-0340g-maestrini\/#primaryimage\",\"url\":\"https:\/\/technofluid.it\/wp-content\/uploads\/2026\/01\/1210-Bocchettone-F-F-a-sede-conica-da-114-in-ottone-DVGW-codice-0340G-Maestrini.jpg\",\"contentUrl\":\"https:\/\/technofluid.it\/wp-content\/uploads\/2026\/01\/1210-Bocchettone-F-F-a-sede-conica-da-114-in-ottone-DVGW-codice-0340G-Maestrini.jpg\",\"width\":300,\"height\":300,\"caption\":\"F in ottone con sede conica da 1\\\"1\/4, certificato DVGW, perfetto per connessioni sicure in impianti idraulici.\"},{\"@type\":\"BreadcrumbList\",\"@id\":\"https:\/\/technofluid.it\/prodotto\/bocchettone-f-f-a-sede-conica-da-114-in-ottone-dvgw-codice-0340g-maestrini\/#breadcrumb\",\"itemListElement\":[{\"@type\":\"ListItem\",\"position\":1,\"name\":\"Home\",\"item\":\"https:\/\/technofluid.it\/\"},{\"@type\":\"ListItem\",\"position\":2,\"name\":\"Shop\",\"item\":\"https:\/\/technofluid.it\/shop\/\"},{\"@type\":\"ListItem\",\"position\":3,\"name\":\"Bocchettone F-F a sede conica da 1&quot;1\/4 in ottone &ndash; DVGW &ndash; codice: *0340G &ndash; Maestrini\"}]},{\"@type\":\"WebSite\",\"@id\":\"https:\/\/technofluid.it\/#website\",\"url\":\"https:\/\/technofluid.it\/\",\"name\":\"Technofluid S.R.L.\",\"description\":\"Dal 1999 siamo specializzati nell&#039;impiantistica navale, idraulica, civile e industriale\",\"publisher\":{\"@id\":\"https:\/\/technofluid.it\/#organization\"},\"potentialAction\":[{\"@type\":\"SearchAction\",\"target\":{\"@type\":\"EntryPoint\",\"urlTemplate\":\"https:\/\/technofluid.it\/?s={search_term_string}\"},\"query-input\":{\"@type\":\"PropertyValueSpecification\",\"valueRequired\":true,\"valueName\":\"search_term_string\"}}],\"inLanguage\":\"es\"},{\"@type\":\"Organization\",\"@id\":\"https:\/\/technofluid.it\/#organization\",\"name\":\"Technofluid\",\"url\":\"https:\/\/technofluid.it\/\",\"logo\":{\"@type\":\"ImageObject\",\"inLanguage\":\"es\",\"@id\":\"https:\/\/technofluid.it\/#\/schema\/logo\/image\/\",\"url\":\"https:\/\/technofluid.it\/wp-content\/uploads\/2025\/12\/technofluid_bianco-logo.webp\",\"contentUrl\":\"https:\/\/technofluid.it\/wp-content\/uploads\/2025\/12\/technofluid_bianco-logo.webp\",\"width\":350,\"height\":116,\"caption\":\"Technofluid\"},\"image\":{\"@id\":\"https:\/\/technofluid.it\/#\/schema\/logo\/image\/\"},\"description\":\"La Technofluid S.r.l. nasce nel 1999 a Barcellona Pozzo di Gotto, in provincia di Messina, con l\u2019obiettivo di diventare un punto di riferimento nel settore dell\u2019impiantistica navale, idraulica, civile e industriale.\",\"email\":\"info@technofluid.it\",\"telephone\":\"0907386877\",\"legalName\":\"Technofluid S.R.L\",\"vatID\":\"IT03148240835\",\"taxID\":\"03148240835\",\"ownershipFundingInfo\":\"https:\/\/technofluid.it\/azienda\/\"}]}<\/script>\n<meta property=\"product:price:amount\" content=\"28.66\" \/>\n<meta property=\"product:price:currency\" content=\"EUR\" \/>\n<meta property=\"og:availability\" content=\"instock\" \/>\n<meta property=\"product:availability\" content=\"instock\" \/>\n<meta property=\"product:retailer_item_id\" content=\"MAES00000180\" \/>\n<meta property=\"product:condition\" content=\"new\" \/>\n<!-- \/ Yoast SEO Premium plugin. -->","yoast_head_json":{"title":"Boca F-F asiento c\u00f3nico 1\"1\/4 lat\u00f3n Maestrini","description":"Racord hembra-hembra con asiento c\u00f3nico en lat\u00f3n 1\"1\/4 Maestrini, c\u00f3digo *0340G. Para conexiones roscadas en instalaciones hidr\u00e1ulicas y de a bordo.","robots":{"index":"index","follow":"follow","max-snippet":"max-snippet:-1","max-image-preview":"max-image-preview:large","max-video-preview":"max-video-preview:-1"},"canonical":"http:\/\/technofluid.it\/es\/producto\/boca-f-f-de-asiento-conico-de-114-en-laton-dvgw-codigo-0340g-maestrini\/","og_locale":"es_ES","og_type":"article","og_title":"Bocchettone F-F a sede conica da 1&quot;1\/4 in ottone &ndash; DVGW &ndash; codice: *0340G &ndash; Maestrini","og_description":"Bocchettone F-F a sede conica in ottone 1\"1\/4 Maestrini, codice *0340G. Per collegamenti filettati in impianti idraulici e di bordo.","og_url":"http:\/\/technofluid.it\/es\/producto\/boca-f-f-de-asiento-conico-de-114-en-laton-dvgw-codigo-0340g-maestrini\/","og_site_name":"Technofluid","article_modified_time":"2026-03-25T11:44:01+00:00","og_image":[{"width":300,"height":300,"url":"https:\/\/technofluid.it\/wp-content\/uploads\/2026\/01\/1210-Bocchettone-F-F-a-sede-conica-da-114-in-ottone-DVGW-codice-0340G-Maestrini.jpg","type":"image\/jpeg"}],"twitter_card":"summary_large_image","twitter_misc":{"Precio":"28,66&nbsp;&euro; Iva esclusa","Disponibilidad":"Disponible"},"schema":{"@context":"https:\/\/schema.org","@graph":[{"@type":"WebPage","@id":"https:\/\/technofluid.it\/prodotto\/bocchettone-f-f-a-sede-conica-da-114-in-ottone-dvgw-codice-0340g-maestrini\/","url":"https:\/\/technofluid.it\/prodotto\/bocchettone-f-f-a-sede-conica-da-114-in-ottone-dvgw-codice-0340g-maestrini\/","name":"Boca F-F asiento c\u00f3nico 1\"1\/4 lat\u00f3n Maestrini","isPartOf":{"@id":"https:\/\/technofluid.it\/#website"},"primaryImageOfPage":{"@id":"https:\/\/technofluid.it\/prodotto\/bocchettone-f-f-a-sede-conica-da-114-in-ottone-dvgw-codice-0340g-maestrini\/#primaryimage"},"image":{"@id":"https:\/\/technofluid.it\/prodotto\/bocchettone-f-f-a-sede-conica-da-114-in-ottone-dvgw-codice-0340g-maestrini\/#primaryimage"},"thumbnailUrl":"https:\/\/technofluid.it\/wp-content\/uploads\/2026\/01\/1210-Bocchettone-F-F-a-sede-conica-da-114-in-ottone-DVGW-codice-0340G-Maestrini.jpg","datePublished":"2025-10-24T23:59:56+00:00","dateModified":"2026-03-25T11:44:01+00:00","description":"Racord hembra-hembra con asiento c\u00f3nico en lat\u00f3n 1\"1\/4 Maestrini, c\u00f3digo *0340G. Para conexiones roscadas en instalaciones hidr\u00e1ulicas y de a bordo.","breadcrumb":{"@id":"https:\/\/technofluid.it\/prodotto\/bocchettone-f-f-a-sede-conica-da-114-in-ottone-dvgw-codice-0340g-maestrini\/#breadcrumb"},"inLanguage":"es","potentialAction":[{"@type":"ReadAction","target":["https:\/\/technofluid.it\/prodotto\/bocchettone-f-f-a-sede-conica-da-114-in-ottone-dvgw-codice-0340g-maestrini\/"]}]},{"@type":"ImageObject","inLanguage":"es","@id":"https:\/\/technofluid.it\/prodotto\/bocchettone-f-f-a-sede-conica-da-114-in-ottone-dvgw-codice-0340g-maestrini\/#primaryimage","url":"https:\/\/technofluid.it\/wp-content\/uploads\/2026\/01\/1210-Bocchettone-F-F-a-sede-conica-da-114-in-ottone-DVGW-codice-0340G-Maestrini.jpg","contentUrl":"https:\/\/technofluid.it\/wp-content\/uploads\/2026\/01\/1210-Bocchettone-F-F-a-sede-conica-da-114-in-ottone-DVGW-codice-0340G-Maestrini.jpg","width":300,"height":300,"caption":"F in ottone con sede conica da 1\"1\/4, certificato DVGW, perfetto per connessioni sicure in impianti idraulici."},{"@type":"BreadcrumbList","@id":"https:\/\/technofluid.it\/prodotto\/bocchettone-f-f-a-sede-conica-da-114-in-ottone-dvgw-codice-0340g-maestrini\/#breadcrumb","itemListElement":[{"@type":"ListItem","position":1,"name":"Home","item":"https:\/\/technofluid.it\/"},{"@type":"ListItem","position":2,"name":"Shop","item":"https:\/\/technofluid.it\/shop\/"},{"@type":"ListItem","position":3,"name":"Bocchettone F-F a sede conica da 1&quot;1\/4 in ottone &ndash; DVGW &ndash; codice: *0340G &ndash; Maestrini"}]},{"@type":"WebSite","@id":"https:\/\/technofluid.it\/#website","url":"https:\/\/technofluid.it\/","name":"Technofluid S.R.L.","description":"Desde 1999 estamos especializados en instalaciones navales, hidr\u00e1ulicas, civiles e industriales","publisher":{"@id":"https:\/\/technofluid.it\/#organization"},"potentialAction":[{"@type":"SearchAction","target":{"@type":"EntryPoint","urlTemplate":"https:\/\/technofluid.it\/?s={search_term_string}"},"query-input":{"@type":"PropertyValueSpecification","valueRequired":true,"valueName":"search_term_string"}}],"inLanguage":"es"},{"@type":"Organization","@id":"https:\/\/technofluid.it\/#organization","name":"Technofluid","url":"https:\/\/technofluid.it\/","logo":{"@type":"ImageObject","inLanguage":"es","@id":"https:\/\/technofluid.it\/#\/schema\/logo\/image\/","url":"https:\/\/technofluid.it\/wp-content\/uploads\/2025\/12\/technofluid_bianco-logo.webp","contentUrl":"https:\/\/technofluid.it\/wp-content\/uploads\/2025\/12\/technofluid_bianco-logo.webp","width":350,"height":116,"caption":"Technofluid"},"image":{"@id":"https:\/\/technofluid.it\/#\/schema\/logo\/image\/"},"description":"Technofluid S.r.l. nace en 1999 en Barcellona Pozzo di Gotto, en la provincia de Messina, con el objetivo de convertirse en un punto de referencia en el sector de la ingenier\u00eda naval, hidr\u00e1ulica, civil e industrial.","email":"info@technofluid.it","telephone":"0907386877","legalName":"Technofluid S.R.L","vatID":"IT03148240835","taxID":"03148240835","ownershipFundingInfo":"https:\/\/technofluid.it\/azienda\/"}]},"product_price_amount":"28.66","product_price_currency":"EUR","og_availability":"instock","product_availability":"instock","product_retailer_item_id":"MAES00000180","product_condition":"new"},"_links":{"self":[{"href":"http:\/\/technofluid.it\/es\/wp-json\/wp\/v2\/product\/29290","targetHints":{"allow":["GET"]}}],"collection":[{"href":"http:\/\/technofluid.it\/es\/wp-json\/wp\/v2\/product"}],"about":[{"href":"http:\/\/technofluid.it\/es\/wp-json\/wp\/v2\/types\/product"}],"replies":[{"embeddable":true,"href":"http:\/\/technofluid.it\/es\/wp-json\/wp\/v2\/comments?post=29290"}],"version-history":[{"count":3,"href":"http:\/\/technofluid.it\/es\/wp-json\/wp\/v2\/product\/29290\/revisions"}],"predecessor-version":[{"id":52688,"href":"http:\/\/technofluid.it\/es\/wp-json\/wp\/v2\/product\/29290\/revisions\/52688"}],"wp:featuredmedia":[{"embeddable":true,"href":"http:\/\/technofluid.it\/es\/wp-json\/wp\/v2\/media\/37037"}],"wp:attachment":[{"href":"http:\/\/technofluid.it\/es\/wp-json\/wp\/v2\/media?parent=29290"}],"wp:term":[{"taxonomy":"product_brand","embeddable":true,"href":"http:\/\/technofluid.it\/es\/wp-json\/wp\/v2\/product_brand?post=29290"},{"taxonomy":"product_cat","embeddable":true,"href":"http:\/\/technofluid.it\/es\/wp-json\/wp\/v2\/product_cat?post=29290"},{"taxonomy":"product_tag","embeddable":true,"href":"http:\/\/technofluid.it\/es\/wp-json\/wp\/v2\/product_tag?post=29290"}],"curies":[{"name":"wp","href":"https:\/\/api.w.org\/{rel}","templated":true}]}}