{"id":30574,"date":"2025-10-25T00:03:04","date_gmt":"2025-10-25T00:03:04","guid":{"rendered":"https:\/\/technofluid.it\/prodotto\/olio-atf-fluid-ii-1l-codice-v3230-1l-vanguard\/"},"modified":"2026-04-15T07:13:42","modified_gmt":"2026-04-15T06:13:42","slug":"olio-atf-fluid-ii-1l-codice-v3230-1l-vanguard","status":"publish","type":"product","link":"http:\/\/technofluid.it\/en\/product\/atf-fluid-oil-ii-1l-code-v3230-1l-vanguard-2\/","title":{"rendered":"Olio atf fluid II 1L \u2013 code: V3230 1L \u2013 Vanguard"},"content":{"rendered":"<p>Olio atf fluid II 1L \u2013 code: V3230 1L \u2013 Vanguard<\/p>","protected":false},"excerpt":{"rendered":"<p>VANGUARD ATF FLUID II OIL 1L<\/p>","protected":false},"featured_media":40252,"comment_status":"open","ping_status":"closed","template":"","meta":{"_acf_changed":false,"_monsterinsights_skip_tracking":false,"_monsterinsights_sitenote_active":false,"_monsterinsights_sitenote_note":"","_monsterinsights_sitenote_category":0,"site-sidebar-layout":"default","site-content-layout":"","ast-site-content-layout":"default","site-content-style":"default","site-sidebar-style":"default","ast-global-header-display":"","ast-banner-title-visibility":"","ast-main-header-display":"","ast-hfb-above-header-display":"","ast-hfb-below-header-display":"","ast-hfb-mobile-header-display":"","site-post-title":"","ast-breadcrumbs-content":"","ast-featured-img":"","footer-sml-layout":"","ast-disable-related-posts":"","theme-transparent-header-meta":"","adv-header-id-meta":"","stick-header-meta":"","header-above-stick-meta":"","header-main-stick-meta":"","header-below-stick-meta":"","astra-migrate-meta-layouts":"default","ast-page-background-enabled":"default","ast-page-background-meta":{"desktop":{"background-color":"var(--ast-global-color-5)","background-image":"","background-repeat":"repeat","background-position":"center center","background-size":"auto","background-attachment":"scroll","background-type":"","background-media":"","overlay-type":"","overlay-color":"","overlay-opacity":"","overlay-gradient":""},"tablet":{"background-color":"","background-image":"","background-repeat":"repeat","background-position":"center center","background-size":"auto","background-attachment":"scroll","background-type":"","background-media":"","overlay-type":"","overlay-color":"","overlay-opacity":"","overlay-gradient":""},"mobile":{"background-color":"","background-image":"","background-repeat":"repeat","background-position":"center center","background-size":"auto","background-attachment":"scroll","background-type":"","background-media":"","overlay-type":"","overlay-color":"","overlay-opacity":"","overlay-gradient":""}},"ast-content-background-meta":{"desktop":{"background-color":"var(--ast-global-color-4)","background-image":"","background-repeat":"repeat","background-position":"center center","background-size":"auto","background-attachment":"scroll","background-type":"","background-media":"","overlay-type":"","overlay-color":"","overlay-opacity":"","overlay-gradient":""},"tablet":{"background-color":"var(--ast-global-color-4)","background-image":"","background-repeat":"repeat","background-position":"center center","background-size":"auto","background-attachment":"scroll","background-type":"","background-media":"","overlay-type":"","overlay-color":"","overlay-opacity":"","overlay-gradient":""},"mobile":{"background-color":"var(--ast-global-color-4)","background-image":"","background-repeat":"repeat","background-position":"center center","background-size":"auto","background-attachment":"scroll","background-type":"","background-media":"","overlay-type":"","overlay-color":"","overlay-opacity":"","overlay-gradient":""}}},"product_brand":[],"product_cat":[179,453],"product_tag":[5269,6506,6507],"class_list":{"0":"post-30574","1":"product","2":"type-product","3":"status-publish","4":"has-post-thumbnail","6":"product_cat-motori-e-ricambi","7":"product_cat-ricambi-motori-e-oli","8":"product_tag-1l","9":"product_tag-atf-fluid-ii","10":"product_tag-olio-vanguard","11":"pa_supplier-br-ricambi-srls","12":"desktop-align-left","13":"tablet-align-left","14":"mobile-align-left","16":"first","17":"instock","18":"taxable","19":"shipping-taxable","20":"purchasable","21":"product-type-simple"},"acf":[],"yoast_head":"<!-- This site is optimized with the Yoast SEO Premium plugin v26.7 (Yoast SEO v26.9) - https:\/\/yoast.com\/product\/yoast-seo-premium-wordpress\/ -->\n<title>Olio ATF Fluid II 1L Vanguard - Qualit\u00e0 e Prestazioni<\/title>\n<meta name=\"description\" content=\"Acquista Olio ATF Fluid II 1L Vanguard, perfetto per la tua trasmissione. Affidabilit\u00e0 e qualit\u00e0 garantite. Scopri di pi\u00f9 ora!\" \/>\n<meta name=\"robots\" content=\"index, follow, max-snippet:-1, max-image-preview:large, max-video-preview:-1\" \/>\n<link rel=\"canonical\" href=\"http:\/\/technofluid.it\/en\/product\/atf-fluid-oil-ii-1l-code-v3230-1l-vanguard-2\/\" \/>\n<meta property=\"og:locale\" content=\"en_GB\" \/>\n<meta property=\"og:type\" content=\"article\" \/>\n<meta property=\"og:title\" content=\"Olio atf fluid II 1L - codice: V3230 1L - Vanguard\" \/>\n<meta property=\"og:description\" content=\"Acquista Olio ATF Fluid II 1L Vanguard, perfetto per la tua trasmissione. Affidabilit\u00e0 e qualit\u00e0 garantite. Scopri di pi\u00f9 ora!\" \/>\n<meta property=\"og:url\" content=\"http:\/\/technofluid.it\/en\/product\/atf-fluid-oil-ii-1l-code-v3230-1l-vanguard-2\/\" \/>\n<meta property=\"og:site_name\" content=\"Technofluid\" \/>\n<meta property=\"article:modified_time\" content=\"2026-04-15T06:13:42+00:00\" \/>\n<meta property=\"og:image\" content=\"https:\/\/technofluid.it\/wp-content\/uploads\/2026\/01\/2860-Olio-atf-fluid-II-1L-codice-V3230-1L-Vanguard.jpg\" \/>\n\t<meta property=\"og:image:width\" content=\"1080\" \/>\n\t<meta property=\"og:image:height\" content=\"1080\" \/>\n\t<meta property=\"og:image:type\" content=\"image\/png\" \/>\n<meta name=\"twitter:card\" content=\"summary_large_image\" \/>\n<meta name=\"twitter:label1\" content=\"Price\" \/>\n\t<meta name=\"twitter:data1\" content=\"7,46&nbsp;&euro; Iva esclusa\" \/>\n\t<meta name=\"twitter:label2\" content=\"Availability\" \/>\n\t<meta name=\"twitter:data2\" content=\"In stock\" \/>\n<script type=\"application\/ld+json\" class=\"yoast-schema-graph\">{\"@context\":\"https:\/\/schema.org\",\"@graph\":[{\"@type\":\"WebPage\",\"@id\":\"https:\/\/technofluid.it\/prodotto\/olio-atf-fluid-ii-1l-codice-v3230-1l-vanguard\/\",\"url\":\"https:\/\/technofluid.it\/prodotto\/olio-atf-fluid-ii-1l-codice-v3230-1l-vanguard\/\",\"name\":\"Olio ATF Fluid II 1L Vanguard - Qualit\u00e0 e Prestazioni\",\"isPartOf\":{\"@id\":\"https:\/\/technofluid.it\/#website\"},\"primaryImageOfPage\":{\"@id\":\"https:\/\/technofluid.it\/prodotto\/olio-atf-fluid-ii-1l-codice-v3230-1l-vanguard\/#primaryimage\"},\"image\":{\"@id\":\"https:\/\/technofluid.it\/prodotto\/olio-atf-fluid-ii-1l-codice-v3230-1l-vanguard\/#primaryimage\"},\"thumbnailUrl\":\"https:\/\/technofluid.it\/wp-content\/uploads\/2026\/01\/2860-Olio-atf-fluid-II-1L-codice-V3230-1L-Vanguard.jpg\",\"datePublished\":\"2025-10-25T00:03:04+00:00\",\"dateModified\":\"2026-04-15T06:13:42+00:00\",\"description\":\"Acquista Olio ATF Fluid II 1L Vanguard, perfetto per la tua trasmissione. Affidabilit\u00e0 e qualit\u00e0 garantite. Scopri di pi\u00f9 ora!\",\"breadcrumb\":{\"@id\":\"https:\/\/technofluid.it\/prodotto\/olio-atf-fluid-ii-1l-codice-v3230-1l-vanguard\/#breadcrumb\"},\"inLanguage\":\"en-GB\",\"potentialAction\":[{\"@type\":\"ReadAction\",\"target\":[\"https:\/\/technofluid.it\/prodotto\/olio-atf-fluid-ii-1l-codice-v3230-1l-vanguard\/\"]}]},{\"@type\":\"ImageObject\",\"inLanguage\":\"en-GB\",\"@id\":\"https:\/\/technofluid.it\/prodotto\/olio-atf-fluid-ii-1l-codice-v3230-1l-vanguard\/#primaryimage\",\"url\":\"https:\/\/technofluid.it\/wp-content\/uploads\/2026\/01\/2860-Olio-atf-fluid-II-1L-codice-V3230-1L-Vanguard.jpg\",\"contentUrl\":\"https:\/\/technofluid.it\/wp-content\/uploads\/2026\/01\/2860-Olio-atf-fluid-II-1L-codice-V3230-1L-Vanguard.jpg\",\"width\":1080,\"height\":1080,\"caption\":\"Bottiglia di olio ATF Vanguard da 1 litro, ideale per sistemi di trasmissione automatica. Perfetto per la manutenzione del veicolo.\"},{\"@type\":\"BreadcrumbList\",\"@id\":\"https:\/\/technofluid.it\/prodotto\/olio-atf-fluid-ii-1l-codice-v3230-1l-vanguard\/#breadcrumb\",\"itemListElement\":[{\"@type\":\"ListItem\",\"position\":1,\"name\":\"Home\",\"item\":\"https:\/\/technofluid.it\/\"},{\"@type\":\"ListItem\",\"position\":2,\"name\":\"Shop\",\"item\":\"https:\/\/technofluid.it\/shop\/\"},{\"@type\":\"ListItem\",\"position\":3,\"name\":\"Olio atf fluid II 1L &#8211; codice: V3230 1L &#8211; Vanguard\"}]},{\"@type\":\"WebSite\",\"@id\":\"https:\/\/technofluid.it\/#website\",\"url\":\"https:\/\/technofluid.it\/\",\"name\":\"Technofluid S.R.L.\",\"description\":\"Dal 1999 siamo specializzati nell&#039;impiantistica navale, idraulica, civile e industriale\",\"publisher\":{\"@id\":\"https:\/\/technofluid.it\/#organization\"},\"potentialAction\":[{\"@type\":\"SearchAction\",\"target\":{\"@type\":\"EntryPoint\",\"urlTemplate\":\"https:\/\/technofluid.it\/?s={search_term_string}\"},\"query-input\":{\"@type\":\"PropertyValueSpecification\",\"valueRequired\":true,\"valueName\":\"search_term_string\"}}],\"inLanguage\":\"en-GB\"},{\"@type\":\"Organization\",\"@id\":\"https:\/\/technofluid.it\/#organization\",\"name\":\"Technofluid\",\"url\":\"https:\/\/technofluid.it\/\",\"logo\":{\"@type\":\"ImageObject\",\"inLanguage\":\"en-GB\",\"@id\":\"https:\/\/technofluid.it\/#\/schema\/logo\/image\/\",\"url\":\"https:\/\/technofluid.it\/wp-content\/uploads\/2025\/12\/technofluid_bianco-logo.webp\",\"contentUrl\":\"https:\/\/technofluid.it\/wp-content\/uploads\/2025\/12\/technofluid_bianco-logo.webp\",\"width\":350,\"height\":116,\"caption\":\"Technofluid\"},\"image\":{\"@id\":\"https:\/\/technofluid.it\/#\/schema\/logo\/image\/\"},\"description\":\"La Technofluid S.r.l. nasce nel 1999 a Barcellona Pozzo di Gotto, in provincia di Messina, con l\u2019obiettivo di diventare un punto di riferimento nel settore dell\u2019impiantistica navale, idraulica, civile e industriale.\",\"email\":\"info@technofluid.it\",\"telephone\":\"0907386877\",\"legalName\":\"Technofluid S.R.L\",\"vatID\":\"IT03148240835\",\"taxID\":\"03148240835\",\"ownershipFundingInfo\":\"https:\/\/technofluid.it\/azienda\/\"}]}<\/script>\n<meta property=\"product:price:amount\" content=\"7.46\" \/>\n<meta property=\"product:price:currency\" content=\"EUR\" \/>\n<meta property=\"og:availability\" content=\"instock\" \/>\n<meta property=\"product:availability\" content=\"instock\" \/>\n<meta property=\"product:retailer_item_id\" content=\"VANG000006\" \/>\n<meta property=\"product:condition\" content=\"new\" \/>\n<!-- \/ Yoast SEO Premium plugin. -->","yoast_head_json":{"title":"ATF Fluid Oil II 1L Vanguard - Quality and Performance","description":"Buy ATF Fluid II 1L Vanguard Oil, perfect for your transmission. Reliability and quality guaranteed. Learn more now!","robots":{"index":"index","follow":"follow","max-snippet":"max-snippet:-1","max-image-preview":"max-image-preview:large","max-video-preview":"max-video-preview:-1"},"canonical":"http:\/\/technofluid.it\/en\/product\/atf-fluid-oil-ii-1l-code-v3230-1l-vanguard-2\/","og_locale":"en_GB","og_type":"article","og_title":"Olio atf fluid II 1L - codice: V3230 1L - Vanguard","og_description":"Acquista Olio ATF Fluid II 1L Vanguard, perfetto per la tua trasmissione. Affidabilit\u00e0 e qualit\u00e0 garantite. Scopri di pi\u00f9 ora!","og_url":"http:\/\/technofluid.it\/en\/product\/atf-fluid-oil-ii-1l-code-v3230-1l-vanguard-2\/","og_site_name":"Technofluid","article_modified_time":"2026-04-15T06:13:42+00:00","og_image":[{"width":1080,"height":1080,"url":"https:\/\/technofluid.it\/wp-content\/uploads\/2026\/01\/2860-Olio-atf-fluid-II-1L-codice-V3230-1L-Vanguard.jpg","type":"image\/png"}],"twitter_card":"summary_large_image","twitter_misc":{"Price":"7,46&nbsp;&euro; Iva esclusa","Availability":"In stock"},"schema":{"@context":"https:\/\/schema.org","@graph":[{"@type":"WebPage","@id":"https:\/\/technofluid.it\/prodotto\/olio-atf-fluid-ii-1l-codice-v3230-1l-vanguard\/","url":"https:\/\/technofluid.it\/prodotto\/olio-atf-fluid-ii-1l-codice-v3230-1l-vanguard\/","name":"ATF Fluid Oil II 1L Vanguard - Quality and Performance","isPartOf":{"@id":"https:\/\/technofluid.it\/#website"},"primaryImageOfPage":{"@id":"https:\/\/technofluid.it\/prodotto\/olio-atf-fluid-ii-1l-codice-v3230-1l-vanguard\/#primaryimage"},"image":{"@id":"https:\/\/technofluid.it\/prodotto\/olio-atf-fluid-ii-1l-codice-v3230-1l-vanguard\/#primaryimage"},"thumbnailUrl":"https:\/\/technofluid.it\/wp-content\/uploads\/2026\/01\/2860-Olio-atf-fluid-II-1L-codice-V3230-1L-Vanguard.jpg","datePublished":"2025-10-25T00:03:04+00:00","dateModified":"2026-04-15T06:13:42+00:00","description":"Buy ATF Fluid II 1L Vanguard Oil, perfect for your transmission. Reliability and quality guaranteed. Learn more now!","breadcrumb":{"@id":"https:\/\/technofluid.it\/prodotto\/olio-atf-fluid-ii-1l-codice-v3230-1l-vanguard\/#breadcrumb"},"inLanguage":"en-GB","potentialAction":[{"@type":"ReadAction","target":["https:\/\/technofluid.it\/prodotto\/olio-atf-fluid-ii-1l-codice-v3230-1l-vanguard\/"]}]},{"@type":"ImageObject","inLanguage":"en-GB","@id":"https:\/\/technofluid.it\/prodotto\/olio-atf-fluid-ii-1l-codice-v3230-1l-vanguard\/#primaryimage","url":"https:\/\/technofluid.it\/wp-content\/uploads\/2026\/01\/2860-Olio-atf-fluid-II-1L-codice-V3230-1L-Vanguard.jpg","contentUrl":"https:\/\/technofluid.it\/wp-content\/uploads\/2026\/01\/2860-Olio-atf-fluid-II-1L-codice-V3230-1L-Vanguard.jpg","width":1080,"height":1080,"caption":"Bottiglia di olio ATF Vanguard da 1 litro, ideale per sistemi di trasmissione automatica. Perfetto per la manutenzione del veicolo."},{"@type":"BreadcrumbList","@id":"https:\/\/technofluid.it\/prodotto\/olio-atf-fluid-ii-1l-codice-v3230-1l-vanguard\/#breadcrumb","itemListElement":[{"@type":"ListItem","position":1,"name":"Home","item":"https:\/\/technofluid.it\/"},{"@type":"ListItem","position":2,"name":"Shop","item":"https:\/\/technofluid.it\/shop\/"},{"@type":"ListItem","position":3,"name":"Olio atf fluid II 1L &#8211; codice: V3230 1L &#8211; Vanguard"}]},{"@type":"WebSite","@id":"https:\/\/technofluid.it\/#website","url":"https:\/\/technofluid.it\/","name":"Technofluid S.R.L.","description":"Since 1999 we have specialised in marine, plumbing, civil and industrial installations","publisher":{"@id":"https:\/\/technofluid.it\/#organization"},"potentialAction":[{"@type":"SearchAction","target":{"@type":"EntryPoint","urlTemplate":"https:\/\/technofluid.it\/?s={search_term_string}"},"query-input":{"@type":"PropertyValueSpecification","valueRequired":true,"valueName":"search_term_string"}}],"inLanguage":"en-GB"},{"@type":"Organization","@id":"https:\/\/technofluid.it\/#organization","name":"Technofluid","url":"https:\/\/technofluid.it\/","logo":{"@type":"ImageObject","inLanguage":"en-GB","@id":"https:\/\/technofluid.it\/#\/schema\/logo\/image\/","url":"https:\/\/technofluid.it\/wp-content\/uploads\/2025\/12\/technofluid_bianco-logo.webp","contentUrl":"https:\/\/technofluid.it\/wp-content\/uploads\/2025\/12\/technofluid_bianco-logo.webp","width":350,"height":116,"caption":"Technofluid"},"image":{"@id":"https:\/\/technofluid.it\/#\/schema\/logo\/image\/"},"description":"Technofluid S.r.l. was founded in 1999 in Barcellona Pozzo di Gotto, in the province of Messina, with the aim of becoming a point of reference in the field of naval, hydraulic, civil, and industrial plant engineering.","email":"info@technofluid.it","telephone":"0907386877","legalName":"Technofluid S.R.L","vatID":"IT03148240835","taxID":"03148240835","ownershipFundingInfo":"https:\/\/technofluid.it\/azienda\/"}]},"product_price_amount":"7.46","product_price_currency":"EUR","og_availability":"instock","product_availability":"instock","product_retailer_item_id":"VANG000006","product_condition":"new"},"_links":{"self":[{"href":"http:\/\/technofluid.it\/en\/wp-json\/wp\/v2\/product\/30574","targetHints":{"allow":["GET"]}}],"collection":[{"href":"http:\/\/technofluid.it\/en\/wp-json\/wp\/v2\/product"}],"about":[{"href":"http:\/\/technofluid.it\/en\/wp-json\/wp\/v2\/types\/product"}],"replies":[{"embeddable":true,"href":"http:\/\/technofluid.it\/en\/wp-json\/wp\/v2\/comments?post=30574"}],"version-history":[{"count":0,"href":"http:\/\/technofluid.it\/en\/wp-json\/wp\/v2\/product\/30574\/revisions"}],"wp:featuredmedia":[{"embeddable":true,"href":"http:\/\/technofluid.it\/en\/wp-json\/wp\/v2\/media\/40252"}],"wp:attachment":[{"href":"http:\/\/technofluid.it\/en\/wp-json\/wp\/v2\/media?parent=30574"}],"wp:term":[{"taxonomy":"product_brand","embeddable":true,"href":"http:\/\/technofluid.it\/en\/wp-json\/wp\/v2\/product_brand?post=30574"},{"taxonomy":"product_cat","embeddable":true,"href":"http:\/\/technofluid.it\/en\/wp-json\/wp\/v2\/product_cat?post=30574"},{"taxonomy":"product_tag","embeddable":true,"href":"http:\/\/technofluid.it\/en\/wp-json\/wp\/v2\/product_tag?post=30574"}],"curies":[{"name":"wp","href":"https:\/\/api.w.org\/{rel}","templated":true}]}}