{"id":30777,"date":"2025-10-25T00:03:32","date_gmt":"2025-10-25T00:03:32","guid":{"rendered":"https:\/\/technofluid.it\/prodotto\/portacanna-regolabile-acciaio-inox-codice-41-167-90-osculati\/"},"modified":"2026-02-05T15:45:27","modified_gmt":"2026-02-05T15:45:27","slug":"portacanna-regolabile-acciaio-inox-codice-41-167-90-osculati","status":"publish","type":"product","link":"http:\/\/technofluid.it\/de\/produkt\/verstellbare-rutenhalter-aus-edelstahl-code-41-167-90-osculati\/","title":{"rendered":"Verstellbare Edelstahl-Rutenhalter \u2013 Code: 41.167.90 \u2013 Osculati"},"content":{"rendered":"<p>Verstellbare Edelstahl-Rutenhalter \u2013 Code: 41.167.90 \u2013 Osculati<\/p>","protected":false},"excerpt":{"rendered":"<p class=\"MsoNormal\"><b>UM:<\/b>\u00a0PZ<\/p>\n<p class=\"MsoNormal\"><b>H\u00f6he:<\/b>\u00a010 cm<\/p>\n<p class=\"MsoNormal\"><b>Gewicht:<\/b>\u00a00,94 kg<\/p>\n<p class=\"MsoNormal\"><b>Breite:<\/b>\u00a035 cm<\/p>\n<p class=\"MsoNormal\"><b>Lautst\u00e4rke:<\/b>\u00a03.500 cm\u00b3<\/p>\n<p class=\"MsoNormal\"><b>L\u00e4nge:<\/b> 10 cm<\/p>","protected":false},"featured_media":40811,"comment_status":"open","ping_status":"closed","template":"","meta":{"_acf_changed":false,"_monsterinsights_skip_tracking":false,"_monsterinsights_sitenote_active":false,"_monsterinsights_sitenote_note":"","_monsterinsights_sitenote_category":0,"site-sidebar-layout":"default","site-content-layout":"","ast-site-content-layout":"default","site-content-style":"default","site-sidebar-style":"default","ast-global-header-display":"","ast-banner-title-visibility":"","ast-main-header-display":"","ast-hfb-above-header-display":"","ast-hfb-below-header-display":"","ast-hfb-mobile-header-display":"","site-post-title":"","ast-breadcrumbs-content":"","ast-featured-img":"","footer-sml-layout":"","ast-disable-related-posts":"","theme-transparent-header-meta":"","adv-header-id-meta":"","stick-header-meta":"","header-above-stick-meta":"","header-main-stick-meta":"","header-below-stick-meta":"","astra-migrate-meta-layouts":"default","ast-page-background-enabled":"default","ast-page-background-meta":{"desktop":{"background-color":"var(--ast-global-color-5)","background-image":"","background-repeat":"repeat","background-position":"center center","background-size":"auto","background-attachment":"scroll","background-type":"","background-media":"","overlay-type":"","overlay-color":"","overlay-opacity":"","overlay-gradient":""},"tablet":{"background-color":"","background-image":"","background-repeat":"repeat","background-position":"center center","background-size":"auto","background-attachment":"scroll","background-type":"","background-media":"","overlay-type":"","overlay-color":"","overlay-opacity":"","overlay-gradient":""},"mobile":{"background-color":"","background-image":"","background-repeat":"repeat","background-position":"center center","background-size":"auto","background-attachment":"scroll","background-type":"","background-media":"","overlay-type":"","overlay-color":"","overlay-opacity":"","overlay-gradient":""}},"ast-content-background-meta":{"desktop":{"background-color":"var(--ast-global-color-4)","background-image":"","background-repeat":"repeat","background-position":"center center","background-size":"auto","background-attachment":"scroll","background-type":"","background-media":"","overlay-type":"","overlay-color":"","overlay-opacity":"","overlay-gradient":""},"tablet":{"background-color":"var(--ast-global-color-4)","background-image":"","background-repeat":"repeat","background-position":"center center","background-size":"auto","background-attachment":"scroll","background-type":"","background-media":"","overlay-type":"","overlay-color":"","overlay-opacity":"","overlay-gradient":""},"mobile":{"background-color":"var(--ast-global-color-4)","background-image":"","background-repeat":"repeat","background-position":"center center","background-size":"auto","background-attachment":"scroll","background-type":"","background-media":"","overlay-type":"","overlay-color":"","overlay-opacity":"","overlay-gradient":""}}},"product_brand":[],"product_cat":[253,176],"product_tag":[6900,3149,3132,3053,6897,6901,5000],"class_list":{"0":"post-30777","1":"product","2":"type-product","3":"status-publish","4":"has-post-thumbnail","6":"product_cat-accessori-coperta","7":"product_cat-attrezzatura-di-coperta","8":"product_tag-41-167-90","9":"product_tag-acciaio","10":"product_tag-inox","11":"product_tag-osculati","12":"product_tag-portacanna","13":"product_tag-portacanna-regolabile-acciaio-in","14":"product_tag-regolabile","15":"pa_supplier-osculati-s-r-l","16":"desktop-align-left","17":"tablet-align-left","18":"mobile-align-left","20":"first","21":"instock","22":"taxable","23":"shipping-taxable","24":"purchasable","25":"product-type-simple"},"acf":[],"yoast_head":"<!-- This site is optimized with the Yoast SEO Premium plugin v26.7 (Yoast SEO v26.9) - https:\/\/yoast.com\/product\/yoast-seo-premium-wordpress\/ -->\n<title>Portacanna Regolabile Acciaio Inox | Qualit\u00e0 Osculati<\/title>\n<meta name=\"description\" content=\"Scopri il portacanna regolabile in acciaio inox AISI 316, resistente e lucido. Perfetto per ogni esigenza, acquistalo ora su Osculati!\" \/>\n<meta name=\"robots\" content=\"index, follow, max-snippet:-1, max-image-preview:large, max-video-preview:-1\" \/>\n<link rel=\"canonical\" href=\"http:\/\/technofluid.it\/de\/produkt\/verstellbare-rutenhalter-aus-edelstahl-code-41-167-90-osculati\/\" \/>\n<meta property=\"og:locale\" content=\"de_DE\" \/>\n<meta property=\"og:type\" content=\"article\" \/>\n<meta property=\"og:title\" content=\"Portacanna regolabile acciaio inox - codice: 41.167.90 - Osculati\" \/>\n<meta property=\"og:description\" content=\"Scopri il portacanna regolabile in acciaio inox AISI 316, resistente e lucido. Perfetto per ogni esigenza, acquistalo ora su Osculati!\" \/>\n<meta property=\"og:url\" content=\"http:\/\/technofluid.it\/de\/produkt\/verstellbare-rutenhalter-aus-edelstahl-code-41-167-90-osculati\/\" \/>\n<meta property=\"og:site_name\" content=\"Technofluid\" \/>\n<meta property=\"article:modified_time\" content=\"2026-02-05T15:45:27+00:00\" \/>\n<meta property=\"og:image\" content=\"https:\/\/technofluid.it\/wp-content\/uploads\/2026\/01\/2182-Portacanna-regolabile-acciaio-inox-codice-41.167.90-Osculati.jpg\" \/>\n\t<meta property=\"og:image:width\" content=\"300\" \/>\n\t<meta property=\"og:image:height\" content=\"300\" \/>\n\t<meta property=\"og:image:type\" content=\"image\/jpeg\" \/>\n<meta name=\"twitter:card\" content=\"summary_large_image\" \/>\n<meta name=\"twitter:label1\" content=\"Preis\" \/>\n\t<meta name=\"twitter:data1\" content=\"34,84&nbsp;&euro; Iva esclusa\" \/>\n\t<meta name=\"twitter:label2\" content=\"Verf\u00fcgbarkeit\" \/>\n\t<meta name=\"twitter:data2\" content=\"Auf Lager\" \/>\n<script type=\"application\/ld+json\" class=\"yoast-schema-graph\">{\"@context\":\"https:\/\/schema.org\",\"@graph\":[{\"@type\":\"WebPage\",\"@id\":\"https:\/\/technofluid.it\/prodotto\/portacanna-regolabile-acciaio-inox-codice-41-167-90-osculati\/\",\"url\":\"https:\/\/technofluid.it\/prodotto\/portacanna-regolabile-acciaio-inox-codice-41-167-90-osculati\/\",\"name\":\"Portacanna Regolabile Acciaio Inox | Qualit\u00e0 Osculati\",\"isPartOf\":{\"@id\":\"https:\/\/technofluid.it\/#website\"},\"primaryImageOfPage\":{\"@id\":\"https:\/\/technofluid.it\/prodotto\/portacanna-regolabile-acciaio-inox-codice-41-167-90-osculati\/#primaryimage\"},\"image\":{\"@id\":\"https:\/\/technofluid.it\/prodotto\/portacanna-regolabile-acciaio-inox-codice-41-167-90-osculati\/#primaryimage\"},\"thumbnailUrl\":\"https:\/\/technofluid.it\/wp-content\/uploads\/2026\/01\/2182-Portacanna-regolabile-acciaio-inox-codice-41.167.90-Osculati.jpg\",\"datePublished\":\"2025-10-25T00:03:32+00:00\",\"dateModified\":\"2026-02-05T15:45:27+00:00\",\"description\":\"Scopri il portacanna regolabile in acciaio inox AISI 316, resistente e lucido. Perfetto per ogni esigenza, acquistalo ora su Osculati!\",\"breadcrumb\":{\"@id\":\"https:\/\/technofluid.it\/prodotto\/portacanna-regolabile-acciaio-inox-codice-41-167-90-osculati\/#breadcrumb\"},\"inLanguage\":\"de\",\"potentialAction\":[{\"@type\":\"ReadAction\",\"target\":[\"https:\/\/technofluid.it\/prodotto\/portacanna-regolabile-acciaio-inox-codice-41-167-90-osculati\/\"]}]},{\"@type\":\"ImageObject\",\"inLanguage\":\"de\",\"@id\":\"https:\/\/technofluid.it\/prodotto\/portacanna-regolabile-acciaio-inox-codice-41-167-90-osculati\/#primaryimage\",\"url\":\"https:\/\/technofluid.it\/wp-content\/uploads\/2026\/01\/2182-Portacanna-regolabile-acciaio-inox-codice-41.167.90-Osculati.jpg\",\"contentUrl\":\"https:\/\/technofluid.it\/wp-content\/uploads\/2026\/01\/2182-Portacanna-regolabile-acciaio-inox-codice-41.167.90-Osculati.jpg\",\"width\":300,\"height\":300,\"caption\":\"Portacanna regolabile in acciaio inox, perfetto per imbarcazioni, codice 41.167.90, Osculati.\"},{\"@type\":\"BreadcrumbList\",\"@id\":\"https:\/\/technofluid.it\/prodotto\/portacanna-regolabile-acciaio-inox-codice-41-167-90-osculati\/#breadcrumb\",\"itemListElement\":[{\"@type\":\"ListItem\",\"position\":1,\"name\":\"Home\",\"item\":\"https:\/\/technofluid.it\/\"},{\"@type\":\"ListItem\",\"position\":2,\"name\":\"Shop\",\"item\":\"https:\/\/technofluid.it\/shop\/\"},{\"@type\":\"ListItem\",\"position\":3,\"name\":\"Portacanna regolabile acciaio inox &#8211; codice: 41.167.90 &#8211; Osculati\"}]},{\"@type\":\"WebSite\",\"@id\":\"https:\/\/technofluid.it\/#website\",\"url\":\"https:\/\/technofluid.it\/\",\"name\":\"Technofluid S.R.L.\",\"description\":\"Dal 1999 siamo specializzati nell&#039;impiantistica navale, idraulica, civile e industriale\",\"publisher\":{\"@id\":\"https:\/\/technofluid.it\/#organization\"},\"potentialAction\":[{\"@type\":\"SearchAction\",\"target\":{\"@type\":\"EntryPoint\",\"urlTemplate\":\"https:\/\/technofluid.it\/?s={search_term_string}\"},\"query-input\":{\"@type\":\"PropertyValueSpecification\",\"valueRequired\":true,\"valueName\":\"search_term_string\"}}],\"inLanguage\":\"de\"},{\"@type\":\"Organization\",\"@id\":\"https:\/\/technofluid.it\/#organization\",\"name\":\"Technofluid\",\"url\":\"https:\/\/technofluid.it\/\",\"logo\":{\"@type\":\"ImageObject\",\"inLanguage\":\"de\",\"@id\":\"https:\/\/technofluid.it\/#\/schema\/logo\/image\/\",\"url\":\"https:\/\/technofluid.it\/wp-content\/uploads\/2025\/12\/technofluid_bianco-logo.webp\",\"contentUrl\":\"https:\/\/technofluid.it\/wp-content\/uploads\/2025\/12\/technofluid_bianco-logo.webp\",\"width\":350,\"height\":116,\"caption\":\"Technofluid\"},\"image\":{\"@id\":\"https:\/\/technofluid.it\/#\/schema\/logo\/image\/\"},\"description\":\"La Technofluid S.r.l. nasce nel 1999 a Barcellona Pozzo di Gotto, in provincia di Messina, con l\u2019obiettivo di diventare un punto di riferimento nel settore dell\u2019impiantistica navale, idraulica, civile e industriale.\",\"email\":\"info@technofluid.it\",\"telephone\":\"0907386877\",\"legalName\":\"Technofluid S.R.L\",\"vatID\":\"IT03148240835\",\"taxID\":\"03148240835\",\"ownershipFundingInfo\":\"https:\/\/technofluid.it\/azienda\/\"}]}<\/script>\n<meta property=\"product:price:amount\" content=\"34.84\" \/>\n<meta property=\"product:price:currency\" content=\"EUR\" \/>\n<meta property=\"og:availability\" content=\"instock\" \/>\n<meta property=\"product:availability\" content=\"instock\" \/>\n<meta property=\"product:retailer_item_id\" content=\"OSCU00000814\" \/>\n<meta property=\"product:condition\" content=\"new\" \/>\n<!-- \/ Yoast SEO Premium plugin. -->","yoast_head_json":{"title":"Verstellbare Rutenhalter aus Edelstahl | Osculati Qualit\u00e4t","description":"Entdecken Sie den verstellbaren Angelrutenhalter aus Edelstahl AISI 316, widerstandsf\u00e4hig und gl\u00e4nzend. Perfekt f\u00fcr jeden Bedarf, kaufen Sie ihn jetzt bei Osculati!","robots":{"index":"index","follow":"follow","max-snippet":"max-snippet:-1","max-image-preview":"max-image-preview:large","max-video-preview":"max-video-preview:-1"},"canonical":"http:\/\/technofluid.it\/de\/produkt\/verstellbare-rutenhalter-aus-edelstahl-code-41-167-90-osculati\/","og_locale":"de_DE","og_type":"article","og_title":"Portacanna regolabile acciaio inox - codice: 41.167.90 - Osculati","og_description":"Scopri il portacanna regolabile in acciaio inox AISI 316, resistente e lucido. Perfetto per ogni esigenza, acquistalo ora su Osculati!","og_url":"http:\/\/technofluid.it\/de\/produkt\/verstellbare-rutenhalter-aus-edelstahl-code-41-167-90-osculati\/","og_site_name":"Technofluid","article_modified_time":"2026-02-05T15:45:27+00:00","og_image":[{"width":300,"height":300,"url":"https:\/\/technofluid.it\/wp-content\/uploads\/2026\/01\/2182-Portacanna-regolabile-acciaio-inox-codice-41.167.90-Osculati.jpg","type":"image\/jpeg"}],"twitter_card":"summary_large_image","twitter_misc":{"Preis":"34,84&nbsp;&euro; Iva esclusa","Verf\u00fcgbarkeit":"Auf Lager"},"schema":{"@context":"https:\/\/schema.org","@graph":[{"@type":"WebPage","@id":"https:\/\/technofluid.it\/prodotto\/portacanna-regolabile-acciaio-inox-codice-41-167-90-osculati\/","url":"https:\/\/technofluid.it\/prodotto\/portacanna-regolabile-acciaio-inox-codice-41-167-90-osculati\/","name":"Verstellbare Rutenhalter aus Edelstahl | Osculati Qualit\u00e4t","isPartOf":{"@id":"https:\/\/technofluid.it\/#website"},"primaryImageOfPage":{"@id":"https:\/\/technofluid.it\/prodotto\/portacanna-regolabile-acciaio-inox-codice-41-167-90-osculati\/#primaryimage"},"image":{"@id":"https:\/\/technofluid.it\/prodotto\/portacanna-regolabile-acciaio-inox-codice-41-167-90-osculati\/#primaryimage"},"thumbnailUrl":"https:\/\/technofluid.it\/wp-content\/uploads\/2026\/01\/2182-Portacanna-regolabile-acciaio-inox-codice-41.167.90-Osculati.jpg","datePublished":"2025-10-25T00:03:32+00:00","dateModified":"2026-02-05T15:45:27+00:00","description":"Entdecken Sie den verstellbaren Angelrutenhalter aus Edelstahl AISI 316, widerstandsf\u00e4hig und gl\u00e4nzend. Perfekt f\u00fcr jeden Bedarf, kaufen Sie ihn jetzt bei Osculati!","breadcrumb":{"@id":"https:\/\/technofluid.it\/prodotto\/portacanna-regolabile-acciaio-inox-codice-41-167-90-osculati\/#breadcrumb"},"inLanguage":"de","potentialAction":[{"@type":"ReadAction","target":["https:\/\/technofluid.it\/prodotto\/portacanna-regolabile-acciaio-inox-codice-41-167-90-osculati\/"]}]},{"@type":"ImageObject","inLanguage":"de","@id":"https:\/\/technofluid.it\/prodotto\/portacanna-regolabile-acciaio-inox-codice-41-167-90-osculati\/#primaryimage","url":"https:\/\/technofluid.it\/wp-content\/uploads\/2026\/01\/2182-Portacanna-regolabile-acciaio-inox-codice-41.167.90-Osculati.jpg","contentUrl":"https:\/\/technofluid.it\/wp-content\/uploads\/2026\/01\/2182-Portacanna-regolabile-acciaio-inox-codice-41.167.90-Osculati.jpg","width":300,"height":300,"caption":"Portacanna regolabile in acciaio inox, perfetto per imbarcazioni, codice 41.167.90, Osculati."},{"@type":"BreadcrumbList","@id":"https:\/\/technofluid.it\/prodotto\/portacanna-regolabile-acciaio-inox-codice-41-167-90-osculati\/#breadcrumb","itemListElement":[{"@type":"ListItem","position":1,"name":"Home","item":"https:\/\/technofluid.it\/"},{"@type":"ListItem","position":2,"name":"Shop","item":"https:\/\/technofluid.it\/shop\/"},{"@type":"ListItem","position":3,"name":"Portacanna regolabile acciaio inox &#8211; codice: 41.167.90 &#8211; Osculati"}]},{"@type":"WebSite","@id":"https:\/\/technofluid.it\/#website","url":"https:\/\/technofluid.it\/","name":"Technofluid S.R.L.","description":"Seit 1999 haben wir uns auf Schiffs-, Sanit\u00e4r-, Zivil- und Industrieanlagen spezialisiert.","publisher":{"@id":"https:\/\/technofluid.it\/#organization"},"potentialAction":[{"@type":"SearchAction","target":{"@type":"EntryPoint","urlTemplate":"https:\/\/technofluid.it\/?s={search_term_string}"},"query-input":{"@type":"PropertyValueSpecification","valueRequired":true,"valueName":"search_term_string"}}],"inLanguage":"de"},{"@type":"Organization","@id":"https:\/\/technofluid.it\/#organization","name":"Technofluid","url":"https:\/\/technofluid.it\/","logo":{"@type":"ImageObject","inLanguage":"de","@id":"https:\/\/technofluid.it\/#\/schema\/logo\/image\/","url":"https:\/\/technofluid.it\/wp-content\/uploads\/2025\/12\/technofluid_bianco-logo.webp","contentUrl":"https:\/\/technofluid.it\/wp-content\/uploads\/2025\/12\/technofluid_bianco-logo.webp","width":350,"height":116,"caption":"Technofluid"},"image":{"@id":"https:\/\/technofluid.it\/#\/schema\/logo\/image\/"},"description":"Die Technofluid S.r.l. wurde 1999 in Barcellona Pozzo di Gotto, in der Provinz Messina, gegr\u00fcndet, mit dem Ziel, ein Bezugspunkt im Bereich der Schiffs-, Hydraulik-, Zivil- und Industrieanlagen zu werden.","email":"info@technofluid.it","telephone":"0907386877","legalName":"Technofluid S.R.L","vatID":"IT03148240835","taxID":"03148240835","ownershipFundingInfo":"https:\/\/technofluid.it\/azienda\/"}]},"product_price_amount":"34.84","product_price_currency":"EUR","og_availability":"instock","product_availability":"instock","product_retailer_item_id":"OSCU00000814","product_condition":"new"},"_links":{"self":[{"href":"http:\/\/technofluid.it\/de\/wp-json\/wp\/v2\/product\/30777","targetHints":{"allow":["GET"]}}],"collection":[{"href":"http:\/\/technofluid.it\/de\/wp-json\/wp\/v2\/product"}],"about":[{"href":"http:\/\/technofluid.it\/de\/wp-json\/wp\/v2\/types\/product"}],"replies":[{"embeddable":true,"href":"http:\/\/technofluid.it\/de\/wp-json\/wp\/v2\/comments?post=30777"}],"version-history":[{"count":0,"href":"http:\/\/technofluid.it\/de\/wp-json\/wp\/v2\/product\/30777\/revisions"}],"wp:featuredmedia":[{"embeddable":true,"href":"http:\/\/technofluid.it\/de\/wp-json\/wp\/v2\/media\/40811"}],"wp:attachment":[{"href":"http:\/\/technofluid.it\/de\/wp-json\/wp\/v2\/media?parent=30777"}],"wp:term":[{"taxonomy":"product_brand","embeddable":true,"href":"http:\/\/technofluid.it\/de\/wp-json\/wp\/v2\/product_brand?post=30777"},{"taxonomy":"product_cat","embeddable":true,"href":"http:\/\/technofluid.it\/de\/wp-json\/wp\/v2\/product_cat?post=30777"},{"taxonomy":"product_tag","embeddable":true,"href":"http:\/\/technofluid.it\/de\/wp-json\/wp\/v2\/product_tag?post=30777"}],"curies":[{"name":"wp","href":"https:\/\/api.w.org\/{rel}","templated":true}]}}