{"id":29795,"date":"2025-10-25T00:01:07","date_gmt":"2025-10-25T00:01:07","guid":{"rendered":"https:\/\/technofluid.it\/prodotto\/falsa-maglia-inox-calibrata-8-perni-12-mm-codice-01-672-12-osculati\/"},"modified":"2026-04-16T11:52:22","modified_gmt":"2026-04-16T10:52:22","slug":"falsa-maglia-inox-calibrata-8-perni-12mm-codice-01-672-12-osculati","status":"publish","type":"product","link":"http:\/\/technofluid.it\/de\/produkt\/falsches-glied-aus-kalibriertem-edelstahl-8-bolzen-12mm-code-01-672-12-osculati\/","title":{"rendered":"Gef\u00e4lschtes Edelstahlnetz kalibriert 8 Bolzen 12 mm \u2013 Code: 01.672.12 \u2013 Osculati"},"content":{"rendered":"<p>Aus Edelstahl AISI 316. Hohe Festigkeit aufgrund der Struktur mit 8 Haltebolzen, die es erm\u00f6glicht, Arbeits- und Bruchlasten zu erreichen, die denen der entsprechenden Ketten entsprechen oder diese \u00fcbertreffen. Ma\u00dfe in mm entsprechen denen der kalibrierten Ketten f\u00fcr Winden (im Gegensatz zu den auf dem Markt erh\u00e4ltlichen gef\u00e4lschten Gliedern, die in der Regel in Zoll angegeben sind) und laufen daher perfekt im Kettenrad, wodurch gef\u00e4hrliche Blockierungen vermieden werden.<\/p>","protected":false},"excerpt":{"rendered":"<p>FALSA MAGLIA INOX CALIBRATA 8 PERNI 12 mm &#8211; CODICE: 01.672.12<\/p>","protected":false},"featured_media":38315,"comment_status":"open","ping_status":"closed","template":"","meta":{"_acf_changed":false,"_monsterinsights_skip_tracking":false,"_monsterinsights_sitenote_active":false,"_monsterinsights_sitenote_note":"","_monsterinsights_sitenote_category":0,"site-sidebar-layout":"default","site-content-layout":"","ast-site-content-layout":"default","site-content-style":"default","site-sidebar-style":"default","ast-global-header-display":"","ast-banner-title-visibility":"","ast-main-header-display":"","ast-hfb-above-header-display":"","ast-hfb-below-header-display":"","ast-hfb-mobile-header-display":"","site-post-title":"","ast-breadcrumbs-content":"","ast-featured-img":"","footer-sml-layout":"","ast-disable-related-posts":"","theme-transparent-header-meta":"default","adv-header-id-meta":"","stick-header-meta":"","header-above-stick-meta":"","header-main-stick-meta":"","header-below-stick-meta":"","astra-migrate-meta-layouts":"set","ast-page-background-enabled":"default","ast-page-background-meta":{"desktop":{"background-color":"var(--ast-global-color-5)","background-image":"","background-repeat":"repeat","background-position":"center center","background-size":"auto","background-attachment":"scroll","background-type":"","background-media":"","overlay-type":"","overlay-color":"","overlay-opacity":"","overlay-gradient":""},"tablet":{"background-color":"","background-image":"","background-repeat":"repeat","background-position":"center center","background-size":"auto","background-attachment":"scroll","background-type":"","background-media":"","overlay-type":"","overlay-color":"","overlay-opacity":"","overlay-gradient":""},"mobile":{"background-color":"","background-image":"","background-repeat":"repeat","background-position":"center center","background-size":"auto","background-attachment":"scroll","background-type":"","background-media":"","overlay-type":"","overlay-color":"","overlay-opacity":"","overlay-gradient":""}},"ast-content-background-meta":{"desktop":{"background-color":"var(--ast-global-color-4)","background-image":"","background-repeat":"repeat","background-position":"center center","background-size":"auto","background-attachment":"scroll","background-type":"","background-media":"","overlay-type":"","overlay-color":"","overlay-opacity":"","overlay-gradient":""},"tablet":{"background-color":"var(--ast-global-color-4)","background-image":"","background-repeat":"repeat","background-position":"center center","background-size":"auto","background-attachment":"scroll","background-type":"","background-media":"","overlay-type":"","overlay-color":"","overlay-opacity":"","overlay-gradient":""},"mobile":{"background-color":"var(--ast-global-color-4)","background-image":"","background-repeat":"repeat","background-position":"center center","background-size":"auto","background-attachment":"scroll","background-type":"","background-media":"","overlay-type":"","overlay-color":"","overlay-opacity":"","overlay-gradient":""}}},"product_brand":[],"product_cat":[139,84],"product_tag":[],"class_list":{"0":"post-29795","1":"product","2":"type-product","3":"status-publish","4":"has-post-thumbnail","6":"product_cat-ferramenta","7":"product_cat-idraulica-e-ferramenta","8":"pa_supplier-osculati-s-r-l","9":"desktop-align-left","10":"tablet-align-left","11":"mobile-align-left","13":"first","14":"outofstock","15":"taxable","16":"shipping-taxable","17":"purchasable","18":"product-type-simple"},"acf":[],"yoast_head":"<!-- This site is optimized with the Yoast SEO Premium plugin v26.7 (Yoast SEO v26.9) - https:\/\/yoast.com\/product\/yoast-seo-premium-wordpress\/ -->\n<title>Falsa maglia inox calibrata 8 perni 12 mm | Osculati<\/title>\n<meta name=\"description\" content=\"Scopri la falsa maglia inox calibrata 8 perni 12 mm, alta resistenza e perfetta per catene calibrate. Acquista ora su Osculati!\" \/>\n<meta name=\"robots\" content=\"index, follow, max-snippet:-1, max-image-preview:large, max-video-preview:-1\" \/>\n<link rel=\"canonical\" href=\"http:\/\/technofluid.it\/de\/produkt\/falsches-glied-aus-kalibriertem-edelstahl-8-bolzen-12mm-code-01-672-12-osculati\/\" \/>\n<meta property=\"og:locale\" content=\"de_DE\" \/>\n<meta property=\"og:type\" content=\"article\" \/>\n<meta property=\"og:title\" content=\"Falsa maglia inox calibrata 8 perni 12&nbsp;mm &ndash; codice: 01.672.12 &ndash; Osculati\" \/>\n<meta property=\"og:description\" content=\"Scopri la falsa maglia inox calibrata 8 perni 12 mm, alta resistenza e perfetta per catene calibrate. Acquista ora su Osculati!\" \/>\n<meta property=\"og:url\" content=\"http:\/\/technofluid.it\/de\/produkt\/falsches-glied-aus-kalibriertem-edelstahl-8-bolzen-12mm-code-01-672-12-osculati\/\" \/>\n<meta property=\"og:site_name\" content=\"Technofluid\" \/>\n<meta property=\"article:modified_time\" content=\"2026-04-16T10:52:22+00:00\" \/>\n<meta property=\"og:image\" content=\"https:\/\/technofluid.it\/wp-content\/uploads\/2026\/01\/678-FALSA-MAGLIA-INOX-CALIBRATA-8-PERNI-12-mm-CODICE-01.672.12-OSCULATI.jpg\" \/>\n\t<meta property=\"og:image:width\" content=\"800\" \/>\n\t<meta property=\"og:image:height\" content=\"216\" \/>\n\t<meta property=\"og:image:type\" content=\"image\/jpeg\" \/>\n<meta name=\"twitter:card\" content=\"summary_large_image\" \/>\n<meta name=\"twitter:label1\" content=\"Preis\" \/>\n\t<meta name=\"twitter:data1\" content=\"10,08&nbsp;&euro; Iva esclusa\" \/>\n\t<meta name=\"twitter:label2\" content=\"Verf\u00fcgbarkeit\" \/>\n\t<meta name=\"twitter:data2\" content=\"ausverkauft\" \/>\n<script type=\"application\/ld+json\" class=\"yoast-schema-graph\">{\"@context\":\"https:\/\/schema.org\",\"@graph\":[{\"@type\":\"WebPage\",\"@id\":\"https:\/\/technofluid.it\/prodotto\/falsa-maglia-inox-calibrata-8-perni-12mm-codice-01-672-12-osculati\/\",\"url\":\"https:\/\/technofluid.it\/prodotto\/falsa-maglia-inox-calibrata-8-perni-12mm-codice-01-672-12-osculati\/\",\"name\":\"Falsa maglia inox calibrata 8 perni 12 mm | Osculati\",\"isPartOf\":{\"@id\":\"https:\/\/technofluid.it\/#website\"},\"primaryImageOfPage\":{\"@id\":\"https:\/\/technofluid.it\/prodotto\/falsa-maglia-inox-calibrata-8-perni-12mm-codice-01-672-12-osculati\/#primaryimage\"},\"image\":{\"@id\":\"https:\/\/technofluid.it\/prodotto\/falsa-maglia-inox-calibrata-8-perni-12mm-codice-01-672-12-osculati\/#primaryimage\"},\"thumbnailUrl\":\"https:\/\/technofluid.it\/wp-content\/uploads\/2026\/01\/678-FALSA-MAGLIA-INOX-CALIBRATA-8-PERNI-12-mm-CODICE-01.672.12-OSCULATI.jpg\",\"datePublished\":\"2025-10-25T00:01:07+00:00\",\"dateModified\":\"2026-04-16T10:52:22+00:00\",\"description\":\"Scopri la falsa maglia inox calibrata 8 perni 12 mm, alta resistenza e perfetta per catene calibrate. Acquista ora su Osculati!\",\"breadcrumb\":{\"@id\":\"https:\/\/technofluid.it\/prodotto\/falsa-maglia-inox-calibrata-8-perni-12mm-codice-01-672-12-osculati\/#breadcrumb\"},\"inLanguage\":\"de\",\"potentialAction\":[{\"@type\":\"ReadAction\",\"target\":[\"https:\/\/technofluid.it\/prodotto\/falsa-maglia-inox-calibrata-8-perni-12mm-codice-01-672-12-osculati\/\"]}]},{\"@type\":\"ImageObject\",\"inLanguage\":\"de\",\"@id\":\"https:\/\/technofluid.it\/prodotto\/falsa-maglia-inox-calibrata-8-perni-12mm-codice-01-672-12-osculati\/#primaryimage\",\"url\":\"https:\/\/technofluid.it\/wp-content\/uploads\/2026\/01\/678-FALSA-MAGLIA-INOX-CALIBRATA-8-PERNI-12-mm-CODICE-01.672.12-OSCULATI.jpg\",\"contentUrl\":\"https:\/\/technofluid.it\/wp-content\/uploads\/2026\/01\/678-FALSA-MAGLIA-INOX-CALIBRATA-8-PERNI-12-mm-CODICE-01.672.12-OSCULATI.jpg\",\"width\":800,\"height\":216,\"caption\":\"Falsa maglia in acciaio inox calibrata con 8 perni da 12mm, ideale per applicazioni marine e industriali.\"},{\"@type\":\"BreadcrumbList\",\"@id\":\"https:\/\/technofluid.it\/prodotto\/falsa-maglia-inox-calibrata-8-perni-12mm-codice-01-672-12-osculati\/#breadcrumb\",\"itemListElement\":[{\"@type\":\"ListItem\",\"position\":1,\"name\":\"Home\",\"item\":\"https:\/\/technofluid.it\/\"},{\"@type\":\"ListItem\",\"position\":2,\"name\":\"Shop\",\"item\":\"https:\/\/technofluid.it\/shop\/\"},{\"@type\":\"ListItem\",\"position\":3,\"name\":\"Falsa maglia inox calibrata 8 perni 12&nbsp;mm &ndash; codice: 01.672.12 &ndash; Osculati\"}]},{\"@type\":\"WebSite\",\"@id\":\"https:\/\/technofluid.it\/#website\",\"url\":\"https:\/\/technofluid.it\/\",\"name\":\"Technofluid S.R.L.\",\"description\":\"Dal 1999 siamo specializzati nell&#039;impiantistica navale, idraulica, civile e industriale\",\"publisher\":{\"@id\":\"https:\/\/technofluid.it\/#organization\"},\"potentialAction\":[{\"@type\":\"SearchAction\",\"target\":{\"@type\":\"EntryPoint\",\"urlTemplate\":\"https:\/\/technofluid.it\/?s={search_term_string}\"},\"query-input\":{\"@type\":\"PropertyValueSpecification\",\"valueRequired\":true,\"valueName\":\"search_term_string\"}}],\"inLanguage\":\"de\"},{\"@type\":\"Organization\",\"@id\":\"https:\/\/technofluid.it\/#organization\",\"name\":\"Technofluid\",\"url\":\"https:\/\/technofluid.it\/\",\"logo\":{\"@type\":\"ImageObject\",\"inLanguage\":\"de\",\"@id\":\"https:\/\/technofluid.it\/#\/schema\/logo\/image\/\",\"url\":\"https:\/\/technofluid.it\/wp-content\/uploads\/2025\/12\/technofluid_bianco-logo.webp\",\"contentUrl\":\"https:\/\/technofluid.it\/wp-content\/uploads\/2025\/12\/technofluid_bianco-logo.webp\",\"width\":350,\"height\":116,\"caption\":\"Technofluid\"},\"image\":{\"@id\":\"https:\/\/technofluid.it\/#\/schema\/logo\/image\/\"},\"description\":\"La Technofluid S.r.l. nasce nel 1999 a Barcellona Pozzo di Gotto, in provincia di Messina, con l\u2019obiettivo di diventare un punto di riferimento nel settore dell\u2019impiantistica navale, idraulica, civile e industriale.\",\"email\":\"info@technofluid.it\",\"telephone\":\"0907386877\",\"legalName\":\"Technofluid S.R.L\",\"vatID\":\"IT03148240835\",\"taxID\":\"03148240835\",\"ownershipFundingInfo\":\"https:\/\/technofluid.it\/azienda\/\"}]}<\/script>\n<meta property=\"product:price:amount\" content=\"10.08\" \/>\n<meta property=\"product:price:currency\" content=\"EUR\" \/>\n<meta property=\"og:availability\" content=\"out of stock\" \/>\n<meta property=\"product:availability\" content=\"out of stock\" \/>\n<meta property=\"product:retailer_item_id\" content=\"OSCU00000021\" \/>\n<meta property=\"product:condition\" content=\"new\" \/>\n<!-- \/ Yoast SEO Premium plugin. -->","yoast_head_json":{"title":"Falsches Glied aus kalibriertem Edelstahl 8 Bolzen 12 mm | Osculati","description":"Entdecken Sie das falsche Edelstahl-Trikot mit 8 Kalibrierstiften 12 mm, hohe Festigkeit und perfekt f\u00fcr kalibrierte Ketten. Jetzt bei Osculati kaufen!","robots":{"index":"index","follow":"follow","max-snippet":"max-snippet:-1","max-image-preview":"max-image-preview:large","max-video-preview":"max-video-preview:-1"},"canonical":"http:\/\/technofluid.it\/de\/produkt\/falsches-glied-aus-kalibriertem-edelstahl-8-bolzen-12mm-code-01-672-12-osculati\/","og_locale":"de_DE","og_type":"article","og_title":"Falsa maglia inox calibrata 8 perni 12&nbsp;mm &ndash; codice: 01.672.12 &ndash; Osculati","og_description":"Scopri la falsa maglia inox calibrata 8 perni 12 mm, alta resistenza e perfetta per catene calibrate. Acquista ora su Osculati!","og_url":"http:\/\/technofluid.it\/de\/produkt\/falsches-glied-aus-kalibriertem-edelstahl-8-bolzen-12mm-code-01-672-12-osculati\/","og_site_name":"Technofluid","article_modified_time":"2026-04-16T10:52:22+00:00","og_image":[{"width":800,"height":216,"url":"https:\/\/technofluid.it\/wp-content\/uploads\/2026\/01\/678-FALSA-MAGLIA-INOX-CALIBRATA-8-PERNI-12-mm-CODICE-01.672.12-OSCULATI.jpg","type":"image\/jpeg"}],"twitter_card":"summary_large_image","twitter_misc":{"Preis":"10,08&nbsp;&euro; Iva esclusa","Verf\u00fcgbarkeit":"ausverkauft"},"schema":{"@context":"https:\/\/schema.org","@graph":[{"@type":"WebPage","@id":"https:\/\/technofluid.it\/prodotto\/falsa-maglia-inox-calibrata-8-perni-12mm-codice-01-672-12-osculati\/","url":"https:\/\/technofluid.it\/prodotto\/falsa-maglia-inox-calibrata-8-perni-12mm-codice-01-672-12-osculati\/","name":"Falsches Glied aus kalibriertem Edelstahl 8 Bolzen 12 mm | Osculati","isPartOf":{"@id":"https:\/\/technofluid.it\/#website"},"primaryImageOfPage":{"@id":"https:\/\/technofluid.it\/prodotto\/falsa-maglia-inox-calibrata-8-perni-12mm-codice-01-672-12-osculati\/#primaryimage"},"image":{"@id":"https:\/\/technofluid.it\/prodotto\/falsa-maglia-inox-calibrata-8-perni-12mm-codice-01-672-12-osculati\/#primaryimage"},"thumbnailUrl":"https:\/\/technofluid.it\/wp-content\/uploads\/2026\/01\/678-FALSA-MAGLIA-INOX-CALIBRATA-8-PERNI-12-mm-CODICE-01.672.12-OSCULATI.jpg","datePublished":"2025-10-25T00:01:07+00:00","dateModified":"2026-04-16T10:52:22+00:00","description":"Entdecken Sie das falsche Edelstahl-Trikot mit 8 Kalibrierstiften 12 mm, hohe Festigkeit und perfekt f\u00fcr kalibrierte Ketten. Jetzt bei Osculati kaufen!","breadcrumb":{"@id":"https:\/\/technofluid.it\/prodotto\/falsa-maglia-inox-calibrata-8-perni-12mm-codice-01-672-12-osculati\/#breadcrumb"},"inLanguage":"de","potentialAction":[{"@type":"ReadAction","target":["https:\/\/technofluid.it\/prodotto\/falsa-maglia-inox-calibrata-8-perni-12mm-codice-01-672-12-osculati\/"]}]},{"@type":"ImageObject","inLanguage":"de","@id":"https:\/\/technofluid.it\/prodotto\/falsa-maglia-inox-calibrata-8-perni-12mm-codice-01-672-12-osculati\/#primaryimage","url":"https:\/\/technofluid.it\/wp-content\/uploads\/2026\/01\/678-FALSA-MAGLIA-INOX-CALIBRATA-8-PERNI-12-mm-CODICE-01.672.12-OSCULATI.jpg","contentUrl":"https:\/\/technofluid.it\/wp-content\/uploads\/2026\/01\/678-FALSA-MAGLIA-INOX-CALIBRATA-8-PERNI-12-mm-CODICE-01.672.12-OSCULATI.jpg","width":800,"height":216,"caption":"Falsa maglia in acciaio inox calibrata con 8 perni da 12mm, ideale per applicazioni marine e industriali."},{"@type":"BreadcrumbList","@id":"https:\/\/technofluid.it\/prodotto\/falsa-maglia-inox-calibrata-8-perni-12mm-codice-01-672-12-osculati\/#breadcrumb","itemListElement":[{"@type":"ListItem","position":1,"name":"Home","item":"https:\/\/technofluid.it\/"},{"@type":"ListItem","position":2,"name":"Shop","item":"https:\/\/technofluid.it\/shop\/"},{"@type":"ListItem","position":3,"name":"Falsa maglia inox calibrata 8 perni 12&nbsp;mm &ndash; codice: 01.672.12 &ndash; Osculati"}]},{"@type":"WebSite","@id":"https:\/\/technofluid.it\/#website","url":"https:\/\/technofluid.it\/","name":"Technofluid S.R.L.","description":"Seit 1999 haben wir uns auf Schiffs-, Sanit\u00e4r-, Zivil- und Industrieanlagen spezialisiert.","publisher":{"@id":"https:\/\/technofluid.it\/#organization"},"potentialAction":[{"@type":"SearchAction","target":{"@type":"EntryPoint","urlTemplate":"https:\/\/technofluid.it\/?s={search_term_string}"},"query-input":{"@type":"PropertyValueSpecification","valueRequired":true,"valueName":"search_term_string"}}],"inLanguage":"de"},{"@type":"Organization","@id":"https:\/\/technofluid.it\/#organization","name":"Technofluid","url":"https:\/\/technofluid.it\/","logo":{"@type":"ImageObject","inLanguage":"de","@id":"https:\/\/technofluid.it\/#\/schema\/logo\/image\/","url":"https:\/\/technofluid.it\/wp-content\/uploads\/2025\/12\/technofluid_bianco-logo.webp","contentUrl":"https:\/\/technofluid.it\/wp-content\/uploads\/2025\/12\/technofluid_bianco-logo.webp","width":350,"height":116,"caption":"Technofluid"},"image":{"@id":"https:\/\/technofluid.it\/#\/schema\/logo\/image\/"},"description":"Die Technofluid S.r.l. wurde 1999 in Barcellona Pozzo di Gotto, in der Provinz Messina, gegr\u00fcndet, mit dem Ziel, ein Bezugspunkt im Bereich der Schiffs-, Hydraulik-, Zivil- und Industrieanlagen zu werden.","email":"info@technofluid.it","telephone":"0907386877","legalName":"Technofluid S.R.L","vatID":"IT03148240835","taxID":"03148240835","ownershipFundingInfo":"https:\/\/technofluid.it\/azienda\/"}]},"product_price_amount":"10.08","product_price_currency":"EUR","og_availability":"out of stock","product_availability":"out of stock","product_retailer_item_id":"OSCU00000021","product_condition":"new"},"_links":{"self":[{"href":"http:\/\/technofluid.it\/de\/wp-json\/wp\/v2\/product\/29795","targetHints":{"allow":["GET"]}}],"collection":[{"href":"http:\/\/technofluid.it\/de\/wp-json\/wp\/v2\/product"}],"about":[{"href":"http:\/\/technofluid.it\/de\/wp-json\/wp\/v2\/types\/product"}],"replies":[{"embeddable":true,"href":"http:\/\/technofluid.it\/de\/wp-json\/wp\/v2\/comments?post=29795"}],"version-history":[{"count":0,"href":"http:\/\/technofluid.it\/de\/wp-json\/wp\/v2\/product\/29795\/revisions"}],"wp:featuredmedia":[{"embeddable":true,"href":"http:\/\/technofluid.it\/de\/wp-json\/wp\/v2\/media\/38315"}],"wp:attachment":[{"href":"http:\/\/technofluid.it\/de\/wp-json\/wp\/v2\/media?parent=29795"}],"wp:term":[{"taxonomy":"product_brand","embeddable":true,"href":"http:\/\/technofluid.it\/de\/wp-json\/wp\/v2\/product_brand?post=29795"},{"taxonomy":"product_cat","embeddable":true,"href":"http:\/\/technofluid.it\/de\/wp-json\/wp\/v2\/product_cat?post=29795"},{"taxonomy":"product_tag","embeddable":true,"href":"http:\/\/technofluid.it\/de\/wp-json\/wp\/v2\/product_tag?post=29795"}],"curies":[{"name":"wp","href":"https:\/\/api.w.org\/{rel}","templated":true}]}}