{"id":29498,"date":"2025-10-25T01:00:19","date_gmt":"2025-10-25T00:00:19","guid":{"rendered":"https:\/\/technofluid.it\/prodotto\/clip-bianca-plastica-pesante-35-mm-codice-34-354-00-osculati\/"},"modified":"2026-04-07T16:41:52","modified_gmt":"2026-04-07T15:41:52","slug":"clip-bianca-plastica-pesante-35-mm-codice-34-354-00-osculati","status":"publish","type":"product","link":"http:\/\/technofluid.it\/de\/produkt\/weise-schwere-kunststoffklammer-35-mm-code-34-354-00-osculati-2\/","title":{"rendered":"Schwere wei\u00dfe Kunststoffklammer 35 mm \u2013 Code: 34.354.00 \u2013 Osculati"},"content":{"rendered":"<p>Schwere wei\u00dfe Kunststoffklammer 35 mm \u2013 Code: 34.354.00 \u2013 Osculati<\/p>","protected":false},"excerpt":{"rendered":"<p>Befestigungsklammer <strong>wei\u00df<\/strong> in <strong>schwerer Kunststoff<\/strong> von <strong>35 mm<\/strong> Osculati, Code <strong>34.354.00<\/strong>. Ideal f\u00fcr Anwendungen im Bereich der nautischen und anlagentechnischen Beschl\u00e4ge, wo Rohrleitungen oder Kabel entlang von Schotten und Montagefl\u00e4chen gef\u00fchrt und ordentlich gehalten werden m\u00fcssen. Die wei\u00dfe Oberfl\u00e4che hilft, saubere und einheitliche Installationen mit der Bordausstattung zu erzielen, w\u00e4hrend die \u201cschwere\u201d Version f\u00fcr den praktischen Einsatz bei Wartung und Refitting gedacht ist. Artikel leicht \u00fcber den Code identifizierbar, n\u00fctzlich zur Standardisierung von Ersatzteilen und zur Vereinfachung der Komponentenverwaltung an Bord.<\/p>","protected":false},"featured_media":37524,"comment_status":"open","ping_status":"closed","template":"","meta":{"_acf_changed":false,"_monsterinsights_skip_tracking":false,"_monsterinsights_sitenote_active":false,"_monsterinsights_sitenote_note":"","_monsterinsights_sitenote_category":0,"site-sidebar-layout":"default","site-content-layout":"","ast-site-content-layout":"default","site-content-style":"default","site-sidebar-style":"default","ast-global-header-display":"","ast-banner-title-visibility":"","ast-main-header-display":"","ast-hfb-above-header-display":"","ast-hfb-below-header-display":"","ast-hfb-mobile-header-display":"","site-post-title":"","ast-breadcrumbs-content":"","ast-featured-img":"","footer-sml-layout":"","ast-disable-related-posts":"","theme-transparent-header-meta":"default","adv-header-id-meta":"","stick-header-meta":"","header-above-stick-meta":"","header-main-stick-meta":"","header-below-stick-meta":"","astra-migrate-meta-layouts":"set","ast-page-background-enabled":"default","ast-page-background-meta":{"desktop":{"background-color":"var(--ast-global-color-5)","background-image":"","background-repeat":"repeat","background-position":"center center","background-size":"auto","background-attachment":"scroll","background-type":"","background-media":"","overlay-type":"","overlay-color":"","overlay-opacity":"","overlay-gradient":""},"tablet":{"background-color":"","background-image":"","background-repeat":"repeat","background-position":"center center","background-size":"auto","background-attachment":"scroll","background-type":"","background-media":"","overlay-type":"","overlay-color":"","overlay-opacity":"","overlay-gradient":""},"mobile":{"background-color":"","background-image":"","background-repeat":"repeat","background-position":"center center","background-size":"auto","background-attachment":"scroll","background-type":"","background-media":"","overlay-type":"","overlay-color":"","overlay-opacity":"","overlay-gradient":""}},"ast-content-background-meta":{"desktop":{"background-color":"var(--ast-global-color-4)","background-image":"","background-repeat":"repeat","background-position":"center center","background-size":"auto","background-attachment":"scroll","background-type":"","background-media":"","overlay-type":"","overlay-color":"","overlay-opacity":"","overlay-gradient":""},"tablet":{"background-color":"var(--ast-global-color-4)","background-image":"","background-repeat":"repeat","background-position":"center center","background-size":"auto","background-attachment":"scroll","background-type":"","background-media":"","overlay-type":"","overlay-color":"","overlay-opacity":"","overlay-gradient":""},"mobile":{"background-color":"var(--ast-global-color-4)","background-image":"","background-repeat":"repeat","background-position":"center center","background-size":"auto","background-attachment":"scroll","background-type":"","background-media":"","overlay-type":"","overlay-color":"","overlay-opacity":"","overlay-gradient":""}}},"product_brand":[],"product_cat":[139,84],"product_tag":[4204,4205,3534,4199,4206,3053,4207],"class_list":{"0":"post-29498","1":"product","2":"type-product","3":"status-publish","4":"has-post-thumbnail","6":"product_cat-ferramenta","7":"product_cat-idraulica-e-ferramenta","8":"product_tag-34-354-00","9":"product_tag-35mm","10":"product_tag-bianca","11":"product_tag-clip","12":"product_tag-clip-bianca-plastica-35-mm-co","13":"product_tag-osculati","14":"product_tag-plastica","15":"pa_supplier-osculati-s-r-l","16":"desktop-align-left","17":"tablet-align-left","18":"mobile-align-left","20":"first","21":"instock","22":"taxable","23":"shipping-taxable","24":"purchasable","25":"product-type-simple"},"acf":[],"yoast_head":"<!-- This site is optimized with the Yoast SEO Premium plugin v26.7 (Yoast SEO v26.9) - https:\/\/yoast.com\/product\/yoast-seo-premium-wordpress\/ -->\n<title>Clip bianca plastica pesante 35 mm Osculati 34.354.00<\/title>\n<meta name=\"description\" content=\"Clip bianca in plastica pesante 35 mm Osculati, cod. 34.354.00. Per fissaggio e ordine di tubi\/cavi in nautica e impiantistica.\" \/>\n<meta name=\"robots\" content=\"index, follow, max-snippet:-1, max-image-preview:large, max-video-preview:-1\" \/>\n<link rel=\"canonical\" href=\"http:\/\/technofluid.it\/de\/produkt\/weise-schwere-kunststoffklammer-35-mm-code-34-354-00-osculati-2\/\" \/>\n<meta property=\"og:locale\" content=\"de_DE\" \/>\n<meta property=\"og:type\" content=\"article\" \/>\n<meta property=\"og:title\" content=\"Clip bianca plastica pesante 35 mm &ndash; codice: 34.354.00 &ndash; Osculati\" \/>\n<meta property=\"og:description\" content=\"Clip bianca in plastica pesante 35 mm Osculati, cod. 34.354.00. Per fissaggio e ordine di tubi\/cavi in nautica e impiantistica.\" \/>\n<meta property=\"og:url\" content=\"http:\/\/technofluid.it\/de\/produkt\/weise-schwere-kunststoffklammer-35-mm-code-34-354-00-osculati-2\/\" \/>\n<meta property=\"og:site_name\" content=\"Technofluid\" \/>\n<meta property=\"article:modified_time\" content=\"2026-04-07T15:41:52+00:00\" \/>\n<meta property=\"og:image\" content=\"https:\/\/technofluid.it\/wp-content\/uploads\/2026\/01\/2514-Clip-bianca-plastica-pesante-35-mm-codice-34.354.00-Osculati.jpg\" \/>\n\t<meta property=\"og:image:width\" content=\"300\" \/>\n\t<meta property=\"og:image:height\" content=\"300\" \/>\n\t<meta property=\"og:image:type\" content=\"image\/jpeg\" \/>\n<meta name=\"twitter:card\" content=\"summary_large_image\" \/>\n<meta name=\"twitter:label1\" content=\"Preis\" \/>\n\t<meta name=\"twitter:data1\" content=\"0,98&nbsp;&euro; Iva esclusa\" \/>\n\t<meta name=\"twitter:label2\" content=\"Verf\u00fcgbarkeit\" \/>\n\t<meta name=\"twitter:data2\" content=\"Auf Lager\" \/>\n<script type=\"application\/ld+json\" class=\"yoast-schema-graph\">{\"@context\":\"https:\/\/schema.org\",\"@graph\":[{\"@type\":\"WebPage\",\"@id\":\"https:\/\/technofluid.it\/prodotto\/clip-bianca-plastica-pesante-35-mm-codice-34-354-00-osculati\/\",\"url\":\"https:\/\/technofluid.it\/prodotto\/clip-bianca-plastica-pesante-35-mm-codice-34-354-00-osculati\/\",\"name\":\"Clip bianca plastica pesante 35 mm Osculati 34.354.00\",\"isPartOf\":{\"@id\":\"https:\/\/technofluid.it\/#website\"},\"primaryImageOfPage\":{\"@id\":\"https:\/\/technofluid.it\/prodotto\/clip-bianca-plastica-pesante-35-mm-codice-34-354-00-osculati\/#primaryimage\"},\"image\":{\"@id\":\"https:\/\/technofluid.it\/prodotto\/clip-bianca-plastica-pesante-35-mm-codice-34-354-00-osculati\/#primaryimage\"},\"thumbnailUrl\":\"https:\/\/technofluid.it\/wp-content\/uploads\/2026\/01\/2514-Clip-bianca-plastica-pesante-35-mm-codice-34.354.00-Osculati.jpg\",\"datePublished\":\"2025-10-25T00:00:19+00:00\",\"dateModified\":\"2026-04-07T15:41:52+00:00\",\"description\":\"Clip bianca in plastica pesante 35 mm Osculati, cod. 34.354.00. Per fissaggio e ordine di tubi\/cavi in nautica e impiantistica.\",\"breadcrumb\":{\"@id\":\"https:\/\/technofluid.it\/prodotto\/clip-bianca-plastica-pesante-35-mm-codice-34-354-00-osculati\/#breadcrumb\"},\"inLanguage\":\"de\",\"potentialAction\":[{\"@type\":\"ReadAction\",\"target\":[\"https:\/\/technofluid.it\/prodotto\/clip-bianca-plastica-pesante-35-mm-codice-34-354-00-osculati\/\"]}]},{\"@type\":\"ImageObject\",\"inLanguage\":\"de\",\"@id\":\"https:\/\/technofluid.it\/prodotto\/clip-bianca-plastica-pesante-35-mm-codice-34-354-00-osculati\/#primaryimage\",\"url\":\"https:\/\/technofluid.it\/wp-content\/uploads\/2026\/01\/2514-Clip-bianca-plastica-pesante-35-mm-codice-34.354.00-Osculati.jpg\",\"contentUrl\":\"https:\/\/technofluid.it\/wp-content\/uploads\/2026\/01\/2514-Clip-bianca-plastica-pesante-35-mm-codice-34.354.00-Osculati.jpg\",\"width\":300,\"height\":300,\"caption\":\"Clip in plastica bianca pesante da 35 mm, ideale per fissaggi robusti, codice 34.354.00, Osculati.\"},{\"@type\":\"BreadcrumbList\",\"@id\":\"https:\/\/technofluid.it\/prodotto\/clip-bianca-plastica-pesante-35-mm-codice-34-354-00-osculati\/#breadcrumb\",\"itemListElement\":[{\"@type\":\"ListItem\",\"position\":1,\"name\":\"Home\",\"item\":\"https:\/\/technofluid.it\/\"},{\"@type\":\"ListItem\",\"position\":2,\"name\":\"Shop\",\"item\":\"https:\/\/technofluid.it\/shop\/\"},{\"@type\":\"ListItem\",\"position\":3,\"name\":\"Clip bianca plastica pesante 35 mm &ndash; codice: 34.354.00 &ndash; Osculati\"}]},{\"@type\":\"WebSite\",\"@id\":\"https:\/\/technofluid.it\/#website\",\"url\":\"https:\/\/technofluid.it\/\",\"name\":\"Technofluid S.R.L.\",\"description\":\"Dal 1999 siamo specializzati nell&#039;impiantistica navale, idraulica, civile e industriale\",\"publisher\":{\"@id\":\"https:\/\/technofluid.it\/#organization\"},\"potentialAction\":[{\"@type\":\"SearchAction\",\"target\":{\"@type\":\"EntryPoint\",\"urlTemplate\":\"https:\/\/technofluid.it\/?s={search_term_string}\"},\"query-input\":{\"@type\":\"PropertyValueSpecification\",\"valueRequired\":true,\"valueName\":\"search_term_string\"}}],\"inLanguage\":\"de\"},{\"@type\":\"Organization\",\"@id\":\"https:\/\/technofluid.it\/#organization\",\"name\":\"Technofluid\",\"url\":\"https:\/\/technofluid.it\/\",\"logo\":{\"@type\":\"ImageObject\",\"inLanguage\":\"de\",\"@id\":\"https:\/\/technofluid.it\/#\/schema\/logo\/image\/\",\"url\":\"https:\/\/technofluid.it\/wp-content\/uploads\/2025\/12\/technofluid_bianco-logo.webp\",\"contentUrl\":\"https:\/\/technofluid.it\/wp-content\/uploads\/2025\/12\/technofluid_bianco-logo.webp\",\"width\":350,\"height\":116,\"caption\":\"Technofluid\"},\"image\":{\"@id\":\"https:\/\/technofluid.it\/#\/schema\/logo\/image\/\"},\"description\":\"La Technofluid S.r.l. nasce nel 1999 a Barcellona Pozzo di Gotto, in provincia di Messina, con l\u2019obiettivo di diventare un punto di riferimento nel settore dell\u2019impiantistica navale, idraulica, civile e industriale.\",\"email\":\"info@technofluid.it\",\"telephone\":\"0907386877\",\"legalName\":\"Technofluid S.R.L\",\"vatID\":\"IT03148240835\",\"taxID\":\"03148240835\",\"ownershipFundingInfo\":\"https:\/\/technofluid.it\/azienda\/\"}]}<\/script>\n<meta property=\"product:price:amount\" content=\"0.98\" \/>\n<meta property=\"product:price:currency\" content=\"EUR\" \/>\n<meta property=\"og:availability\" content=\"instock\" \/>\n<meta property=\"product:availability\" content=\"instock\" \/>\n<meta property=\"product:retailer_item_id\" content=\"OSCU00001095\" \/>\n<meta property=\"product:condition\" content=\"new\" \/>\n<!-- \/ Yoast SEO Premium plugin. -->","yoast_head_json":{"title":"Schwere wei\u00dfe Kunststoffklammer 35 mm Osculati 34.354.00","description":"Schwere wei\u00dfe Kunststoffklammer 35 mm Osculati, Art. 34.354.00. Zur Befestigung und Ordnung von Rohren\/Kabeln in der Nautik und Installationstechnik.","robots":{"index":"index","follow":"follow","max-snippet":"max-snippet:-1","max-image-preview":"max-image-preview:large","max-video-preview":"max-video-preview:-1"},"canonical":"http:\/\/technofluid.it\/de\/produkt\/weise-schwere-kunststoffklammer-35-mm-code-34-354-00-osculati-2\/","og_locale":"de_DE","og_type":"article","og_title":"Clip bianca plastica pesante 35 mm &ndash; codice: 34.354.00 &ndash; Osculati","og_description":"Clip bianca in plastica pesante 35 mm Osculati, cod. 34.354.00. Per fissaggio e ordine di tubi\/cavi in nautica e impiantistica.","og_url":"http:\/\/technofluid.it\/de\/produkt\/weise-schwere-kunststoffklammer-35-mm-code-34-354-00-osculati-2\/","og_site_name":"Technofluid","article_modified_time":"2026-04-07T15:41:52+00:00","og_image":[{"width":300,"height":300,"url":"https:\/\/technofluid.it\/wp-content\/uploads\/2026\/01\/2514-Clip-bianca-plastica-pesante-35-mm-codice-34.354.00-Osculati.jpg","type":"image\/jpeg"}],"twitter_card":"summary_large_image","twitter_misc":{"Preis":"0,98&nbsp;&euro; Iva esclusa","Verf\u00fcgbarkeit":"Auf Lager"},"schema":{"@context":"https:\/\/schema.org","@graph":[{"@type":"WebPage","@id":"https:\/\/technofluid.it\/prodotto\/clip-bianca-plastica-pesante-35-mm-codice-34-354-00-osculati\/","url":"https:\/\/technofluid.it\/prodotto\/clip-bianca-plastica-pesante-35-mm-codice-34-354-00-osculati\/","name":"Schwere wei\u00dfe Kunststoffklammer 35 mm Osculati 34.354.00","isPartOf":{"@id":"https:\/\/technofluid.it\/#website"},"primaryImageOfPage":{"@id":"https:\/\/technofluid.it\/prodotto\/clip-bianca-plastica-pesante-35-mm-codice-34-354-00-osculati\/#primaryimage"},"image":{"@id":"https:\/\/technofluid.it\/prodotto\/clip-bianca-plastica-pesante-35-mm-codice-34-354-00-osculati\/#primaryimage"},"thumbnailUrl":"https:\/\/technofluid.it\/wp-content\/uploads\/2026\/01\/2514-Clip-bianca-plastica-pesante-35-mm-codice-34.354.00-Osculati.jpg","datePublished":"2025-10-25T00:00:19+00:00","dateModified":"2026-04-07T15:41:52+00:00","description":"Schwere wei\u00dfe Kunststoffklammer 35 mm Osculati, Art. 34.354.00. Zur Befestigung und Ordnung von Rohren\/Kabeln in der Nautik und Installationstechnik.","breadcrumb":{"@id":"https:\/\/technofluid.it\/prodotto\/clip-bianca-plastica-pesante-35-mm-codice-34-354-00-osculati\/#breadcrumb"},"inLanguage":"de","potentialAction":[{"@type":"ReadAction","target":["https:\/\/technofluid.it\/prodotto\/clip-bianca-plastica-pesante-35-mm-codice-34-354-00-osculati\/"]}]},{"@type":"ImageObject","inLanguage":"de","@id":"https:\/\/technofluid.it\/prodotto\/clip-bianca-plastica-pesante-35-mm-codice-34-354-00-osculati\/#primaryimage","url":"https:\/\/technofluid.it\/wp-content\/uploads\/2026\/01\/2514-Clip-bianca-plastica-pesante-35-mm-codice-34.354.00-Osculati.jpg","contentUrl":"https:\/\/technofluid.it\/wp-content\/uploads\/2026\/01\/2514-Clip-bianca-plastica-pesante-35-mm-codice-34.354.00-Osculati.jpg","width":300,"height":300,"caption":"Clip in plastica bianca pesante da 35 mm, ideale per fissaggi robusti, codice 34.354.00, Osculati."},{"@type":"BreadcrumbList","@id":"https:\/\/technofluid.it\/prodotto\/clip-bianca-plastica-pesante-35-mm-codice-34-354-00-osculati\/#breadcrumb","itemListElement":[{"@type":"ListItem","position":1,"name":"Home","item":"https:\/\/technofluid.it\/"},{"@type":"ListItem","position":2,"name":"Shop","item":"https:\/\/technofluid.it\/shop\/"},{"@type":"ListItem","position":3,"name":"Clip bianca plastica pesante 35 mm &ndash; codice: 34.354.00 &ndash; Osculati"}]},{"@type":"WebSite","@id":"https:\/\/technofluid.it\/#website","url":"https:\/\/technofluid.it\/","name":"Technofluid S.R.L.","description":"Seit 1999 haben wir uns auf Schiffs-, Sanit\u00e4r-, Zivil- und Industrieanlagen spezialisiert.","publisher":{"@id":"https:\/\/technofluid.it\/#organization"},"potentialAction":[{"@type":"SearchAction","target":{"@type":"EntryPoint","urlTemplate":"https:\/\/technofluid.it\/?s={search_term_string}"},"query-input":{"@type":"PropertyValueSpecification","valueRequired":true,"valueName":"search_term_string"}}],"inLanguage":"de"},{"@type":"Organization","@id":"https:\/\/technofluid.it\/#organization","name":"Technofluid","url":"https:\/\/technofluid.it\/","logo":{"@type":"ImageObject","inLanguage":"de","@id":"https:\/\/technofluid.it\/#\/schema\/logo\/image\/","url":"https:\/\/technofluid.it\/wp-content\/uploads\/2025\/12\/technofluid_bianco-logo.webp","contentUrl":"https:\/\/technofluid.it\/wp-content\/uploads\/2025\/12\/technofluid_bianco-logo.webp","width":350,"height":116,"caption":"Technofluid"},"image":{"@id":"https:\/\/technofluid.it\/#\/schema\/logo\/image\/"},"description":"Die Technofluid S.r.l. wurde 1999 in Barcellona Pozzo di Gotto, in der Provinz Messina, gegr\u00fcndet, mit dem Ziel, ein Bezugspunkt im Bereich der Schiffs-, Hydraulik-, Zivil- und Industrieanlagen zu werden.","email":"info@technofluid.it","telephone":"0907386877","legalName":"Technofluid S.R.L","vatID":"IT03148240835","taxID":"03148240835","ownershipFundingInfo":"https:\/\/technofluid.it\/azienda\/"}]},"product_price_amount":"0.98","product_price_currency":"EUR","og_availability":"instock","product_availability":"instock","product_retailer_item_id":"OSCU00001095","product_condition":"new"},"_links":{"self":[{"href":"http:\/\/technofluid.it\/de\/wp-json\/wp\/v2\/product\/29498","targetHints":{"allow":["GET"]}}],"collection":[{"href":"http:\/\/technofluid.it\/de\/wp-json\/wp\/v2\/product"}],"about":[{"href":"http:\/\/technofluid.it\/de\/wp-json\/wp\/v2\/types\/product"}],"replies":[{"embeddable":true,"href":"http:\/\/technofluid.it\/de\/wp-json\/wp\/v2\/comments?post=29498"}],"version-history":[{"count":5,"href":"http:\/\/technofluid.it\/de\/wp-json\/wp\/v2\/product\/29498\/revisions"}],"predecessor-version":[{"id":57558,"href":"http:\/\/technofluid.it\/de\/wp-json\/wp\/v2\/product\/29498\/revisions\/57558"}],"wp:featuredmedia":[{"embeddable":true,"href":"http:\/\/technofluid.it\/de\/wp-json\/wp\/v2\/media\/37524"}],"wp:attachment":[{"href":"http:\/\/technofluid.it\/de\/wp-json\/wp\/v2\/media?parent=29498"}],"wp:term":[{"taxonomy":"product_brand","embeddable":true,"href":"http:\/\/technofluid.it\/de\/wp-json\/wp\/v2\/product_brand?post=29498"},{"taxonomy":"product_cat","embeddable":true,"href":"http:\/\/technofluid.it\/de\/wp-json\/wp\/v2\/product_cat?post=29498"},{"taxonomy":"product_tag","embeddable":true,"href":"http:\/\/technofluid.it\/de\/wp-json\/wp\/v2\/product_tag?post=29498"}],"curies":[{"name":"wp","href":"https:\/\/api.w.org\/{rel}","templated":true}]}}