{"id":29412,"date":"2025-10-25T01:00:09","date_gmt":"2025-10-25T00:00:09","guid":{"rendered":"https:\/\/technofluid.it\/prodotto\/cavo-display-15-mas-elite-fx-psspt-codice-ma5300050-dometic\/"},"modified":"2026-04-15T10:39:03","modified_gmt":"2026-04-15T09:39:03","slug":"cavo-display-15-mas-elite-fx-psspt-codice-ma5300050-dometic","status":"publish","type":"product","link":"http:\/\/technofluid.it\/de\/produkt\/displaykabel-15-mas-elite-fx-psspt-code-ma5300050-dometic\/","title":{"rendered":"Displaykabel 15' MAS (Elite \/ FX \/ PSSPT) \u2013 Code: MA5300050 \u2013 Dometic"},"content":{"rendered":"<p>DISPLAY-KABEL 15\u2032 M\u00c4NNLICH (ELITE \/FX\/PSSPT) \u2013 CODE: MA5300050<\/p>","protected":false},"excerpt":{"rendered":"<p>Der <strong>cavo display 15&#8242; MAS<\/strong> Dometic, <strong>Code MA5300050<\/strong>, ist ein Ersatzteil, das f\u00fcr den Anschluss des Displays in Systemen vorgesehen ist, die als <strong>Elite<\/strong>, <strong>FX<\/strong> e <strong>PSSPT<\/strong>. bezeichnet werden. Ideal f\u00fcr Wartungs- und Reparaturarbeiten im nautischen Bereich und an Bordanlagen, erm\u00f6glicht es den Austausch einer bestehenden Verkabelung unter Beibehaltung der Kompatibilit\u00e4t mit Dometic-Komponenten. F\u00fcr eine korrekte Auswahl stets auf die <strong>Code MA5300050<\/strong> und die Produktbezeichnung achten und die \u00dcbereinstimmung mit der Anlagendokumentation oder dem zuvor installierten Kabel \u00fcberpr\u00fcfen.<\/p>","protected":false},"featured_media":37323,"comment_status":"open","ping_status":"closed","template":"","meta":{"_acf_changed":false,"_monsterinsights_skip_tracking":false,"_monsterinsights_sitenote_active":false,"_monsterinsights_sitenote_note":"","_monsterinsights_sitenote_category":0,"site-sidebar-layout":"default","site-content-layout":"","ast-site-content-layout":"default","site-content-style":"default","site-sidebar-style":"default","ast-global-header-display":"","ast-banner-title-visibility":"","ast-main-header-display":"","ast-hfb-above-header-display":"","ast-hfb-below-header-display":"","ast-hfb-mobile-header-display":"","site-post-title":"","ast-breadcrumbs-content":"","ast-featured-img":"","footer-sml-layout":"","ast-disable-related-posts":"","theme-transparent-header-meta":"default","adv-header-id-meta":"","stick-header-meta":"","header-above-stick-meta":"","header-main-stick-meta":"","header-below-stick-meta":"","astra-migrate-meta-layouts":"set","ast-page-background-enabled":"default","ast-page-background-meta":{"desktop":{"background-color":"var(--ast-global-color-5)","background-image":"","background-repeat":"repeat","background-position":"center center","background-size":"auto","background-attachment":"scroll","background-type":"","background-media":"","overlay-type":"","overlay-color":"","overlay-opacity":"","overlay-gradient":""},"tablet":{"background-color":"","background-image":"","background-repeat":"repeat","background-position":"center center","background-size":"auto","background-attachment":"scroll","background-type":"","background-media":"","overlay-type":"","overlay-color":"","overlay-opacity":"","overlay-gradient":""},"mobile":{"background-color":"","background-image":"","background-repeat":"repeat","background-position":"center center","background-size":"auto","background-attachment":"scroll","background-type":"","background-media":"","overlay-type":"","overlay-color":"","overlay-opacity":"","overlay-gradient":""}},"ast-content-background-meta":{"desktop":{"background-color":"var(--ast-global-color-4)","background-image":"","background-repeat":"repeat","background-position":"center center","background-size":"auto","background-attachment":"scroll","background-type":"","background-media":"","overlay-type":"","overlay-color":"","overlay-opacity":"","overlay-gradient":""},"tablet":{"background-color":"var(--ast-global-color-4)","background-image":"","background-repeat":"repeat","background-position":"center center","background-size":"auto","background-attachment":"scroll","background-type":"","background-media":"","overlay-type":"","overlay-color":"","overlay-opacity":"","overlay-gradient":""},"mobile":{"background-color":"var(--ast-global-color-4)","background-image":"","background-repeat":"repeat","background-position":"center center","background-size":"auto","background-attachment":"scroll","background-type":"","background-media":"","overlay-type":"","overlay-color":"","overlay-opacity":"","overlay-gradient":""}}},"product_brand":[],"product_cat":[542,133],"product_tag":[3956,3973,3974,3970,3975,3976],"class_list":{"0":"post-29412","1":"product","2":"type-product","3":"status-publish","4":"has-post-thumbnail","6":"product_cat-dometic-cavi","7":"product_cat-ricambistica","8":"product_tag-cavo","9":"product_tag-cavo-display-15-mas-elite-f","10":"product_tag-codice-ma5300050","11":"product_tag-display","12":"product_tag-dometic-cavo-display-15-mas","13":"product_tag-ma5300050","14":"pa_supplier-dometic-italy-marine-srl","15":"desktop-align-left","16":"tablet-align-left","17":"mobile-align-left","19":"first","20":"outofstock","21":"taxable","22":"shipping-taxable","23":"purchasable","24":"product-type-simple"},"acf":[],"yoast_head":"<!-- This site is optimized with the Yoast SEO Premium plugin v26.7 (Yoast SEO v26.9) - https:\/\/yoast.com\/product\/yoast-seo-premium-wordpress\/ -->\n<title>Cavo display 15&#039; MAS Dometic MA5300050<\/title>\n<meta name=\"description\" content=\"Ricambio Dometic: cavo display 15&#039; MAS per Elite\/FX\/PSSPT. Codice MA5300050. Ideale per manutenzione e ripristino impianti di bordo.\" \/>\n<meta name=\"robots\" content=\"index, follow, max-snippet:-1, max-image-preview:large, max-video-preview:-1\" \/>\n<link rel=\"canonical\" href=\"http:\/\/technofluid.it\/de\/produkt\/displaykabel-15-mas-elite-fx-psspt-code-ma5300050-dometic\/\" \/>\n<meta property=\"og:locale\" content=\"de_DE\" \/>\n<meta property=\"og:type\" content=\"article\" \/>\n<meta property=\"og:title\" content=\"Cavo display 15&#039; MAS (Elite \/ FX \/ PSSPT) &ndash; codice: MA5300050 &ndash; Dometic\" \/>\n<meta property=\"og:description\" content=\"Ricambio Dometic: cavo display 15&#039; MAS per Elite\/FX\/PSSPT. Codice MA5300050. Ideale per manutenzione e ripristino impianti di bordo.\" \/>\n<meta property=\"og:url\" content=\"http:\/\/technofluid.it\/de\/produkt\/displaykabel-15-mas-elite-fx-psspt-code-ma5300050-dometic\/\" \/>\n<meta property=\"og:site_name\" content=\"Technofluid\" \/>\n<meta property=\"article:modified_time\" content=\"2026-04-15T09:39:03+00:00\" \/>\n<meta property=\"og:image\" content=\"https:\/\/technofluid.it\/wp-content\/uploads\/2026\/01\/1096-Cavo-display-15-MAS-Elite-FX-PSSPT-codice-MA5300050-Dometic.jpg\" \/>\n\t<meta property=\"og:image:width\" content=\"700\" \/>\n\t<meta property=\"og:image:height\" content=\"892\" \/>\n\t<meta property=\"og:image:type\" content=\"image\/png\" \/>\n<meta name=\"twitter:card\" content=\"summary_large_image\" \/>\n<meta name=\"twitter:label1\" content=\"Preis\" \/>\n\t<meta name=\"twitter:data1\" content=\"72,13&nbsp;&euro; Iva esclusa\" \/>\n\t<meta name=\"twitter:label2\" content=\"Verf\u00fcgbarkeit\" \/>\n\t<meta name=\"twitter:data2\" content=\"ausverkauft\" \/>\n<script type=\"application\/ld+json\" class=\"yoast-schema-graph\">{\"@context\":\"https:\/\/schema.org\",\"@graph\":[{\"@type\":\"WebPage\",\"@id\":\"https:\/\/technofluid.it\/prodotto\/cavo-display-15-mas-elite-fx-psspt-codice-ma5300050-dometic\/\",\"url\":\"https:\/\/technofluid.it\/prodotto\/cavo-display-15-mas-elite-fx-psspt-codice-ma5300050-dometic\/\",\"name\":\"Cavo display 15' MAS Dometic MA5300050\",\"isPartOf\":{\"@id\":\"https:\/\/technofluid.it\/#website\"},\"primaryImageOfPage\":{\"@id\":\"https:\/\/technofluid.it\/prodotto\/cavo-display-15-mas-elite-fx-psspt-codice-ma5300050-dometic\/#primaryimage\"},\"image\":{\"@id\":\"https:\/\/technofluid.it\/prodotto\/cavo-display-15-mas-elite-fx-psspt-codice-ma5300050-dometic\/#primaryimage\"},\"thumbnailUrl\":\"https:\/\/technofluid.it\/wp-content\/uploads\/2026\/01\/1096-Cavo-display-15-MAS-Elite-FX-PSSPT-codice-MA5300050-Dometic.jpg\",\"datePublished\":\"2025-10-25T00:00:09+00:00\",\"dateModified\":\"2026-04-15T09:39:03+00:00\",\"description\":\"Ricambio Dometic: cavo display 15' MAS per Elite\/FX\/PSSPT. Codice MA5300050. Ideale per manutenzione e ripristino impianti di bordo.\",\"breadcrumb\":{\"@id\":\"https:\/\/technofluid.it\/prodotto\/cavo-display-15-mas-elite-fx-psspt-codice-ma5300050-dometic\/#breadcrumb\"},\"inLanguage\":\"de\",\"potentialAction\":[{\"@type\":\"ReadAction\",\"target\":[\"https:\/\/technofluid.it\/prodotto\/cavo-display-15-mas-elite-fx-psspt-codice-ma5300050-dometic\/\"]}]},{\"@type\":\"ImageObject\",\"inLanguage\":\"de\",\"@id\":\"https:\/\/technofluid.it\/prodotto\/cavo-display-15-mas-elite-fx-psspt-codice-ma5300050-dometic\/#primaryimage\",\"url\":\"https:\/\/technofluid.it\/wp-content\/uploads\/2026\/01\/1096-Cavo-display-15-MAS-Elite-FX-PSSPT-codice-MA5300050-Dometic.jpg\",\"contentUrl\":\"https:\/\/technofluid.it\/wp-content\/uploads\/2026\/01\/1096-Cavo-display-15-MAS-Elite-FX-PSSPT-codice-MA5300050-Dometic.jpg\",\"width\":700,\"height\":892,\"caption\":\"Cavo display da 15 piedi per sistemi MAS Elite, FX e PSSPT, codice MA5300050, prodotto da Dometic.\"},{\"@type\":\"BreadcrumbList\",\"@id\":\"https:\/\/technofluid.it\/prodotto\/cavo-display-15-mas-elite-fx-psspt-codice-ma5300050-dometic\/#breadcrumb\",\"itemListElement\":[{\"@type\":\"ListItem\",\"position\":1,\"name\":\"Home\",\"item\":\"https:\/\/technofluid.it\/\"},{\"@type\":\"ListItem\",\"position\":2,\"name\":\"Shop\",\"item\":\"https:\/\/technofluid.it\/shop\/\"},{\"@type\":\"ListItem\",\"position\":3,\"name\":\"Cavo display 15&#039; MAS (Elite \/ FX \/ PSSPT) &ndash; codice: MA5300050 &ndash; Dometic\"}]},{\"@type\":\"WebSite\",\"@id\":\"https:\/\/technofluid.it\/#website\",\"url\":\"https:\/\/technofluid.it\/\",\"name\":\"Technofluid S.R.L.\",\"description\":\"Dal 1999 siamo specializzati nell&#039;impiantistica navale, idraulica, civile e industriale\",\"publisher\":{\"@id\":\"https:\/\/technofluid.it\/#organization\"},\"potentialAction\":[{\"@type\":\"SearchAction\",\"target\":{\"@type\":\"EntryPoint\",\"urlTemplate\":\"https:\/\/technofluid.it\/?s={search_term_string}\"},\"query-input\":{\"@type\":\"PropertyValueSpecification\",\"valueRequired\":true,\"valueName\":\"search_term_string\"}}],\"inLanguage\":\"de\"},{\"@type\":\"Organization\",\"@id\":\"https:\/\/technofluid.it\/#organization\",\"name\":\"Technofluid\",\"url\":\"https:\/\/technofluid.it\/\",\"logo\":{\"@type\":\"ImageObject\",\"inLanguage\":\"de\",\"@id\":\"https:\/\/technofluid.it\/#\/schema\/logo\/image\/\",\"url\":\"https:\/\/technofluid.it\/wp-content\/uploads\/2025\/12\/technofluid_bianco-logo.webp\",\"contentUrl\":\"https:\/\/technofluid.it\/wp-content\/uploads\/2025\/12\/technofluid_bianco-logo.webp\",\"width\":350,\"height\":116,\"caption\":\"Technofluid\"},\"image\":{\"@id\":\"https:\/\/technofluid.it\/#\/schema\/logo\/image\/\"},\"description\":\"La Technofluid S.r.l. nasce nel 1999 a Barcellona Pozzo di Gotto, in provincia di Messina, con l\u2019obiettivo di diventare un punto di riferimento nel settore dell\u2019impiantistica navale, idraulica, civile e industriale.\",\"email\":\"info@technofluid.it\",\"telephone\":\"0907386877\",\"legalName\":\"Technofluid S.R.L\",\"vatID\":\"IT03148240835\",\"taxID\":\"03148240835\",\"ownershipFundingInfo\":\"https:\/\/technofluid.it\/azienda\/\"}]}<\/script>\n<meta property=\"product:price:amount\" content=\"72.13\" \/>\n<meta property=\"product:price:currency\" content=\"EUR\" \/>\n<meta property=\"og:availability\" content=\"out of stock\" \/>\n<meta property=\"product:availability\" content=\"out of stock\" \/>\n<meta property=\"product:retailer_item_id\" content=\"DOM000000081\" \/>\n<meta property=\"product:condition\" content=\"new\" \/>\n<!-- \/ Yoast SEO Premium plugin. -->","yoast_head_json":{"title":"15' MAS Dometic MA5300050 Displaykabel","description":"Dometic Ersatzteil: 15' MAS Displaykabel f\u00fcr Elite\/FX\/PSSPT. Code MA5300050. Ideal f\u00fcr Wartung und Wiederherstellung von Bordanlagen.","robots":{"index":"index","follow":"follow","max-snippet":"max-snippet:-1","max-image-preview":"max-image-preview:large","max-video-preview":"max-video-preview:-1"},"canonical":"http:\/\/technofluid.it\/de\/produkt\/displaykabel-15-mas-elite-fx-psspt-code-ma5300050-dometic\/","og_locale":"de_DE","og_type":"article","og_title":"Cavo display 15&#039; MAS (Elite \/ FX \/ PSSPT) &ndash; codice: MA5300050 &ndash; Dometic","og_description":"Ricambio Dometic: cavo display 15' MAS per Elite\/FX\/PSSPT. Codice MA5300050. Ideale per manutenzione e ripristino impianti di bordo.","og_url":"http:\/\/technofluid.it\/de\/produkt\/displaykabel-15-mas-elite-fx-psspt-code-ma5300050-dometic\/","og_site_name":"Technofluid","article_modified_time":"2026-04-15T09:39:03+00:00","og_image":[{"width":700,"height":892,"url":"https:\/\/technofluid.it\/wp-content\/uploads\/2026\/01\/1096-Cavo-display-15-MAS-Elite-FX-PSSPT-codice-MA5300050-Dometic.jpg","type":"image\/png"}],"twitter_card":"summary_large_image","twitter_misc":{"Preis":"72,13&nbsp;&euro; Iva esclusa","Verf\u00fcgbarkeit":"ausverkauft"},"schema":{"@context":"https:\/\/schema.org","@graph":[{"@type":"WebPage","@id":"https:\/\/technofluid.it\/prodotto\/cavo-display-15-mas-elite-fx-psspt-codice-ma5300050-dometic\/","url":"https:\/\/technofluid.it\/prodotto\/cavo-display-15-mas-elite-fx-psspt-codice-ma5300050-dometic\/","name":"15' MAS Dometic MA5300050 Displaykabel","isPartOf":{"@id":"https:\/\/technofluid.it\/#website"},"primaryImageOfPage":{"@id":"https:\/\/technofluid.it\/prodotto\/cavo-display-15-mas-elite-fx-psspt-codice-ma5300050-dometic\/#primaryimage"},"image":{"@id":"https:\/\/technofluid.it\/prodotto\/cavo-display-15-mas-elite-fx-psspt-codice-ma5300050-dometic\/#primaryimage"},"thumbnailUrl":"https:\/\/technofluid.it\/wp-content\/uploads\/2026\/01\/1096-Cavo-display-15-MAS-Elite-FX-PSSPT-codice-MA5300050-Dometic.jpg","datePublished":"2025-10-25T00:00:09+00:00","dateModified":"2026-04-15T09:39:03+00:00","description":"Dometic Ersatzteil: 15' MAS Displaykabel f\u00fcr Elite\/FX\/PSSPT. Code MA5300050. Ideal f\u00fcr Wartung und Wiederherstellung von Bordanlagen.","breadcrumb":{"@id":"https:\/\/technofluid.it\/prodotto\/cavo-display-15-mas-elite-fx-psspt-codice-ma5300050-dometic\/#breadcrumb"},"inLanguage":"de","potentialAction":[{"@type":"ReadAction","target":["https:\/\/technofluid.it\/prodotto\/cavo-display-15-mas-elite-fx-psspt-codice-ma5300050-dometic\/"]}]},{"@type":"ImageObject","inLanguage":"de","@id":"https:\/\/technofluid.it\/prodotto\/cavo-display-15-mas-elite-fx-psspt-codice-ma5300050-dometic\/#primaryimage","url":"https:\/\/technofluid.it\/wp-content\/uploads\/2026\/01\/1096-Cavo-display-15-MAS-Elite-FX-PSSPT-codice-MA5300050-Dometic.jpg","contentUrl":"https:\/\/technofluid.it\/wp-content\/uploads\/2026\/01\/1096-Cavo-display-15-MAS-Elite-FX-PSSPT-codice-MA5300050-Dometic.jpg","width":700,"height":892,"caption":"Cavo display da 15 piedi per sistemi MAS Elite, FX e PSSPT, codice MA5300050, prodotto da Dometic."},{"@type":"BreadcrumbList","@id":"https:\/\/technofluid.it\/prodotto\/cavo-display-15-mas-elite-fx-psspt-codice-ma5300050-dometic\/#breadcrumb","itemListElement":[{"@type":"ListItem","position":1,"name":"Home","item":"https:\/\/technofluid.it\/"},{"@type":"ListItem","position":2,"name":"Shop","item":"https:\/\/technofluid.it\/shop\/"},{"@type":"ListItem","position":3,"name":"Cavo display 15&#039; MAS (Elite \/ FX \/ PSSPT) &ndash; codice: MA5300050 &ndash; Dometic"}]},{"@type":"WebSite","@id":"https:\/\/technofluid.it\/#website","url":"https:\/\/technofluid.it\/","name":"Technofluid S.R.L.","description":"Seit 1999 haben wir uns auf Schiffs-, Sanit\u00e4r-, Zivil- und Industrieanlagen spezialisiert.","publisher":{"@id":"https:\/\/technofluid.it\/#organization"},"potentialAction":[{"@type":"SearchAction","target":{"@type":"EntryPoint","urlTemplate":"https:\/\/technofluid.it\/?s={search_term_string}"},"query-input":{"@type":"PropertyValueSpecification","valueRequired":true,"valueName":"search_term_string"}}],"inLanguage":"de"},{"@type":"Organization","@id":"https:\/\/technofluid.it\/#organization","name":"Technofluid","url":"https:\/\/technofluid.it\/","logo":{"@type":"ImageObject","inLanguage":"de","@id":"https:\/\/technofluid.it\/#\/schema\/logo\/image\/","url":"https:\/\/technofluid.it\/wp-content\/uploads\/2025\/12\/technofluid_bianco-logo.webp","contentUrl":"https:\/\/technofluid.it\/wp-content\/uploads\/2025\/12\/technofluid_bianco-logo.webp","width":350,"height":116,"caption":"Technofluid"},"image":{"@id":"https:\/\/technofluid.it\/#\/schema\/logo\/image\/"},"description":"Die Technofluid S.r.l. wurde 1999 in Barcellona Pozzo di Gotto, in der Provinz Messina, gegr\u00fcndet, mit dem Ziel, ein Bezugspunkt im Bereich der Schiffs-, Hydraulik-, Zivil- und Industrieanlagen zu werden.","email":"info@technofluid.it","telephone":"0907386877","legalName":"Technofluid S.R.L","vatID":"IT03148240835","taxID":"03148240835","ownershipFundingInfo":"https:\/\/technofluid.it\/azienda\/"}]},"product_price_amount":"72.13","product_price_currency":"EUR","og_availability":"out of stock","product_availability":"out of stock","product_retailer_item_id":"DOM000000081","product_condition":"new"},"_links":{"self":[{"href":"http:\/\/technofluid.it\/de\/wp-json\/wp\/v2\/product\/29412","targetHints":{"allow":["GET"]}}],"collection":[{"href":"http:\/\/technofluid.it\/de\/wp-json\/wp\/v2\/product"}],"about":[{"href":"http:\/\/technofluid.it\/de\/wp-json\/wp\/v2\/types\/product"}],"replies":[{"embeddable":true,"href":"http:\/\/technofluid.it\/de\/wp-json\/wp\/v2\/comments?post=29412"}],"version-history":[{"count":5,"href":"http:\/\/technofluid.it\/de\/wp-json\/wp\/v2\/product\/29412\/revisions"}],"predecessor-version":[{"id":56459,"href":"http:\/\/technofluid.it\/de\/wp-json\/wp\/v2\/product\/29412\/revisions\/56459"}],"wp:featuredmedia":[{"embeddable":true,"href":"http:\/\/technofluid.it\/de\/wp-json\/wp\/v2\/media\/37323"}],"wp:attachment":[{"href":"http:\/\/technofluid.it\/de\/wp-json\/wp\/v2\/media?parent=29412"}],"wp:term":[{"taxonomy":"product_brand","embeddable":true,"href":"http:\/\/technofluid.it\/de\/wp-json\/wp\/v2\/product_brand?post=29412"},{"taxonomy":"product_cat","embeddable":true,"href":"http:\/\/technofluid.it\/de\/wp-json\/wp\/v2\/product_cat?post=29412"},{"taxonomy":"product_tag","embeddable":true,"href":"http:\/\/technofluid.it\/de\/wp-json\/wp\/v2\/product_tag?post=29412"}],"curies":[{"name":"wp","href":"https:\/\/api.w.org\/{rel}","templated":true}]}}