{"id":29284,"date":"2025-10-24T23:59:40","date_gmt":"2025-10-24T23:59:40","guid":{"rendered":"https:\/\/technofluid.it\/prodotto\/bocchettone-f-f-sede-conica-da-1-ottone-codice-0340f-maestrini\/"},"modified":"2026-03-12T10:41:49","modified_gmt":"2026-03-12T10:41:49","slug":"bocchettone-f-f-sede-conica-da-1-ottone-dvgw-codice-0340f-maestrini","status":"publish","type":"product","link":"http:\/\/technofluid.it\/de\/produkt\/messinganschluss-f-f-konischer-sitz-1-zoll-dvgw-code-0340f-maestrini\/","title":{"rendered":"F.F. Konischer Sitz Messing 1\" Muffe \u2013 DVGW \u2013 Code: *0340F \u2013 Maestrini"},"content":{"rendered":"<p>F-F-ANSCHLUSS KONISCHER SITZ 1\u2032 MESSING KORROSIONSSCHUTZ&nbsp;<\/p>","protected":false},"excerpt":{"rendered":"<p>Muffeinsatz <strong>F.F mit konischem Sitz<\/strong> von <strong>1\u2033<\/strong> in <strong>ottone<\/strong> Maestrini, Code <strong>*0340F<\/strong> (SKU MAES00000059). Komponente zum Verbinden von Leitungen und Verbrauchern im hydraulischen Bereich, geeignet, wenn eine weiblich\/weiblich-Konfiguration und eine Verbindung mit konischem Sitz erforderlich sind. Die Ausf\u00fchrung aus Messing, in der Originalbeschreibung als \u201ckorrosionsbest\u00e4ndig\u201d bezeichnet, macht es zu einer typischen Wahl f\u00fcr Wartungsarbeiten und die Herstellung von Verbindungen in technischen Anlagen, auch im nautischen Bereich. Vor der Installation wird empfohlen, Ma\u00df, Sitztyp und Kompatibilit\u00e4t mit dem Gegenst\u00fcck zu \u00fcberpr\u00fcfen.<\/p>","protected":false},"featured_media":37022,"comment_status":"open","ping_status":"closed","template":"","meta":{"_acf_changed":false,"_monsterinsights_skip_tracking":false,"_monsterinsights_sitenote_active":false,"_monsterinsights_sitenote_note":"","_monsterinsights_sitenote_category":0,"site-sidebar-layout":"default","site-content-layout":"","ast-site-content-layout":"default","site-content-style":"default","site-sidebar-style":"default","ast-global-header-display":"","ast-banner-title-visibility":"","ast-main-header-display":"","ast-hfb-above-header-display":"","ast-hfb-below-header-display":"","ast-hfb-mobile-header-display":"","site-post-title":"","ast-breadcrumbs-content":"","ast-featured-img":"","footer-sml-layout":"","ast-disable-related-posts":"","theme-transparent-header-meta":"default","adv-header-id-meta":"","stick-header-meta":"","header-above-stick-meta":"","header-main-stick-meta":"","header-below-stick-meta":"","astra-migrate-meta-layouts":"set","ast-page-background-enabled":"default","ast-page-background-meta":{"desktop":{"background-color":"var(--ast-global-color-5)","background-image":"","background-repeat":"repeat","background-position":"center center","background-size":"auto","background-attachment":"scroll","background-type":"","background-media":"","overlay-type":"","overlay-color":"","overlay-opacity":"","overlay-gradient":""},"tablet":{"background-color":"","background-image":"","background-repeat":"repeat","background-position":"center center","background-size":"auto","background-attachment":"scroll","background-type":"","background-media":"","overlay-type":"","overlay-color":"","overlay-opacity":"","overlay-gradient":""},"mobile":{"background-color":"","background-image":"","background-repeat":"repeat","background-position":"center center","background-size":"auto","background-attachment":"scroll","background-type":"","background-media":"","overlay-type":"","overlay-color":"","overlay-opacity":"","overlay-gradient":""}},"ast-content-background-meta":{"desktop":{"background-color":"var(--ast-global-color-4)","background-image":"","background-repeat":"repeat","background-position":"center center","background-size":"auto","background-attachment":"scroll","background-type":"","background-media":"","overlay-type":"","overlay-color":"","overlay-opacity":"","overlay-gradient":""},"tablet":{"background-color":"var(--ast-global-color-4)","background-image":"","background-repeat":"repeat","background-position":"center center","background-size":"auto","background-attachment":"scroll","background-type":"","background-media":"","overlay-type":"","overlay-color":"","overlay-opacity":"","overlay-gradient":""},"mobile":{"background-color":"var(--ast-global-color-4)","background-image":"","background-repeat":"repeat","background-position":"center center","background-size":"auto","background-attachment":"scroll","background-type":"","background-media":"","overlay-type":"","overlay-color":"","overlay-opacity":"","overlay-gradient":""}}},"product_brand":[],"product_cat":[84,93],"product_tag":[3667,3653,3668,3655],"class_list":{"0":"post-29284","1":"product","2":"type-product","3":"status-publish","4":"has-post-thumbnail","6":"product_cat-idraulica-e-ferramenta","7":"product_cat-idraulica-e-raccordi","8":"product_tag-0340f","9":"product_tag-bocchettone","10":"product_tag-bocchettone-f-f-sede-conica-da-1","11":"product_tag-maestrini","12":"pa_supplier-maestrini-s-r-l-societa-unipersonale","13":"desktop-align-left","14":"tablet-align-left","15":"mobile-align-left","17":"first","18":"instock","19":"taxable","20":"shipping-taxable","21":"purchasable","22":"product-type-simple"},"acf":[],"yoast_head":"<!-- This site is optimized with the Yoast SEO Premium plugin v26.7 (Yoast SEO v26.9) - https:\/\/yoast.com\/product\/yoast-seo-premium-wordpress\/ -->\n<title>Bocchettone F.F sede conica 1&quot; ottone Maestrini *0340F<\/title>\n<meta name=\"description\" content=\"Bocchettone F.F sede conica da 1&quot; in ottone Maestrini, codice *0340F. Per collegamenti filettati in impianti idraulici e manutenzione.\" \/>\n<meta name=\"robots\" content=\"index, follow, max-snippet:-1, max-image-preview:large, max-video-preview:-1\" \/>\n<link rel=\"canonical\" href=\"http:\/\/technofluid.it\/de\/produkt\/messinganschluss-f-f-konischer-sitz-1-zoll-dvgw-code-0340f-maestrini\/\" \/>\n<meta property=\"og:locale\" content=\"de_DE\" \/>\n<meta property=\"og:type\" content=\"article\" \/>\n<meta property=\"og:title\" content=\"Bocchettone F.F. sede conica da 1&quot; ottone &ndash; DVGW &ndash; codice: *0340F &ndash; Maestrini\" \/>\n<meta property=\"og:description\" content=\"Bocchettone F.F sede conica da 1&quot; in ottone Maestrini, codice *0340F. Per collegamenti filettati in impianti idraulici e manutenzione.\" \/>\n<meta property=\"og:url\" content=\"http:\/\/technofluid.it\/de\/produkt\/messinganschluss-f-f-konischer-sitz-1-zoll-dvgw-code-0340f-maestrini\/\" \/>\n<meta property=\"og:site_name\" content=\"Technofluid\" \/>\n<meta property=\"article:modified_time\" content=\"2026-03-12T10:41:49+00:00\" \/>\n<meta property=\"og:image\" content=\"https:\/\/technofluid.it\/wp-content\/uploads\/2026\/01\/986-Bocchettone-F.F.-sede-conica-da-1-ottone-DVGW-codice-0340F-Maestrini.jpg\" \/>\n\t<meta property=\"og:image:width\" content=\"300\" \/>\n\t<meta property=\"og:image:height\" content=\"300\" \/>\n\t<meta property=\"og:image:type\" content=\"image\/jpeg\" \/>\n<meta name=\"twitter:card\" content=\"summary_large_image\" \/>\n<meta name=\"twitter:label1\" content=\"Preis\" \/>\n\t<meta name=\"twitter:data1\" content=\"21,41&nbsp;&euro; Iva esclusa\" \/>\n\t<meta name=\"twitter:label2\" content=\"Verf\u00fcgbarkeit\" \/>\n\t<meta name=\"twitter:data2\" content=\"Auf Lager\" \/>\n<script type=\"application\/ld+json\" class=\"yoast-schema-graph\">{\"@context\":\"https:\/\/schema.org\",\"@graph\":[{\"@type\":\"WebPage\",\"@id\":\"https:\/\/technofluid.it\/prodotto\/bocchettone-f-f-sede-conica-da-1-ottone-dvgw-codice-0340f-maestrini\/\",\"url\":\"https:\/\/technofluid.it\/prodotto\/bocchettone-f-f-sede-conica-da-1-ottone-dvgw-codice-0340f-maestrini\/\",\"name\":\"Bocchettone F.F sede conica 1\\\" ottone Maestrini *0340F\",\"isPartOf\":{\"@id\":\"https:\/\/technofluid.it\/#website\"},\"primaryImageOfPage\":{\"@id\":\"https:\/\/technofluid.it\/prodotto\/bocchettone-f-f-sede-conica-da-1-ottone-dvgw-codice-0340f-maestrini\/#primaryimage\"},\"image\":{\"@id\":\"https:\/\/technofluid.it\/prodotto\/bocchettone-f-f-sede-conica-da-1-ottone-dvgw-codice-0340f-maestrini\/#primaryimage\"},\"thumbnailUrl\":\"https:\/\/technofluid.it\/wp-content\/uploads\/2026\/01\/986-Bocchettone-F.F.-sede-conica-da-1-ottone-DVGW-codice-0340F-Maestrini.jpg\",\"datePublished\":\"2025-10-24T23:59:40+00:00\",\"dateModified\":\"2026-03-12T10:41:49+00:00\",\"description\":\"Bocchettone F.F sede conica da 1\\\" in ottone Maestrini, codice *0340F. Per collegamenti filettati in impianti idraulici e manutenzione.\",\"breadcrumb\":{\"@id\":\"https:\/\/technofluid.it\/prodotto\/bocchettone-f-f-sede-conica-da-1-ottone-dvgw-codice-0340f-maestrini\/#breadcrumb\"},\"inLanguage\":\"de\",\"potentialAction\":[{\"@type\":\"ReadAction\",\"target\":[\"https:\/\/technofluid.it\/prodotto\/bocchettone-f-f-sede-conica-da-1-ottone-dvgw-codice-0340f-maestrini\/\"]}]},{\"@type\":\"ImageObject\",\"inLanguage\":\"de\",\"@id\":\"https:\/\/technofluid.it\/prodotto\/bocchettone-f-f-sede-conica-da-1-ottone-dvgw-codice-0340f-maestrini\/#primaryimage\",\"url\":\"https:\/\/technofluid.it\/wp-content\/uploads\/2026\/01\/986-Bocchettone-F.F.-sede-conica-da-1-ottone-DVGW-codice-0340F-Maestrini.jpg\",\"contentUrl\":\"https:\/\/technofluid.it\/wp-content\/uploads\/2026\/01\/986-Bocchettone-F.F.-sede-conica-da-1-ottone-DVGW-codice-0340F-Maestrini.jpg\",\"width\":300,\"height\":300,\"caption\":\"Bocchettone F.F. in ottone con forma conica, certificato DVGW, codice 0340F, ideale per impianti idraulici.\"},{\"@type\":\"BreadcrumbList\",\"@id\":\"https:\/\/technofluid.it\/prodotto\/bocchettone-f-f-sede-conica-da-1-ottone-dvgw-codice-0340f-maestrini\/#breadcrumb\",\"itemListElement\":[{\"@type\":\"ListItem\",\"position\":1,\"name\":\"Home\",\"item\":\"https:\/\/technofluid.it\/\"},{\"@type\":\"ListItem\",\"position\":2,\"name\":\"Shop\",\"item\":\"https:\/\/technofluid.it\/shop\/\"},{\"@type\":\"ListItem\",\"position\":3,\"name\":\"Bocchettone F.F. sede conica da 1&quot; ottone &ndash; DVGW &ndash; codice: *0340F &ndash; Maestrini\"}]},{\"@type\":\"WebSite\",\"@id\":\"https:\/\/technofluid.it\/#website\",\"url\":\"https:\/\/technofluid.it\/\",\"name\":\"Technofluid S.R.L.\",\"description\":\"Dal 1999 siamo specializzati nell&#039;impiantistica navale, idraulica, civile e industriale\",\"publisher\":{\"@id\":\"https:\/\/technofluid.it\/#organization\"},\"potentialAction\":[{\"@type\":\"SearchAction\",\"target\":{\"@type\":\"EntryPoint\",\"urlTemplate\":\"https:\/\/technofluid.it\/?s={search_term_string}\"},\"query-input\":{\"@type\":\"PropertyValueSpecification\",\"valueRequired\":true,\"valueName\":\"search_term_string\"}}],\"inLanguage\":\"de\"},{\"@type\":\"Organization\",\"@id\":\"https:\/\/technofluid.it\/#organization\",\"name\":\"Technofluid\",\"url\":\"https:\/\/technofluid.it\/\",\"logo\":{\"@type\":\"ImageObject\",\"inLanguage\":\"de\",\"@id\":\"https:\/\/technofluid.it\/#\/schema\/logo\/image\/\",\"url\":\"https:\/\/technofluid.it\/wp-content\/uploads\/2025\/12\/technofluid_bianco-logo.webp\",\"contentUrl\":\"https:\/\/technofluid.it\/wp-content\/uploads\/2025\/12\/technofluid_bianco-logo.webp\",\"width\":350,\"height\":116,\"caption\":\"Technofluid\"},\"image\":{\"@id\":\"https:\/\/technofluid.it\/#\/schema\/logo\/image\/\"},\"description\":\"La Technofluid S.r.l. nasce nel 1999 a Barcellona Pozzo di Gotto, in provincia di Messina, con l\u2019obiettivo di diventare un punto di riferimento nel settore dell\u2019impiantistica navale, idraulica, civile e industriale.\",\"email\":\"info@technofluid.it\",\"telephone\":\"0907386877\",\"legalName\":\"Technofluid S.R.L\",\"vatID\":\"IT03148240835\",\"taxID\":\"03148240835\",\"ownershipFundingInfo\":\"https:\/\/technofluid.it\/azienda\/\"}]}<\/script>\n<meta property=\"product:price:amount\" content=\"21.41\" \/>\n<meta property=\"product:price:currency\" content=\"EUR\" \/>\n<meta property=\"og:availability\" content=\"instock\" \/>\n<meta property=\"product:availability\" content=\"instock\" \/>\n<meta property=\"product:retailer_item_id\" content=\"MAES00000059\" \/>\n<meta property=\"product:condition\" content=\"new\" \/>\n<!-- \/ Yoast SEO Premium plugin. -->","yoast_head_json":{"title":"F.F Einlass konischer Sitz 1\" Messing Maestrini *0340F","description":"F.F Muffe konischer Sitz 1\" aus Messing Maestrini, Code *0340F. F\u00fcr Gewindeverbindungen in Sanit\u00e4ranlagen und Wartung.","robots":{"index":"index","follow":"follow","max-snippet":"max-snippet:-1","max-image-preview":"max-image-preview:large","max-video-preview":"max-video-preview:-1"},"canonical":"http:\/\/technofluid.it\/de\/produkt\/messinganschluss-f-f-konischer-sitz-1-zoll-dvgw-code-0340f-maestrini\/","og_locale":"de_DE","og_type":"article","og_title":"Bocchettone F.F. sede conica da 1&quot; ottone &ndash; DVGW &ndash; codice: *0340F &ndash; Maestrini","og_description":"Bocchettone F.F sede conica da 1\" in ottone Maestrini, codice *0340F. Per collegamenti filettati in impianti idraulici e manutenzione.","og_url":"http:\/\/technofluid.it\/de\/produkt\/messinganschluss-f-f-konischer-sitz-1-zoll-dvgw-code-0340f-maestrini\/","og_site_name":"Technofluid","article_modified_time":"2026-03-12T10:41:49+00:00","og_image":[{"width":300,"height":300,"url":"https:\/\/technofluid.it\/wp-content\/uploads\/2026\/01\/986-Bocchettone-F.F.-sede-conica-da-1-ottone-DVGW-codice-0340F-Maestrini.jpg","type":"image\/jpeg"}],"twitter_card":"summary_large_image","twitter_misc":{"Preis":"21,41&nbsp;&euro; Iva esclusa","Verf\u00fcgbarkeit":"Auf Lager"},"schema":{"@context":"https:\/\/schema.org","@graph":[{"@type":"WebPage","@id":"https:\/\/technofluid.it\/prodotto\/bocchettone-f-f-sede-conica-da-1-ottone-dvgw-codice-0340f-maestrini\/","url":"https:\/\/technofluid.it\/prodotto\/bocchettone-f-f-sede-conica-da-1-ottone-dvgw-codice-0340f-maestrini\/","name":"F.F Einlass konischer Sitz 1\" Messing Maestrini *0340F","isPartOf":{"@id":"https:\/\/technofluid.it\/#website"},"primaryImageOfPage":{"@id":"https:\/\/technofluid.it\/prodotto\/bocchettone-f-f-sede-conica-da-1-ottone-dvgw-codice-0340f-maestrini\/#primaryimage"},"image":{"@id":"https:\/\/technofluid.it\/prodotto\/bocchettone-f-f-sede-conica-da-1-ottone-dvgw-codice-0340f-maestrini\/#primaryimage"},"thumbnailUrl":"https:\/\/technofluid.it\/wp-content\/uploads\/2026\/01\/986-Bocchettone-F.F.-sede-conica-da-1-ottone-DVGW-codice-0340F-Maestrini.jpg","datePublished":"2025-10-24T23:59:40+00:00","dateModified":"2026-03-12T10:41:49+00:00","description":"F.F Muffe konischer Sitz 1\" aus Messing Maestrini, Code *0340F. F\u00fcr Gewindeverbindungen in Sanit\u00e4ranlagen und Wartung.","breadcrumb":{"@id":"https:\/\/technofluid.it\/prodotto\/bocchettone-f-f-sede-conica-da-1-ottone-dvgw-codice-0340f-maestrini\/#breadcrumb"},"inLanguage":"de","potentialAction":[{"@type":"ReadAction","target":["https:\/\/technofluid.it\/prodotto\/bocchettone-f-f-sede-conica-da-1-ottone-dvgw-codice-0340f-maestrini\/"]}]},{"@type":"ImageObject","inLanguage":"de","@id":"https:\/\/technofluid.it\/prodotto\/bocchettone-f-f-sede-conica-da-1-ottone-dvgw-codice-0340f-maestrini\/#primaryimage","url":"https:\/\/technofluid.it\/wp-content\/uploads\/2026\/01\/986-Bocchettone-F.F.-sede-conica-da-1-ottone-DVGW-codice-0340F-Maestrini.jpg","contentUrl":"https:\/\/technofluid.it\/wp-content\/uploads\/2026\/01\/986-Bocchettone-F.F.-sede-conica-da-1-ottone-DVGW-codice-0340F-Maestrini.jpg","width":300,"height":300,"caption":"Bocchettone F.F. in ottone con forma conica, certificato DVGW, codice 0340F, ideale per impianti idraulici."},{"@type":"BreadcrumbList","@id":"https:\/\/technofluid.it\/prodotto\/bocchettone-f-f-sede-conica-da-1-ottone-dvgw-codice-0340f-maestrini\/#breadcrumb","itemListElement":[{"@type":"ListItem","position":1,"name":"Home","item":"https:\/\/technofluid.it\/"},{"@type":"ListItem","position":2,"name":"Shop","item":"https:\/\/technofluid.it\/shop\/"},{"@type":"ListItem","position":3,"name":"Bocchettone F.F. sede conica da 1&quot; ottone &ndash; DVGW &ndash; codice: *0340F &ndash; Maestrini"}]},{"@type":"WebSite","@id":"https:\/\/technofluid.it\/#website","url":"https:\/\/technofluid.it\/","name":"Technofluid S.R.L.","description":"Seit 1999 haben wir uns auf Schiffs-, Sanit\u00e4r-, Zivil- und Industrieanlagen spezialisiert.","publisher":{"@id":"https:\/\/technofluid.it\/#organization"},"potentialAction":[{"@type":"SearchAction","target":{"@type":"EntryPoint","urlTemplate":"https:\/\/technofluid.it\/?s={search_term_string}"},"query-input":{"@type":"PropertyValueSpecification","valueRequired":true,"valueName":"search_term_string"}}],"inLanguage":"de"},{"@type":"Organization","@id":"https:\/\/technofluid.it\/#organization","name":"Technofluid","url":"https:\/\/technofluid.it\/","logo":{"@type":"ImageObject","inLanguage":"de","@id":"https:\/\/technofluid.it\/#\/schema\/logo\/image\/","url":"https:\/\/technofluid.it\/wp-content\/uploads\/2025\/12\/technofluid_bianco-logo.webp","contentUrl":"https:\/\/technofluid.it\/wp-content\/uploads\/2025\/12\/technofluid_bianco-logo.webp","width":350,"height":116,"caption":"Technofluid"},"image":{"@id":"https:\/\/technofluid.it\/#\/schema\/logo\/image\/"},"description":"Die Technofluid S.r.l. wurde 1999 in Barcellona Pozzo di Gotto, in der Provinz Messina, gegr\u00fcndet, mit dem Ziel, ein Bezugspunkt im Bereich der Schiffs-, Hydraulik-, Zivil- und Industrieanlagen zu werden.","email":"info@technofluid.it","telephone":"0907386877","legalName":"Technofluid S.R.L","vatID":"IT03148240835","taxID":"03148240835","ownershipFundingInfo":"https:\/\/technofluid.it\/azienda\/"}]},"product_price_amount":"21.41","product_price_currency":"EUR","og_availability":"instock","product_availability":"instock","product_retailer_item_id":"MAES00000059","product_condition":"new"},"_links":{"self":[{"href":"http:\/\/technofluid.it\/de\/wp-json\/wp\/v2\/product\/29284","targetHints":{"allow":["GET"]}}],"collection":[{"href":"http:\/\/technofluid.it\/de\/wp-json\/wp\/v2\/product"}],"about":[{"href":"http:\/\/technofluid.it\/de\/wp-json\/wp\/v2\/types\/product"}],"replies":[{"embeddable":true,"href":"http:\/\/technofluid.it\/de\/wp-json\/wp\/v2\/comments?post=29284"}],"version-history":[{"count":5,"href":"http:\/\/technofluid.it\/de\/wp-json\/wp\/v2\/product\/29284\/revisions"}],"predecessor-version":[{"id":52689,"href":"http:\/\/technofluid.it\/de\/wp-json\/wp\/v2\/product\/29284\/revisions\/52689"}],"wp:featuredmedia":[{"embeddable":true,"href":"http:\/\/technofluid.it\/de\/wp-json\/wp\/v2\/media\/37022"}],"wp:attachment":[{"href":"http:\/\/technofluid.it\/de\/wp-json\/wp\/v2\/media?parent=29284"}],"wp:term":[{"taxonomy":"product_brand","embeddable":true,"href":"http:\/\/technofluid.it\/de\/wp-json\/wp\/v2\/product_brand?post=29284"},{"taxonomy":"product_cat","embeddable":true,"href":"http:\/\/technofluid.it\/de\/wp-json\/wp\/v2\/product_cat?post=29284"},{"taxonomy":"product_tag","embeddable":true,"href":"http:\/\/technofluid.it\/de\/wp-json\/wp\/v2\/product_tag?post=29284"}],"curies":[{"name":"wp","href":"https:\/\/api.w.org\/{rel}","templated":true}]}}